{"id":23,"date":"2022-03-30T14:55:34","date_gmt":"2022-03-30T12:55:34","guid":{"rendered":"http:\/\/schuhewiebarfuss.at\/wien\/?page_id=23"},"modified":"2026-01-30T17:34:22","modified_gmt":"2026-01-30T16:34:22","slug":"geschaft","status":"publish","type":"page","link":"https:\/\/schuhewiebarfuss.at\/wien\/","title":{"rendered":""},"content":{"rendered":"\n<h2 class=\"wp-block-heading\">Wie f\u00fchlt sich so ein Barfu\u00dfschuh eigentlich an?<\/h2>\n\n\n\n<p>Komm vorbei und probier\u00b4s ganz einfach aus!<\/p>\n\n\n\n<p>Im Gesch\u00e4ft in Wien kannst Du die Modelle deiner Wahl anprobieren und Dich von unseren Barfu\u00dfschuh-Experten beraten lassen.<\/p>\n\n\n\n<p>Au\u00dferdem steht f\u00fcr Dich eine Laufbahn mit verschiedenen Oberfl\u00e4chen bereit. Darauf kannst Du schon vor dem Kauf ausprobieren, wie sich ein Barfu\u00dfschuh im wirklichen Leben anf\u00fchlt.<\/p>\n\n\n\n<figure class=\"wp-block-gallery has-nested-images columns-default is-cropped wp-block-gallery-1 is-layout-flex wp-block-gallery-is-layout-flex\">\n<figure class=\"wp-block-image size-large\"><img loading=\"lazy\" decoding=\"async\" width=\"1024\" height=\"768\" data-id=\"78\" src=\"https:\/\/schuhewiebarfuss.at\/wien\/wp-content\/uploads\/sites\/6\/2023\/03\/IMG_20220818_100304-1024x768.jpg\" alt=\"\" class=\"wp-image-78\" srcset=\"https:\/\/schuhewiebarfuss.at\/wien\/wp-content\/uploads\/sites\/6\/2023\/03\/IMG_20220818_100304-1024x768.jpg 1024w, https:\/\/schuhewiebarfuss.at\/wien\/wp-content\/uploads\/sites\/6\/2023\/03\/IMG_20220818_100304-300x225.jpg 300w, https:\/\/schuhewiebarfuss.at\/wien\/wp-content\/uploads\/sites\/6\/2023\/03\/IMG_20220818_100304-768x576.jpg 768w, https:\/\/schuhewiebarfuss.at\/wien\/wp-content\/uploads\/sites\/6\/2023\/03\/IMG_20220818_100304-1536x1152.jpg 1536w, https:\/\/schuhewiebarfuss.at\/wien\/wp-content\/uploads\/sites\/6\/2023\/03\/IMG_20220818_100304-2048x1536.jpg 2048w\" sizes=\"auto, (max-width: 1024px) 100vw, 1024px\" \/><\/figure>\n\n\n\n<figure class=\"wp-block-image size-large\"><img loading=\"lazy\" decoding=\"async\" width=\"1024\" height=\"768\" data-id=\"76\" src=\"https:\/\/schuhewiebarfuss.at\/wien\/wp-content\/uploads\/sites\/6\/2023\/03\/IMG_20220818_100337-1024x768.jpg\" alt=\"\" class=\"wp-image-76\" srcset=\"https:\/\/schuhewiebarfuss.at\/wien\/wp-content\/uploads\/sites\/6\/2023\/03\/IMG_20220818_100337-1024x768.jpg 1024w, https:\/\/schuhewiebarfuss.at\/wien\/wp-content\/uploads\/sites\/6\/2023\/03\/IMG_20220818_100337-300x225.jpg 300w, https:\/\/schuhewiebarfuss.at\/wien\/wp-content\/uploads\/sites\/6\/2023\/03\/IMG_20220818_100337-768x576.jpg 768w, https:\/\/schuhewiebarfuss.at\/wien\/wp-content\/uploads\/sites\/6\/2023\/03\/IMG_20220818_100337-1536x1152.jpg 1536w, https:\/\/schuhewiebarfuss.at\/wien\/wp-content\/uploads\/sites\/6\/2023\/03\/IMG_20220818_100337-2048x1536.jpg 2048w\" sizes=\"auto, (max-width: 1024px) 100vw, 1024px\" \/><\/figure>\n\n\n\n<figure class=\"wp-block-image size-large\"><img loading=\"lazy\" decoding=\"async\" width=\"1024\" height=\"768\" data-id=\"74\" src=\"https:\/\/schuhewiebarfuss.at\/wien\/wp-content\/uploads\/sites\/6\/2023\/03\/IMG_20220818_100345-1024x768.jpg\" alt=\"\" class=\"wp-image-74\" srcset=\"https:\/\/schuhewiebarfuss.at\/wien\/wp-content\/uploads\/sites\/6\/2023\/03\/IMG_20220818_100345-1024x768.jpg 1024w, https:\/\/schuhewiebarfuss.at\/wien\/wp-content\/uploads\/sites\/6\/2023\/03\/IMG_20220818_100345-300x225.jpg 300w, https:\/\/schuhewiebarfuss.at\/wien\/wp-content\/uploads\/sites\/6\/2023\/03\/IMG_20220818_100345-768x576.jpg 768w, https:\/\/schuhewiebarfuss.at\/wien\/wp-content\/uploads\/sites\/6\/2023\/03\/IMG_20220818_100345-1536x1152.jpg 1536w, https:\/\/schuhewiebarfuss.at\/wien\/wp-content\/uploads\/sites\/6\/2023\/03\/IMG_20220818_100345-2048x1536.jpg 2048w\" sizes=\"auto, (max-width: 1024px) 100vw, 1024px\" \/><\/figure>\n\n\n\n<figure class=\"wp-block-image size-large\"><img loading=\"lazy\" decoding=\"async\" width=\"1024\" height=\"768\" data-id=\"75\" src=\"https:\/\/schuhewiebarfuss.at\/wien\/wp-content\/uploads\/sites\/6\/2023\/03\/IMG_20220818_100355-1024x768.jpg\" alt=\"\" class=\"wp-image-75\" srcset=\"https:\/\/schuhewiebarfuss.at\/wien\/wp-content\/uploads\/sites\/6\/2023\/03\/IMG_20220818_100355-1024x768.jpg 1024w, https:\/\/schuhewiebarfuss.at\/wien\/wp-content\/uploads\/sites\/6\/2023\/03\/IMG_20220818_100355-300x225.jpg 300w, https:\/\/schuhewiebarfuss.at\/wien\/wp-content\/uploads\/sites\/6\/2023\/03\/IMG_20220818_100355-768x576.jpg 768w, https:\/\/schuhewiebarfuss.at\/wien\/wp-content\/uploads\/sites\/6\/2023\/03\/IMG_20220818_100355-1536x1152.jpg 1536w, https:\/\/schuhewiebarfuss.at\/wien\/wp-content\/uploads\/sites\/6\/2023\/03\/IMG_20220818_100355-2048x1536.jpg 2048w\" sizes=\"auto, (max-width: 1024px) 100vw, 1024px\" \/><\/figure>\n\n\n\n<figure class=\"wp-block-image size-large\"><img loading=\"lazy\" decoding=\"async\" width=\"1024\" height=\"768\" data-id=\"73\" src=\"https:\/\/schuhewiebarfuss.at\/wien\/wp-content\/uploads\/sites\/6\/2023\/03\/IMG_20220818_100507-1024x768.jpg\" alt=\"\" class=\"wp-image-73\" srcset=\"https:\/\/schuhewiebarfuss.at\/wien\/wp-content\/uploads\/sites\/6\/2023\/03\/IMG_20220818_100507-1024x768.jpg 1024w, https:\/\/schuhewiebarfuss.at\/wien\/wp-content\/uploads\/sites\/6\/2023\/03\/IMG_20220818_100507-300x225.jpg 300w, https:\/\/schuhewiebarfuss.at\/wien\/wp-content\/uploads\/sites\/6\/2023\/03\/IMG_20220818_100507-768x576.jpg 768w, https:\/\/schuhewiebarfuss.at\/wien\/wp-content\/uploads\/sites\/6\/2023\/03\/IMG_20220818_100507-1536x1152.jpg 1536w, https:\/\/schuhewiebarfuss.at\/wien\/wp-content\/uploads\/sites\/6\/2023\/03\/IMG_20220818_100507-2048x1536.jpg 2048w\" sizes=\"auto, (max-width: 1024px) 100vw, 1024px\" \/><\/figure>\n\n\n\n<figure class=\"wp-block-image size-large\"><img loading=\"lazy\" decoding=\"async\" width=\"1024\" height=\"768\" data-id=\"77\" src=\"https:\/\/schuhewiebarfuss.at\/wien\/wp-content\/uploads\/sites\/6\/2023\/03\/IMG_20220818_100537-1024x768.jpg\" alt=\"\" class=\"wp-image-77\" srcset=\"https:\/\/schuhewiebarfuss.at\/wien\/wp-content\/uploads\/sites\/6\/2023\/03\/IMG_20220818_100537-1024x768.jpg 1024w, https:\/\/schuhewiebarfuss.at\/wien\/wp-content\/uploads\/sites\/6\/2023\/03\/IMG_20220818_100537-300x225.jpg 300w, https:\/\/schuhewiebarfuss.at\/wien\/wp-content\/uploads\/sites\/6\/2023\/03\/IMG_20220818_100537-768x576.jpg 768w, https:\/\/schuhewiebarfuss.at\/wien\/wp-content\/uploads\/sites\/6\/2023\/03\/IMG_20220818_100537-1536x1152.jpg 1536w, https:\/\/schuhewiebarfuss.at\/wien\/wp-content\/uploads\/sites\/6\/2023\/03\/IMG_20220818_100537-2048x1536.jpg 2048w\" sizes=\"auto, (max-width: 1024px) 100vw, 1024px\" \/><\/figure>\n<\/figure>\n\n\n\n<p><\/p>\n\n\n\n<h2 class=\"wp-block-heading\">Das Team von Schuhe wie Barfuss:<\/h2>\n\n\n\n<p> Fragen rund um das Thema barfu\u00df gehen und Barfu\u00dfschuhe beantworten Dir das Team von Schuhe wie Barfu\u00df mit profundem Fachwissen. <\/p>\n\n\n\n<p>Zum Team geh\u00f6ren Ana, Pouran und Alexandra.<\/p>\n\n\n\n<p>\n\nSie tragen selbst fast ausschlie\u00dflich Barfu\u00dfschuhe und wissen wovon Sie reden!\n\n<\/p>\n\n\n\n<h2 class=\"wp-block-heading\">Wann und wo kriegst Du Barfu\u00dfschuhe?<\/h2>\n\n\n\n<p>In der Kaiserstra\u00dfe 44-46 in Wien sind wir zu folgenden Zeiten f\u00fcr Dich da:<\/p>\n\n\n\n<ul class=\"wp-block-list\">\n<li>Montag &#8211; Freitag: 09:00 \u2013 18:00 Uhr<\/li>\n\n\n\n<li>Samstag: 09:00 \u2013 16:00 Uhr <\/li>\n<\/ul>\n\n\n\n<p>Du erreichst uns telefonisch unter 01 \/ 890 193 915<\/p>\n\n\n\n<p>und schriftlich unter wien@schuhewiebarfuss.at<\/p>\n\n\n\n<figure>&lt;<\/figure>\n\n\n\n<p><\/p>\n","protected":false},"excerpt":{"rendered":"<p>Wie f\u00fchlt sich so ein Barfu\u00dfschuh eigentlich an? Komm vorbei und probier\u00b4s ganz einfach aus! Im Gesch\u00e4ft in Wien kannst Du die Modelle deiner Wahl anprobieren und Dich von unseren Barfu\u00dfschuh-Experten beraten lassen. Au\u00dferdem steht f\u00fcr Dich eine Laufbahn mit verschiedenen Oberfl\u00e4chen bereit. Darauf kannst Du schon vor dem Kauf ausprobieren, wie sich ein Barfu\u00dfschuh [&hellip;]<\/p>\n","protected":false},"author":1,"featured_media":0,"parent":0,"menu_order":0,"comment_status":"closed","ping_status":"closed","template":"","meta":{"site-sidebar-layout":"default","site-content-layout":"","ast-site-content-layout":"default","site-content-style":"default","site-sidebar-style":"default","ast-global-header-display":"","ast-banner-title-visibility":"","ast-main-header-display":"","ast-hfb-above-header-display":"","ast-hfb-below-header-display":"","ast-hfb-mobile-header-display":"","site-post-title":"","ast-breadcrumbs-content":"","ast-featured-img":"","footer-sml-layout":"","ast-disable-related-posts":"","theme-transparent-header-meta":"","adv-header-id-meta":"","stick-header-meta":"","header-above-stick-meta":"","header-main-stick-meta":"","header-below-stick-meta":"","astra-migrate-meta-layouts":"set","ast-page-background-enabled":"default","ast-page-background-meta":{"desktop":{"background-color":"","background-image":"","background-repeat":"repeat","background-position":"center center","background-size":"auto","background-attachment":"scroll","background-type":"","background-media":"","overlay-type":"","overlay-color":"","overlay-opacity":"","overlay-gradient":""},"tablet":{"background-color":"","background-image":"","background-repeat":"repeat","background-position":"center center","background-size":"auto","background-attachment":"scroll","background-type":"","background-media":"","overlay-type":"","overlay-color":"","overlay-opacity":"","overlay-gradient":""},"mobile":{"background-color":"","background-image":"","background-repeat":"repeat","background-position":"center center","background-size":"auto","background-attachment":"scroll","background-type":"","background-media":"","overlay-type":"","overlay-color":"","overlay-opacity":"","overlay-gradient":""}},"ast-content-background-meta":{"desktop":{"background-color":"var(--ast-global-color-5)","background-image":"","background-repeat":"repeat","background-position":"center center","background-size":"auto","background-attachment":"scroll","background-type":"","background-media":"","overlay-type":"","overlay-color":"","overlay-opacity":"","overlay-gradient":""},"tablet":{"background-color":"var(--ast-global-color-5)","background-image":"","background-repeat":"repeat","background-position":"center center","background-size":"auto","background-attachment":"scroll","background-type":"","background-media":"","overlay-type":"","overlay-color":"","overlay-opacity":"","overlay-gradient":""},"mobile":{"background-color":"var(--ast-global-color-5)","background-image":"","background-repeat":"repeat","background-position":"center center","background-size":"auto","background-attachment":"scroll","background-type":"","background-media":"","overlay-type":"","overlay-color":"","overlay-opacity":"","overlay-gradient":""}},"footnotes":""},"class_list":["post-23","page","type-page","status-publish","hentry"],"_links":{"self":[{"href":"https:\/\/schuhewiebarfuss.at\/wien\/wp-json\/wp\/v2\/pages\/23","targetHints":{"allow":["GET"]}}],"collection":[{"href":"https:\/\/schuhewiebarfuss.at\/wien\/wp-json\/wp\/v2\/pages"}],"about":[{"href":"https:\/\/schuhewiebarfuss.at\/wien\/wp-json\/wp\/v2\/types\/page"}],"author":[{"embeddable":true,"href":"https:\/\/schuhewiebarfuss.at\/wien\/wp-json\/wp\/v2\/users\/1"}],"replies":[{"embeddable":true,"href":"https:\/\/schuhewiebarfuss.at\/wien\/wp-json\/wp\/v2\/comments?post=23"}],"version-history":[{"count":5,"href":"https:\/\/schuhewiebarfuss.at\/wien\/wp-json\/wp\/v2\/pages\/23\/revisions"}],"predecessor-version":[{"id":100,"href":"https:\/\/schuhewiebarfuss.at\/wien\/wp-json\/wp\/v2\/pages\/23\/revisions\/100"}],"wp:attachment":[{"href":"https:\/\/schuhewiebarfuss.at\/wien\/wp-json\/wp\/v2\/media?parent=23"}],"curies":[{"name":"wp","href":"https:\/\/api.w.org\/{rel}","templated":true}]}}