{"id":20,"date":"2022-03-30T14:33:15","date_gmt":"2022-03-30T12:33:15","guid":{"rendered":"http:\/\/schuhewiebarfuss.at\/wien\/?page_id=20"},"modified":"2022-03-30T14:33:15","modified_gmt":"2022-03-30T12:33:15","slug":"barufss","status":"publish","type":"page","link":"https:\/\/schuhewiebarfuss.at\/wien\/barufss\/","title":{"rendered":"Barfu\u00df"},"content":{"rendered":"\n<h3 class=\"wp-block-heading\">Warum ist barfu\u00df besser?<\/h3>\n\n\n\n<p>Gehen wir barfu\u00df gehen wir richtig: wir landen sanft auf den Fersen und verwenden die Kraft in unseren Zehen um uns abzusto\u00dfen. Dadurch werden Muskeln fit gehalten, die sensorische Wahrnehmung erh\u00f6ht, die Haltung verbessert und der Kern gest\u00e4rkt. Traditionelle Schuhe mit starren Sohlen, gepolsterten Fersen und Senkfu\u00dfeinlagen verhindern diese Bewegung, schw\u00e4chen den Fu\u00df und verursachen letztendlich Verletzungen.<\/p>\n\n\n\n<h3 class=\"wp-block-heading\">Barfu\u00df gehen ist gesund<\/h3>\n\n\n\n<p>Barfu\u00df gehen kr\u00e4ftigt die Muskulatur und Sehnen in unseren F\u00fc\u00dfen. Regelm\u00e4\u00dfiges barfu\u00df gehen beugt Knick-, Senk- und Spreizf\u00fc\u00dfen vor und kann bei einem bestehenden Hallux sp\u00fcrbar Linderung verschaffen.<\/p>\n\n\n\n<p>Ganz besonders f\u00fcr Kinder ist barfu\u00df gehen essenziell, da es die gesunden Entwicklungen des Fu\u00dfgew\u00f6lbes erm\u00f6glicht.<\/p>\n\n\n\n<h3 class=\"wp-block-heading\">Barfu\u00df macht warme F\u00fc\u00dfe<\/h3>\n\n\n\n<p>Da die Fu\u00dfmuskeln beim Barfu\u00dflaufen viel aktiver sind als in Schuhen, erzeugen sie auch besonders viel W\u00e4rme. Schon mit ein wenig regelm\u00e4\u00dfiger Fu\u00dfgymnastik kann eine deutliche Erw\u00e4rmung der F\u00fc\u00dfe erreicht werden. Der Massageeffekt des Untergrundes aktiviert zus\u00e4tzliche K\u00f6rperw\u00e4rme.<\/p>\n\n\n\n<h3 class=\"wp-block-heading\">Barfu\u00df gehen entspannt<\/h3>\n\n\n\n<p>Es mu\u00df nicht immer autogenes Training sein \u2013 auch Barfu\u00dflaufen ist eine effektive Methode, um K\u00f6rper und Geist zu entspannen. Mach einen kleinen Spaziergang und w\u00e4hle dabei einen Weg mit unterschiedlicher Bodenbeschaffenheit.<\/p>\n\n\n\n<h3 class=\"wp-block-heading\">Barfu\u00df gegen Krampfadern<\/h3>\n\n\n\n<p>Barfu\u00df gehen beugt Venenleiden vor, denn die ungehinderte Bewegung l\u00e4sst die Wadenmuskeln als Blutpumpe in Richtung Herz wirksam werden. Das entlastet die Blutgef\u00e4\u00dfe und verz\u00f6gert die Bildung von Krampfadern.<\/p>\n\n\n\n<p>In Schuhen von \u201eSchuhe wie Barfuss\u201c gehst Du wie barfu\u00df \u2026<br>und bist trotzdem gesch\u00fctzt.<\/p>\n\n\n\n<ul class=\"wp-block-list\"><li>Dank der nur 3mm d\u00fcnnen und durchstichsicheren Spezialsohle<\/li><li>Die ist so fest, dass deinen F\u00fc\u00dfen nichts passieren kann.<\/li><\/ul>\n","protected":false},"excerpt":{"rendered":"<p>Warum ist barfu\u00df besser? Gehen wir barfu\u00df gehen wir richtig: wir landen sanft auf den Fersen und verwenden die Kraft in unseren Zehen um uns abzusto\u00dfen. Dadurch werden Muskeln fit gehalten, die sensorische Wahrnehmung erh\u00f6ht, die Haltung verbessert und der Kern gest\u00e4rkt. Traditionelle Schuhe mit starren Sohlen, gepolsterten Fersen und Senkfu\u00dfeinlagen verhindern diese Bewegung, schw\u00e4chen [&hellip;]<\/p>\n","protected":false},"author":1,"featured_media":0,"parent":0,"menu_order":0,"comment_status":"closed","ping_status":"closed","template":"","meta":{"site-sidebar-layout":"default","site-content-layout":"","ast-site-content-layout":"default","site-content-style":"default","site-sidebar-style":"default","ast-global-header-display":"","ast-banner-title-visibility":"","ast-main-header-display":"","ast-hfb-above-header-display":"","ast-hfb-below-header-display":"","ast-hfb-mobile-header-display":"","site-post-title":"","ast-breadcrumbs-content":"","ast-featured-img":"","footer-sml-layout":"","ast-disable-related-posts":"","theme-transparent-header-meta":"","adv-header-id-meta":"","stick-header-meta":"","header-above-stick-meta":"","header-main-stick-meta":"","header-below-stick-meta":"","astra-migrate-meta-layouts":"default","ast-page-background-enabled":"default","ast-page-background-meta":{"desktop":{"background-color":"","background-image":"","background-repeat":"repeat","background-position":"center center","background-size":"auto","background-attachment":"scroll","background-type":"","background-media":"","overlay-type":"","overlay-color":"","overlay-opacity":"","overlay-gradient":""},"tablet":{"background-color":"","background-image":"","background-repeat":"repeat","background-position":"center center","background-size":"auto","background-attachment":"scroll","background-type":"","background-media":"","overlay-type":"","overlay-color":"","overlay-opacity":"","overlay-gradient":""},"mobile":{"background-color":"","background-image":"","background-repeat":"repeat","background-position":"center center","background-size":"auto","background-attachment":"scroll","background-type":"","background-media":"","overlay-type":"","overlay-color":"","overlay-opacity":"","overlay-gradient":""}},"ast-content-background-meta":{"desktop":{"background-color":"var(--ast-global-color-5)","background-image":"","background-repeat":"repeat","background-position":"center center","background-size":"auto","background-attachment":"scroll","background-type":"","background-media":"","overlay-type":"","overlay-color":"","overlay-opacity":"","overlay-gradient":""},"tablet":{"background-color":"var(--ast-global-color-5)","background-image":"","background-repeat":"repeat","background-position":"center center","background-size":"auto","background-attachment":"scroll","background-type":"","background-media":"","overlay-type":"","overlay-color":"","overlay-opacity":"","overlay-gradient":""},"mobile":{"background-color":"var(--ast-global-color-5)","background-image":"","background-repeat":"repeat","background-position":"center center","background-size":"auto","background-attachment":"scroll","background-type":"","background-media":"","overlay-type":"","overlay-color":"","overlay-opacity":"","overlay-gradient":""}},"footnotes":""},"class_list":["post-20","page","type-page","status-publish","hentry"],"_links":{"self":[{"href":"https:\/\/schuhewiebarfuss.at\/wien\/wp-json\/wp\/v2\/pages\/20","targetHints":{"allow":["GET"]}}],"collection":[{"href":"https:\/\/schuhewiebarfuss.at\/wien\/wp-json\/wp\/v2\/pages"}],"about":[{"href":"https:\/\/schuhewiebarfuss.at\/wien\/wp-json\/wp\/v2\/types\/page"}],"author":[{"embeddable":true,"href":"https:\/\/schuhewiebarfuss.at\/wien\/wp-json\/wp\/v2\/users\/1"}],"replies":[{"embeddable":true,"href":"https:\/\/schuhewiebarfuss.at\/wien\/wp-json\/wp\/v2\/comments?post=20"}],"version-history":[{"count":0,"href":"https:\/\/schuhewiebarfuss.at\/wien\/wp-json\/wp\/v2\/pages\/20\/revisions"}],"wp:attachment":[{"href":"https:\/\/schuhewiebarfuss.at\/wien\/wp-json\/wp\/v2\/media?parent=20"}],"curies":[{"name":"wp","href":"https:\/\/api.w.org\/{rel}","templated":true}]}}