{"id":157,"date":"2021-07-29T19:27:06","date_gmt":"2021-07-29T17:27:06","guid":{"rendered":"http:\/\/schuhewiebarfuss.at\/truck\/?page_id=157"},"modified":"2021-07-29T20:42:37","modified_gmt":"2021-07-29T18:42:37","slug":"buchung","status":"publish","type":"page","link":"https:\/\/schuhewiebarfuss.at\/truck\/buchung\/","title":{"rendered":"Buchung"},"content":{"rendered":"\n<p>Hier k\u00f6nnen sie ganz einfach unseren Truck f\u00fcr ihre Veranstaltung oder ihre private Schuhparty (ab 15 Personen) in Vorarlberg gratis buchen.<\/p>\n\n\n\n<p>Bei Veranstaltungen au\u00dferhalb von Vorarlberg nehmen sie Kontakt mit uns auf. <\/p>\n\n\n\n<div class=\"wp-block-booking-booking\">[booking nummonths=2]<\/div>\n","protected":false},"excerpt":{"rendered":"<p>Hier k\u00f6nnen sie ganz einfach unseren Truck f\u00fcr ihre Veranstaltung oder ihre private Schuhparty (ab 15 Personen) in Vorarlberg gratis buchen. Bei Veranstaltungen au\u00dferhalb von Vorarlberg nehmen sie Kontakt mit uns auf.<\/p>\n","protected":false},"author":1,"featured_media":0,"parent":0,"menu_order":0,"comment_status":"closed","ping_status":"closed","template":"","meta":{"site-sidebar-layout":"default","site-content-layout":"default","ast-site-content-layout":"default","site-content-style":"default","site-sidebar-style":"default","ast-global-header-display":"","ast-banner-title-visibility":"","ast-main-header-display":"","ast-hfb-above-header-display":"","ast-hfb-below-header-display":"","ast-hfb-mobile-header-display":"","site-post-title":"","ast-breadcrumbs-content":"","ast-featured-img":"","footer-sml-layout":"","ast-disable-related-posts":"","theme-transparent-header-meta":"default","adv-header-id-meta":"","stick-header-meta":"","header-above-stick-meta":"","header-main-stick-meta":"","header-below-stick-meta":"","astra-migrate-meta-layouts":"default","ast-page-background-enabled":"default","ast-page-background-meta":{"desktop":{"background-color":"","background-image":"","background-repeat":"repeat","background-position":"center center","background-size":"auto","background-attachment":"scroll","background-type":"","background-media":"","overlay-type":"","overlay-color":"","overlay-opacity":"","overlay-gradient":""},"tablet":{"background-color":"","background-image":"","background-repeat":"repeat","background-position":"center center","background-size":"auto","background-attachment":"scroll","background-type":"","background-media":"","overlay-type":"","overlay-color":"","overlay-opacity":"","overlay-gradient":""},"mobile":{"background-color":"","background-image":"","background-repeat":"repeat","background-position":"center center","background-size":"auto","background-attachment":"scroll","background-type":"","background-media":"","overlay-type":"","overlay-color":"","overlay-opacity":"","overlay-gradient":""}},"ast-content-background-meta":{"desktop":{"background-color":"var(--ast-global-color-5)","background-image":"","background-repeat":"repeat","background-position":"center center","background-size":"auto","background-attachment":"scroll","background-type":"","background-media":"","overlay-type":"","overlay-color":"","overlay-opacity":"","overlay-gradient":""},"tablet":{"background-color":"var(--ast-global-color-5)","background-image":"","background-repeat":"repeat","background-position":"center center","background-size":"auto","background-attachment":"scroll","background-type":"","background-media":"","overlay-type":"","overlay-color":"","overlay-opacity":"","overlay-gradient":""},"mobile":{"background-color":"var(--ast-global-color-5)","background-image":"","background-repeat":"repeat","background-position":"center center","background-size":"auto","background-attachment":"scroll","background-type":"","background-media":"","overlay-type":"","overlay-color":"","overlay-opacity":"","overlay-gradient":""}},"footnotes":""},"class_list":["post-157","page","type-page","status-publish","hentry"],"_links":{"self":[{"href":"https:\/\/schuhewiebarfuss.at\/truck\/wp-json\/wp\/v2\/pages\/157","targetHints":{"allow":["GET"]}}],"collection":[{"href":"https:\/\/schuhewiebarfuss.at\/truck\/wp-json\/wp\/v2\/pages"}],"about":[{"href":"https:\/\/schuhewiebarfuss.at\/truck\/wp-json\/wp\/v2\/types\/page"}],"author":[{"embeddable":true,"href":"https:\/\/schuhewiebarfuss.at\/truck\/wp-json\/wp\/v2\/users\/1"}],"replies":[{"embeddable":true,"href":"https:\/\/schuhewiebarfuss.at\/truck\/wp-json\/wp\/v2\/comments?post=157"}],"version-history":[{"count":1,"href":"https:\/\/schuhewiebarfuss.at\/truck\/wp-json\/wp\/v2\/pages\/157\/revisions"}],"predecessor-version":[{"id":246,"href":"https:\/\/schuhewiebarfuss.at\/truck\/wp-json\/wp\/v2\/pages\/157\/revisions\/246"}],"wp:attachment":[{"href":"https:\/\/schuhewiebarfuss.at\/truck\/wp-json\/wp\/v2\/media?parent=157"}],"curies":[{"name":"wp","href":"https:\/\/api.w.org\/{rel}","templated":true}]}}