{"id":888949,"date":"2026-01-23T12:52:15","date_gmt":"2026-01-23T11:52:15","guid":{"rendered":"https:\/\/schuhewiebarfuss.at\/shop\/produkt\/will-ii-grau\/"},"modified":"2026-03-01T15:08:43","modified_gmt":"2026-03-01T14:08:43","slug":"will-ii-grau","status":"publish","type":"product","link":"https:\/\/schuhewiebarfuss.at\/shop\/produkt\/will-ii-grau\/","title":{"rendered":"Will II Grau"},"content":{"rendered":"<p>Der WILL II der Marke Saguaro ist dank flexibler Au\u00dfensohle und breiter Zehenbox wunderbar ergonomisch und bequem. Die spritzwassergesch\u00fctzten Materialien halten die F\u00fc\u00dfe ein Weile trocken und sind zudem rundum Vegan, w\u00e4hrend durch die verbesserte Mikrofaser-W\u00e4rme den F\u00fc\u00dfen nicht kalt wird. So l\u00e4sst sich dieses Modell auch noch bei Minusgraden tragen! Dieser Schuh wurde f\u00fcr eine nat\u00fcrliche und bequeme Passform entworfen. Schn\u00fcrsenkeln, erm\u00f6glicht eine leichte Anpassung der Enge, w\u00e4hrend der breite Schaft Bequemlichkeit beim An- und Ausziehen gew\u00e4hrleistet. Der stylische Textilkragen aus Kunstfell bringt das gewisse Etwas und wertet die Optik nochmal auf. Das minimalistische Design der Schuhe passt zu Alltags-, Freizeit- und Sportkleidungl und bietet einen schlichten und sportlichen Look. Erleben Sie auch im Winter das ultimative Barfu\u00dfgef\u00fchl, dank ihrer leichten und unaufdringlichen Beschaffenheit.<\/p>\n<p>Das Obermaterial aus einer Mischung aus Mikrofaser-Wildleder (Kunstleder) und das Innenmaterial aus weichem Kunstkaninchenfell mit Kunstfellkragen h\u00e4lt F\u00fc\u00dfe angenehm warm bei kalten Wintertagen und gibt ihnen zus\u00e4tzliche W\u00e4rme, wo Sie sie am meisten ben\u00f6tigen. Diese Barfu\u00dfschuhe sind Dank der hochwertigen Materialien spritzwassergesch\u00fctzt konzipiert und bietet mit der leicht gepolsterten und kuscheligen F\u00fctterung nicht nur optimalen Komfort, sondern k\u00f6nnen auch bei Temperaturen von bis zu -15\u00b0C getragen werden. Dazu wurde der Schuh mit einer 4 mm flachen, herausnehmbaren PU-Schaum-Innensohle mit flauschigem, isolierendem Baumwollfutter und ohne Fu\u00dfgew\u00f6lbest\u00fctze ausgestattet. Die neue Einlegesohle ist stabiler und rutschfester als die urspr\u00fcngliche Einlegesohle, was ein Zur\u00fcckrutschen der Einlegesohle w\u00e4hrend des Tragens verhindert und das Trageerlebnis angenehmer macht. Die Zero-Drop-Gummisohle mit Nullabfall l\u00e4sst sich leicht und flexibel in alle Richtungen biegen und bietet dadurch ein optimales Barfu\u00dfgef\u00fchl. Zus\u00e4tzlich verf\u00fcgt sie jetzt \u00fcber ein verbessertes rutschfestes und robustes Design, das f\u00fcr mehr Halt und Stabilit\u00e4t auf verschiedenen Oberfl\u00e4chen sorgt und besitzt eine erh\u00f6hte Strapazierf\u00e4higkeit und Abriebfestigkeit. Die breite Zehenbox l\u00e4sst Ihre Zehen in ihrem bequemsten und nat\u00fcrlichsten Zustand verweilen, w\u00e4hrend die teilweise verst\u00e4rkte Ferse ein herumrutschen im Schuh verhindert.<\/p>\n<p>Will II kombiniert einen niedlichen und sportlichen Look mit hervorragender Verarbeitung und langer Haltbarkeit. Lieferung in wiederverwendbaren Leinentasche. <\/p>\n<p>BREITE ZEHENBOX<br \/>\nDie breite Zehenbox sorgt daf\u00fcr, dass jeder Zeh flexibel ist, um den Boden zu greifen. Es bietet ausreichend Platz f\u00fcr die nat\u00fcrliche Spreizung der Zehen und verbessert Stabilit\u00e4t sowie Gleichgewicht.<\/p>\n<p>ZERO-DROP-GUMMI-SOHLE<br \/>\nDie Zero-Drop-Gummisohle ist f\u00fcr maximale Flexibilit\u00e4t konzipiert. Es simuliert eine echte Barfu\u00dfsituation, sorgt f\u00fcr Kn\u00f6chelstabilit\u00e4t und verteilt die Kraft gleichm\u00e4\u00dfig auf alle Muskeln. Durchgehend flache Sohle \u2013 f\u00f6rdert eine gesunde K\u00f6rperhaltung und nat\u00fcrliche Ausrichtung.<\/p>\n<p>LEICHTES DESIGN<br \/>\nVerringert unn\u00f6tige Belastungen auf Gelenke und Muskeln und unterst\u00fctzt so entspanntes, langes Tragen.<\/p>\n<p>FLACH, D\u00dcNN UND FLEXIBEL<br \/>\nDie flache Sohle eines Schuhs bietet eine bessere Grundlage f\u00fcr Ihre aufrechte Haltung und kann Ihnen helfen, Knie-, H\u00fcft- oder R\u00fcckenschmerzen zu vermeiden. Unterst\u00fctzt die nat\u00fcrliche Bewegungsfreiheit und passt sich jeder Bewegung an.<\/p>\n<p>Nachhaltigkeit bei SAGUARO<\/p>\n<p>Saguaro legt gro\u00dfen Wert auf einen verantwortungsvollen Umgang mit Ressourcen. Deshalb entwickeln sie ihre Produkte so, dass sie langlebig, umweltfreundlich und alltagstauglich sind.<\/p>\n<p>Nat\u00fcrliche Gummisohlen: Robust, rutschfest und umweltfreundlich \u2013 sie unterst\u00fctzen die nat\u00fcrliche Fu\u00dfbewegung und halten lange.<br \/>\n4 mm PU-Schaum-Einlegesohlen: Entwickelt f\u00fcr Komfort und Nachhaltigkeit. Sie sind recycelbar, teilweise biologisch abbaubar und entsprechen internationalen Umweltstandards.<br \/>\nWiederverwendbare Taschen: Unsere vielseitige, wiederverwendbare Verpackung macht Einwegkartons \u00fcberfl\u00fcssig und reduziert Abfall.<br \/>\nMit einem minimalistischen Designansatz bieten wir Schuhe, die nicht nur angenehm zu tragen sind, sondern auch die Umwelt schonen.<\/p>\n<p>Materialdetails:<\/p>\n<p>Obermaterial: Mikrofaser-Wildleder<br \/>\nInnenfutter: Kunstkaninchenfell<br \/>\nSohle: 100% Naturkautschuk, 5 mm<br \/>\nInnensohle: PU-Schaum mit isolierender Baumwolle, 4 mm, herausnehmbar<br \/>\nAbsatz: Nullabsatz, keine H\u00f6hendifferenz zwischen Ferse und Vorderfu\u00df<br \/>\nVerschluss: Schn\u00fcrsenkel<br \/>\nBesonderheiten: Spritzwassergesch\u00fctzt, nicht f\u00fcr Eintauchen geeignet, Nicht Maschinenwaschbare<br \/>\nGewicht: 256g (Gr\u00f6\u00dfe EU 39)<br \/>\nSchafth\u00f6he: 10.8cm (Gr\u00f6\u00dfe EU 39)<br \/>\nEmpfohlene Tragtemperatur: \u00dcber 5\u00b0F (-15\u00b0C)<br \/>\nHergestellt in China<\/p>\n<p>Pflegehinweis:<\/p>\n<p>F\u00fcr diese Modell empfehlen wir Handreinigung:<br \/>\n&#8211; Schn\u00fcrsenkel und Einlegesohlen entfernen<br \/>\n&#8211; Mit einer weichen B\u00fcrste Schmutz entfernen<br \/>\n&#8211; Mit lauwarmem Wasser und mildem Waschmittel vorsichtig reinigen<br \/>\n&#8211; Mit feuchtem Tuch nachwischen<br \/>\n&#8211; Dieser Schuh ist auch Maschinenwaschbar, aber bitte verwenden Sie einen W\u00e4schesack und w\u00e4hlen Sie den Schonwaschgang sowie kaltes Wasser. Vermeiden Sie hohe Temperaturen und starkes Schleudern.<br \/>\n&#8211; bei Raumtemperatur trocknen lassen, nicht im Trockner (keine Sonne, keine Heizung)<\/p>\n<p>Innensohle &#8211; L\u00e4nge\/Breite (mm):<\/p>\n<p>Gr\u00f6\u00dfe: 36 &#8211; L\u00e4nge: 236 mm &#8211; Breite: 87 mm<br \/>\nGr\u00f6\u00dfe: 37 &#8211; L\u00e4nge: 243 mm &#8211; Breite: 88 mm<br \/>\nGr\u00f6\u00dfe: 38 &#8211; L\u00e4nge: 249 mm &#8211; Breite: 90 mm<br \/>\nGr\u00f6\u00dfe: 39 &#8211; L\u00e4nge: 256 mm &#8211; Breite: 91 mm<br \/>\nGr\u00f6\u00dfe: 40 &#8211; L\u00e4nge: 263 mm &#8211; Breite: 93 mm<br \/>\nGr\u00f6\u00dfe: 41 &#8211; L\u00e4nge: 269 mm &#8211; Breite: 94 mm<br \/>\nGr\u00f6\u00dfe: 42 &#8211; L\u00e4nge: 276 mm &#8211; Breite: 96 mm<br \/>\nGr\u00f6\u00dfe: 43 &#8211; L\u00e4nge: 283 mm &#8211; Breite: 97 mm<br \/>\nGr\u00f6\u00dfe: 44 &#8211; L\u00e4nge: 289 mm &#8211; Breite: 99 mm<br \/>\nGr\u00f6\u00dfe: 45 &#8211; L\u00e4nge: 296 mm &#8211; Breite: 100 mm<br \/>\nGr\u00f6\u00dfe: 46 &#8211; L\u00e4nge: 303 mm &#8211; Breite: 102 mm<\/p>\n<p><b>Audio-Beschreibung<\/b><br \/><audio controls src=\"https:\/\/schuhewiebarfuss.at\/shop\/wp-content\/uploads\/lk\/9716_audio.wav\"><br \/>\n                                            Ihr Browser unterst\u00fctzt diese Audio-Ausgabe leider nicht.<br \/>\n                                            <\/ audio ><\/p>\n","protected":false},"excerpt":{"rendered":"<p>Saguaro WILL II &#8211; Winter Barfu\u00dfschuhe<\/p>\n<p>Leichte Wildleder-Winterstiefel mit verbesserter Mikrofaser-W\u00e4rme. Sp\u00fcrbare W\u00e4rme auf winterlicher Erde.<\/p>\n","protected":false},"featured_media":0,"comment_status":"open","ping_status":"closed","template":"","meta":[],"product_brand":[],"product_cat":[855],"product_tag":[1362,1368,1373,1374,1375,1376,1377,1378,1379,1380,1381,3011,1382],"class_list":{"0":"post-888949","1":"product","2":"type-product","3":"status-publish","5":"product_cat-winterschuhe-2","6":"product_tag-groesse-36","7":"product_tag-groesse-37","8":"product_tag-groesse-38","9":"product_tag-groesse-39","10":"product_tag-groesse-40","11":"product_tag-groesse-41","12":"product_tag-groesse-42","13":"product_tag-groesse-43","14":"product_tag-groesse-44","15":"product_tag-groesse-45","16":"product_tag-groesse-46","17":"product_tag-marke-saguaro","18":"product_tag-neu","20":"first","21":"instock","22":"taxable","23":"shipping-taxable","24":"purchasable","25":"product-type-variable"},"_links":{"self":[{"href":"https:\/\/schuhewiebarfuss.at\/shop\/wp-json\/wp\/v2\/product\/888949","targetHints":{"allow":["GET"]}}],"collection":[{"href":"https:\/\/schuhewiebarfuss.at\/shop\/wp-json\/wp\/v2\/product"}],"about":[{"href":"https:\/\/schuhewiebarfuss.at\/shop\/wp-json\/wp\/v2\/types\/product"}],"replies":[{"embeddable":true,"href":"https:\/\/schuhewiebarfuss.at\/shop\/wp-json\/wp\/v2\/comments?post=888949"}],"wp:attachment":[{"href":"https:\/\/schuhewiebarfuss.at\/shop\/wp-json\/wp\/v2\/media?parent=888949"}],"wp:term":[{"taxonomy":"product_brand","embeddable":true,"href":"https:\/\/schuhewiebarfuss.at\/shop\/wp-json\/wp\/v2\/product_brand?post=888949"},{"taxonomy":"product_cat","embeddable":true,"href":"https:\/\/schuhewiebarfuss.at\/shop\/wp-json\/wp\/v2\/product_cat?post=888949"},{"taxonomy":"product_tag","embeddable":true,"href":"https:\/\/schuhewiebarfuss.at\/shop\/wp-json\/wp\/v2\/product_tag?post=888949"}],"curies":[{"name":"wp","href":"https:\/\/api.w.org\/{rel}","templated":true}]}}