{"id":867241,"date":"2025-12-11T11:19:18","date_gmt":"2025-12-11T10:19:18","guid":{"rendered":"https:\/\/schuhewiebarfuss.at\/shop\/produkt\/rise-i\/"},"modified":"2026-03-01T15:51:59","modified_gmt":"2026-03-01T14:51:59","slug":"rise-i","status":"publish","type":"product","link":"https:\/\/schuhewiebarfuss.at\/shop\/produkt\/rise-i\/","title":{"rendered":"Rise I"},"content":{"rendered":"<p>Der RISE I der Marke Saguaro ist dank flexibler Au\u00dfensohle und breiter Zehenbox wunderbar ergonomisch und bequem. Die stark wasserabweisenden Materialien halten die F\u00fc\u00dfe trocken und sind zudem rundum Vegan, w\u00e4hrend eine Isolationsschicht zwischen Ober- und Innenmaterial daf\u00fcr sorgt, dass den F\u00fc\u00dfen nicht kalt wird. So l\u00e4sst sich dieses Modell auch noch bei Minusgraden tragen! Dieser Schuh wurde f\u00fcr eine nat\u00fcrliche und bequeme Passform entworfen. Schn\u00fcrsenkeln, erm\u00f6glicht eine leichte Anpassung der Enge, w\u00e4hrend der breite Schaft Bequemlichkeit beim An- und Ausziehen gew\u00e4hrleistet. Der stylische Textilkragen aus Kunstfell bringt das gewisse Etwas und wertet die Optik nochmal auf. Das minimalistische Design der Schuhe passt zu jedem Kleidungsstil und bietet einen schlichten und unauff\u00e4lligen Look. Erleben Sie auch im Winter das ultimative Barfu\u00dfgef\u00fchl, dank ihrer leichten und unaufdringlichen Beschaffenheit.<\/p>\n<p>Das Obermaterial aus einer Mischung aus Mikrofaser-Wildleder (Kunstleder) und Stoff und das Innenmaterial aus weichem isolierendem Baumwollfutter mit Kunstfellkragen h\u00e4lt F\u00fc\u00dfe angenehm warm bei kalten Wintertagen. Diese Barfu\u00dfschuhe sind Dank der hochwertigen Materialien stastic Wasserdicht konzipiert und bieten mit der gepolsterten und isolierten F\u00fctterung nicht nur optimalen Komfort, sondern k\u00f6nnen auch bei Temperaturen von bis zu -15\u00b0C getragen werden. Dazu wurde der Schuh mit einer 4 mm flachen, herausnehmbaren PU-Schaum-Innensohle mit flauschigem, isolierendem Baumwollfutter und ohne Fu\u00dfgew\u00f6lbest\u00fctze ausgestattet. Die neue Einlegesohle ist stabiler und rutschfester als die urspr\u00fcngliche Einlegesohle, was ein Zur\u00fcckrutschen der Einlegesohle w\u00e4hrend des Tragens verhindert und das Trageerlebnis angenehmer macht. Die Zero-Drop-Gummisohle mit Nullabfall l\u00e4sst sich leicht und flexibel in alle Richtungen biegen und bietet dadurch ein optimales Barfu\u00dfgef\u00fchl. Zus\u00e4tzlich verf\u00fcgt sie jetzt \u00fcber ein verbessertes rutschfestes Design, das f\u00fcr mehr Halt und Stabilit\u00e4t auf verschiedenen Oberfl\u00e4chen sorgt und besitzt eine erh\u00f6hte Strapazierf\u00e4higkeit und Abriebfestigkeit. Die breite Zehenbox l\u00e4sst Ihre Zehen in ihrem bequemsten und nat\u00fcrlichsten Zustand verweilen, w\u00e4hrend die teilweise verst\u00e4rkte Ferse ein herumrutschen im Schuh verhindert.<\/p>\n<p>Rise I kombiniert einen niedlichen und stilvollen Look mit hervorragender Verarbeitung und langer Haltbarkeit. Lieferung in wiederverwendbaren Leinentasche. <\/p>\n<p>ISOLIERTE F\u00dcTTERUNG &amp; MITTELSCHAFT-DESIGN<br \/>\nMit zus\u00e4tzlichen isolierenden Materialien und Kunst-Schaffell im Inneren f\u00fchlt sich jeder Schritt an, als w\u00fcrde man auf einer weichen, warmen Decke laufen. Das Mittelschaft-Design umschlie\u00dft den gesamten Fu\u00df, um ihn auch bei k\u00e4ltestem Wetter warm zu halten.<\/p>\n<p>VERBESSERTES RUTSCHFESTES SOHLENDESIGN<br \/>\nDie 6mm Sohle verf\u00fcgt jetzt \u00fcber ein verbessertes rutschfestes Design, das f\u00fcr mehr Halt und Stabilit\u00e4t auf verschiedenen Oberfl\u00e4chen sorgt.<\/p>\n<p>BREITE ZEHENBOX<br \/>\nDie breite Zehenbox l\u00e4sst Ihre Zehen in ihrem bequemsten und nat\u00fcrlichsten Zustand verweilen.<\/p>\n<p>MINIMALISTISCH &amp; BEQUEMLICHKEIT<br \/>\nDas minimalistische Design unserer Schuhe passt zu jedem Outfit-Stil und bietet einen schlichten und unauff\u00e4lligen Look. Erleben Sie auch im Winter das ultimative Barfu\u00dfgef\u00fchl, dank ihrer leichten und unaufdringlichen Beschaffenheit.<\/p>\n<p>Nachhaltigkeit bei SAGUARO<\/p>\n<p>Saguaro legt gro\u00dfen Wert auf einen verantwortungsvollen Umgang mit Ressourcen. Deshalb entwickeln sie ihre Produkte so, dass sie langlebig, umweltfreundlich und alltagstauglich sind.<\/p>\n<p>Nat\u00fcrliche Gummisohlen: Robust, rutschfest und umweltfreundlich \u2013 sie unterst\u00fctzen die nat\u00fcrliche Fu\u00dfbewegung und halten lange.<br \/>\n4 mm PU-Schaum-Einlegesohlen: Entwickelt f\u00fcr Komfort und Nachhaltigkeit. Sie sind recycelbar, teilweise biologisch abbaubar und entsprechen internationalen Umweltstandards.<br \/>\nWiederverwendbare Taschen: Unsere vielseitige, wiederverwendbare Verpackung macht Einwegkartons \u00fcberfl\u00fcssig und reduziert Abfall.<br \/>\nMit einem minimalistischen Designansatz bieten wir Schuhe, die nicht nur angenehm zu tragen sind, sondern auch die Umwelt schonen.<\/p>\n<p>Materialdetails:<\/p>\n<p>Obermaterial: Mikrofaser-Wildleder + Stoff<br \/>\nInnenfutter: Wasserdichtes Material + Isolierende Baumwolle + Kunstpelz<br \/>\nSohle: 100% Naturkautschuk, 6 mm<br \/>\nInnensohle: PU-Schaum mit isolierender Baumwolle, 4 mm, herausnehmbar<br \/>\nAbsatz: Nullabsatz, keine H\u00f6hendifferenz zwischen Ferse und Vorderfu\u00df<br \/>\nVerschluss: Schn\u00fcrsenkel<br \/>\nBesonderheiten: Stastic Wasserdicht konzipiert<br \/>\nGewicht: 359g (Gr\u00f6\u00dfe EU 39)<br \/>\nSchafth\u00f6he: 15.3cm (Gr\u00f6\u00dfe EU 39)<br \/>\nEmpfohlene Tragtemperatur: \u00dcber 5\u00b0F (-15\u00b0C)<br \/>\nHergestellt in China<\/p>\n<p>Pflegehinweis:<\/p>\n<p>F\u00fcr diese Modell empfehlen wir Handreinigung:<br \/>\n&#8211; Schn\u00fcrsenkel und Einlegesohlen entfernen<br \/>\n&#8211; Mit einer weichen B\u00fcrste Schmutz entfernen<br \/>\n&#8211; Mit lauwarmem Wasser und mildem Waschmittel vorsichtig reinigen<br \/>\n&#8211; Mit feuchtem Tuch nachwischen<br \/>\n&#8211; Dieser Schuh ist auch Maschinenwaschbar, aber bitte verwenden Sie einen W\u00e4schesack und w\u00e4hlen Sie den Schonwaschgang sowie kaltes Wasser. Vermeiden Sie hohe Temperaturen und starkes Schleudern.<br \/>\n&#8211; bei Raumtemperatur trocknen lassen, nicht im Trockner (keine Sonne, keine Heizung)<\/p>\n<p>Innensohle &#8211; L\u00e4nge\/Breite (mm):<\/p>\n<p>Gr\u00f6\u00dfe: 36 &#8211; L\u00e4nge: 235 mm &#8211; Breite: 90 mm<br \/>\nGr\u00f6\u00dfe: 37 &#8211; L\u00e4nge: 242 mm &#8211; Breite: 91 mm<br \/>\nGr\u00f6\u00dfe: 38 &#8211; L\u00e4nge: 248 mm &#8211; Breite: 93 mm<br \/>\nGr\u00f6\u00dfe: 39 &#8211; L\u00e4nge: 255 mm &#8211; Breite: 94 mm<br \/>\nGr\u00f6\u00dfe: 40 &#8211; L\u00e4nge: 262 mm &#8211; Breite: 96 mm<br \/>\nGr\u00f6\u00dfe: 41 &#8211; L\u00e4nge: 268 mm &#8211; Breite: 97 mm<br \/>\nGr\u00f6\u00dfe: 42 &#8211; L\u00e4nge: 275 mm &#8211; Breite: 99 mm<br \/>\nGr\u00f6\u00dfe: 43 &#8211; L\u00e4nge: 282 mm &#8211; Breite: 100 mm<br \/>\nGr\u00f6\u00dfe: 44 &#8211; L\u00e4nge: 288 mm &#8211; Breite: 102 mm<br \/>\nGr\u00f6\u00dfe: 45 &#8211; L\u00e4nge: 295 mm &#8211; Breite: 103 mm<\/p>\n<p><b>Audio-Beschreibung<\/b><br \/><audio controls src=\"https:\/\/schuhewiebarfuss.at\/shop\/wp-content\/uploads\/lk\/9711_audio.wav\"><br \/>\n                                            Ihr Browser unterst\u00fctzt diese Audio-Ausgabe leider nicht.<br \/>\n                                            <\/ audio ><\/p>\n","protected":false},"excerpt":{"rendered":"<p>Saguaro RISE I &#8211; Winter Barfu\u00dfschuhe<\/p>\n<p>Stilvolle Wildleder-Winterstiefel mit speziellem wasserdichtem Material f\u00fcr trockene, warme F\u00fc\u00dfe. Mit niedlicher Farbpalette und kuscheligem Kunstpelzkragen.<\/p>\n","protected":false},"featured_media":0,"comment_status":"open","ping_status":"closed","template":"","meta":[],"product_brand":[],"product_cat":[855],"product_tag":[3123,3124,3125,3126,3127,3128,3129,3130,3131,3132,3133,3134,3135,3136,3137,3138,3139,3140,3141,3142,3011,1382],"class_list":{"0":"post-867241","1":"product","2":"type-product","3":"status-publish","5":"product_cat-winterschuhe-2","6":"product_tag-gr-36-black","7":"product_tag-gr-36-green","8":"product_tag-gr-37-black","9":"product_tag-gr-37-green","10":"product_tag-gr-38-black","11":"product_tag-gr-38-green","12":"product_tag-gr-39-black","13":"product_tag-gr-39-green","14":"product_tag-gr-40-black","15":"product_tag-gr-40-green","16":"product_tag-gr-41-black","17":"product_tag-gr-41-green","18":"product_tag-gr-42-black","19":"product_tag-gr-42-green","20":"product_tag-gr-43-black","21":"product_tag-gr-43-green","22":"product_tag-gr-44-black","23":"product_tag-gr-44-green","24":"product_tag-gr-45-black","25":"product_tag-gr-45-green","26":"product_tag-marke-saguaro","27":"product_tag-neu","29":"first","30":"instock","31":"taxable","32":"shipping-taxable","33":"purchasable","34":"product-type-variable"},"_links":{"self":[{"href":"https:\/\/schuhewiebarfuss.at\/shop\/wp-json\/wp\/v2\/product\/867241","targetHints":{"allow":["GET"]}}],"collection":[{"href":"https:\/\/schuhewiebarfuss.at\/shop\/wp-json\/wp\/v2\/product"}],"about":[{"href":"https:\/\/schuhewiebarfuss.at\/shop\/wp-json\/wp\/v2\/types\/product"}],"replies":[{"embeddable":true,"href":"https:\/\/schuhewiebarfuss.at\/shop\/wp-json\/wp\/v2\/comments?post=867241"}],"wp:attachment":[{"href":"https:\/\/schuhewiebarfuss.at\/shop\/wp-json\/wp\/v2\/media?parent=867241"}],"wp:term":[{"taxonomy":"product_brand","embeddable":true,"href":"https:\/\/schuhewiebarfuss.at\/shop\/wp-json\/wp\/v2\/product_brand?post=867241"},{"taxonomy":"product_cat","embeddable":true,"href":"https:\/\/schuhewiebarfuss.at\/shop\/wp-json\/wp\/v2\/product_cat?post=867241"},{"taxonomy":"product_tag","embeddable":true,"href":"https:\/\/schuhewiebarfuss.at\/shop\/wp-json\/wp\/v2\/product_tag?post=867241"}],"curies":[{"name":"wp","href":"https:\/\/api.w.org\/{rel}","templated":true}]}}