{"id":859210,"date":"2025-11-11T18:07:52","date_gmt":"2025-11-11T17:07:52","guid":{"rendered":"https:\/\/schuhewiebarfuss.at\/shop\/produkt\/blusun-blsn-100-schwarz\/"},"modified":"2026-04-29T00:22:52","modified_gmt":"2026-04-28T22:22:52","slug":"blusun-blsn-100-schwarz","status":"publish","type":"product","link":"https:\/\/schuhewiebarfuss.at\/shop\/produkt\/blusun-blsn-100-schwarz\/","title":{"rendered":"Blusun BLSN-100 Schwarz"},"content":{"rendered":"<p>Du suchst einen Schuh, der nicht nur optisch begeistert, sondern deinen F\u00fc\u00dfen auch echte Freiheit schenkt? Erlebe den BLSN-100, ein Barfu\u00dfschuh, der Eleganz und puren Komfort vereint. Gefertigt aus edlem schwarzem Glattleder mit frischen wei\u00dfen Akzenten, Sein zeitloses Schwarz aus hochwertigem Glattleder harmoniert perfekt mit den klaren wei\u00dfen Akzenten. Ein Schuh, der sich nahtlos in deinen Alltag einf\u00fcgt und jedem Outfit einen Hauch von stilvoller L\u00e4ssigkeit verleiht.<\/p>\n<p>Der Mix aus glattem Leder und weichem, aber zugleich robustem Veloursleder macht den Schuh besonders wirkungsvoll. Diese beiden hochwertigen Materialien verschmelzen optisch und haptisch zu einem harmonischen Design, das dem Schuh Tiefe und Raffinesse verleiht. Das hochwertige Leder stammt aus Italien (LWG Gold zertifiziert) und rundet das Design perfekt ab, indem es sowohl nachhaltig als auch langlebig ist.<\/p>\n<p>F\u00fcr maximalen Komfort sorgt das atmungsaktive Innenfutter aus organischer Baumwolle und Mikrofaser sowie eine weiche Innensohle aus nachhaltigem onSteam\u00ae. Diese Kombination garantiert ein angenehmes Fu\u00dfklima \u2013 leicht, frisch und bequem den ganzen Tag.<\/p>\n<p>Die ultraflexible und rutschfeste 4 mm (plus 1 mm Profil) TPU-Sohle wird in Portugal gefertigt und sorgt f\u00fcr ein authentisches Barfu\u00dfgef\u00fchl mit optimaler Bodenhaftung. Die handgefertigte Schuhproduktion in Portugal garantiert h\u00f6chste Qualit\u00e4t und faire Arbeitsbedingungen.<\/p>\n<p>Der BLSN-100 bietet dir nicht nur einen edlen Look, sondern auch durchdachte Materialien und maximalen Komfort. Ein stilvoller Barfu\u00dfschuh, der dein t\u00e4gliches Outfit bereichert.<\/p>\n<p>&#8211; Produziert in Portugal<br \/>\n&#8211; Umweltschonend gegerbtes Leder aus Italien (LWG Gold-zertifiziert)<br \/>\n&#8211; Besonders flexible TPU-Sohle aus portugiesischer Produktion f\u00fcr optimale Stabilit\u00e4t und Komfort<br \/>\n&#8211; Maximale Bewegungsfreiheit dank modernem Barfu\u00dfkonzept<br \/>\n&#8211; Hochwertig verarbeitete Strobelsohle mit OnSteam\u00ae-Mikrofaser<\/p>\n<p>Materialdetails:<\/p>\n<p>Obermaterial: Glattleder &amp; Veloursleder<br \/>\nInnenfutter: 100% Bio-Baumwolle &amp; Mikrofaser<br \/>\nSohle: TPU, 4mm + 1mm Profi<br \/>\nInnensohle: OnSteam\u00ae-Mikrofaser<br \/>\nAbsatz: Nullabsatz, keine H\u00f6hendifferenz zwischen Ferse und Vorderfu\u00df<br \/>\nVerschluss: Schn\u00fcrsenkel<br \/>\nBesonderheiten: LWG Gold-zertifiziert, Umweltschonend, optimale Stabilit\u00e4t und Komfort<br \/>\nHergestellt in Portugal<br \/>\nHandgefertigt in Portugal<\/p>\n<p>Merkmale<\/p>\n<p>    Echtes Barfu\u00dfgef\u00fchl dank ultraflexibler TPU-Sohle<br \/>\n    Hochwertige Materialien \u2013 LWG-Gold-zertifiziertes Leder aus Italien<br \/>\n    Handgefertigt in Portugal mit atmungsaktivem Innenfutter aus Bio-Baumwolle<\/p>\n<p>Perfekt f\u00fcr den Alltag: Bietet maximalen Komfort und Flexibilit\u00e4t in jeder Situation.<\/p>\n<p>Nachhaltig und umweltfreundlich: In Zusammenarbeit mit zertifizierten Lieferanten und Produzenten hergestellt.<\/p>\n<p>Optimales Fu\u00dfklima: Dank atmungsaktiver und anpassungsf\u00e4higer Materialien.<\/p>\n<p>Langlebig und robust: Mit einer hochwertigen, abriebfesten Sohle aus Deutschland.<\/p>\n<p>Pflegehinweis:<\/p>\n<p>Glattleder l\u00e4sst sich besonders leicht pflegen: Einfach regelm\u00e4\u00dfig mit einem weichen Tuch abwischen und bei Bedarf mit lauwarmem Wasser reinigen. F\u00fcr neue Frische und Geschmeidigkeit sorgen spezielle Ledercremes oder -lotionen, die sparsam aufgetragen werden. Ein farbloses Impr\u00e4gnierspray sch\u00fctzt zus\u00e4tzlich vor Feuchtigkeit und Schmutz.<\/p>\n<p>Trockenen Schmutz am besten ganz sanft mit einer weichen B\u00fcrste abb\u00fcrsten. Kleine Flecken lassen sich behutsam mit etwas warmem Wasser, milder Seife und einem sauberen Tuch l\u00f6sen. So bleibt das Leder sch\u00f6n und f\u00fchlt sich lange gut an.<\/p>\n<p>Innensohle &#8211; L\u00e4nge\/Breite (mm):<\/p>\n<p>Gr\u00f6\u00dfe: 38 &#8211; L\u00e4nge: 251 mm &#8211; Breite: 92 mm<br \/>\nGr\u00f6\u00dfe: 39 &#8211; L\u00e4nge: 258 mm &#8211; Breite: 93 mm<br \/>\nGr\u00f6\u00dfe: 40 &#8211; L\u00e4nge: 264 mm &#8211; Breite: 95 mm<br \/>\nGr\u00f6\u00dfe: 41 &#8211; L\u00e4nge: 271 mm &#8211; Breite: 97 mm<br \/>\nGr\u00f6\u00dfe: 42 &#8211; L\u00e4nge: 278 mm &#8211; Breite: 101 mm<br \/>\nGr\u00f6\u00dfe: 43 &#8211; L\u00e4nge: 283 mm &#8211; Breite: 103 mm<br \/>\nGr\u00f6\u00dfe: 44 &#8211; L\u00e4nge: 292 mm &#8211; Breite: 104 mm<br \/>\nGr\u00f6\u00dfe: 45 &#8211; L\u00e4nge: 298 mm &#8211; Breite: 105 mm<\/p>\n<p><b>Audio-Beschreibung<\/b><br \/><audio controls src=\"https:\/\/schuhewiebarfuss.at\/shop\/wp-content\/uploads\/lk\/9813_audio.wav\"><br \/>\n                                            Ihr Browser unterst\u00fctzt diese Audio-Ausgabe leider nicht.<br \/>\n                                            <\/ audio ><\/p>\n","protected":false},"excerpt":{"rendered":"<p>Blusun BLSN-100 Sneaker<\/p>\n<p>Entdecke, wie gut sich Gehen anf\u00fchlen kann Dank ist des BLSN-100. Dieser Barfu\u00dfschuh ist ein Statement f\u00fcr bewussten Stil mit maximalem Tragekomfort \u2013 Tag f\u00fcr Tag.<\/p>\n","protected":false},"featured_media":860979,"comment_status":"open","ping_status":"closed","template":"","meta":[],"product_brand":[],"product_cat":[851],"product_tag":[1373,1374,1375,1376,1377,1378,1379,1380,3010,1382],"class_list":{"0":"post-859210","1":"product","2":"type-product","3":"status-publish","4":"has-post-thumbnail","6":"product_cat-lifestyle-3","7":"product_tag-groesse-38","8":"product_tag-groesse-39","9":"product_tag-groesse-40","10":"product_tag-groesse-41","11":"product_tag-groesse-42","12":"product_tag-groesse-43","13":"product_tag-groesse-44","14":"product_tag-groesse-45","15":"product_tag-marke-blusun","16":"product_tag-neu","18":"first","19":"instock","20":"taxable","21":"shipping-taxable","22":"purchasable","23":"product-type-variable"},"_links":{"self":[{"href":"https:\/\/schuhewiebarfuss.at\/shop\/wp-json\/wp\/v2\/product\/859210","targetHints":{"allow":["GET"]}}],"collection":[{"href":"https:\/\/schuhewiebarfuss.at\/shop\/wp-json\/wp\/v2\/product"}],"about":[{"href":"https:\/\/schuhewiebarfuss.at\/shop\/wp-json\/wp\/v2\/types\/product"}],"replies":[{"embeddable":true,"href":"https:\/\/schuhewiebarfuss.at\/shop\/wp-json\/wp\/v2\/comments?post=859210"}],"wp:featuredmedia":[{"embeddable":true,"href":"https:\/\/schuhewiebarfuss.at\/shop\/wp-json\/wp\/v2\/media\/860979"}],"wp:attachment":[{"href":"https:\/\/schuhewiebarfuss.at\/shop\/wp-json\/wp\/v2\/media?parent=859210"}],"wp:term":[{"taxonomy":"product_brand","embeddable":true,"href":"https:\/\/schuhewiebarfuss.at\/shop\/wp-json\/wp\/v2\/product_brand?post=859210"},{"taxonomy":"product_cat","embeddable":true,"href":"https:\/\/schuhewiebarfuss.at\/shop\/wp-json\/wp\/v2\/product_cat?post=859210"},{"taxonomy":"product_tag","embeddable":true,"href":"https:\/\/schuhewiebarfuss.at\/shop\/wp-json\/wp\/v2\/product_tag?post=859210"}],"curies":[{"name":"wp","href":"https:\/\/api.w.org\/{rel}","templated":true}]}}