{"id":859192,"date":"2025-11-11T17:27:09","date_gmt":"2025-11-11T16:27:09","guid":{"rendered":"https:\/\/schuhewiebarfuss.at\/shop\/produkt\/mooswaldstyle\/"},"modified":"2026-03-06T20:18:49","modified_gmt":"2026-03-06T19:18:49","slug":"mooswaldstyle","status":"publish","type":"product","link":"https:\/\/schuhewiebarfuss.at\/shop\/produkt\/mooswaldstyle\/","title":{"rendered":"mooswaldStyle"},"content":{"rendered":"<p>Der neue stylische Halbstiefel mit Barfu\u00dffeeling und praktischem Rei\u00dfverschluss. Minimalistisches Design trifft auf maximalen Komfort: Der mooswaldSTYLE \u00fcberzeugt im Herbst mit einem spannenden Materialmix, edlen metallischen \u00d6sen und einem klaren Look, der in Erinnerung bleibt. Die neue, flexible Barfu\u00dfsohle mit griffigem Outdoor-Profil bietet nat\u00fcrlichen Laufkomfort und sicheren Halt. F\u00fcr wohlige W\u00e4rme sorgt das kuschelige Innenfutter aus mulesing-freier Merinowolle. Dank des seitlichen Rei\u00dfverschlusses gelingt das An- und Ausziehen im Handumdrehen \u2013 praktisch und alltagstauglich. Minimalistisches Design trifft maximalen Komfort \u2013 perfekt f\u00fcr den Herbst! <\/p>\n<p>Hinweis:<\/p>\n<p>&#8211; Die Sohle ist f\u00fcr das Tragen auf der Stra\u00dfe geeignet.<br \/>\n&#8211; Die Minimalsohle dieses Schuhs ist naturgem\u00e4\u00df sehr d\u00fcnn und generell nicht geeignet f\u00fcr Aktivit\u00e4ten, wo der Schuh \u00fcber den Asphalt geschliffen oder \u00e4hnlicher starker Reibung ausgesetzt wird.<br \/>\n&#8211; Nullsohle bedeutet: die Sohle des Schuhs ist \u00fcberall gleich dick, es gibt kein &#8222;Gef\u00e4lle&#8220;. Das ist gut f\u00fcr die K\u00f6rperhaltung.<br \/>\n&#8211; Der Hersteller konnte uns glaubhaft versichern, da\u00df er faire Arbeitsbedingungen gew\u00e4hrleistet. Das bedeutet: Arbeitsschutzgesetze sowie orts\u00fcbliche faire Bezahlung sind sichergestellt.<br \/>\n&#8211; Dieser Schuh ist wasserfest. Pf\u00fctzenhopsen ist damit aber auf dauer nicht ratsam. Wir empfehlen die Schuhe regelm\u00e4\u00dfig zu impr\u00e4gnieren.<br \/>\n&#8211; Nachhaltige und faire Produktion in Portugal<br \/>\n&#8211; Alle Materialien stammen aus Europa und werden auch nur hier weiterverarbeitet<br \/>\n&#8211; Alle Materialien sind m\u00f6glichst schadstofffrei (kbA, GOTS, \u00d6ko-Tex, CADS, sowie pflanzlich gegerbte Bio Leder)<\/p>\n<p>Materialdetails:<\/p>\n<p>Obermaterial: Leder (Bio\/Velours)<br \/>\nInnenfutter: Wolle (Wollvlies)<br \/>\nKragen: Textil Baumwolle<br \/>\nSohle: Gummi (60% synth.\/40% organic), Profil<br \/>\nInnensohle: Fleece vegan (PET)<br \/>\nAbsatz: Nullabsatz, keine H\u00f6hendifferenz zwischen Ferse und Vorderfu\u00df<br \/>\nVerschluss: Schn\u00fcrsenkel und Rei\u00dfverschluss<br \/>\nBesonderheiten: pflegeleicht, warm, flexibel, leicht<br \/>\nPassform: MitteL<br \/>\nEntwickelt in Deutschland<br \/>\nHergestellt in Portugal<\/p>\n<p>Hinweis: Kleine Kratzer, minimale Farbabweichungen, Insektenstiche oder \u00c4hnliche geh\u00f6ren zu den Merkmalen des verwendeten Bio-Leders und geben keinen Grund zur Reklamation. <\/p>\n<p>Pflegehinweis:<\/p>\n<p>Bioleder kann gewissen Merkmale wie Insektenstiche, Kratzer oder leichte Farbunterschiede aufweisen, welche aber zum einmaligen und nat\u00fcrlichen Charakter geh\u00f6ren. Jeder einzelne Schuh ist ein handgefertigtes Unikat, welcher die Handschrift des\/der Mitarbeiter*in tr\u00e4gt. Socken k\u00f6nnen sich bei starkem Schwitzen verf\u00e4rben. Um eine lange Haltbarkeit unseres Bioleders zu gew\u00e4hrleisten, ist ein guter Schutz vor N\u00e4sse und Feuchtigkeit essentiell.<\/p>\n<p>Bitte wasche deinen Schuh nicht in der Waschmaschine und s\u00e4ubere ihn nur mit einem geeigneten Reinigungsmittel. Wir empfehlen die Innensohle regelm\u00e4\u00dfig zum L\u00fcften aus dem Schuh zu nehmen und Staun\u00e4sse somit zu vermeiden. F\u00fcr optimale Produkteigenschaften sollten unsere Schuhe vor dem Einsatz impr\u00e4gniert werden, dies ist vor allem bei Schuhen mit Textilanteil wichtig.<\/p>\n<p>Innensohle &#8211; L\u00e4nge\/Breite (mm):<\/p>\n<p>Gr\u00f6\u00dfe: 37 &#8211; L\u00e4nge: 247 mm &#8211; Breite: 90 mm<br \/>\nGr\u00f6\u00dfe: 38 &#8211; L\u00e4nge: 254 mm &#8211; Breite: 91 mm<br \/>\nGr\u00f6\u00dfe: 39 &#8211; L\u00e4nge: 260 mm &#8211; Breite: 92 mm<br \/>\nGr\u00f6\u00dfe: 40 &#8211; L\u00e4nge: 267 mm &#8211; Breite: 93 mm<br \/>\nGr\u00f6\u00dfe: 41 &#8211; L\u00e4nge: 274 mm &#8211; Breite: 95 mm<\/p>\n<p>Hersteller:<\/p>\n<p>bLIFESTYLE GmbH<br \/>\nDornierstr. 4<br \/>\n71069 Sindelfingen<br \/>\nDeutschland<br \/>\nE-Mail: info@blifestyle.de<br \/>\nWebseite: www.blifetsyle.de<\/p>\n<p><b>Audio-Beschreibung<\/b><br \/><audio controls src=\"https:\/\/schuhewiebarfuss.at\/shop\/wp-content\/uploads\/lk\/9820_audio.wav\"><br \/>\n                                            Ihr Browser unterst\u00fctzt diese Audio-Ausgabe leider nicht.<br \/>\n                                            <\/ audio ><\/p>\n","protected":false},"excerpt":{"rendered":"<p>bLifestyle MOSSWALDSTYLE<\/p>\n<p>Stylischer Barfu\u00df-Halbstiefel mit Wollfutter &amp; Rei\u00dfverschluss bequem, warm und perfekt f\u00fcr Herbst und Winter.<\/p>\n","protected":false},"featured_media":859734,"comment_status":"open","ping_status":"closed","template":"","meta":[],"product_brand":[],"product_cat":[834],"product_tag":[1544,1570,1408,1368,1373,1374,1375,1376,2447,1382],"class_list":{"0":"post-859192","1":"product","2":"type-product","3":"status-publish","4":"has-post-thumbnail","6":"product_cat-winterschuhe-4","7":"product_tag-farbe-braun","8":"product_tag-farbe-gruen","9":"product_tag-farbe-schwarz","10":"product_tag-groesse-37","11":"product_tag-groesse-38","12":"product_tag-groesse-39","13":"product_tag-groesse-40","14":"product_tag-groesse-41","15":"product_tag-marke-blifestyle","16":"product_tag-neu","18":"first","19":"instock","20":"taxable","21":"shipping-taxable","22":"purchasable","23":"product-type-variable"},"_links":{"self":[{"href":"https:\/\/schuhewiebarfuss.at\/shop\/wp-json\/wp\/v2\/product\/859192","targetHints":{"allow":["GET"]}}],"collection":[{"href":"https:\/\/schuhewiebarfuss.at\/shop\/wp-json\/wp\/v2\/product"}],"about":[{"href":"https:\/\/schuhewiebarfuss.at\/shop\/wp-json\/wp\/v2\/types\/product"}],"replies":[{"embeddable":true,"href":"https:\/\/schuhewiebarfuss.at\/shop\/wp-json\/wp\/v2\/comments?post=859192"}],"wp:featuredmedia":[{"embeddable":true,"href":"https:\/\/schuhewiebarfuss.at\/shop\/wp-json\/wp\/v2\/media\/859734"}],"wp:attachment":[{"href":"https:\/\/schuhewiebarfuss.at\/shop\/wp-json\/wp\/v2\/media?parent=859192"}],"wp:term":[{"taxonomy":"product_brand","embeddable":true,"href":"https:\/\/schuhewiebarfuss.at\/shop\/wp-json\/wp\/v2\/product_brand?post=859192"},{"taxonomy":"product_cat","embeddable":true,"href":"https:\/\/schuhewiebarfuss.at\/shop\/wp-json\/wp\/v2\/product_cat?post=859192"},{"taxonomy":"product_tag","embeddable":true,"href":"https:\/\/schuhewiebarfuss.at\/shop\/wp-json\/wp\/v2\/product_tag?post=859192"}],"curies":[{"name":"wp","href":"https:\/\/api.w.org\/{rel}","templated":true}]}}