{"id":858590,"date":"2025-11-08T17:52:14","date_gmt":"2025-11-08T16:52:14","guid":{"rendered":"https:\/\/schuhewiebarfuss.at\/shop\/produkt\/york-2-herren-schwarz\/"},"modified":"2026-04-15T02:04:32","modified_gmt":"2026-04-15T00:04:32","slug":"york-2-herren-schwarz","status":"publish","type":"product","link":"https:\/\/schuhewiebarfuss.at\/shop\/produkt\/york-2-herren-schwarz\/","title":{"rendered":"York 2 Herren Schwarz"},"content":{"rendered":"<p>Das \u00fcberarbeitete York von Freet mit der UrbanGrip-Sohle ist in einen wasserabweisenden aus hochwertigem Leder geh\u00fcllt. Er ist der ideale Begleiter f\u00fcr Freizeit und Arbeit.<\/p>\n<p>Das Zusammenspiel zwischen dem hochwertigem, vollnarbigen Leder und dem atmungsaktivem und feuchtigkeitsableitendem Mikrofaser Innenfutter macht ihn sowohl f\u00fcr das B\u00fcro, den Alltag als auch f\u00fcr die t\u00e4gliche Hunde-Runde in der Nachbarschaft geeignet. Das vollnarbige Leder bietet un\u00fcbertroffene Langlebigkeit im zeitlosen Stil und h\u00e4lt N\u00e4sse gr\u00f6\u00dftenteils ab. Dazu sorgt das textile Innenfutter mit seinen atmungsaktiven Eigenschaften auch f\u00fcr gutes Klima im Schuh und f\u00fchlt sich einfach super an. Extrem flexibel und leicht gibt dir dieser klassische Alltagsschuh den Komfort den du verdienst. <\/p>\n<p>Der York 2 hat eine UrbanGrip-Au\u00dfensohle mit einam 3,0 mm breitfl\u00e4chigem Profil aus nachhaltiger Forstwirtschaft, eine SoftFlex-Zwischensohle und eine 3,0 mm herausnehmbare Flexile-Innensohle. Dieses 3in1 Paket sorgt f\u00fcr optimalen Halt auf urbanen Oberfl\u00e4chen, hervorragende Flexibilit\u00e4t mit etwas Schutz und etwas Sto\u00dfd\u00e4mpfung mit hervorragendem Bodenkontakt f\u00fcr volle nat\u00fcrliche Bewegung. Ein Alltagsschuh der dich \u00fcberall hin begleitet und zu jedem Look passt.<\/p>\n<p>&#8211; hochwertiges, vollnarbiges Leder &#8211; Gold-zertifiziert von der Leather Working Group<br \/>\n&#8211; Konventioneller Schn\u00fcrsenkel f\u00fcr individuell anzupassenden Halt<br \/>\n&#8211; Futter &#8211; Atmungsaktives, feuchtigkeitsableitendes Innenfutter<br \/>\n&#8211; Flexile &#8211; 3,0 mm, etwas Sto\u00dfd\u00e4mpfung mit hervorragender Bodenkontakt f\u00fcr volle nat\u00fcrliche Bewegung<br \/>\n&#8211; SoftFlex &#8211; Vollst\u00e4ndig flexibel f\u00fcr maximale Fu\u00dfbewegung<br \/>\n&#8211; UrbanGrip &#8211; 3,0 mm breitfl\u00e4chiges Profil f\u00fcr optimalen Halt und Langlebigkeit auf urbanen Oberfl\u00e4chen<br \/>\n&#8211; Wasserabweisendes Obermaterial bietet einen Schutz vor N\u00e4sse bei regelm\u00e4\u00dfiger Pflege gem\u00e4\u00df den Pflegehinweisen<br \/>\n&#8211; Extrem leicht, bequem, flexibel<br \/>\n&#8211; Hochfunktional mit Wasserresistenz<br \/>\n&#8211; bietet un\u00fcbertroffene Langlebigkeit und zeitlosen Stil<\/p>\n<p>Materialdetails:<\/p>\n<p>Obermaterial: Vollnarbenleder<br \/>\nInnenfutter: Mikrofaser, 70 % recycelt (BottleYarn)<br \/>\nSohle: 6 mm, 60 % Naturkautschuk<br \/>\nZwischensohle: 70 % recycelt (BottleYarn)<br \/>\nInnensohle: 60 % recycelt, 3 mm<br \/>\nAbsatz: Nullabsatz, keine H\u00f6hendifferenz zwischen Ferse und Vorderfu\u00df<br \/>\nVerschluss: Schn\u00fcrsenkel, 70 % recycelt (BottleYarn)<br \/>\nBesonderheiten: wasserabweisende Behandlung, kein Einsatz von PFCs, leicht, langlebig<br \/>\nGewicht: 480 g pro Paar Gr\u00f6\u00dfe 42<br \/>\nEntworfen in England<br \/>\nHergestellt in Vietnam<\/p>\n<p>Pflegehinweis:<\/p>\n<p>Mit einem feuchten Tuch abwischen. An der Luft trocknen. Mit einer f\u00fcr hochwertiges Leder geeigneten Pflege\/Impr\u00e4gnierung behandeln. Wir empfehlen nicht, deine Freets in der Waschmaschine oder im Trockner zu reinigen. Innensohlen und Schn\u00fcrsenkel seperat waschen und trocknen. Nicht bleichen oder f\u00e4rben.<\/p>\n<p>Gr\u00f6\u00dfenhinweis:<\/p>\n<p>Messen Sie Ihre F\u00fc\u00dfe (von der Ferse bis zum l\u00e4ngsten Zeh). Rechnen Sie 0,8\u20131,5 cm f\u00fcr zus\u00e4tzlichen Platz im Schuh hinzu und orientieren Sie sich an den Angaben in der Gr\u00f6\u00dfentabelle. Die Gr\u00f6\u00dfentabelle gibt die Innenl\u00e4nge des Schuhs an. Beispiel: Ihre Fu\u00dfl\u00e4nge betr\u00e4gt 25,9 cm. W\u00e4hlen Sie dann Gr\u00f6\u00dfe 41 (27,1 cm). Sie haben somit 1,2 cm zus\u00e4tzlichen Platz.<\/p>\n<p>Innensohle &#8211; L\u00e4nge\/Breite (mm):<\/p>\n<p>Gr\u00f6\u00dfe: 41 &#8211; L\u00e4nge: 262 mm &#8211; Breite: 93 mm<br \/>\nGr\u00f6\u00dfe: 42 &#8211; L\u00e4nge: 268 mm &#8211; Breite: 95 mm<br \/>\nGr\u00f6\u00dfe: 43 &#8211; L\u00e4nge: 275 mm &#8211; Breite: 98 mm<br \/>\nGr\u00f6\u00dfe: 44 &#8211; L\u00e4nge: 284 mm &#8211; Breite: 100 mm<br \/>\nGr\u00f6\u00dfe: 45 &#8211; L\u00e4nge: 290 mm &#8211; Breite: 101 mm<br \/>\nGr\u00f6\u00dfe: 46 &#8211; L\u00e4nge: 295 mm &#8211; Breite: 102 mm<\/p>\n<p><b>Audio-Beschreibung<\/b><br \/><audio controls src=\"https:\/\/schuhewiebarfuss.at\/shop\/wp-content\/uploads\/lk\/9822_audio.wav\"><br \/>\n                                            Ihr Browser unterst\u00fctzt diese Audio-Ausgabe leider nicht.<br \/>\n                                            <\/ audio ><\/p>\n","protected":false},"excerpt":{"rendered":"<p>Freet YORK 2 Herren<\/p>\n<p>Klassischer Alltagsschuh aus Leder mit verbessertem Sitz und Haltbarkeit. Hervorragender Komfort und tolles Aussehen f\u00fcr lange Tage in der Stadt.<\/p>\n","protected":false},"featured_media":861966,"comment_status":"open","ping_status":"closed","template":"","meta":[],"product_brand":[],"product_cat":[836],"product_tag":[1376,1377,1378,1379,1380,1381,2444,1382],"class_list":{"0":"post-858590","1":"product","2":"type-product","3":"status-publish","4":"has-post-thumbnail","6":"product_cat-lifestyle-2","7":"product_tag-groesse-41","8":"product_tag-groesse-42","9":"product_tag-groesse-43","10":"product_tag-groesse-44","11":"product_tag-groesse-45","12":"product_tag-groesse-46","13":"product_tag-marke-freet","14":"product_tag-neu","16":"first","17":"instock","18":"taxable","19":"shipping-taxable","20":"purchasable","21":"product-type-variable"},"_links":{"self":[{"href":"https:\/\/schuhewiebarfuss.at\/shop\/wp-json\/wp\/v2\/product\/858590","targetHints":{"allow":["GET"]}}],"collection":[{"href":"https:\/\/schuhewiebarfuss.at\/shop\/wp-json\/wp\/v2\/product"}],"about":[{"href":"https:\/\/schuhewiebarfuss.at\/shop\/wp-json\/wp\/v2\/types\/product"}],"replies":[{"embeddable":true,"href":"https:\/\/schuhewiebarfuss.at\/shop\/wp-json\/wp\/v2\/comments?post=858590"}],"wp:featuredmedia":[{"embeddable":true,"href":"https:\/\/schuhewiebarfuss.at\/shop\/wp-json\/wp\/v2\/media\/861966"}],"wp:attachment":[{"href":"https:\/\/schuhewiebarfuss.at\/shop\/wp-json\/wp\/v2\/media?parent=858590"}],"wp:term":[{"taxonomy":"product_brand","embeddable":true,"href":"https:\/\/schuhewiebarfuss.at\/shop\/wp-json\/wp\/v2\/product_brand?post=858590"},{"taxonomy":"product_cat","embeddable":true,"href":"https:\/\/schuhewiebarfuss.at\/shop\/wp-json\/wp\/v2\/product_cat?post=858590"},{"taxonomy":"product_tag","embeddable":true,"href":"https:\/\/schuhewiebarfuss.at\/shop\/wp-json\/wp\/v2\/product_tag?post=858590"}],"curies":[{"name":"wp","href":"https:\/\/api.w.org\/{rel}","templated":true}]}}