{"id":858588,"date":"2025-11-08T16:43:11","date_gmt":"2025-11-08T15:43:11","guid":{"rendered":"https:\/\/schuhewiebarfuss.at\/shop\/produkt\/mudee-l2-braun\/"},"modified":"2026-04-21T20:55:19","modified_gmt":"2026-04-21T18:55:19","slug":"mudee-l2-braun","status":"publish","type":"product","link":"https:\/\/schuhewiebarfuss.at\/shop\/produkt\/mudee-l2-braun\/","title":{"rendered":"Mudee L2 Braun"},"content":{"rendered":"<p>Das generell \u00fcberarbeitete Mudee-Modell von Freet mit der HillGrip-Sohle ist hier in einen stark wasserabweisenden Mantel aus Leder und einer Membran geh\u00fcllt. Er ist der ideale Begleiter f\u00fcr anspruchsvolle Aktivit\u00e4ten bei jedem Wetter.<\/p>\n<p>Das Zusammenspiel zwischen dem hochwertigem, vollnarbigen Leder, dem atmungsaktivem und feuchtigkeitsableitendem textilem Innenfutter und der eingearbeiteten TEX-Membrane macht ihn sowohl f\u00fcr anspruchsvolle Trail als auch f\u00fcr die t\u00e4gliche Hunde-Runde in der Nachbarschaft geeignet. Das Premium-Leder und die TEX-Membrane machen den Schuh robust und wasserdicht, aber dennoch leicht und flexibel. So bleiben die F\u00fc\u00dfe auch bei regnerischen Abenteuern trocken und erhalten den Komfort den sie verdienen. Dazu sorgt das textile Innenfutter mit seinen atmungsaktiven Eigenschaften auch f\u00fcr gutes Klima im Schuh und f\u00fchlt sich einfach super an. <\/p>\n<p>Der Mudee L2 hat eine HillGrip-Au\u00dfensohle mit 4,0 mm Profil, eine MidFlex-Zwischensohle und eine 3,0 mm Flexile-Innensohle. Dieses 3in1 Paket sorgt f\u00fcr guten Halt auf harten und schlammigen Trails, hervorragende Flexibilit\u00e4t mit etwas Schutz und etwas Sto\u00dfd\u00e4mpfung mit hervorragendem Bodenkontakt f\u00fcr volle nat\u00fcrliche Bewegung. Ein Allrounder der \u00fcberall und bei jedem Wetter getragen werden kann und dazu noch einen klassischen, aber schicken Look mitbringt.<\/p>\n<p>Ob mit dem Hund in den Wald oder eben f\u00fcr den n\u00e4chsten Wanderurlaub &#8211; Der Mudee L2 kommt gerne mit. <\/p>\n<p>&#8211; hochwertiges, vollnarbiges Leder &#8211; Gold-zertifiziert von der Leather Working Group<br \/>\n&#8211; Konventioneller Schn\u00fcrsenkel f\u00fcr individuell anzupassenden Halt<br \/>\n&#8211; Futter &#8211; Atmungsaktives, feuchtigkeitsableitendes Innenfutter<br \/>\n&#8211; Flexile &#8211; 3,0 mm, etwas Sto\u00dfd\u00e4mpfung mit hervorragender Bodenkontakt f\u00fcr volle nat\u00fcrliche Bewegung<br \/>\n&#8211; MidFlex &#8211; Hervorragende Flexibilit\u00e4t mit etwas Schutz<br \/>\n&#8211; HillGrip &#8211; 4,0 mm Profil sorgt f\u00fcr guten Halt auf harten und schlammigen Trails<br \/>\n&#8211; Wasserdichte Innenausstattung und wasserabweisendes Obermaterial bieten einen guten Schutz vor N\u00e4sse<br \/>\n&#8211; Extrem leicht, bequem, flexibel<\/p>\n<p>Materialdetails:<\/p>\n<p>Obermaterial: Premium-Vollnarbenleder<br \/>\nInnenfutter: Textil, Tex-Membran<br \/>\nSohle: 8 mm 60 % Naturkautschuk, 4,0 mm Profil<br \/>\nZwischensohle: 70 % recycelt (BottleYarn)<br \/>\nInnensohle: 60 % recycelt, 3 mm<br \/>\nAbsatz: Nullabsatz, keine H\u00f6hendifferenz zwischen Ferse und Vorderfu\u00df<br \/>\nVerschluss: Schn\u00fcrsenkel, 70 % recycelt (BottleYarn)<br \/>\nBesonderheiten: Wasserdicht, Trail-Grip, leicht, robust<br \/>\nGewicht: 840 g Paar Gr\u00f6\u00dfe 42<br \/>\nEntworfen in England<br \/>\nHergestellt in Vietnam<\/p>\n<p>Pflegehinweis:<\/p>\n<p>Mit einem feuchten Tuch abwischen. An der Luft trocknen. Mit einer f\u00fcr hochwertiges Leder geeigneten Pflege\/Impr\u00e4gnierung behandeln. Wir empfehlen nicht, deine Freets in der Waschmaschine oder im Trockner zu reinigen. Innensohlen und Schn\u00fcrsenkel seperat waschen und trocknen. Nicht bleichen oder f\u00e4rben.<\/p>\n<p>Gr\u00f6\u00dfenhinweis:<\/p>\n<p>Messen Sie Ihre F\u00fc\u00dfe (von der Ferse bis zum l\u00e4ngsten Zeh). Rechnen Sie 0,8\u20131,5 cm f\u00fcr zus\u00e4tzlichen Platz im Schuh hinzu und orientieren Sie sich an den Angaben in der Gr\u00f6\u00dfentabelle. Die Gr\u00f6\u00dfentabelle gibt die Innenl\u00e4nge des Schuhs an. Beispiel: Ihre Fu\u00dfl\u00e4nge betr\u00e4gt 25,9 cm. W\u00e4hlen Sie dann Gr\u00f6\u00dfe 41 (27,1 cm). Sie haben somit 1,2 cm zus\u00e4tzlichen Platz.<\/p>\n<p>Innensohle &#8211; L\u00e4nge\/Breite (mm):<\/p>\n<p>Gr\u00f6\u00dfe: 38 &#8211; L\u00e4nge: 242 mm &#8211; Breite: 89 mm<br \/>\nGr\u00f6\u00dfe: 39 &#8211; L\u00e4nge: 249 mm &#8211; Breite: 90 mm<br \/>\nGr\u00f6\u00dfe: 40 &#8211; L\u00e4nge: 257 mm &#8211; Breite: 92 mm<br \/>\nGr\u00f6\u00dfe: 41 &#8211; L\u00e4nge: 262 mm &#8211; Breite: 93 mm<br \/>\nGr\u00f6\u00dfe: 42 &#8211; L\u00e4nge: 268 mm &#8211; Breite: 95 mm<br \/>\nGr\u00f6\u00dfe: 43 &#8211; L\u00e4nge: 275 mm &#8211; Breite: 98 mm<br \/>\nGr\u00f6\u00dfe: 44 &#8211; L\u00e4nge: 284 mm &#8211; Breite: 100 mm<br \/>\nGr\u00f6\u00dfe: 45 &#8211; L\u00e4nge: 290 mm &#8211; Breite: 101 mm<\/p>\n<p><b>Audio-Beschreibung<\/b><br \/><audio controls src=\"https:\/\/schuhewiebarfuss.at\/shop\/wp-content\/uploads\/lk\/9821_audio.wav\"><br \/>\n                                            Ihr Browser unterst\u00fctzt diese Audio-Ausgabe leider nicht.<br \/>\n                                            <\/ audio ><\/p>\n","protected":false},"excerpt":{"rendered":"<p>Freet MUDEE L2<\/p>\n<p>Das brandneue Premium-Leder-Modell f\u00fcr unglaublichen Komfort an langen Tagen das ganze Jahr \u00fcber. Flexibel, leicht, robust und wasserdicht \u2013 perfekt f\u00fcr alle, die einen vielseitigen Wanderschuh suchen.<\/p>\n","protected":false},"featured_media":866051,"comment_status":"open","ping_status":"closed","template":"","meta":[],"product_brand":[],"product_cat":[854],"product_tag":[1544,1373,1374,1375,1376,1377,1378,1379,1380,1381,2444,1382],"class_list":{"0":"post-858588","1":"product","2":"type-product","3":"status-publish","4":"has-post-thumbnail","6":"product_cat-wanderschuhe-3","7":"product_tag-farbe-braun","8":"product_tag-groesse-38","9":"product_tag-groesse-39","10":"product_tag-groesse-40","11":"product_tag-groesse-41","12":"product_tag-groesse-42","13":"product_tag-groesse-43","14":"product_tag-groesse-44","15":"product_tag-groesse-45","16":"product_tag-groesse-46","17":"product_tag-marke-freet","18":"product_tag-neu","20":"first","21":"instock","22":"taxable","23":"shipping-taxable","24":"purchasable","25":"product-type-variable"},"_links":{"self":[{"href":"https:\/\/schuhewiebarfuss.at\/shop\/wp-json\/wp\/v2\/product\/858588","targetHints":{"allow":["GET"]}}],"collection":[{"href":"https:\/\/schuhewiebarfuss.at\/shop\/wp-json\/wp\/v2\/product"}],"about":[{"href":"https:\/\/schuhewiebarfuss.at\/shop\/wp-json\/wp\/v2\/types\/product"}],"replies":[{"embeddable":true,"href":"https:\/\/schuhewiebarfuss.at\/shop\/wp-json\/wp\/v2\/comments?post=858588"}],"wp:featuredmedia":[{"embeddable":true,"href":"https:\/\/schuhewiebarfuss.at\/shop\/wp-json\/wp\/v2\/media\/866051"}],"wp:attachment":[{"href":"https:\/\/schuhewiebarfuss.at\/shop\/wp-json\/wp\/v2\/media?parent=858588"}],"wp:term":[{"taxonomy":"product_brand","embeddable":true,"href":"https:\/\/schuhewiebarfuss.at\/shop\/wp-json\/wp\/v2\/product_brand?post=858588"},{"taxonomy":"product_cat","embeddable":true,"href":"https:\/\/schuhewiebarfuss.at\/shop\/wp-json\/wp\/v2\/product_cat?post=858588"},{"taxonomy":"product_tag","embeddable":true,"href":"https:\/\/schuhewiebarfuss.at\/shop\/wp-json\/wp\/v2\/product_tag?post=858588"}],"curies":[{"name":"wp","href":"https:\/\/api.w.org\/{rel}","templated":true}]}}