{"id":858529,"date":"2025-11-08T13:53:58","date_gmt":"2025-11-08T12:53:58","guid":{"rendered":"https:\/\/schuhewiebarfuss.at\/shop\/produkt\/peach\/"},"modified":"2026-04-18T19:13:02","modified_gmt":"2026-04-18T17:13:02","slug":"peach","status":"publish","type":"product","link":"https:\/\/schuhewiebarfuss.at\/shop\/produkt\/peach\/","title":{"rendered":"Peach"},"content":{"rendered":"<p>Diese Barfu\u00dfsneaker aus Kunstleder sind so konzipiert, dass sie sich der nat\u00fcrlichen Form Ihrer F\u00fc\u00dfe anpassen und Ihnen maximale Bewegungsfreiheit bieten. Die d\u00fcnne Sohle sch\u00e4rft Ihre Sinne, w\u00e4hrend die flache Basis eine bessere Haltung und Balance f\u00f6rdert und Ihnen ein nat\u00fcrliches, sicheres Laufgef\u00fchl vermittelt. <\/p>\n<p>Dieser 100% vegane Schuh wurde aus Mikrofaser-Wildleder in Paris entworfen und in Portugal handgefertigt. Fleeters setzt bei der Herstellung ihrer Produkte auf traditionelles Wissen und die F\u00e4higkeiten, mit handwerklichem K\u00f6nnen und einer besonderen Expertise etwas von hoher Qualit\u00e4t herzustellen. Die Au\u00dfensohle besteht zu 70% aus recyceltem Gummi, besitzt eine hohe Flexibilit\u00e4t und Null-Sprengung. Durch die hochgezogene Sohle an den Seiten wirkt der Sneaker modern und stylisch zugleich. Eine breite Zehenbox, weiche Sohle und das angenehme Material hohen Komfort und Beweglichkeit. <\/p>\n<p>Fleeters werden mit zwei Paar Einlegesohlen geliefert: einem 5 mm und einem 3 mm dicken Paar. Diese Optionen erm\u00f6glichen einen sanften \u00dcbergang zum Barfu\u00dflaufen. Wenn Sie noch keine Erfahrung mit Barfu\u00dfschuhen haben, empfehlen wir Ihnen, mit dickeren Einlegesohlen zu beginnen und allm\u00e4hlich zu d\u00fcnneren \u00fcberzugehen.<\/p>\n<p>Materialdetails:<\/p>\n<p>Obermaterial Peach Schwarz: Mikrofaser-Wildleder<br \/>\n&#8211; 50 % recyceltes PET aus Textilresten (Baumwollfasern)<br \/>\n&#8211; 50 % PET<\/p>\n<p>Obermaterial Peach Wei\u00df\/Blau:<br \/>\nGrapeSkin: 28 % Traubenreste, 22 % wasserbasiertes PU, 50 % recyceltes PET aus Textilabf\u00e4llen<br \/>\nMikrofaser-Wildleder: 50 % recyceltes PET aus Textilresten, 50 % PET<br \/>\nCornSkin: 47 % PU aus Maisresten, 25 % recyceltes PU, 27 % recyceltes PET aus Textilabf\u00e4llen.<\/p>\n<p>Allgemein:<br \/>\nFutter: Mesh, 71 % PET + 29 % PU<br \/>\nVerst\u00e4rkungen: 100 % Bio-Baumwolle<br \/>\nAu\u00dfensohle: 70 % recycelter Gummi und 30 % synthetischer Gummi<br \/>\nInnensohle: 98 % recycelter Schaumstoff + 2 % Bindemittel auf Wasserbasis<br \/>\nAbsatz: Nullabsatz, keine H\u00f6hendifferenz zwischen Ferse und Vorderfu\u00df<br \/>\nVerschluss: Schn\u00fcrsenkel, 100 % Bio-Baumwolle<br \/>\nBesonderheiten: atmungsaktiv, flexibel, leicht, flach, wasserabweisend, handgemacht, Vegan<br \/>\nMit Liebe in Paris entworfen<br \/>\nMit Savoir-faire in Portugal handgefertigt<\/p>\n<p>Fleeter fallen gr\u00f6\u00dfengerecht aus, daher empfehlen wir Ihnen, Ihre \u00fcbliche Gr\u00f6\u00dfe zu w\u00e4hlen. Ganz unten in der Beschreibung finden sie zus\u00e4tzlich unsere Gr\u00f6\u00dfentabelle, <\/p>\n<p>Warum sollten Sie sich f\u00fcr Fleeters entscheiden?<\/p>\n<p>&#8211; Breite Zehenbox<br \/>\n&#8211; Hohe Flexibilit\u00e4t<br \/>\n&#8211; Null-Sprengung<br \/>\n&#8211; 100 % vegan<br \/>\n&#8211; Auswechselbare Innensohle<br \/>\n&#8211; D\u00fcnne Laufsohle aus recyceltem Gummi<br \/>\n&#8211; Flexibel f\u00fcr optimale Bewegungsfreiheit!<\/p>\n<p>Ein Fu\u00df besteht aus 26 Knochen, 33 Gelenken, 107 B\u00e4ndern, 19 Muskeln und 3 Fu\u00dfgew\u00f6lben!<\/p>\n<p>Die Fu\u00dfgew\u00f6lbe sind flexibel und dienen als Sprungbrett f\u00fcr die Bewegung des K\u00f6rpers. Daf\u00fcr muss der Schuh seine ihre Form anpassen und ver\u00e4ndern k\u00f6nnen. Mit flexiblen Schuhen unterst\u00fctzen wir diese unglaubliche Mechanik. Neben dem fantastischen Barfu\u00dfgef\u00fchl tr\u00e4gt ein flacher Schuh zu einer nat\u00fcrlichen Gewichtsverteilung zwischen Vorder- und R\u00fcckfu\u00df bei. Mit flachen Schuhen verbessern Sie Ihr Gleichgewicht und Ihre Haltung.<\/p>\n<p>Plegehinweis:<\/p>\n<p>Um die urspr\u00fcngliche Qualit\u00e4t Ihrer Schuhe zu erhalten, reinigen Sie sie vorsichtig mit einer neutralen Seife und einem feuchten Tuch. Vermeiden Sie die Verwendung einer Waschmaschine, um dauerhafte Sch\u00e4den zu verhindern. Innensohlen und Schn\u00fcrsenkel seperat waschen und trocknen. Nicht bleichen oder f\u00e4rben.<\/p>\n<p>Gr\u00f6\u00dfenhinweis:<\/p>\n<p>Messen Sie Ihre F\u00fc\u00dfe (von der Ferse bis zum l\u00e4ngsten Zeh). Rechnen Sie 0,8\u20131,5 cm f\u00fcr zus\u00e4tzlichen Platz im Schuh hinzu und orientieren Sie sich an den Angaben in der Gr\u00f6\u00dfentabelle. Die Gr\u00f6\u00dfentabelle gibt die Innenl\u00e4nge des Schuhs an. Beispiel: Ihre Fu\u00dfl\u00e4nge betr\u00e4gt 25,9 cm. W\u00e4hlen Sie dann Gr\u00f6\u00dfe 41 (27,1 cm). Sie haben somit 1,2 cm zus\u00e4tzlichen Platz.<\/p>\n<p>Innensohle &#8211; L\u00e4nge\/Breite (mm):<\/p>\n<p>Gr\u00f6\u00dfe: 36 &#8211; L\u00e4nge: 238 mm &#8211; Breite: 96 mm<br \/>\nGr\u00f6\u00dfe: 37 &#8211; L\u00e4nge: 245 mm &#8211; Breite: 97 mm<br \/>\nGr\u00f6\u00dfe: 38 &#8211; L\u00e4nge: 251 mm &#8211; Breite: 98 mm<br \/>\nGr\u00f6\u00dfe: 39 &#8211; L\u00e4nge: 258 mm &#8211; Breite: 100 mm<br \/>\nGr\u00f6\u00dfe: 40 &#8211; L\u00e4nge: 265 mm &#8211; Breite: 102 mm<br \/>\nGr\u00f6\u00dfe: 41 &#8211; L\u00e4nge: 271 mm &#8211; Breite: 103 mm<br \/>\nGr\u00f6\u00dfe: 42 &#8211; L\u00e4nge: 278 mm &#8211; Breite: 104 mm<br \/>\nGr\u00f6\u00dfe: 43 &#8211; L\u00e4nge: 285 mm &#8211; Breite: 106 mm<br \/>\nGr\u00f6\u00dfe: 44 &#8211; L\u00e4nge: 291 mm &#8211; Breite: 107 mm<br \/>\nGr\u00f6\u00dfe: 45 &#8211; L\u00e4nge: 298 mm &#8211; Breite: 109 mm<\/p>\n<p><b>Audio-Beschreibung<\/b><br \/><audio controls src=\"https:\/\/schuhewiebarfuss.at\/shop\/wp-content\/uploads\/lk\/9816_audio.wav\"><br \/>\n                                            Ihr Browser unterst\u00fctzt diese Audio-Ausgabe leider nicht.<br \/>\n                                            <\/ audio ><\/p>\n","protected":false},"excerpt":{"rendered":"<p>Fleeters PEACH<\/p>\n<p>Freiheit f\u00fcr die F\u00fc\u00dfe mit Stil. Mit Fleeters vereinst du gesundes Gehen mit Modebwusstsein. Ein echter Hingucker der einfach passt.<\/p>\n<p>Hinweis: Die Farben der Produktbilder k\u00f6nnen vom Original abweichen!<\/p>\n","protected":false},"featured_media":866439,"comment_status":"open","ping_status":"closed","template":"","meta":[],"product_brand":[],"product_cat":[851],"product_tag":[1479,1408,1651,1373,1374,1375,1376,1377,1378,1379,1380,3118,1382],"class_list":{"0":"post-858529","1":"product","2":"type-product","3":"status-publish","4":"has-post-thumbnail","6":"product_cat-lifestyle-3","7":"product_tag-farbe-blau","8":"product_tag-farbe-schwarz","9":"product_tag-farbe-weiss","10":"product_tag-groesse-38","11":"product_tag-groesse-39","12":"product_tag-groesse-40","13":"product_tag-groesse-41","14":"product_tag-groesse-42","15":"product_tag-groesse-43","16":"product_tag-groesse-44","17":"product_tag-groesse-45","18":"product_tag-marke-fleeters","19":"product_tag-neu","21":"first","22":"instock","23":"taxable","24":"shipping-taxable","25":"purchasable","26":"product-type-variable"},"_links":{"self":[{"href":"https:\/\/schuhewiebarfuss.at\/shop\/wp-json\/wp\/v2\/product\/858529","targetHints":{"allow":["GET"]}}],"collection":[{"href":"https:\/\/schuhewiebarfuss.at\/shop\/wp-json\/wp\/v2\/product"}],"about":[{"href":"https:\/\/schuhewiebarfuss.at\/shop\/wp-json\/wp\/v2\/types\/product"}],"replies":[{"embeddable":true,"href":"https:\/\/schuhewiebarfuss.at\/shop\/wp-json\/wp\/v2\/comments?post=858529"}],"wp:featuredmedia":[{"embeddable":true,"href":"https:\/\/schuhewiebarfuss.at\/shop\/wp-json\/wp\/v2\/media\/866439"}],"wp:attachment":[{"href":"https:\/\/schuhewiebarfuss.at\/shop\/wp-json\/wp\/v2\/media?parent=858529"}],"wp:term":[{"taxonomy":"product_brand","embeddable":true,"href":"https:\/\/schuhewiebarfuss.at\/shop\/wp-json\/wp\/v2\/product_brand?post=858529"},{"taxonomy":"product_cat","embeddable":true,"href":"https:\/\/schuhewiebarfuss.at\/shop\/wp-json\/wp\/v2\/product_cat?post=858529"},{"taxonomy":"product_tag","embeddable":true,"href":"https:\/\/schuhewiebarfuss.at\/shop\/wp-json\/wp\/v2\/product_tag?post=858529"}],"curies":[{"name":"wp","href":"https:\/\/api.w.org\/{rel}","templated":true}]}}