{"id":855213,"date":"2025-10-29T17:00:47","date_gmt":"2025-10-29T16:00:47","guid":{"rendered":"https:\/\/schuhewiebarfuss.at\/shop\/produkt\/brisk-ii-schwarz\/"},"modified":"2026-03-01T20:07:40","modified_gmt":"2026-03-01T19:07:40","slug":"brisk-ii-schwarz","status":"publish","type":"product","link":"https:\/\/schuhewiebarfuss.at\/shop\/produkt\/brisk-ii-schwarz\/","title":{"rendered":"Brisk II Schwarz"},"content":{"rendered":"<p>Brisk II &#8211; Saguaros faltbare Barfu\u00df-Gummistiefel mit Fleece-Innenfutter f\u00fcr kalte Tage! <\/p>\n<p>Diese faltbaren Gummistiefel mit breiter Zehenbox sind super leicht und bestehen aus reinem Gummi (ohne PVC) und macht den Schuh somit superweich. F\u00fcr zus\u00e4tzlichen Komfort und W\u00e4rme sorgt das Fleece-Innfutter, w\u00e4hrend die gef\u00fcllte Kantennaht zwischen Obermaterial und Sohle die Haltbarkeit und Wasserbest\u00e4ndigkeit verbessert. Die Gummisohle mit speziellem Sohlenprofil ist so gestaltet, dass sie die Rutschfestigkeit verbessert wird und eine hervorragende Griffigkeit bietet, das f\u00fcr mehr Stabilit\u00e4t und Sicherheit in verschiedenen Umgebungen zu sorgt.<\/p>\n<p>Ausgestatte mit einem verstellbarem Schuhkragen-Design l\u00e4sst sich dieser Gummistiefel einfach an- und auszuziehen und passt sich verschiedenen Beinumf\u00e4ngen an. Diese Schuhe verf\u00fcgen \u00fcber eine breite Zehenbox, die Ihren Zehen mehr Platz und Komfort bietet und auch bei l\u00e4ngerem Tragen Freiheit und Vergn\u00fcgen gew\u00e4hrleistet.<\/p>\n<p>Der Brisk II von Saguaro verhindert das Eindringen von Schlamm, Spritzwasser und Pf\u00fctzen und h\u00e4lt die F\u00fc\u00dfe sauber. Perfekt f\u00fcr Spazierg\u00e4nge und Gartenarbeit. Trotzt Regen und Schlamm! Diese Winterversion mit Fleecefutter verf\u00fcgt \u00fcber ein dickes Fleecefutter, das zus\u00e4tzliche W\u00e4rme, Trockenheit und Komfort bietet und so optimalen Schutz bei kaltem Wetter gew\u00e4hrleistet.<\/p>\n<p>Produktmerkmale:<\/p>\n<p>Wasserbest\u00e4ndigkeit: Hergestellt aus reinem Gummi, ohne PVC, gef\u00fcttert f\u00fcr zus\u00e4tzlichen Komfort, verhindert das Eindringen von Schlamm, Spritzwasser und Pf\u00fctzen<br \/>\nLeicht: Gr\u00f6\u00dfe 39 wiegt nur 679 g, sorgt f\u00fcr ein leichtes Tragegef\u00fchl<br \/>\nEinfach an- und auszuziehen: Verstellbares Schuhkragen-Design, einfach an- und auszuziehen, passt sich verschiedenen Beinumf\u00e4ngen an<br \/>\nBreite Zehenbox: Diese Schuhe verf\u00fcgen \u00fcber eine breite Zehenbox, die Ihren Zehen mehr Platz und Komfort bietet und auch bei l\u00e4ngerem Tragen Freiheit und Vergn\u00fcgen gew\u00e4hrleistet<br \/>\nHohe Griffigkeit: Spezielles Sohlenprofil bietet hervorragende Griffigkeit und gew\u00e4hrleistet Stabilit\u00e4t beim Gehen<br \/>\nNahtversiegelungs-Upgrade: Die Kantennaht zwischen Obermaterial und Sohle ist nun gef\u00fcllt, um die Haltbarkeit und Wasserbest\u00e4ndigkeit zu verbessern<br \/>\nEinfach an- und auszuziehen: Verstellbares Schuhkragen-Design, einfach an- und auszuziehen, passt sich verschiedenen Beinumf\u00e4ngen an<br \/>\nVerbesserte rutschfeste Sohle: Die Sohle ist so gestaltet, dass sie die Rutschfestigkeit verbessert und somit f\u00fcr mehr Stabilit\u00e4t und Sicherheit in verschiedenen Umgebungen sorgt<\/p>\n<p>Anwendungsbereiche:<\/p>\n<p>Regenwetter: H\u00e4lt die F\u00fc\u00dfe trocken, keine Angst mehr vor Regen.<br \/>\nGartenarbeit: Sch\u00fctzt vor Schmutz und Feuchtigkeit bei der Arbeit im Garten oder auf dem Feld.<br \/>\nAutow\u00e4sche: Bietet vollst\u00e4ndigen Wasserschutz und h\u00e4lt die F\u00fc\u00dfe sauber.<br \/>\nOutdoor-Aktivit\u00e4ten: Ideal f\u00fcr Wandern, Camping und Angeln.<br \/>\nArbeiten auf dem Bauernhof und in der Viehzucht: Widersteht Schlamm und Feuchtigkeit, sorgt f\u00fcr Komfort und Sicherheit.<\/p>\n<p>Pflegehinweis:<\/p>\n<p>Einfache Reinigung: Mit warmem Wasser und Seife von Hand waschen. Das Au\u00dfenmaterial l\u00e4sst sich ganz einfacht mit einem Tuch abtrocknen.<br \/>\nNasses Innenmaterial: Stopfen sie Papiert\u00fccher in den Schuh und legen Sie ihn an einen gut bel\u00fcfteten Ort zum Lufttrocknen. Klatschnasse Schuhe grunds\u00e4tzlich nicht direkt auf oder vor der Heizung trocknen! Zu hei\u00dfes Trocknen sch\u00e4digt den Schuh: der Oberschuh kann schrumpfen, die Sohle kann sich l\u00f6sen.<br \/>\nNicht in der Waschmaschine waschen.<br \/>\nNicht im Trockner trocknen.<\/p>\n<p>Materialdetails:<\/p>\n<p>Obermaterial: Gummi<br \/>\nInnenfutter: Fleece<br \/>\nSohle: 3 mm Gummi<br \/>\nInnensohle: Fleece, herausnehmbar<br \/>\nAbsatz: Nullabsatz, keine H\u00f6hendifferenz zwischen Ferse und Vorderfu\u00df<br \/>\nVerschluss: Schnellverschluss<br \/>\nBesonderheiten: Wasserdicht, dickes Regenstiefel-Modell mit Fleece-Innenseite<br \/>\nMaterialhinweis: ohne PVC<br \/>\nHergestellt in China<\/p>\n<p>Innensohle &#8211; L\u00e4nge\/Breite (mm): &#8211; H\u00f6he au\u00dfen: 36-42 = 250 mm, 43-46 = 253 mm<\/p>\n<p>Gr\u00f6\u00dfe: 36 &#8211; L\u00e4nge: 236 mm &#8211; Breite: 84 mm &#8211; Schaftrandumfang: 338 mm<br \/>\nGr\u00f6\u00dfe: 37 &#8211; L\u00e4nge: 243 mm &#8211; Breite: 86 mm &#8211; Schaftrandumfang: 344 mm<br \/>\nGr\u00f6\u00dfe: 38 &#8211; L\u00e4nge: 249 mm &#8211; Breite: 87 mm &#8211; Schaftrandumfang: 350 mm<br \/>\nGr\u00f6\u00dfe: 39 &#8211; L\u00e4nge: 256 mm &#8211; Breite: 89 mm &#8211; Schaftrandumfang: 356 mm<br \/>\nGr\u00f6\u00dfe: 40 &#8211; L\u00e4nge: 263 mm &#8211; Breite: 91 mm &#8211; Schaftrandumfang: 362 mm<br \/>\nGr\u00f6\u00dfe: 41 &#8211; L\u00e4nge: 269 mm &#8211; Breite: 92 mm &#8211; Schaftrandumfang: 368 mm<br \/>\nGr\u00f6\u00dfe: 42 &#8211; L\u00e4nge: 276 mm &#8211; Breite: 94 mm &#8211; Schaftrandumfang: 374 mm<br \/>\nGr\u00f6\u00dfe: 43 &#8211; L\u00e4nge: 283 mm &#8211; Breite: 96 mm &#8211; Schaftrandumfang: 380 mm<br \/>\nGr\u00f6\u00dfe: 44 &#8211; L\u00e4nge: 289 mm &#8211; Breite: 98 mm &#8211; Schaftrandumfang: 386 mm<br \/>\nGr\u00f6\u00dfe: 45 &#8211; L\u00e4nge: 296 mm &#8211; Breite: 99 mm &#8211; Schaftrandumfang: 392 mm<\/p>\n<p><b>Audio-Beschreibung<\/b><br \/><audio controls src=\"https:\/\/schuhewiebarfuss.at\/shop\/wp-content\/uploads\/lk\/9706_audio.wav\"><br \/>\n                                            Ihr Browser unterst\u00fctzt diese Audio-Ausgabe leider nicht.<br \/>\n                                            <\/ audio ><\/p>\n","protected":false},"excerpt":{"rendered":"<p>Saguari BRISK II &#8211; Winter-Gummistiefel<\/p>\n<p>Erste faltbare Barfu\u00df-Gummistiefel mit breiter Zehenbox, superweichem Material und ohne PVC. Perfekt f\u00fcr Spazierg\u00e4nge und Gartenarbeit. Trotzt Regen und Schlamm! <\/p>\n","protected":false},"featured_media":0,"comment_status":"open","ping_status":"closed","template":"","meta":[],"product_brand":[],"product_cat":[857],"product_tag":[1362,1368,1373,1374,1375,1376,1377,1378,1379,1380,3011,1382],"class_list":{"0":"post-855213","1":"product","2":"type-product","3":"status-publish","5":"product_cat-herren-1","6":"product_tag-groesse-36","7":"product_tag-groesse-37","8":"product_tag-groesse-38","9":"product_tag-groesse-39","10":"product_tag-groesse-40","11":"product_tag-groesse-41","12":"product_tag-groesse-42","13":"product_tag-groesse-43","14":"product_tag-groesse-44","15":"product_tag-groesse-45","16":"product_tag-marke-saguaro","17":"product_tag-neu","19":"first","20":"instock","21":"taxable","22":"shipping-taxable","23":"purchasable","24":"product-type-variable"},"_links":{"self":[{"href":"https:\/\/schuhewiebarfuss.at\/shop\/wp-json\/wp\/v2\/product\/855213","targetHints":{"allow":["GET"]}}],"collection":[{"href":"https:\/\/schuhewiebarfuss.at\/shop\/wp-json\/wp\/v2\/product"}],"about":[{"href":"https:\/\/schuhewiebarfuss.at\/shop\/wp-json\/wp\/v2\/types\/product"}],"replies":[{"embeddable":true,"href":"https:\/\/schuhewiebarfuss.at\/shop\/wp-json\/wp\/v2\/comments?post=855213"}],"wp:attachment":[{"href":"https:\/\/schuhewiebarfuss.at\/shop\/wp-json\/wp\/v2\/media?parent=855213"}],"wp:term":[{"taxonomy":"product_brand","embeddable":true,"href":"https:\/\/schuhewiebarfuss.at\/shop\/wp-json\/wp\/v2\/product_brand?post=855213"},{"taxonomy":"product_cat","embeddable":true,"href":"https:\/\/schuhewiebarfuss.at\/shop\/wp-json\/wp\/v2\/product_cat?post=855213"},{"taxonomy":"product_tag","embeddable":true,"href":"https:\/\/schuhewiebarfuss.at\/shop\/wp-json\/wp\/v2\/product_tag?post=855213"}],"curies":[{"name":"wp","href":"https:\/\/api.w.org\/{rel}","templated":true}]}}