{"id":855169,"date":"2025-10-29T15:52:04","date_gmt":"2025-10-29T14:52:04","guid":{"rendered":"https:\/\/schuhewiebarfuss.at\/shop\/produkt\/stitchwalk-a088-42835\/"},"modified":"2026-03-01T16:27:30","modified_gmt":"2026-03-01T15:27:30","slug":"stitchwalk-a088-42835","status":"publish","type":"product","link":"https:\/\/schuhewiebarfuss.at\/shop\/produkt\/stitchwalk-a088-42835\/","title":{"rendered":"Stitch&amp;Walk A088-42835"},"content":{"rendered":"<p>Diese Ganzjahres-Barfu\u00dfstiefel von Stitch &amp; Walk sind ger\u00e4umig, bequem und elegant zugleich. Sie eignen sich f\u00fcrs B\u00fcro, den Alltag oder einfach als Freizeitschuhe. Obermaterial und die hereusnehmbare Einlegesohle sind aus echtem, hochwertigem Rindsleder gefertigt, das f\u00fcr hervorragenden Tragekomfort und Atmungsaktivit\u00e4t sorgt. Die richtige Dicke des erstklassigen Rindsleders wird sorgf\u00e4ltig ausgew\u00e4hlt, um am Ende des Herstellungsprozesses ein optimales Zusammenspiel von Komfort, Gesundheit und Klima zu schaffen. Das weiche Fleecefutter w\u00e4rmt an k\u00fchleren Herbst- oder Fr\u00fchlingstagen. Dank des Fleecefutters ist dieses Modell auch f\u00fcr den Winter geeignet. Stitch &amp; Walk legt Wert darauf, dass alle Teile, die mit der Haut in Ber\u00fchrung kommt, ausschlie\u00dflich aus nat\u00fcrlichen Materialien bestehen. <\/p>\n<p>Die flexible Sohle bietet \u00fcberdurchschnittlich viel Zehenfreiheit und hat keine verst\u00e4rkte Ferse und keine Fu\u00dfgew\u00f6lbeformung. Es passt sich der Fu\u00dfform an und bietet maximales Oberfl\u00e4chengef\u00fchl, somit erm\u00f6glicht der Schuh die Einbindung aller Muskeln, Sehnen und Knochen des Fu\u00dfes in den Laufprozess, genau wie beim Barfu\u00dflaufen, und tr\u00e4gt so zur gesunden Entwicklung des Fu\u00dfes bei.<\/p>\n<p>Diese Barfu\u00dfstiefel sind f\u00fcr normale bis breite F\u00fc\u00dfe und einen normaler bis etwas h\u00f6heren Spann geeignet. Der Schuh ist an der Spitze breiter und an der Ferse schmaler, sodass er gut an f\u00e4cherf\u00f6rmige F\u00fc\u00dfe passt. Auch f\u00fcr dominante Gro\u00dfzehen sind sie geeignet. Die Barfu\u00dfkonstruktion sorgt f\u00fcr ein authentisches Barfu\u00dfgef\u00fchl und f\u00f6rdert eine gesunde Fu\u00dfhaltung und -entwicklung. Die breite Zehenbox erm\u00f6glicht nat\u00fcrliche Zehenspreizung und beugt Gelenkdruck vor. Die Stiefel sind ideal f\u00fcr alle, die bequeme Schuhe f\u00fcr den Alltag suchen \u2013 ob in der Stadt oder bei leichten Spazierg\u00e4ngen.<\/p>\n<p>Material: Leder f\u00fcr maximale Atmungsaktivit\u00e4t und Komfort<br \/>\nDesign: Minimalistisch mit flexibler Sohle f\u00fcr nat\u00fcrliche Fu\u00dfbewegungen<br \/>\nKonstruktion: Barfu\u00dfdesign f\u00fcr ein authentisches Barfu\u00dfgef\u00fchl<br \/>\nZehenbox: Breite Zehenbox f\u00fcr nat\u00fcrliche Zehenspreizung und Gelenkentlastung<br \/>\nVerwendung: Ideal f\u00fcr den Alltag in der Stadt oder leichte Spazierg\u00e4nge<\/p>\n<p>Materialdetails:<\/p>\n<p>Obermaterial: Rindsleder<br \/>\nInnenfutter: Textil (microfleece)<br \/>\nSohle: Gummi<br \/>\nInnensohle: Leder-Innensohle, herausnehmbar<br \/>\nAbsatz: Nullabsatz, keine H\u00f6hendifferenz zwischen Ferse und Vorderfu\u00df<br \/>\nVerschluss: Schn\u00fcrsenkel<br \/>\nHergestellt in China<\/p>\n<p>Innensohle &#8211; L\u00e4nge\/Breite (mm):<\/p>\n<p>Gr\u00f6\u00dfe: 38 &#8211; L\u00e4nge: 243 mm &#8211; Breite: 92 mm<br \/>\nGr\u00f6\u00dfe: 39 &#8211; L\u00e4nge: 251 mm &#8211; Breite: 94 mm<br \/>\nGr\u00f6\u00dfe: 40 &#8211; L\u00e4nge: 258 mm &#8211; Breite: 95 mm<br \/>\nGr\u00f6\u00dfe: 41 &#8211; L\u00e4nge: 263 mm &#8211; Breite: 97 mm<br \/>\nGr\u00f6\u00dfe: 42 &#8211; L\u00e4nge: 269 mm &#8211; Breite: 98 mm<br \/>\nGr\u00f6\u00dfe: 43 &#8211; L\u00e4nge: 275 mm &#8211; Breite: 100 mm<br \/>\nGr\u00f6\u00dfe: 44 &#8211; L\u00e4nge: 288 mm &#8211; Breite: 103 mm<br \/>\nGr\u00f6\u00dfe: 45 &#8211; L\u00e4nge: 295 mm &#8211; Breite: 106 mm<\/p>\n<p><b>Audio-Beschreibung<\/b><br \/><audio controls src=\"https:\/\/schuhewiebarfuss.at\/shop\/wp-content\/uploads\/lk\/9802_audio.wav\"><br \/>\n                                            Ihr Browser unterst\u00fctzt diese Audio-Ausgabe leider nicht.<br \/>\n                                            <\/ audio ><\/p>\n","protected":false},"excerpt":{"rendered":"<p>Stitch &amp; Walk A088-42835 Barfu\u00df-Sneaker<\/p>\n<p>Ger\u00e4umig, bequem und elegant. Stitch &amp; Walk Ganzjahres-Barfu\u00dfstiefel so viellseitig wie der Alltag.<br \/>\nErlebe kalte Herbst-\/Wintertage mit bestem Komfort.<\/p>\n","protected":false},"featured_media":865846,"comment_status":"open","ping_status":"closed","template":"","meta":[],"product_brand":[],"product_cat":[851],"product_tag":[1479,1544,1373,1374,1375,1376,1377,1378,1379,1380,3088,1382],"class_list":{"0":"post-855169","1":"product","2":"type-product","3":"status-publish","4":"has-post-thumbnail","6":"product_cat-lifestyle-3","7":"product_tag-farbe-blau","8":"product_tag-farbe-braun","9":"product_tag-groesse-38","10":"product_tag-groesse-39","11":"product_tag-groesse-40","12":"product_tag-groesse-41","13":"product_tag-groesse-42","14":"product_tag-groesse-43","15":"product_tag-groesse-44","16":"product_tag-groesse-45","17":"product_tag-marke-stitch-walk","18":"product_tag-neu","20":"first","21":"instock","22":"taxable","23":"shipping-taxable","24":"purchasable","25":"product-type-variable"},"_links":{"self":[{"href":"https:\/\/schuhewiebarfuss.at\/shop\/wp-json\/wp\/v2\/product\/855169","targetHints":{"allow":["GET"]}}],"collection":[{"href":"https:\/\/schuhewiebarfuss.at\/shop\/wp-json\/wp\/v2\/product"}],"about":[{"href":"https:\/\/schuhewiebarfuss.at\/shop\/wp-json\/wp\/v2\/types\/product"}],"replies":[{"embeddable":true,"href":"https:\/\/schuhewiebarfuss.at\/shop\/wp-json\/wp\/v2\/comments?post=855169"}],"wp:featuredmedia":[{"embeddable":true,"href":"https:\/\/schuhewiebarfuss.at\/shop\/wp-json\/wp\/v2\/media\/865846"}],"wp:attachment":[{"href":"https:\/\/schuhewiebarfuss.at\/shop\/wp-json\/wp\/v2\/media?parent=855169"}],"wp:term":[{"taxonomy":"product_brand","embeddable":true,"href":"https:\/\/schuhewiebarfuss.at\/shop\/wp-json\/wp\/v2\/product_brand?post=855169"},{"taxonomy":"product_cat","embeddable":true,"href":"https:\/\/schuhewiebarfuss.at\/shop\/wp-json\/wp\/v2\/product_cat?post=855169"},{"taxonomy":"product_tag","embeddable":true,"href":"https:\/\/schuhewiebarfuss.at\/shop\/wp-json\/wp\/v2\/product_tag?post=855169"}],"curies":[{"name":"wp","href":"https:\/\/api.w.org\/{rel}","templated":true}]}}