{"id":854692,"date":"2025-10-28T18:10:44","date_gmt":"2025-10-28T17:10:44","guid":{"rendered":"https:\/\/schuhewiebarfuss.at\/shop\/produkt\/dockers-56aa001\/"},"modified":"2026-03-17T19:07:23","modified_gmt":"2026-03-17T18:07:23","slug":"dockers-56aa001","status":"publish","type":"product","link":"https:\/\/schuhewiebarfuss.at\/shop\/produkt\/dockers-56aa001\/","title":{"rendered":"Dockers 56AA001"},"content":{"rendered":"<p>Entdecken Sie den ultimativen Komfort mit den Dockers by Gerli Herren Barfu\u00dfschuhen. Diese Schuh vereint Stil und Bequemlichkeit, um Ihren Schritten den perfekten Begleiter zu bieten. Die Barfu\u00dfschuhe sind nicht nur modisch, sondern auch zus\u00e4tzlich mit einer D\u00e4mpfung ausgestattet und mit der Weichbettung der herausnehmbaren Decksohle sorgt dieser Schuh somit f\u00fcr ein H\u00f6chstma\u00df an Komfort. Ganz gleich, ob Sie durch die Stadt schlendern oder einen aktiven Tag planen, diese Schuhe bieten Ihnen den Halt, den Sie ben\u00f6tigen. Mit Dockers by Gerli setzen Sie auf Qualit\u00e4t und modernes Design. Diese Herren Sneaker vereinen Funktionalit\u00e4t mit einem sportlich, modischen Look und passen perfekt zu verschiedenen Outfits. Egal, ob Sie sie zu Jeans, Cargo oder Sportkleidung kombinieren \u2013 diese Barfu\u00dfschuhe vervollst\u00e4ndigen Ihren Look auf stilvolle Weise. Investieren Sie in Ihre Fu\u00dfgesundheit und g\u00f6nnen Sie sich das Vergn\u00fcgen von Dockers by Gerli Damen Barfu\u00dfschuhen.<\/p>\n<p>Die Dockers by Gerli Sneaker sind stylisch, bequem und vielseitig \u2013 perfekt f\u00fcr m\u00fchelosen Komfort und modischem Stil! Diese Herrenschuhe haben einen Low-Cut-Schnitt, was bedeutet, dass sie unter dem Kn\u00f6chel des Tr\u00e4gers enden. Das Obermaterial wurde aus einem Mix aus Synthetik und Texti gefertigt und wurde mit der Dockers Markenaufschrift an der Ferse und Zunge versehen, welche ein echter Hingucker ist. Durch die Schn\u00fcrung l\u00e4sst der Schuh sich optimal an den Fu\u00df anpassen. Der Schaft ist zudem angenehm gepolstert und sorgt f\u00fcr ein tolles Tragegef\u00fchl. Der verst\u00e4rkte Fersenbereich und der gepolsterte Einstieg sorgen f\u00fcr Stabilit\u00e4t und Halt, ideal f\u00fcr den Alltag. Das Innenfutter und die gepolsterte Decksohle aus Textil sorgen f\u00fcr ein angenehmes Tragegef\u00fchl. Durch die extrem flache Gummi-\/Synthetik-Laufsohle mit leichtem Profil ist der Schuh super flexibel und weich, wodurch mehr Kontakt zum Untergrund f\u00fcr ein absolutes Barfu\u00dfgef\u00fchl entsteht. Die gummierte Sohle wurde auf den Seiten hochgezogen, welche optisch einen klassichen Schuh nachahmt, ist besonders d\u00fcnn und flexibel, bietet aber durch die Profilierung trotzdem sicheren Halt und Rutschfestigkeit.<\/p>\n<p>Diese Schuhe werden dich absolut begeistern! Dieser Herren Sneaker von Dockers by Gerli begeistert dadurch, dass er ganz besonders flexibel und leicht ist. Sie \u00fcberzeugen mit ihrem sportlichen Design und hohem Tragekomfort, w\u00e4hrend das geringe Gewicht den Schuh angenehm leicht macht. Ein vielseitiger Sneaker, der durch seine schlichte Eleganz und Funktionalit\u00e4t \u00fcberzeugt und sich perfekt f\u00fcr den t\u00e4glichen Einsatz eignet. Superleicht und Superbequem. Mit diesem Modell kommen Sie einem nat\u00fcrlichen Barfu\u00df-Laufgef\u00fchl m\u00f6glichst nahe, sowohl beim Sport als auch im Alltag. Entdecke pure Leichtigkeit f\u00fcr deine F\u00fc\u00dfe.<\/p>\n<p>&#8211; modische Sneaker<br \/>\n&#8211; aus leichtem, flexiblem Mesh<br \/>\n&#8211; Superleicht und Superbequem<br \/>\n&#8211; super d\u00fcnne und flexible Laufsohle mit Profil<br \/>\n&#8211; verst\u00e4rkter Fersenbereich, gepolsterter Einstieg<br \/>\n&#8211; individuell anpassbar mit Schn\u00fcrung<br \/>\n&#8211; mit diesem Barfu\u00dfschuh l\u00e4ufst du wie auf Wolken<br \/>\n&#8211; die Schuhe sind nicht Waschmaschinen\/Trockner geeignet, nur Handw\u00e4sche<\/p>\n<p>Materialdetails:<\/p>\n<p>Obermaterial: Synthetik und Textil<br \/>\nInnenfutter: Textil<br \/>\nSohle: Gummi und Synthetik,  rutschfeste Profilsohle<br \/>\nInnensohle: Synthetik und Textil, gepolsterte Decksohle<br \/>\nAbsatz: Nullabsatz, keine H\u00f6hendifferenz zwischen Ferse und Vorderfu\u00df<br \/>\nVerschluss: Schn\u00fcrsenkel<br \/>\nBesonderheiten: super flexibel, weich und leicht, verst\u00e4rkter Fersenbereich, gepolsterter Einstieg<br \/>\nSchuhbreite: Standard bis schmal<br \/>\nHergestellt in Vietnam<br \/>\nGr\u00f6\u00dfenausfall: F\u00e4llt gr\u00f6\u00dfengetreu aus<\/p>\n<p>Innensohle &#8211; L\u00e4nge\/Breite (mm):<\/p>\n<p>Gr\u00f6\u00dfe: 40 &#8211; L\u00e4nge: 251 mm &#8211; Breite: 87 mm<br \/>\nGr\u00f6\u00dfe: 41 &#8211; L\u00e4nge: 258 mm &#8211; Breite: 89 mm<br \/>\nGr\u00f6\u00dfe: 42 &#8211; L\u00e4nge: 265 mm &#8211; Breite: 91 mm<br \/>\nGr\u00f6\u00dfe: 43 &#8211; L\u00e4nge: 271 mm &#8211; Breite: 92 mm<br \/>\nGr\u00f6\u00dfe: 44 &#8211; L\u00e4nge: 278 mm &#8211; Breite: 94 mm<br \/>\nGr\u00f6\u00dfe: 45 &#8211; L\u00e4nge: 285 mm &#8211; Breite: 96 mm<br \/>\nGr\u00f6\u00dfe: 46 &#8211; L\u00e4nge: 291 mm &#8211; Breite: 97 mm<br \/>\nGr\u00f6\u00dfe: 47 &#8211; L\u00e4nge: 300 mm &#8211; Breite: 99 mm<\/p>\n<p><b>Audio-Beschreibung<\/b><br \/><audio controls src=\"https:\/\/schuhewiebarfuss.at\/shop\/wp-content\/uploads\/lk\/9742_audio.wav\"><br \/>\n                                            Ihr Browser unterst\u00fctzt diese Audio-Ausgabe leider nicht.<br \/>\n                                            <\/ audio ><\/p>\n","protected":false},"excerpt":{"rendered":"<p>Dockers 56AA001<\/p>\n<p>Sportliches Design mit ultimativen Komfort. Ein absolutes Must-Have f\u00fcr deine Garderobe.<\/p>\n","protected":false},"featured_media":862662,"comment_status":"open","ping_status":"closed","template":"","meta":[],"product_brand":[],"product_cat":[838],"product_tag":[1479,1408,1375,1376,1377,1378,1379,1380,1381,3116,1382],"class_list":{"0":"post-854692","1":"product","2":"type-product","3":"status-publish","4":"has-post-thumbnail","6":"product_cat-sport-3","7":"product_tag-farbe-blau","8":"product_tag-farbe-schwarz","9":"product_tag-groesse-40","10":"product_tag-groesse-41","11":"product_tag-groesse-42","12":"product_tag-groesse-43","13":"product_tag-groesse-44","14":"product_tag-groesse-45","15":"product_tag-groesse-46","16":"product_tag-marke-dockers","17":"product_tag-neu","19":"first","20":"instock","21":"taxable","22":"shipping-taxable","23":"purchasable","24":"product-type-variable"},"_links":{"self":[{"href":"https:\/\/schuhewiebarfuss.at\/shop\/wp-json\/wp\/v2\/product\/854692","targetHints":{"allow":["GET"]}}],"collection":[{"href":"https:\/\/schuhewiebarfuss.at\/shop\/wp-json\/wp\/v2\/product"}],"about":[{"href":"https:\/\/schuhewiebarfuss.at\/shop\/wp-json\/wp\/v2\/types\/product"}],"replies":[{"embeddable":true,"href":"https:\/\/schuhewiebarfuss.at\/shop\/wp-json\/wp\/v2\/comments?post=854692"}],"wp:featuredmedia":[{"embeddable":true,"href":"https:\/\/schuhewiebarfuss.at\/shop\/wp-json\/wp\/v2\/media\/862662"}],"wp:attachment":[{"href":"https:\/\/schuhewiebarfuss.at\/shop\/wp-json\/wp\/v2\/media?parent=854692"}],"wp:term":[{"taxonomy":"product_brand","embeddable":true,"href":"https:\/\/schuhewiebarfuss.at\/shop\/wp-json\/wp\/v2\/product_brand?post=854692"},{"taxonomy":"product_cat","embeddable":true,"href":"https:\/\/schuhewiebarfuss.at\/shop\/wp-json\/wp\/v2\/product_cat?post=854692"},{"taxonomy":"product_tag","embeddable":true,"href":"https:\/\/schuhewiebarfuss.at\/shop\/wp-json\/wp\/v2\/product_tag?post=854692"}],"curies":[{"name":"wp","href":"https:\/\/api.w.org\/{rel}","templated":true}]}}