{"id":854677,"date":"2025-10-28T17:29:20","date_gmt":"2025-10-28T16:29:20","guid":{"rendered":"https:\/\/schuhewiebarfuss.at\/shop\/produkt\/dockers-50bf001\/"},"modified":"2026-04-11T17:44:21","modified_gmt":"2026-04-11T15:44:21","slug":"dockers-50bf001","status":"publish","type":"product","link":"https:\/\/schuhewiebarfuss.at\/shop\/produkt\/dockers-50bf001\/","title":{"rendered":"Dockers 50BF001"},"content":{"rendered":"<p>Entdecken Sie den ultimativen Komfort mit den Dockers by Gerli Herren Barfu\u00dfschuhen. Diese Slipper vereinen Stil und Bequemlichkeit, um Ihren Schritten den perfekten Begleiter zu bieten. Die Barfu\u00dfschuhe sind nicht nur modisch, sondern auch mit einer gepolsterten angeklebten Innensohle ausgestattet, die ein H\u00f6chstma\u00df an Komfort bietet. Ganz gleich, ob Sie durch die Stadt schlendern oder einen aktiven Tag planen, diese Schuhe bieten Ihnen den Halt, den Sie ben\u00f6tigen. Mit Dockers by Gerli setzen Sie auf Qualit\u00e4t und modernes Design. Diese Damen Slipper vereinen Funktionalit\u00e4t mit einem zeitlosen Look und passen perfekt zu verschiedenen Outfits. Egal, ob Sie sie zu Jeans, R\u00f6cken oder Kleidern kombinieren \u2013 diese Barfu\u00dfschuhe vervollst\u00e4ndigen Ihren Look auf stilvolle Weise. Investieren Sie in Ihre Fu\u00dfgesundheit und g\u00f6nnen Sie sich das Vergn\u00fcgen von Dockers by Gerli Damen Barfu\u00dfschuhen.<\/p>\n<p>Die Dockers by Gerli Slipper sind stylisch, bequem und vielseitig \u2013 perfekt f\u00fcr m\u00fchelosen Komfort und zeitlosen Stil! Diese Herrenschuhe haben einen Low-Cut-Schnitt, was bedeutet, dass sie unter dem Kn\u00f6chel des Tr\u00e4gers enden. Der Schuh hat ein weiches Obermaterial aus Textil. Diese schlichten, modischen Dockers by Gerli Sneakers erhalten einen besonderen Look durch das fein strukturierte Obermaterial in Strick-Optik, w\u00e4hrend der Schaft, der einen Sock nachahmt, und die beiden Schlaufen an Ferse und Rist einen kinderleichten Einstieg erm\u00f6glicht. Der leicht verst\u00e4rkte Fersenbereich sorgt f\u00fcr Stabilit\u00e4t und Halt, ideal f\u00fcr den Alltag. Das Innenfutter und die Decksohle aus Textil sorgen f\u00fcr ein angenehmes Tragegef\u00fchl. Die leicht gepolsterte, synthetische Innensohle sorgt dabei f\u00fcr ein angenehmes Wohlgef\u00fchl beim Laufen. Durch die extrem flache Gummi-\/Synthetik-Laufsohle ist der Schuh super flexibel und weich, wodurch mehr Kontakt zum Untergrund f\u00fcr ein absolutes Barfu\u00dfgef\u00fchl entsteht. Die gummierte Sohle ist besonders d\u00fcnn und flexibel, bietet aber durch die leichte Profilierung trotzdem sicheren Halt und Rutschfestigkeit.<\/p>\n<p>Diese Schuhe werden dich absolut begeistern! Dieser Herren Slipper von Dockers by Gerli begeistert dadurch, dass er ganz besonders flexibel und leicht ist. Sie \u00fcberzeugen mit ihrem sportlichen Design und hohem Tragekomfort, w\u00e4hrend das geringe Gewicht den Schuh angenehm leicht macht. Ein vielseitiger Slipper, der durch seine schlichte Eleganz und Funktionalit\u00e4t \u00fcberzeugt und sich perfekt f\u00fcr den t\u00e4glichen Einsatz eignet. Superleicht und Superbequem. Mit diesem Modell kommen Sie einem nat\u00fcrlichen Barfu\u00df-Laufgef\u00fchl m\u00f6glichst nahe, sowohl beim Sport als auch im Alltag. Entdecke pure Leichtigkeit f\u00fcr deine F\u00fc\u00dfe.<\/p>\n<p>&#8211; modische Sneaker<br \/>\n&#8211; aus leichtem, flexiblem Mesh<br \/>\n&#8211; Superleicht und Superbequem<br \/>\n&#8211; super d\u00fcnne und flexible Laufsohle<br \/>\n&#8211; Schuh als Slip-On-Variante<br \/>\n&#8211; die Schuhe haben keine extra Schlie\u00dfung, man kann einfach hineinschl\u00fcpfen.<br \/>\n&#8211; mit diesem Barfu\u00dfschuh l\u00e4ufst du wie auf Wolken<br \/>\n&#8211; die Schuhe sind waschmaschinengeeignet (30\u00b0, Handw\u00e4sche), nicht Trockner geegnet<\/p>\n<p>Materialdetails:<\/p>\n<p>Obermaterial: Textil, Submaterial: Synthetik<br \/>\nInnenfutter: Textil<br \/>\nSohle: Gummi und Synthetik<br \/>\nInnensohle: Kunstleder, herausnehmbar<br \/>\nAbsatz: Nullabsatz, keine H\u00f6hendifferenz zwischen Ferse und Vorderfu\u00df<br \/>\nVerschluss: kein Verschluss, Slip-on<br \/>\nBesonderheiten: super flexibel, weich und leicht, atmungsaktiv<br \/>\nSchuhbreite: Standard bis schmal<br \/>\nHergestellt in Vietnam<br \/>\nGr\u00f6\u00dfenausfall: F\u00e4llt gr\u00f6\u00dfengetreu aus<\/p>\n<p>Innensohle &#8211; L\u00e4nge\/Breite (mm):<\/p>\n<p>Gr\u00f6\u00dfe: 40 &#8211; L\u00e4nge: 251 mm &#8211; Breite: 87 mm<br \/>\nGr\u00f6\u00dfe: 41 &#8211; L\u00e4nge: 258 mm &#8211; Breite: 89 mm<br \/>\nGr\u00f6\u00dfe: 42 &#8211; L\u00e4nge: 265 mm &#8211; Breite: 91 mm<br \/>\nGr\u00f6\u00dfe: 43 &#8211; L\u00e4nge: 271 mm &#8211; Breite: 92 mm<br \/>\nGr\u00f6\u00dfe: 44 &#8211; L\u00e4nge: 278 mm &#8211; Breite: 94 mm<br \/>\nGr\u00f6\u00dfe: 45 &#8211; L\u00e4nge: 285 mm &#8211; Breite: 96 mm<br \/>\nGr\u00f6\u00dfe: 46 &#8211; L\u00e4nge: 291 mm &#8211; Breite: 97 mm<br \/>\nGr\u00f6\u00dfe: 47 &#8211; L\u00e4nge: 300 mm &#8211; Breite: 99 mm<\/p>\n<p><b>Audio-Beschreibung<\/b><br \/><audio controls src=\"https:\/\/schuhewiebarfuss.at\/shop\/wp-content\/uploads\/lk\/9741_audio.wav\"><br \/>\n                                            Ihr Browser unterst\u00fctzt diese Audio-Ausgabe leider nicht.<br \/>\n                                            <\/ audio ><\/p>\n","protected":false},"excerpt":{"rendered":"<p>Dockers 50BF001<\/p>\n<p>Federleicht, weich und flexibel &#8211; Barfu\u00dfschuhe f\u00fcr die, die mehr Boden unter den F\u00fc\u00dfen haben wollen. <\/p>\n","protected":false},"featured_media":0,"comment_status":"open","ping_status":"closed","template":"","meta":[],"product_brand":[],"product_cat":[836],"product_tag":[1479,1429,1375,1376,1377,1378,1379,1380,1381,1449,3116,1382],"class_list":{"0":"post-854677","1":"product","2":"type-product","3":"status-publish","5":"product_cat-lifestyle-2","6":"product_tag-farbe-blau","7":"product_tag-farbe-hellgrau","8":"product_tag-groesse-40","9":"product_tag-groesse-41","10":"product_tag-groesse-42","11":"product_tag-groesse-43","12":"product_tag-groesse-44","13":"product_tag-groesse-45","14":"product_tag-groesse-46","15":"product_tag-groesse-47","16":"product_tag-marke-dockers","17":"product_tag-neu","19":"first","20":"instock","21":"taxable","22":"shipping-taxable","23":"purchasable","24":"product-type-variable"},"_links":{"self":[{"href":"https:\/\/schuhewiebarfuss.at\/shop\/wp-json\/wp\/v2\/product\/854677","targetHints":{"allow":["GET"]}}],"collection":[{"href":"https:\/\/schuhewiebarfuss.at\/shop\/wp-json\/wp\/v2\/product"}],"about":[{"href":"https:\/\/schuhewiebarfuss.at\/shop\/wp-json\/wp\/v2\/types\/product"}],"replies":[{"embeddable":true,"href":"https:\/\/schuhewiebarfuss.at\/shop\/wp-json\/wp\/v2\/comments?post=854677"}],"wp:attachment":[{"href":"https:\/\/schuhewiebarfuss.at\/shop\/wp-json\/wp\/v2\/media?parent=854677"}],"wp:term":[{"taxonomy":"product_brand","embeddable":true,"href":"https:\/\/schuhewiebarfuss.at\/shop\/wp-json\/wp\/v2\/product_brand?post=854677"},{"taxonomy":"product_cat","embeddable":true,"href":"https:\/\/schuhewiebarfuss.at\/shop\/wp-json\/wp\/v2\/product_cat?post=854677"},{"taxonomy":"product_tag","embeddable":true,"href":"https:\/\/schuhewiebarfuss.at\/shop\/wp-json\/wp\/v2\/product_tag?post=854677"}],"curies":[{"name":"wp","href":"https:\/\/api.w.org\/{rel}","templated":true}]}}