{"id":853129,"date":"2025-10-25T18:42:38","date_gmt":"2025-10-25T16:42:38","guid":{"rendered":"https:\/\/schuhewiebarfuss.at\/shop\/produkt\/dockers-56mh208\/"},"modified":"2026-04-20T21:03:51","modified_gmt":"2026-04-20T19:03:51","slug":"dockers-56mh208","status":"publish","type":"product","link":"https:\/\/schuhewiebarfuss.at\/shop\/produkt\/dockers-56mh208\/","title":{"rendered":"Dockers 56MH208"},"content":{"rendered":"<p>Entdecken Sie den ultimativen Komfort mit den Dockers by Gerli Damen Barfu\u00dfschuhen. Diese Schuh vereint modernes Design und Bequemlichkeit, um Ihren Schritten den perfekten Begleiter zu bieten. Die Barfu\u00dfschuhe haben nicht nur einen sportlichen Look, sondern sorgt zus\u00e4tzlich mit einer leicht gepolsterten Decksohle f\u00fcr ein H\u00f6chstma\u00df an Komfort. Ganz gleich, ob Sie durch die Stadt schlendern oder einen aktiven Tag planen, diese Schuhe bieten Ihnen den Halt, den Sie ben\u00f6tigen. Mit Dockers by Gerli setzen Sie auf Qualit\u00e4t und modernes Design. Diese Damen Sportsneaker vereinen Funktionalit\u00e4t mit einem zeitlosen Look und passen perfekt zu verschiedenen Outfits. Egal, ob Sie sie zu Jeans, R\u00f6cken oder Kleidern kombinieren \u2013 diese Barfu\u00dfschuhe vervollst\u00e4ndigen Ihren Look auf stilvolle Weise. Investieren Sie in Ihre Fu\u00dfgesundheit und g\u00f6nnen Sie sich das Vergn\u00fcgen von Dockers by Gerli Damen Barfu\u00dfschuhen.<\/p>\n<p>Die Dockers by Gerli Sportsneaker sind stylisch, bequem und vielseitig \u2013 perfekt f\u00fcr m\u00fchelosen Komfort und zeitlosen Stil! Diese Damenschuhe haben einen Low-Cut-Schnitt, was bedeutet, dass sie unter dem Kn\u00f6chel des Tr\u00e4gers enden. Das Obermaterial wurde aus Synthetik gefertigt und wurde mit der Dockers Markenaufschrift an der Ferse versehen, welche ein echter Hingucker ist. Durch die elastischen Schn\u00fcrsenkel l\u00e4sst der Schuh sich kinderleicht und optimal an den Fu\u00df anpassen. Der Schaft ist zudem angenehm gepolstert und sorgt f\u00fcr ein tolles Tragegef\u00fchl. Der verst\u00e4rkte Fersenbereich und der gepolsterte Einstieg sorgen f\u00fcr Stabilit\u00e4t und Halt, ideal f\u00fcr den Alltag. Das Innenfutter und die gepolsterte Decksohle aus Textil sorgen f\u00fcr ein angenehmes Tragegef\u00fchl. Durch die extrem flache Gummi-\/Synthetik-Laufsohle mit Profil ist der Schuh super flexibel und weich, wodurch mehr Kontakt zum Untergrund f\u00fcr ein absolutes Barfu\u00dfgef\u00fchl entsteht. Die gummierte Sohle ist besonders d\u00fcnn und flexibel, bietet aber durch die Profilierung trotzdem sicheren Halt und Rutschfestigkeit.<\/p>\n<p>Diese Schuhe werden dich absolut begeistern! Dieser Sportsneaker von Dockers by Gerli begeistert dadurch, dass er ganz besonders flexibel und leicht ist. Sie \u00fcberzeugen mit ihrem sportlichen Design und hohem Tragekomfort, w\u00e4hrend das geringe Gewicht den Schuh angenehm leicht macht. Ein vielseitiger Schuh, der durch seine schlichte Eleganz und Funktionalit\u00e4t \u00fcberzeugt und sich perfekt f\u00fcr den t\u00e4glichen Einsatz eignet. Superleicht und Superbequem. Mit diesem Modell kommen Sie einem nat\u00fcrlichen Barfu\u00df-Laufgef\u00fchl m\u00f6glichst nahe, sowohl beim Sport als auch im Alltag. Entdecke pure Leichtigkeit f\u00fcr deine F\u00fc\u00dfe.<\/p>\n<p>&#8211; modische Sneaker<br \/>\n&#8211; aus leichtem, flexiblem Mesh<br \/>\n&#8211; Superleicht und Superbequem<br \/>\n&#8211; super d\u00fcnne und flexible Laufsohle mit Profil<br \/>\n&#8211; verst\u00e4rkter Fersenbereich, gepolsterter Einstieg<br \/>\n&#8211; elastische Schn\u00fcrsenkel machen den Schuh zum Slip-On<br \/>\n&#8211; kleine Textilschlaufe an der Ferse<br \/>\n&#8211; mit diesem Barfu\u00dfschuh l\u00e4ufst du wie auf Wolken<br \/>\n&#8211; die Schuhe sind nicht Waschmaschinen\/Trockner geeignet, nur Handw\u00e4sche<\/p>\n<p>Materialdetails:<\/p>\n<p>Obermaterial: Synthetik (Mesh\/Netz)<br \/>\nInnenfutter: Textil<br \/>\nSohle: Gummi und Synthetik,  rutschfeste Profilsohle<br \/>\nInnensohle: Synthetik und Textil, gepolsterte Decksohle<br \/>\nAbsatz: Nullabsatz, keine H\u00f6hendifferenz zwischen Ferse und Vorderfu\u00df<br \/>\nVerschluss: Elastische Schn\u00fcrsenkel<br \/>\nBesonderheiten: super flexibel, weich und leicht, atmungsaktiv, verst\u00e4rkter Fersenbereich, gepolsterter Einstieg<br \/>\nSchuhbreite: Standard bis schmal<br \/>\nHergestellt in Vietnam<\/p>\n<p>Gr\u00f6\u00dfenausfall: F\u00e4llt gr\u00f6\u00dfengetreu aus<\/p>\n<p>Innensohle &#8211; L\u00e4nge\/Breite (mm):<\/p>\n<p>Gr\u00f6\u00dfe: 36 &#8211; L\u00e4nge: 225 mm &#8211; Breite: 80 mm<br \/>\nGr\u00f6\u00dfe: 37 &#8211; L\u00e4nge: 234 mm &#8211; Breite: 82 mm<br \/>\nGr\u00f6\u00dfe: 38 &#8211; L\u00e4nge: 238 mm &#8211; Breite: 84 mm<br \/>\nGr\u00f6\u00dfe: 39 &#8211; L\u00e4nge: 246 mm &#8211; Breite: 86 mm<br \/>\nGr\u00f6\u00dfe: 40 &#8211; L\u00e4nge: 251 mm &#8211; Breite: 87 mm<br \/>\nGr\u00f6\u00dfe: 41 &#8211; L\u00e4nge: 258 mm &#8211; Breite: 89 mm<br \/>\nGr\u00f6\u00dfe: 42 &#8211; L\u00e4nge: 265 mm &#8211; Breite: 91 mm<\/p>\n<p><b>Audio-Beschreibung<\/b><br \/><audio controls src=\"https:\/\/schuhewiebarfuss.at\/shop\/wp-content\/uploads\/lk\/9740_audio.wav\"><br \/>\n                                            Ihr Browser unterst\u00fctzt diese Audio-Ausgabe leider nicht.<br \/>\n                                            <\/ audio ><\/p>\n","protected":false},"excerpt":{"rendered":"<p>Dockers 56MH208<\/p>\n<p>Sportliches Design mit ultimativen Komfort. Ein unverzichtbarer Begleiter f\u00fcr modebewusste Frauen.<\/p>\n","protected":false},"featured_media":862651,"comment_status":"open","ping_status":"closed","template":"","meta":[],"product_brand":[],"product_cat":[832],"product_tag":[1368,1373,1374,1375,1376,1377,3116,1382],"class_list":{"0":"post-853129","1":"product","2":"type-product","3":"status-publish","4":"has-post-thumbnail","6":"product_cat-sport-1","7":"product_tag-groesse-37","8":"product_tag-groesse-38","9":"product_tag-groesse-39","10":"product_tag-groesse-40","11":"product_tag-groesse-41","12":"product_tag-groesse-42","13":"product_tag-marke-dockers","14":"product_tag-neu","16":"first","17":"instock","18":"taxable","19":"shipping-taxable","20":"purchasable","21":"product-type-variable"},"_links":{"self":[{"href":"https:\/\/schuhewiebarfuss.at\/shop\/wp-json\/wp\/v2\/product\/853129","targetHints":{"allow":["GET"]}}],"collection":[{"href":"https:\/\/schuhewiebarfuss.at\/shop\/wp-json\/wp\/v2\/product"}],"about":[{"href":"https:\/\/schuhewiebarfuss.at\/shop\/wp-json\/wp\/v2\/types\/product"}],"replies":[{"embeddable":true,"href":"https:\/\/schuhewiebarfuss.at\/shop\/wp-json\/wp\/v2\/comments?post=853129"}],"wp:featuredmedia":[{"embeddable":true,"href":"https:\/\/schuhewiebarfuss.at\/shop\/wp-json\/wp\/v2\/media\/862651"}],"wp:attachment":[{"href":"https:\/\/schuhewiebarfuss.at\/shop\/wp-json\/wp\/v2\/media?parent=853129"}],"wp:term":[{"taxonomy":"product_brand","embeddable":true,"href":"https:\/\/schuhewiebarfuss.at\/shop\/wp-json\/wp\/v2\/product_brand?post=853129"},{"taxonomy":"product_cat","embeddable":true,"href":"https:\/\/schuhewiebarfuss.at\/shop\/wp-json\/wp\/v2\/product_cat?post=853129"},{"taxonomy":"product_tag","embeddable":true,"href":"https:\/\/schuhewiebarfuss.at\/shop\/wp-json\/wp\/v2\/product_tag?post=853129"}],"curies":[{"name":"wp","href":"https:\/\/api.w.org\/{rel}","templated":true}]}}