{"id":851917,"date":"2025-10-23T12:42:19","date_gmt":"2025-10-23T10:42:19","guid":{"rendered":"https:\/\/schuhewiebarfuss.at\/shop\/produkt\/koalastyle\/"},"modified":"2026-03-06T20:00:45","modified_gmt":"2026-03-06T19:00:45","slug":"koalastyle","status":"publish","type":"product","link":"https:\/\/schuhewiebarfuss.at\/shop\/produkt\/koalastyle\/","title":{"rendered":"koalaStyle"},"content":{"rendered":"<p>Bereit f\u00fcr jedes Winterabenteuer \u2013 unser veganer koalaSTYLE kombiniert Funktionalit\u00e4t, W\u00e4rme und Nachhaltigkeit in einem kindgerechten Design! Klettern, toben, spielen \u2013 mit dem robusten Obermaterial aus veganem Textil in Velourslederoptik und strapazierf\u00e4higem Textil mit TEX-Membran ist das alles kein Problem. Innen sorgt weiche, vegane Synthetik-Wolle f\u00fcr kuschelig warme F\u00fc\u00dfe, w\u00e4hrend reflektierende Elemente die Sichtbarkeit erh\u00f6hen. Die flexible Barfu\u00dfsohle bietet nat\u00fcrlichen Bewegungsfreiraum und h\u00f6chsten Tragekomfort \u2013 perfekt f\u00fcr aktive Kinderf\u00fc\u00dfe. <\/p>\n<p>Hinweis:<\/p>\n<p>&#8211; Die Sohle ist f\u00fcr das Tragen auf der Stra\u00dfe geeignet.<br \/>\n&#8211; Die Minimalsohle dieses Schuhs ist naturgem\u00e4\u00df sehr d\u00fcnn und generell nicht geeignet f\u00fcr Tretroller, zum Skaten, oder alle anderen Aktivit\u00e4ten, wo der Schuh \u00fcber den Asphalt geschliffen oder \u00e4hnlicher starker Reibung ausgesetzt wird.<br \/>\n&#8211; Nullsohle bedeutet: die Sohle des Schuhs ist \u00fcberall gleich dick, es gibt kein &#8222;Gef\u00e4lle&#8220;. Das ist gut f\u00fcr die K\u00f6rperhaltung.<br \/>\n&#8211; Der Hersteller konnte uns glaubhaft versichern, da\u00df er faire Arbeitsbedingungen gew\u00e4hrleistet. Das bedeutet: Arbeitsschutzgesetze sowie orts\u00fcbliche faire Bezahlung sind sichergestellt.<br \/>\n&#8211; Dieser Schuh ist wasserfest. Pf\u00fctzenhopsen ist damit aber auf dauer nicht ratsam.<br \/>\n&#8211; Nachhaltige und faire Produktion in Portugal<br \/>\n&#8211; Alle Materialien stammen aus Europa und werden auch nur hier weiterverarbeitet<br \/>\n&#8211; Alle Materialien sind m\u00f6glichst schadstofffrei (kbA, GOTS, \u00d6ko-Tex, CADS, sowie pflanzlich gegerbte Bio Leder)<\/p>\n<p>Materialdetails:<\/p>\n<p>Obermaterial: Textil<br \/>\nInnenfutter: Warmfutter (vegan)<br \/>\nSohle: Gummi-Profilsohle (60% synth.\/40% organic)<br \/>\nInnensohle: Fleece vegan (PET), herausnehmbar<br \/>\nAbsatz: Nullabsatz, keine H\u00f6hendifferenz zwischen Ferse und Vorderfu\u00df<br \/>\nVerschluss: Klettverschluss<br \/>\nBesonderheiten: wasserfest (TEX-Membran), Pflegeleicht, flexibel, mit verschiedenen Applikationen<br \/>\nPassform: normale bis mittlere Breite, normaler Rist<br \/>\nMaterialhinweis: Frei von sch\u00e4dlichen Materialien (gepr\u00fcft!)<br \/>\nGeeignet f\u00fcr Kinder im Alltag, Kindergarten oder Spielplatz<br \/>\nIdeal f\u00fcr Wintertage<br \/>\nHergestellt in Portugal &#8211; Dieses Produkt wird in der EU gefertigt, und das finden wir super!<\/p>\n<p>Hinweis: Kleine Kratzer, minimale Farbabweichungen, Insektenstiche oder \u00c4hnliche geh\u00f6ren zu den Merkmalen des verwendeten Bio-Leders und geben keinen Grund zur Reklamation. <\/p>\n<p>Pflegehinweis:<\/p>\n<p>Bioleder kann gewissen Merkmale wie Insektenstiche, Kratzer oder leichte Farbunterschiede aufweisen, welche aber zum einmaligen und nat\u00fcrlichen Charakter geh\u00f6ren. Jeder einzelne Schuh ist ein handgefertigtes Unikat, welcher die Handschrift des\/der Mitarbeiter*in tr\u00e4gt. Socken k\u00f6nnen sich bei starkem Schwitzen verf\u00e4rben. Um eine lange Haltbarkeit unseres Bioleders zu gew\u00e4hrleisten, ist ein guter Schutz vor N\u00e4sse und Feuchtigkeit essentiell.<\/p>\n<p>Bitte wasche deinen Schuh nicht in der Waschmaschine und s\u00e4ubere ihn nur mit einem geeigneten Reinigungsmittel. Wir empfehlen die Innensohle regelm\u00e4\u00dfig zum L\u00fcften aus dem Schuh zu nehmen und Staun\u00e4sse somit zu vermeiden. F\u00fcr optimale Produkteigenschaften sollten unsere Schuhe vor dem Einsatz impr\u00e4gniert werden, dies ist vor allem bei Schuhen mit Textilanteil wichtig.<\/p>\n<p>Tipp: Vor dem ersten Tragen und danach regelm\u00e4\u00dfig, gut impr\u00e4gnieren. <\/p>\n<p>Innensohle &#8211; L\u00e4nge\/Breite (mm):<\/p>\n<p>Gr\u00f6\u00dfe: 20 &#8211; Fu\u00dfl\u00e4nge: 133 mm &#8211; Zehenbreite: 61 mm &#8211; Fersenbreite: 40 mm<br \/>\nGr\u00f6\u00dfe: 21 &#8211; Fu\u00dfl\u00e4nge: 140 mm &#8211; Zehenbreite: 62 mm &#8211; Fersenbreite: 41 mm<br \/>\nGr\u00f6\u00dfe: 22 &#8211; Fu\u00dfl\u00e4nge: 146 mm &#8211; Zehenbreite: 64 mm &#8211; Fersenbreite: 42 mm<br \/>\nGr\u00f6\u00dfe: 23 &#8211; Fu\u00dfl\u00e4nge: 153 mm &#8211; Zehenbreite: 65 mm &#8211; Fersenbreite: 43 mm<br \/>\nGr\u00f6\u00dfe: 24 &#8211; Fu\u00dfl\u00e4nge: 160 mm &#8211; Zehenbreite: 66 mm &#8211; Fersenbreite: 44 mm<br \/>\nGr\u00f6\u00dfe: 25 &#8211; Fu\u00dfl\u00e4nge: 167 mm &#8211; Zehenbreite: 67 mm &#8211; Fersenbreite: 45 mm<\/p>\n<p>Hersteller:<\/p>\n<p>bLIFESTYLE GmbH<br \/>\nDornierstr. 4<br \/>\n71069 Sindelfingen<br \/>\nDeutschland<br \/>\nE-Mail: info@blifestyle.de<br \/>\nWebseite: www.blifetsyle.de<\/p>\n<p><b>Audio-Beschreibung<\/b><br \/><audio controls src=\"https:\/\/schuhewiebarfuss.at\/shop\/wp-content\/uploads\/lk\/9808_audio.wav\"><br \/>\n                                            Ihr Browser unterst\u00fctzt diese Audio-Ausgabe leider nicht.<br \/>\n                                            <\/ audio ><\/p>\n","protected":false},"excerpt":{"rendered":"<p>bLifestyle KOALASTYLE<\/p>\n<p>Bereit f\u00fcr jedes Winterabenteuer: Funktionalit\u00e4t, W\u00e4rme und Nachhaltigkeit in einem kindgerechten Design!<\/p>\n","protected":false},"featured_media":866671,"comment_status":"open","ping_status":"closed","template":"","meta":[],"product_brand":[],"product_cat":[848],"product_tag":[1479,1371,1570,1600,1408,3039,1385,1390,1391,1392,1393,1394,2447,1382],"class_list":{"0":"post-851917","1":"product","2":"type-product","3":"status-publish","4":"has-post-thumbnail","6":"product_cat-winterschuhe-1","7":"product_tag-farbe-blau","8":"product_tag-farbe-grau","9":"product_tag-farbe-gruen","10":"product_tag-farbe-rot","11":"product_tag-farbe-schwarz","12":"product_tag-farbe-violet","13":"product_tag-groesse-20","14":"product_tag-groesse-21","15":"product_tag-groesse-22","16":"product_tag-groesse-23","17":"product_tag-groesse-24","18":"product_tag-groesse-25","19":"product_tag-marke-blifestyle","20":"product_tag-neu","22":"first","23":"instock","24":"taxable","25":"shipping-taxable","26":"purchasable","27":"product-type-variable"},"_links":{"self":[{"href":"https:\/\/schuhewiebarfuss.at\/shop\/wp-json\/wp\/v2\/product\/851917","targetHints":{"allow":["GET"]}}],"collection":[{"href":"https:\/\/schuhewiebarfuss.at\/shop\/wp-json\/wp\/v2\/product"}],"about":[{"href":"https:\/\/schuhewiebarfuss.at\/shop\/wp-json\/wp\/v2\/types\/product"}],"replies":[{"embeddable":true,"href":"https:\/\/schuhewiebarfuss.at\/shop\/wp-json\/wp\/v2\/comments?post=851917"}],"wp:featuredmedia":[{"embeddable":true,"href":"https:\/\/schuhewiebarfuss.at\/shop\/wp-json\/wp\/v2\/media\/866671"}],"wp:attachment":[{"href":"https:\/\/schuhewiebarfuss.at\/shop\/wp-json\/wp\/v2\/media?parent=851917"}],"wp:term":[{"taxonomy":"product_brand","embeddable":true,"href":"https:\/\/schuhewiebarfuss.at\/shop\/wp-json\/wp\/v2\/product_brand?post=851917"},{"taxonomy":"product_cat","embeddable":true,"href":"https:\/\/schuhewiebarfuss.at\/shop\/wp-json\/wp\/v2\/product_cat?post=851917"},{"taxonomy":"product_tag","embeddable":true,"href":"https:\/\/schuhewiebarfuss.at\/shop\/wp-json\/wp\/v2\/product_tag?post=851917"}],"curies":[{"name":"wp","href":"https:\/\/api.w.org\/{rel}","templated":true}]}}