{"id":851009,"date":"2025-10-21T18:13:22","date_gmt":"2025-10-21T16:13:22","guid":{"rendered":"https:\/\/schuhewiebarfuss.at\/shop\/produkt\/camel-active-54ilv15-203660-blau\/"},"modified":"2026-03-06T19:58:42","modified_gmt":"2026-03-06T18:58:42","slug":"camel-active-54ilv15-203660-blau","status":"publish","type":"product","link":"https:\/\/schuhewiebarfuss.at\/shop\/produkt\/camel-active-54ilv15-203660-blau\/","title":{"rendered":"Camel Active 54ILV15-203660 Blau"},"content":{"rendered":"<p>Dieser camel active Damen-Sneaker kombiniert modernes Design mit funktionaler Leichtigkeit. Das Obermaterial aus Leder und Textil, sowie das warme Textil-Innenfutter sorgt f\u00fcr eine angenehme Passform und macht den Schuh besonders Wetterfest. Die flache, flexible Laufsohle bietet optimalen Halt und unterst\u00fctzt nat\u00fcrliche Bewegungen. Dank der herausnehmbaren Woll-Innensohle l\u00e4sst sich der Sneaker individuell anpassen oder mit eigenen Einlagen tragen. Die klassische Schn\u00fcrung sorgt f\u00fcr einen sicheren Sitz, w\u00e4hrend die gedeckten Farbt\u00f6ne den Schuh vielseitig kombinierbar machen \u2013 perfekt f\u00fcr den Alltag und entspannte Freizeitlooks im Winter.<\/p>\n<p>&#8211; Obermaterial aus Leder und Textil f\u00fcr gute W\u00e4rmeisolierung<br \/>\n&#8211; Flexible Laufsohle f\u00fcr sicheren Halt auf verschiedenen Untergr\u00fcnden<br \/>\n&#8211; camel active Logos an der Seite und an der Ferse<br \/>\n&#8211; Herausnehmbare Innensohle f\u00fcr individuelle Anpassung<br \/>\n&#8211; Vielseitiges Design f\u00fcr sportliche und l\u00e4ssige Looks<br \/>\n&#8211; Wetterfest f\u00fcr kalte Wintertage<\/p>\n<p>Materialdetails:<\/p>\n<p>Obermaterial: Leder\/Textil<br \/>\nInnenfutter: Textil (Warmfutter)<br \/>\nSohle: Gummi\/Synthetik<br \/>\nInnensohle: Textil (Warmfutter)<br \/>\nAbsatz: Nullabsatz, keine H\u00f6hendifferenz zwischen Ferse und Vorderfu\u00df<br \/>\nVerschluss: Schn\u00fcrsenkel<br \/>\nBesonderheiten: super flexibel, weich, Wasserfest<\/p>\n<p>L\u00e4nge\/Breite (mm):<\/p>\n<p>Gr\u00f6\u00dfe: 36 &#8211; optimale Fu\u00dfl\u00e4nge: 225 mm &#8211; L\u00e4nge der Einlegesohle: 240 mm<br \/>\nGr\u00f6\u00dfe: 37 &#8211; optimale Fu\u00dfl\u00e4nge: 231,6 mm &#8211; L\u00e4nge der Einlegesohle: 245 mm<br \/>\nGr\u00f6\u00dfe: 38 &#8211; optimale Fu\u00dfl\u00e4nge: 238,3 mm &#8211; L\u00e4nge der Einlegesohle: 255 mm<br \/>\nGr\u00f6\u00dfe: 39 &#8211; optimale Fu\u00dfl\u00e4nge: 245 mm &#8211; L\u00e4nge der Einlegesohle: 260 mm<br \/>\nGr\u00f6\u00dfe: 40 &#8211; optimale Fu\u00dfl\u00e4nge: 251,6 mm &#8211; L\u00e4nge der Einlegesohle: 265 mm<br \/>\nGr\u00f6\u00dfe: 41 &#8211; optimale Fu\u00dfl\u00e4nge: 258,3 mm &#8211; L\u00e4nge der Einlegesohle: 275 mm<br \/>\nGr\u00f6\u00dfe: 42 &#8211; optimale Fu\u00dfl\u00e4nge: 265 mm &#8211; L\u00e4nge der Einlegesohle: 280 mm<\/p>\n<p>Produktnummer: 54ILV15-203-660<br \/>\nHerstellerangaben: Schuh-Import und Export Gerli GmbH<\/p>\n<p>Herstelleradresse:<br \/>\nSchuh-Import und Export Gerli GmbH<br \/>\nH\u00f6hstra\u00dfe 31<br \/>\n66978 Merzalben<br \/>\nKontakt:<br \/>\nservice@bueltel.com<\/p>\n<p><b>Audio-Beschreibung<\/b><br \/><audio controls src=\"https:\/\/schuhewiebarfuss.at\/shop\/wp-content\/uploads\/lk\/9729_audio.wav\"><br \/>\n                                            Ihr Browser unterst\u00fctzt diese Audio-Ausgabe leider nicht.<br \/>\n                                            <\/ audio ><\/p>\n","protected":false},"excerpt":{"rendered":"<p>Camel Active 54ILV15-203660<\/p>\n<p>Warmer Alltags- und Freizeitsneaker f\u00fcr kalte Wintertage<\/p>\n","protected":false},"featured_media":851854,"comment_status":"open","ping_status":"closed","template":"","meta":[],"product_brand":[],"product_cat":[834],"product_tag":[1362,1368,1373,1374,1375,1376,1377,3114,1382],"class_list":{"0":"post-851009","1":"product","2":"type-product","3":"status-publish","4":"has-post-thumbnail","6":"product_cat-winterschuhe-4","7":"product_tag-groesse-36","8":"product_tag-groesse-37","9":"product_tag-groesse-38","10":"product_tag-groesse-39","11":"product_tag-groesse-40","12":"product_tag-groesse-41","13":"product_tag-groesse-42","14":"product_tag-marke-camel-active","15":"product_tag-neu","17":"first","18":"instock","19":"taxable","20":"shipping-taxable","21":"purchasable","22":"product-type-variable"},"_links":{"self":[{"href":"https:\/\/schuhewiebarfuss.at\/shop\/wp-json\/wp\/v2\/product\/851009","targetHints":{"allow":["GET"]}}],"collection":[{"href":"https:\/\/schuhewiebarfuss.at\/shop\/wp-json\/wp\/v2\/product"}],"about":[{"href":"https:\/\/schuhewiebarfuss.at\/shop\/wp-json\/wp\/v2\/types\/product"}],"replies":[{"embeddable":true,"href":"https:\/\/schuhewiebarfuss.at\/shop\/wp-json\/wp\/v2\/comments?post=851009"}],"wp:featuredmedia":[{"embeddable":true,"href":"https:\/\/schuhewiebarfuss.at\/shop\/wp-json\/wp\/v2\/media\/851854"}],"wp:attachment":[{"href":"https:\/\/schuhewiebarfuss.at\/shop\/wp-json\/wp\/v2\/media?parent=851009"}],"wp:term":[{"taxonomy":"product_brand","embeddable":true,"href":"https:\/\/schuhewiebarfuss.at\/shop\/wp-json\/wp\/v2\/product_brand?post=851009"},{"taxonomy":"product_cat","embeddable":true,"href":"https:\/\/schuhewiebarfuss.at\/shop\/wp-json\/wp\/v2\/product_cat?post=851009"},{"taxonomy":"product_tag","embeddable":true,"href":"https:\/\/schuhewiebarfuss.at\/shop\/wp-json\/wp\/v2\/product_tag?post=851009"}],"curies":[{"name":"wp","href":"https:\/\/api.w.org\/{rel}","templated":true}]}}