{"id":851005,"date":"2025-10-21T17:47:42","date_gmt":"2025-10-21T15:47:42","guid":{"rendered":"https:\/\/schuhewiebarfuss.at\/shop\/produkt\/camel-active-54ila03-706650-blau\/"},"modified":"2026-03-01T20:08:37","modified_gmt":"2026-03-01T19:08:37","slug":"camel-active-54ila03-706650-blau","status":"publish","type":"product","link":"https:\/\/schuhewiebarfuss.at\/shop\/produkt\/camel-active-54ila03-706650-blau\/","title":{"rendered":"Camel Active 54ILA03-706650 Blau"},"content":{"rendered":"<p>Dieser camel active Herren-Sneaker kombiniert modernes Design mit funktionaler Leichtigkeit. Das Obermaterial aus Textil und Synthetik sorgt f\u00fcr eine angenehme Passform und macht den Schuh besonders atmungsaktiv. Die flache, flexible Laufsohle bietet optimalen Halt und unterst\u00fctzt nat\u00fcrliche Bewegungen. Dank der herausnehmbaren Innensohle l\u00e4sst sich der Sneaker individuell anpassen oder mit eigenen Einlagen tragen. Die klassische Schn\u00fcrung sorgt f\u00fcr einen sicheren Sitz, w\u00e4hrend die gedeckten Farbt\u00f6ne den Schuh vielseitig kombinierbar machen \u2013 perfekt f\u00fcr den Alltag und entspannte Freizeitlooks.<\/p>\n<p>&#8211; Obermaterial aus Textil und Synthetik f\u00fcr gute Luftzirkulation<br \/>\n&#8211; Flexible Laufsohle f\u00fcr sicheren Halt auf verschiedenen Untergr\u00fcnden<br \/>\n&#8211; camel active Logos an der Seite und an der Ferse<br \/>\n&#8211; Herausnehmbare Innensohle f\u00fcr individuelle Anpassung<br \/>\n&#8211; Vielseitiges Design f\u00fcr sportliche und l\u00e4ssige Looks<\/p>\n<p>Materialdetails:<\/p>\n<p>Obermaterial: Synthetik<br \/>\nInnenfutter: Textil<br \/>\nSohle: Gummi<br \/>\nInnensohle: Leder<br \/>\nAbsatz: Nullabsatz, keine H\u00f6hendifferenz zwischen Ferse und Vorderfu\u00df<br \/>\nVerschluss: Schn\u00fcrsenkel<br \/>\nBesonderheiten: super flexibel, weich, atmungsaktiv<\/p>\n<p>L\u00e4nge\/Breite (mm):<\/p>\n<p>Gr\u00f6\u00dfe: 40 &#8211; optimale Fu\u00dfl\u00e4nge: 251,6 mm &#8211; L\u00e4nge der Einlegesohle: 265 mm<br \/>\nGr\u00f6\u00dfe: 41 &#8211; optimale Fu\u00dfl\u00e4nge: 258,3 mm &#8211; L\u00e4nge der Einlegesohle: 275 mm<br \/>\nGr\u00f6\u00dfe: 42 &#8211; optimale Fu\u00dfl\u00e4nge: 265 mm &#8211; L\u00e4nge der Einlegesohle: 280 mm<br \/>\nGr\u00f6\u00dfe: 43 &#8211; optimale Fu\u00dfl\u00e4nge: 271,6 mm &#8211; L\u00e4nge der Einlegesohle: 285 mm<br \/>\nGr\u00f6\u00dfe: 44 &#8211; optimale Fu\u00dfl\u00e4nge: 278,3 mm &#8211; L\u00e4nge der Einlegesohle: 295 mm<br \/>\nGr\u00f6\u00dfe: 45 &#8211; optimale Fu\u00dfl\u00e4nge: 285 mm &#8211; L\u00e4nge der Einlegesohle: 300 mm<\/p>\n<p>Produktnummer: 54ILA03-0706-650-41<br \/>\nHerstellerangaben: Schuh-Import und Export Gerli GmbH<\/p>\n<p>Herstelleradresse:<br \/>\nSchuh-Import und Export Gerli GmbH<br \/>\nH\u00f6hstra\u00dfe 31<br \/>\n66978 Merzalben<br \/>\nKontakt:<\/p>\n<p><b>Audio-Beschreibung<\/b><br \/><audio controls src=\"https:\/\/schuhewiebarfuss.at\/shop\/wp-content\/uploads\/lk\/9731_audio.wav\"><br \/>\n                                            Ihr Browser unterst\u00fctzt diese Audio-Ausgabe leider nicht.<br \/>\n                                            <\/ audio ><\/p>\n","protected":false},"excerpt":{"rendered":"<p>Camel Active 54ILA03-706650<\/p>\n<p>Freizeit\/Sport-Sneaker mit super flexibler Laufsohle<\/p>\n","protected":false},"featured_media":856601,"comment_status":"open","ping_status":"closed","template":"","meta":[],"product_brand":[],"product_cat":[838],"product_tag":[1375,1376,1377,1378,1379,1380,3114,1382],"class_list":{"0":"post-851005","1":"product","2":"type-product","3":"status-publish","4":"has-post-thumbnail","6":"product_cat-sport-3","7":"product_tag-groesse-40","8":"product_tag-groesse-41","9":"product_tag-groesse-42","10":"product_tag-groesse-43","11":"product_tag-groesse-44","12":"product_tag-groesse-45","13":"product_tag-marke-camel-active","14":"product_tag-neu","16":"first","17":"instock","18":"taxable","19":"shipping-taxable","20":"purchasable","21":"product-type-variable"},"_links":{"self":[{"href":"https:\/\/schuhewiebarfuss.at\/shop\/wp-json\/wp\/v2\/product\/851005","targetHints":{"allow":["GET"]}}],"collection":[{"href":"https:\/\/schuhewiebarfuss.at\/shop\/wp-json\/wp\/v2\/product"}],"about":[{"href":"https:\/\/schuhewiebarfuss.at\/shop\/wp-json\/wp\/v2\/types\/product"}],"replies":[{"embeddable":true,"href":"https:\/\/schuhewiebarfuss.at\/shop\/wp-json\/wp\/v2\/comments?post=851005"}],"wp:featuredmedia":[{"embeddable":true,"href":"https:\/\/schuhewiebarfuss.at\/shop\/wp-json\/wp\/v2\/media\/856601"}],"wp:attachment":[{"href":"https:\/\/schuhewiebarfuss.at\/shop\/wp-json\/wp\/v2\/media?parent=851005"}],"wp:term":[{"taxonomy":"product_brand","embeddable":true,"href":"https:\/\/schuhewiebarfuss.at\/shop\/wp-json\/wp\/v2\/product_brand?post=851005"},{"taxonomy":"product_cat","embeddable":true,"href":"https:\/\/schuhewiebarfuss.at\/shop\/wp-json\/wp\/v2\/product_cat?post=851005"},{"taxonomy":"product_tag","embeddable":true,"href":"https:\/\/schuhewiebarfuss.at\/shop\/wp-json\/wp\/v2\/product_tag?post=851005"}],"curies":[{"name":"wp","href":"https:\/\/api.w.org\/{rel}","templated":true}]}}