{"id":850983,"date":"2025-10-21T17:13:37","date_gmt":"2025-10-21T15:13:37","guid":{"rendered":"https:\/\/schuhewiebarfuss.at\/shop\/produkt\/polarfuchsstyle-tex\/"},"modified":"2026-03-06T19:59:31","modified_gmt":"2026-03-06T18:59:31","slug":"polarfuchsstyle-tex","status":"publish","type":"product","link":"https:\/\/schuhewiebarfuss.at\/shop\/produkt\/polarfuchsstyle-tex\/","title":{"rendered":"polarfuchsStyle TEX"},"content":{"rendered":"<p>polarfuchsSTYLE unser sportlich-klassischer Winterstiefel f\u00fcr alle, die W\u00e4rme, Schutz und Barfu\u00dfgef\u00fchl kombinieren m\u00f6chten! Mit seinem weichen Futter aus mulesing-freier Wolle, der rutschfesten Wintersohle und der integrierten TEX-Membran h\u00e4lt der polarfuchsSTYLE kleine F\u00fc\u00dfe auch an kalten Tagen trocken und warm. Gleichzeitig bleibt der Schuh dank der flexiblen Barfu\u00dfsohle super beweglich \u2013 f\u00fcr maximalen Komfort bei jedem Schritt. Mit dieser rutschfesten Wintersohle mit starkem Profil meistert er Schnee, Eis und Matsch mit Leichtigkeit &#8211; ideal f\u00fcr aktives Spielen bei jedem Wetter.<\/p>\n<p>Tipp: Wir empfehlen, den polarfuchsSTYLE eine Nummer gr\u00f6\u00dfer zu bestellen, da durch das Futter und dicke Socken etwas mehr Platz ben\u00f6tigt wird. Vor dem ersten Tragen und danach regelm\u00e4\u00dfig, gut impr\u00e4gnieren. <\/p>\n<p>Hinweis:<\/p>\n<p>&#8211; Die Sohle ist f\u00fcr das Tragen auf der Stra\u00dfe geeignet.<br \/>\n&#8211; Die Minimalsohle dieses Schuhs ist naturgem\u00e4\u00df sehr d\u00fcnn und generell nicht geeignet f\u00fcr Tretroller, zum Skaten, oder alle anderen Aktivit\u00e4ten, wo der Schuh \u00fcber den Asphalt geschliffen oder \u00e4hnlicher starker Reibung ausgesetzt wird.<br \/>\n&#8211; Nullsohle bedeutet: die Sohle des Schuhs ist \u00fcberall gleich dick, es gibt kein &#8222;Gef\u00e4lle&#8220;. Das ist gut f\u00fcr die K\u00f6rperhaltung.<br \/>\n&#8211; Der Hersteller konnte uns glaubhaft versichern, da\u00df er faire Arbeitsbedingungen gew\u00e4hrleistet. Das bedeutet: Arbeitsschutzgesetze sowie orts\u00fcbliche faire Bezahlung sind sichergestellt.<br \/>\n&#8211; Dieser Schuh ist wasserfest. Pf\u00fctzenhopsen ist damit aber nicht ratsam.<br \/>\n&#8211; Nachhaltige und faire Produktion in Portugal<br \/>\n&#8211; Alle Materialien stammen aus Europa und werden auch nur hier weiterverarbeitet<br \/>\n&#8211; Alle Materialien sind m\u00f6glichst schadstofffrei (kbA, GOTS, \u00d6ko-Tex, CADS, sowie pflanzlich gegerbte Bio Leder)<\/p>\n<p>Materialdetails:<\/p>\n<p>Obermaterial: Leder (Bio\/Nappa)<br \/>\nInnenfutter: Wolle (mulesing free)<br \/>\nSohle: Gummi-Profilsohle (60% synth.\/40% organic)<br \/>\nInnensohle: Fleece vegan (PET), herausnehmbar<br \/>\nAbsatz: Nullabsatz, keine H\u00f6hendifferenz zwischen Ferse und Vorderfu\u00df<br \/>\nVerschluss: Klettverschluss<br \/>\nBesonderheiten: wasserfest (TEX-Membran), Pflegeleicht, flexibel<br \/>\nPassform: normale bis mittlere Breite, normaler Rist<br \/>\nMaterialhinweis: Frei von sch\u00e4dlichen Materialien (gepr\u00fcft!)<br \/>\nGeeignet f\u00fcr Kinder im Alltag, Kindergarten oder Spielplatz<br \/>\nIdeal f\u00fcr Fr\u00fchjahr, \u00dcbergangszeit und den Alltag<br \/>\nHergestellt in Portugal &#8211; Dieses Produkt wird in der EU gefertigt, und das finden wir super!<\/p>\n<p>Hinweis: Kleine Kratzer, minimale Farbabweichungen, Insektenstiche oder \u00c4hnliche geh\u00f6ren zu den Merkmalen des verwendeten Bio-Leders und geben keinen Grund zur Reklamation. <\/p>\n<p>Pflegehinweis:<\/p>\n<p>Bioleder kann gewissen Merkmale wie Insektenstiche, Kratzer oder leichte Farbunterschiede aufweisen, welche aber zum einmaligen und nat\u00fcrlichen Charakter geh\u00f6ren. Jeder einzelne Schuh ist ein handgefertigtes Unikat, welcher die Handschrift des\/der Mitarbeiter*in tr\u00e4gt. Socken k\u00f6nnen sich bei starkem Schwitzen verf\u00e4rben. Um eine lange Haltbarkeit unseres Bioleders zu gew\u00e4hrleisten, ist ein guter Schutz vor N\u00e4sse und Feuchtigkeit essentiell.<\/p>\n<p>Bitte wasche deinen Schuh nicht in der Waschmaschine und s\u00e4ubere ihn nur mit einem geeigneten Reinigungsmittel. Wir empfehlen die Innensohle regelm\u00e4\u00dfig zum L\u00fcften aus dem Schuh zu nehmen und Staun\u00e4sse somit zu vermeiden. F\u00fcr optimale Produkteigenschaften sollten unsere Schuhe vor dem Einsatz impr\u00e4gniert werden, dies ist vor allem bei Schuhen mit Textilanteil wichtig.<\/p>\n<p>Innensohle &#8211; L\u00e4nge\/Breite (mm):<\/p>\n<p>Gr\u00f6\u00dfe: 24 &#8211; Fu\u00dfl\u00e4nge: 160 mm &#8211; Zehenbreite: 66 mm &#8211; Fersenbreite: 44 mm<br \/>\nGr\u00f6\u00dfe: 25 &#8211; Fu\u00dfl\u00e4nge: 167 mm &#8211; Zehenbreite: 67 mm &#8211; Fersenbreite: 45 mm<br \/>\nGr\u00f6\u00dfe: 26 &#8211; Fu\u00dfl\u00e4nge: 174 mm &#8211; Zehenbreite: 69 mm &#8211; Fersenbreite: 46 mm<br \/>\nGr\u00f6\u00dfe: 27 &#8211; Fu\u00dfl\u00e4nge: 181 mm &#8211; Zehenbreite: 71 mm &#8211; Fersenbreite: 47 mm<br \/>\nGr\u00f6\u00dfe: 28 &#8211; Fu\u00dfl\u00e4nge: 188 mm &#8211; Zehenbreite: 71 mm &#8211; Fersenbreite: 48 mm<br \/>\nGr\u00f6\u00dfe: 29 &#8211; Fu\u00dfl\u00e4nge: 195 mm &#8211; Zehenbreite: 73 mm &#8211; Fersenbreite: 49 mm<br \/>\nGr\u00f6\u00dfe: 30 &#8211; Fu\u00dfl\u00e4nge: 201 mm &#8211; Zehenbreite: 75 mm &#8211; Fersenbreite: 50 mm<\/p>\n<p>Hersteller:<\/p>\n<p>bLIFESTYLE GmbH<br \/>\nDornierstr. 4<br \/>\n71069 Sindelfingen<br \/>\nDeutschland<br \/>\nE-Mail: info@blifestyle.de<br \/>\nWebseite: www.blifetsyle.de<\/p>\n<p><b>Audio-Beschreibung<\/b><br \/><audio controls src=\"https:\/\/schuhewiebarfuss.at\/shop\/wp-content\/uploads\/lk\/9805_audio.wav\"><br \/>\n                                            Ihr Browser unterst\u00fctzt diese Audio-Ausgabe leider nicht.<br \/>\n                                            <\/ audio ><\/p>\n","protected":false},"excerpt":{"rendered":"<p>bLifestyle POLARFUCHSSTYLE TEX<\/p>\n<p>H\u00e4lt kleine F\u00fc\u00dfe warm &amp; trocken mit mulesingfreier Wolle, TEX-Membran &amp; rutschfester Sohle. Weich und bequem bei jedem Schritt.<\/p>\n","protected":false},"featured_media":855061,"comment_status":"open","ping_status":"closed","template":"","meta":[],"product_brand":[],"product_cat":[848],"product_tag":[1479,1570,1600,1393,1394,1395,1396,1397,1398,1399,2447,1382],"class_list":{"0":"post-850983","1":"product","2":"type-product","3":"status-publish","4":"has-post-thumbnail","6":"product_cat-winterschuhe-1","7":"product_tag-farbe-blau","8":"product_tag-farbe-gruen","9":"product_tag-farbe-rot","10":"product_tag-groesse-24","11":"product_tag-groesse-25","12":"product_tag-groesse-26","13":"product_tag-groesse-27","14":"product_tag-groesse-28","15":"product_tag-groesse-29","16":"product_tag-groesse-30","17":"product_tag-marke-blifestyle","18":"product_tag-neu","20":"first","21":"instock","22":"taxable","23":"shipping-taxable","24":"purchasable","25":"product-type-variable"},"_links":{"self":[{"href":"https:\/\/schuhewiebarfuss.at\/shop\/wp-json\/wp\/v2\/product\/850983","targetHints":{"allow":["GET"]}}],"collection":[{"href":"https:\/\/schuhewiebarfuss.at\/shop\/wp-json\/wp\/v2\/product"}],"about":[{"href":"https:\/\/schuhewiebarfuss.at\/shop\/wp-json\/wp\/v2\/types\/product"}],"replies":[{"embeddable":true,"href":"https:\/\/schuhewiebarfuss.at\/shop\/wp-json\/wp\/v2\/comments?post=850983"}],"wp:featuredmedia":[{"embeddable":true,"href":"https:\/\/schuhewiebarfuss.at\/shop\/wp-json\/wp\/v2\/media\/855061"}],"wp:attachment":[{"href":"https:\/\/schuhewiebarfuss.at\/shop\/wp-json\/wp\/v2\/media?parent=850983"}],"wp:term":[{"taxonomy":"product_brand","embeddable":true,"href":"https:\/\/schuhewiebarfuss.at\/shop\/wp-json\/wp\/v2\/product_brand?post=850983"},{"taxonomy":"product_cat","embeddable":true,"href":"https:\/\/schuhewiebarfuss.at\/shop\/wp-json\/wp\/v2\/product_cat?post=850983"},{"taxonomy":"product_tag","embeddable":true,"href":"https:\/\/schuhewiebarfuss.at\/shop\/wp-json\/wp\/v2\/product_tag?post=850983"}],"curies":[{"name":"wp","href":"https:\/\/api.w.org\/{rel}","templated":true}]}}