{"id":847978,"date":"2025-10-14T18:51:06","date_gmt":"2025-10-14T16:51:06","guid":{"rendered":"https:\/\/schuhewiebarfuss.at\/shop\/produkt\/schwarzbaerstyle-tex\/"},"modified":"2026-03-01T18:34:24","modified_gmt":"2026-03-01T17:34:24","slug":"schwarzbaerstyle-tex","status":"publish","type":"product","link":"https:\/\/schuhewiebarfuss.at\/shop\/produkt\/schwarzbaerstyle-tex\/","title":{"rendered":"schwarzb\u00e4rStyle TEX"},"content":{"rendered":"<p>Starker Look und, warme F\u00fc\u00dfe \u2013 unser schwarzb\u00e4rSTYLE ist der ideale Winterboot f\u00fcr kleine Abenteurer! Mit seiner rutschfesten Wintersohle mit starkem Profil meistert er Schnee, Eis und Matsch mit Leichtigkeit \u2013 und bleibt dabei angenehm flexibel f\u00fcr das typische Barfu\u00dfgef\u00fchl. <\/p>\n<p>Au\u00dfen sch\u00fctzt robustes Nubukleder in herbstlichen Farben, innen sorgt mulesing-freie Wolle f\u00fcr kuschelige W\u00e4rme. Die integrierte TEX-Membran macht den Schuh zuverl\u00e4ssig wasserfest \u2013 so bleibt alles trocken, egal bei welchem Wetter. Ein praktischer seitlicher Rei\u00dfverschluss erm\u00f6glicht ein einfaches An- und Ausziehen. <\/p>\n<p>Tipp: Wir empfehlen, den schwarzb\u00e4rSTYLE eine Nummer gr\u00f6\u00dfer zu bestellen, da durch das Futter und dicke Socken etwas mehr Platz ben\u00f6tigt wird. Vor dem ersten Tragen und danach regelm\u00e4\u00dfig, gut impr\u00e4gnieren.<\/p>\n<p>Hinweis:<\/p>\n<p>&#8211; Die Sohle ist f\u00fcr das Tragen auf der Stra\u00dfe geeignet.<br \/>\n&#8211; Die Minimalsohle dieses Schuhs ist naturgem\u00e4\u00df sehr d\u00fcnn und generell nicht geeignet f\u00fcr Tretroller, zum Skaten, oder alle anderen Aktivit\u00e4ten, wo der Schuh \u00fcber den Asphalt geschliffen oder \u00e4hnlicher starker Reibung ausgesetzt wird.<br \/>\n&#8211; Nullsohle bedeutet: die Sohle des Schuhs ist \u00fcberall gleich dick, es gibt kein &#8222;Gef\u00e4lle&#8220;. Das ist gut f\u00fcr die K\u00f6rperhaltung.<br \/>\n&#8211; Der Hersteller konnte uns glaubhaft versichern, da\u00df er faire Arbeitsbedingungen gew\u00e4hrleistet. Das bedeutet: Arbeitsschutzgesetze sowie orts\u00fcbliche faire Bezahlung sind sichergestellt.<br \/>\n&#8211; Dieser Schuh ist wasserfest. Pf\u00fctzenhopsen ist damit aber nicht ratsam.<br \/>\n&#8211; Nachhaltige und faire Produktion in Portugal<br \/>\n&#8211; Alle Materialien stammen aus Europa und werden auch nur hier weiterverarbeitet<br \/>\n&#8211; Alle Materialien sind m\u00f6glichst schadstofffrei (kbA, GOTS, \u00d6ko-Tex, CADS, sowie pflanzlich gegerbte Bio Leder)<\/p>\n<p>Materialdetails:<\/p>\n<p>Obermaterial: Leder (Nubuk)<br \/>\nInnenfutter: Wolle (mulesing free)<br \/>\nSohle: TR-Profilsohle<br \/>\nInnensohle: Fleece vegan (PET), herausnehmbar<br \/>\nAbsatz: Nullabsatz, keine H\u00f6hendifferenz zwischen Ferse und Vorderfu\u00df<br \/>\nVerschluss: Schn\u00fcrsenkel und seitlicher Rei\u00dfverschlusss<br \/>\nBesonderheiten: wasserfest (TEX-Membran), Pflegeleicht, flexibel<br \/>\nPassform: normale bis mittlere Breite, normaler Rist<br \/>\nMaterialhinweis: Frei von sch\u00e4dlichen Materialien (gepr\u00fcft!)<br \/>\nGeeignet f\u00fcr Kinder im Alltag, Kindergarten oder Spielplatz<br \/>\nIdeal f\u00fcr Fr\u00fchjahr, \u00dcbergangszeit und den Alltag<br \/>\nHergestellt in Portugal &#8211; Dieses Produkt wird in der EU gefertigt, und das finden wir super!<\/p>\n<p>Hinweis: Kleine Kratzer, minimale Farbabweichungen, Insektenstiche oder \u00c4hnliche geh\u00f6ren zu den Merkmalen des verwendeten Bio-Leders und geben keinen Grund zur Reklamation. <\/p>\n<p>Pflegehinweis:<\/p>\n<p>Bioleder kann gewissen Merkmale wie Insektenstiche, Kratzer oder leichte Farbunterschiede aufweisen, welche aber zum einmaligen und nat\u00fcrlichen Charakter geh\u00f6ren. Jeder einzelne Schuh ist ein handgefertigtes Unikat, welcher die Handschrift des\/der Mitarbeiter*in tr\u00e4gt. Socken k\u00f6nnen sich bei starkem Schwitzen verf\u00e4rben. Um eine lange Haltbarkeit unseres Bioleders zu gew\u00e4hrleisten, ist ein guter Schutz vor N\u00e4sse und Feuchtigkeit essentiell.<\/p>\n<p>Bitte wasche deinen Schuh nicht in der Waschmaschine und s\u00e4ubere ihn nur mit einem geeigneten Reinigungsmittel. Wir empfehlen die Innensohle regelm\u00e4\u00dfig zum L\u00fcften aus dem Schuh zu nehmen und Staun\u00e4sse somit zu vermeiden. F\u00fcr optimale Produkteigenschaften sollten unsere Schuhe vor dem Einsatz impr\u00e4gniert werden, dies ist vor allem bei Schuhen mit Textilanteil wichtig.<\/p>\n<p>Innensohle &#8211; L\u00e4nge\/Breite (mm):<\/p>\n<p>Gr\u00f6\u00dfe: 20 &#8211; Fu\u00dfl\u00e4nge: 132 mm &#8211; Zehenbreite: 56 mm &#8211; Fersenbreite: 38 mm<br \/>\nGr\u00f6\u00dfe: 21 &#8211; Fu\u00dfl\u00e4nge: 138 mm &#8211; Zehenbreite: 58 mm &#8211; Fersenbreite: 39 mm<br \/>\nGr\u00f6\u00dfe: 22 &#8211; Fu\u00dfl\u00e4nge: 143 mm &#8211; Zehenbreite: 60 mm &#8211; Fersenbreite: 40 mm<br \/>\nGr\u00f6\u00dfe: 23 &#8211; Fu\u00dfl\u00e4nge: 150 mm &#8211; Zehenbreite: 62 mm &#8211; Fersenbreite: 41 mm<br \/>\nGr\u00f6\u00dfe: 24 &#8211; Fu\u00dfl\u00e4nge: 159 mm &#8211; Zehenbreite: 64 mm &#8211; Fersenbreite: 42 mm<br \/>\nGr\u00f6\u00dfe: 25 &#8211; Fu\u00dfl\u00e4nge: 165 mm &#8211; Zehenbreite: 66 mm &#8211; Fersenbreite: 43 mm<br \/>\nGr\u00f6\u00dfe: 26 &#8211; Fu\u00dfl\u00e4nge: 173 mm &#8211; Zehenbreite: 68 mm &#8211; Fersenbreite: 44 mm<br \/>\nGr\u00f6\u00dfe: 27 &#8211; Fu\u00dfl\u00e4nge: 179 mm &#8211; Zehenbreite: 70 mm &#8211; Fersenbreite: 46 mm<br \/>\nGr\u00f6\u00dfe: 28 &#8211; Fu\u00dfl\u00e4nge: 184 mm &#8211; Zehenbreite: 72 mm &#8211; Fersenbreite: 48 mm<br \/>\nGr\u00f6\u00dfe: 29 &#8211; Fu\u00dfl\u00e4nge: 189 mm &#8211; Zehenbreite: 74 mm &#8211; Fersenbreite: 49 mm<br \/>\nGr\u00f6\u00dfe: 30 &#8211; Fu\u00dfl\u00e4nge: 200 mm &#8211; Zehenbreite: 76 mm &#8211; Fersenbreite: 50 mm<\/p>\n<p>Hersteller:<\/p>\n<p>bLIFESTYLE GmbH<br \/>\nDornierstr. 4<br \/>\n71069 Sindelfingen<br \/>\nDeutschland<br \/>\nE-Mail: info@blifestyle.de<br \/>\nWebseite: www.blifetsyle.de<\/p>\n<p><b>Audio-Beschreibung<\/b><br \/><audio controls src=\"https:\/\/schuhewiebarfuss.at\/shop\/wp-content\/uploads\/lk\/9678_audio.wav\"><br \/>\n                                            Ihr Browser unterst\u00fctzt diese Audio-Ausgabe leider nicht.<br \/>\n                                            <\/ audio ><\/p>\n","protected":false},"excerpt":{"rendered":"<p>bLifestyle SCHWARZB\u00c4RSTYLE TEX<\/p>\n<p>Kleine F\u00fc\u00dfe bleiben warm, trocken &amp; geborgen in kuscheliger Wolle, wasserfester Membran &amp; sicherem Halt f\u00fcr jedes Winterabenteuer. <\/p>\n","protected":false},"featured_media":866365,"comment_status":"open","ping_status":"closed","template":"","meta":[],"product_brand":[],"product_cat":[848],"product_tag":[1479,1544,1570,1798,1600,1385,1390,1391,1392,1393,1394,1395,1396,1397,1398,1399,2447,1382],"class_list":{"0":"post-847978","1":"product","2":"type-product","3":"status-publish","4":"has-post-thumbnail","6":"product_cat-winterschuhe-1","7":"product_tag-farbe-blau","8":"product_tag-farbe-braun","9":"product_tag-farbe-gruen","10":"product_tag-farbe-hellbraun","11":"product_tag-farbe-rot","12":"product_tag-groesse-20","13":"product_tag-groesse-21","14":"product_tag-groesse-22","15":"product_tag-groesse-23","16":"product_tag-groesse-24","17":"product_tag-groesse-25","18":"product_tag-groesse-26","19":"product_tag-groesse-27","20":"product_tag-groesse-28","21":"product_tag-groesse-29","22":"product_tag-groesse-30","23":"product_tag-marke-blifestyle","24":"product_tag-neu","26":"first","27":"instock","28":"taxable","29":"shipping-taxable","30":"purchasable","31":"product-type-variable"},"_links":{"self":[{"href":"https:\/\/schuhewiebarfuss.at\/shop\/wp-json\/wp\/v2\/product\/847978","targetHints":{"allow":["GET"]}}],"collection":[{"href":"https:\/\/schuhewiebarfuss.at\/shop\/wp-json\/wp\/v2\/product"}],"about":[{"href":"https:\/\/schuhewiebarfuss.at\/shop\/wp-json\/wp\/v2\/types\/product"}],"replies":[{"embeddable":true,"href":"https:\/\/schuhewiebarfuss.at\/shop\/wp-json\/wp\/v2\/comments?post=847978"}],"wp:featuredmedia":[{"embeddable":true,"href":"https:\/\/schuhewiebarfuss.at\/shop\/wp-json\/wp\/v2\/media\/866365"}],"wp:attachment":[{"href":"https:\/\/schuhewiebarfuss.at\/shop\/wp-json\/wp\/v2\/media?parent=847978"}],"wp:term":[{"taxonomy":"product_brand","embeddable":true,"href":"https:\/\/schuhewiebarfuss.at\/shop\/wp-json\/wp\/v2\/product_brand?post=847978"},{"taxonomy":"product_cat","embeddable":true,"href":"https:\/\/schuhewiebarfuss.at\/shop\/wp-json\/wp\/v2\/product_cat?post=847978"},{"taxonomy":"product_tag","embeddable":true,"href":"https:\/\/schuhewiebarfuss.at\/shop\/wp-json\/wp\/v2\/product_tag?post=847978"}],"curies":[{"name":"wp","href":"https:\/\/api.w.org\/{rel}","templated":true}]}}