{"id":845607,"date":"2025-10-08T18:21:05","date_gmt":"2025-10-08T16:21:05","guid":{"rendered":"https:\/\/schuhewiebarfuss.at\/shop\/produkt\/mooch\/"},"modified":"2026-04-16T23:46:55","modified_gmt":"2026-04-16T21:46:55","slug":"mooch","status":"publish","type":"product","link":"https:\/\/schuhewiebarfuss.at\/shop\/produkt\/mooch\/","title":{"rendered":"Mooch"},"content":{"rendered":"<p>Leicht, atmungsaktiv und vielseitig einsetzbar \u2013 der Freet Mooch ist ein minimalistischer Barfu\u00df-Schlupfschuh, der f\u00fcr alles vom t\u00e4glichen Alltag geeignet ist. Dieser ultraminimalistischer Schuh besteht aus feuchtigkeitsableitendem Mesh aus recycelten Plastikflaschen im sch\u00f6nen Nubuk-Design. Das BottleYarn-Material ist langlebig, angenehm glatt, atmungsaktivit\u00e4t, strapazierf\u00e4hig und komfortabel (mit oder ohne Socken) und bietet dadurch hervorragende ganzt\u00e4gige Leistung und Komfort. Dieser Schlupfschuh schmiegt sich an den Fu\u00df f\u00fcr besseren Halt. F\u00fcr weiteren Komfort sorgt die herausnehmbare Innensohle. Sie ist nur 3,0 mm dick mit einer leichten D\u00e4mpfung f\u00fcr hervorragender Bodenkontakt und nat\u00fcrliche Bewegung. Die 3.0 mm UrbanGrip-Au\u00dfensohle mit breitfl\u00e4chigem Profil ist vollst\u00e4ndig flexibel und bietet optimalen Halt und Langlebigkeit auf verschiedenen urbanen Oberfl\u00e4chen.<\/p>\n<p>Freet Mooch ist l\u00e4ssig f\u00fcr den Alltag, praktisch als Schl\u00fcpfer und f\u00fcrs B\u00fcro geeignet.<\/p>\n<p>Materialdetails:<\/p>\n<p>Obermaterial: 80 % recycelt (BottleYarn)<br \/>\nInnenfutter: 65% recycelt (BottleYarn)<br \/>\nSohle: 60% Naturkautschuk, UrbanGrip 3,0 mm Profil<br \/>\nInnensohle: 60% recycelt (Flexile), 3.0 mm<br \/>\nAbsatz: Nullabsatz, keine H\u00f6hendifferenz zwischen Ferse und Vorderfu\u00df<br \/>\nVerschluss: kein Verschluss, Schl\u00fcpfer<br \/>\nBesonderheiten: leichter Komfort, atmungsaktiv, nachhaltig, Slip-On, strapazierf\u00e4hig<br \/>\nSohlenh\u00f6he: 9,5 mm mit Einlegesohle; 6,5 mm ohne Einlegesohle, Nullabsatz<br \/>\nGewicht: 480 g Paar 42<br \/>\nPassform: f\u00e4llt gro\u00df aus \u2013 Sie k\u00f6nnten eine Nummer kleiner w\u00e4hlen<br \/>\nHergestellt in China<\/p>\n<p>Hinweis: Nutzen Sie bei K\u00e4lte\/N\u00e4sse einen wasserdichten Socken.<\/p>\n<p>Pflegehiweis:<\/p>\n<p>Von Hand mit lauwarmem Wasser und mildem Reinigungsmittel waschen. Lufttrocknen. Wir empfehlen nicht, Ihre Freets in die Waschmaschine oder den Trockner zu geben.<\/p>\n<p>Innensohle &#8211; L\u00e4nge\/Breite (mm):<\/p>\n<p>Gr\u00f6\u00dfe: 38 &#8211; L\u00e4nge: 242 mm &#8211; Breite: 89 mm<br \/>\nGr\u00f6\u00dfe: 39 &#8211; L\u00e4nge: 249 mm &#8211; Breite: 90 mm<br \/>\nGr\u00f6\u00dfe: 40 &#8211; L\u00e4nge: 257 mm &#8211; Breite: 92 mm<br \/>\nGr\u00f6\u00dfe: 41 &#8211; L\u00e4nge: 262 mm &#8211; Breite: 93 mm<br \/>\nGr\u00f6\u00dfe: 42 &#8211; L\u00e4nge: 268 mm &#8211; Breite: 95 mm<br \/>\nGr\u00f6\u00dfe: 43 &#8211; L\u00e4nge: 275 mm &#8211; Breite: 98 mm<br \/>\nGr\u00f6\u00dfe: 44 &#8211; L\u00e4nge: 284 mm &#8211; Breite: 100 mm<br \/>\nGr\u00f6\u00dfe: 45 &#8211; L\u00e4nge: 290 mm &#8211; Breite: 101 mm<\/p>\n<p><b>Audio-Beschreibung<\/b><br \/><audio controls src=\"https:\/\/schuhewiebarfuss.at\/shop\/wp-content\/uploads\/lk\/9705_audio.wav\"><br \/>\n                                            Ihr Browser unterst\u00fctzt diese Audio-Ausgabe leider nicht.<br \/>\n                                            <\/ audio ><\/p>\n","protected":false},"excerpt":{"rendered":"<p>Freet MOOCH<\/p>\n<p>Entspannter und unglaublich bequemer Slip-on-Barfu\u00dfschuh, ideal f\u00fcr Freizeit und Alltag<\/p>\n","protected":false},"featured_media":849978,"comment_status":"open","ping_status":"closed","template":"","meta":[],"product_brand":[],"product_cat":[851],"product_tag":[1479,1544,1373,1374,1375,1376,1377,1378,1379,1380,2444,1382],"class_list":{"0":"post-845607","1":"product","2":"type-product","3":"status-publish","4":"has-post-thumbnail","6":"product_cat-lifestyle-3","7":"product_tag-farbe-blau","8":"product_tag-farbe-braun","9":"product_tag-groesse-38","10":"product_tag-groesse-39","11":"product_tag-groesse-40","12":"product_tag-groesse-41","13":"product_tag-groesse-42","14":"product_tag-groesse-43","15":"product_tag-groesse-44","16":"product_tag-groesse-45","17":"product_tag-marke-freet","18":"product_tag-neu","20":"first","21":"instock","22":"taxable","23":"shipping-taxable","24":"purchasable","25":"product-type-variable"},"_links":{"self":[{"href":"https:\/\/schuhewiebarfuss.at\/shop\/wp-json\/wp\/v2\/product\/845607","targetHints":{"allow":["GET"]}}],"collection":[{"href":"https:\/\/schuhewiebarfuss.at\/shop\/wp-json\/wp\/v2\/product"}],"about":[{"href":"https:\/\/schuhewiebarfuss.at\/shop\/wp-json\/wp\/v2\/types\/product"}],"replies":[{"embeddable":true,"href":"https:\/\/schuhewiebarfuss.at\/shop\/wp-json\/wp\/v2\/comments?post=845607"}],"wp:featuredmedia":[{"embeddable":true,"href":"https:\/\/schuhewiebarfuss.at\/shop\/wp-json\/wp\/v2\/media\/849978"}],"wp:attachment":[{"href":"https:\/\/schuhewiebarfuss.at\/shop\/wp-json\/wp\/v2\/media?parent=845607"}],"wp:term":[{"taxonomy":"product_brand","embeddable":true,"href":"https:\/\/schuhewiebarfuss.at\/shop\/wp-json\/wp\/v2\/product_brand?post=845607"},{"taxonomy":"product_cat","embeddable":true,"href":"https:\/\/schuhewiebarfuss.at\/shop\/wp-json\/wp\/v2\/product_cat?post=845607"},{"taxonomy":"product_tag","embeddable":true,"href":"https:\/\/schuhewiebarfuss.at\/shop\/wp-json\/wp\/v2\/product_tag?post=845607"}],"curies":[{"name":"wp","href":"https:\/\/api.w.org\/{rel}","templated":true}]}}