{"id":845586,"date":"2025-10-08T17:54:42","date_gmt":"2025-10-08T15:54:42","guid":{"rendered":"https:\/\/schuhewiebarfuss.at\/shop\/produkt\/tanga-2\/"},"modified":"2026-04-11T17:41:04","modified_gmt":"2026-04-11T15:41:04","slug":"tanga-2","status":"publish","type":"product","link":"https:\/\/schuhewiebarfuss.at\/shop\/produkt\/tanga-2\/","title":{"rendered":"Tanga 2"},"content":{"rendered":"<p>Leicht, atmungsaktiv und vielseitig einsetzbar \u2013 der Freet Tanga 2 ist ein minimalistischer Barfu\u00dfschuh, der f\u00fcr alles geeignet ist, vom t\u00e4glichen Tragen bis hin zu Fitnessstudio-Sitzungen und Wanderungen. Dieser ultraminimalistische und vielseitig einsetzbare Schuh besteht aus antimikrobiellem und schnelltrocknendem, recyceltem Kaffeesatz innen sowie au\u00dfen. Das CoffeeYarn-Material ist langlebig, angenehm glatt, atmungsaktivit\u00e4t, strapazierf\u00e4hig, schnelltrocknend und bietet dadurch hervorragende ganzt\u00e4gige Leistung und Komfort. Dieser Schlupfschuh liegt nicht nur gut am Fu\u00df, sondern hat noch einen elastischen Schnellverschluss f\u00fcr noch besseren Halt. F\u00fcr weiteren Komfort sorgt die herausnehmbare Innensohle. Sie ist nur 3,0 mm dick mit einer leichten D\u00e4mpfung f\u00fcr hervorragender Bodenkontakt und nat\u00fcrliche Bewegung. Die 3.0 mm UrbanGrip-Au\u00dfensohle mit breitfl\u00e4chigem Profil ist vollst\u00e4ndig flexibel und sorgt f\u00fcr guten Halt und Langlebigkeit auf verschiedenen urbanen Oberfl\u00e4chen. Dazu wurde die Seitenwand zur Erh\u00f6hung der Haltbarkeit mit dem Obermaterial vern\u00e4ht.<\/p>\n<p>Freet Tanga 2 ist schick f\u00fcr den Alltag, l\u00e4ssig und f\u00fcrs B\u00fcro geeignet, aber auch funktional f\u00fcr den Sport.<\/p>\n<p>Materialdetails:<\/p>\n<p>Obermaterial: 65% recycelt (CoffeeYarn)<br \/>\nInnenfutter: 65% recycelt (CoffeeYarn)<br \/>\nSohle: 60% Naturkautschuk, UrbanGrip 3,0 mm Profil<br \/>\nZwischensohle: 70% recycelt (BottleYarn)<br \/>\nInnensohle: 60% recycelt (Flexile), 3.0 mm<br \/>\nAbsatz: Nullabsatz, keine H\u00f6hendifferenz zwischen Ferse und Vorderfu\u00df<br \/>\nVerschluss: elastischer Schnellverschluss<br \/>\nBesonderheiten: schnell trocknend, atmungsaktiv, Urban-Grip, antimikrobiell, strapazierf\u00e4hig<br \/>\nSohlenh\u00f6he: 9,5 mm mit Einlegesohle; 6,5 mm ohne Einlegesohle, Nullabsatz<br \/>\nGewicht: 390 g Paar, Gr\u00f6\u00dfe 42<br \/>\nPassform: die Passform entspricht der Gr\u00f6\u00dfe; Sie k\u00f6nnen bei Ihrer \u00fcblichen Gr\u00f6\u00dfe bleiben.<br \/>\nHergestellt in China<\/p>\n<p>Hinweis: Nutzen Sie bei K\u00e4lte\/N\u00e4sse einen wasserdichten Socken.<\/p>\n<p>Pflegehiweis:<\/p>\n<p>Von Hand mit lauwarmem Wasser und mildem Reinigungsmittel waschen. Lufttrocknen. Wir empfehlen nicht, Ihre Freets in die Waschmaschine oder den Trockner zu geben.<\/p>\n<p>Innensohle &#8211; L\u00e4nge\/Breite (mm):<\/p>\n<p>Gr\u00f6\u00dfe: 38 &#8211; L\u00e4nge: 242 mm &#8211; Breite: 89 mm<br \/>\nGr\u00f6\u00dfe: 39 &#8211; L\u00e4nge: 249 mm &#8211; Breite: 90 mm<br \/>\nGr\u00f6\u00dfe: 40 &#8211; L\u00e4nge: 257 mm &#8211; Breite: 92 mm<br \/>\nGr\u00f6\u00dfe: 41 &#8211; L\u00e4nge: 262 mm &#8211; Breite: 93 mm<br \/>\nGr\u00f6\u00dfe: 42 &#8211; L\u00e4nge: 268 mm &#8211; Breite: 95 mm<br \/>\nGr\u00f6\u00dfe: 43 &#8211; L\u00e4nge: 275 mm &#8211; Breite: 98 mm<br \/>\nGr\u00f6\u00dfe: 44 &#8211; L\u00e4nge: 284 mm &#8211; Breite: 100 mm<br \/>\nGr\u00f6\u00dfe: 45 &#8211; L\u00e4nge: 290 mm &#8211; Breite: 101 mm<\/p>\n<p><b>Audio-Beschreibung<\/b><br \/><audio controls src=\"https:\/\/schuhewiebarfuss.at\/shop\/wp-content\/uploads\/lk\/9703_audio.wav\"><br \/>\n                                            Ihr Browser unterst\u00fctzt diese Audio-Ausgabe leider nicht.<br \/>\n                                            <\/ audio ><\/p>\n","protected":false},"excerpt":{"rendered":"<p>Freet TANGA 2<\/p>\n<p>Vielseitiger minimalistischer Schuh f\u00fcr Alltag und Sport, Tanga l\u00e4sst sich leicht an- und ausziehen und bietet mit ausreichend Schn\u00fcrung Halt f\u00fcr den Weg ins Fitnessstudio oder die Sommerwanderung.<\/p>\n","protected":false},"featured_media":857346,"comment_status":"open","ping_status":"closed","template":"","meta":[],"product_brand":[],"product_cat":[851],"product_tag":[1479,1371,1408,1373,1374,1375,1376,1377,1378,1379,1380,2444,1382],"class_list":{"0":"post-845586","1":"product","2":"type-product","3":"status-publish","4":"has-post-thumbnail","6":"product_cat-lifestyle-3","7":"product_tag-farbe-blau","8":"product_tag-farbe-grau","9":"product_tag-farbe-schwarz","10":"product_tag-groesse-38","11":"product_tag-groesse-39","12":"product_tag-groesse-40","13":"product_tag-groesse-41","14":"product_tag-groesse-42","15":"product_tag-groesse-43","16":"product_tag-groesse-44","17":"product_tag-groesse-45","18":"product_tag-marke-freet","19":"product_tag-neu","21":"first","22":"instock","23":"taxable","24":"shipping-taxable","25":"purchasable","26":"product-type-variable"},"_links":{"self":[{"href":"https:\/\/schuhewiebarfuss.at\/shop\/wp-json\/wp\/v2\/product\/845586","targetHints":{"allow":["GET"]}}],"collection":[{"href":"https:\/\/schuhewiebarfuss.at\/shop\/wp-json\/wp\/v2\/product"}],"about":[{"href":"https:\/\/schuhewiebarfuss.at\/shop\/wp-json\/wp\/v2\/types\/product"}],"replies":[{"embeddable":true,"href":"https:\/\/schuhewiebarfuss.at\/shop\/wp-json\/wp\/v2\/comments?post=845586"}],"wp:featuredmedia":[{"embeddable":true,"href":"https:\/\/schuhewiebarfuss.at\/shop\/wp-json\/wp\/v2\/media\/857346"}],"wp:attachment":[{"href":"https:\/\/schuhewiebarfuss.at\/shop\/wp-json\/wp\/v2\/media?parent=845586"}],"wp:term":[{"taxonomy":"product_brand","embeddable":true,"href":"https:\/\/schuhewiebarfuss.at\/shop\/wp-json\/wp\/v2\/product_brand?post=845586"},{"taxonomy":"product_cat","embeddable":true,"href":"https:\/\/schuhewiebarfuss.at\/shop\/wp-json\/wp\/v2\/product_cat?post=845586"},{"taxonomy":"product_tag","embeddable":true,"href":"https:\/\/schuhewiebarfuss.at\/shop\/wp-json\/wp\/v2\/product_tag?post=845586"}],"curies":[{"name":"wp","href":"https:\/\/api.w.org\/{rel}","templated":true}]}}