{"id":845575,"date":"2025-10-08T17:30:40","date_gmt":"2025-10-08T15:30:40","guid":{"rendered":"https:\/\/schuhewiebarfuss.at\/shop\/produkt\/keld-2-gruen\/"},"modified":"2026-04-24T20:41:27","modified_gmt":"2026-04-24T18:41:27","slug":"keld-2-gruen","status":"publish","type":"product","link":"https:\/\/schuhewiebarfuss.at\/shop\/produkt\/keld-2-gruen\/","title":{"rendered":"Keld 2 Gr\u00fcn"},"content":{"rendered":"<p>Genie\u00dfe die Frische einer Sandale und halte gleichzeitig Schmutz vom Trail fern mit dem Keld 2 von Freet. Ein ultraminimalistischer, vielseitiger Reise- und Abenteuerschuh, geeignet f\u00fcr den Einsatz auf und abseits des Trails mit verbessertem Design. Der Keld 2 besteht aus atmungsaktivem, langlebigem und feuchtigkeitsableitendem Mesh aus recycelten Plastikflaschen au\u00dfen und innen. Dieser Schuh liegt nicht nur gut am Fu\u00df, sondern hat noch eine klassische Schn\u00fcrung f\u00fcr noch besseren Halt. Die herausnehmbare Innensohle ist nur 3,0 mm dick mit einer leichten D\u00e4mpfung. Sie bietet nicht nur ein gutes Bodengef\u00fchl, sondern k\u00fchlt den schwitzenden Fu\u00df und trocknend sehr schnell. Die TrailGrip-Au\u00dfensohle mit 3,0 mm Profil ist vollst\u00e4ndig flexibel und sorgt f\u00fcr optimalen Halt und Langlebigkeit auf verschiedenen Trail-Oberfl\u00e4chen. Dazu wurde die Seitenwand zur Erh\u00f6hung der Haltbarkeit mit dem Obermaterial vern\u00e4ht.<\/p>\n<p>Freet Keld 2 bietet Schutz kombiniert mit Flexibilit\u00e4t, Leichtigkeit und barfu\u00df-Komfort.<\/p>\n<p>Materialdetails:<\/p>\n<p>Obermaterial: 60% recycelt (BottleYarn)<br \/>\nInnenfutter: 65% recycelt (BottleYarn)<br \/>\nSohle: 60% Naturkautschuk, TrailGrip 3,0 mm Profil<br \/>\nInnensohle: 60% recycelt (AirMax), 3.0 mm<br \/>\nAbsatz: Nullabsatz, keine H\u00f6hendifferenz zwischen Ferse und Vorderfu\u00df<br \/>\nVerschluss: Schn\u00fcrsenkel 70% recycelt (BottleYarn)<br \/>\nBesonderheiten: schnell trocknend, atmungsaktiv, Super-Grip, Trail<br \/>\nSohlenh\u00f6he: 10,5 mm mit Flexile-Innensohle; 7,5 mm ohne Innensohle, zero drop<br \/>\nGewicht: 435 g Paar 42<br \/>\nPassform: die Passform entspricht der Gr\u00f6\u00dfe; Sie k\u00f6nnen bei Ihrer \u00fcblichen Gr\u00f6\u00dfe bleiben.<br \/>\nHergestellt in China<\/p>\n<p>Hinweis: Nutzen Sie bei K\u00e4lte\/N\u00e4sse einen wasserdichten Socken.<\/p>\n<p>Pflegehiweis:<\/p>\n<p>Von Hand mit lauwarmem Wasser und mildem Reinigungsmittel waschen. Lufttrocknen. Wir empfehlen nicht, Ihre Freets in die Waschmaschine oder den Trockner zu geben.<\/p>\n<p>Innensohle &#8211; L\u00e4nge\/Breite (mm):<\/p>\n<p>Gr\u00f6\u00dfe: 38 &#8211; L\u00e4nge: 242 mm &#8211; Breite: 89 mm<br \/>\nGr\u00f6\u00dfe: 39 &#8211; L\u00e4nge: 249 mm &#8211; Breite: 90 mm<br \/>\nGr\u00f6\u00dfe: 40 &#8211; L\u00e4nge: 257 mm &#8211; Breite: 92 mm<br \/>\nGr\u00f6\u00dfe: 41 &#8211; L\u00e4nge: 262 mm &#8211; Breite: 93 mm<br \/>\nGr\u00f6\u00dfe: 42 &#8211; L\u00e4nge: 268 mm &#8211; Breite: 95 mm<br \/>\nGr\u00f6\u00dfe: 43 &#8211; L\u00e4nge: 275 mm &#8211; Breite: 98 mm<br \/>\nGr\u00f6\u00dfe: 44 &#8211; L\u00e4nge: 284 mm &#8211; Breite: 100 mm<br \/>\nGr\u00f6\u00dfe: 45 &#8211; L\u00e4nge: 290 mm &#8211; Breite: 101 mm<br \/>\nGr\u00f6\u00dfe: 46 &#8211; L\u00e4nge: 295 mm &#8211; Breite: 102 mm<\/p>\n<p><b>Audio-Beschreibung<\/b><br \/><audio controls src=\"https:\/\/schuhewiebarfuss.at\/shop\/wp-content\/uploads\/lk\/9704_audio.wav\"><br \/>\n                                            Ihr Browser unterst\u00fctzt diese Audio-Ausgabe leider nicht.<br \/>\n                                            <\/ audio ><\/p>\n","protected":false},"excerpt":{"rendered":"<p>Freet KELD 2<\/p>\n<p>Minimalistischer Reise- und Abenteuerschuh mit Grip f\u00fcr Trail- und urbane Oberfl\u00e4chen.<\/p>\n","protected":false},"featured_media":846286,"comment_status":"open","ping_status":"closed","template":"","meta":[],"product_brand":[],"product_cat":[854],"product_tag":[1373,1374,1375,1376,1377,1378,1379,1380,1381,2444,1382],"class_list":{"0":"post-845575","1":"product","2":"type-product","3":"status-publish","4":"has-post-thumbnail","6":"product_cat-wanderschuhe-3","7":"product_tag-groesse-38","8":"product_tag-groesse-39","9":"product_tag-groesse-40","10":"product_tag-groesse-41","11":"product_tag-groesse-42","12":"product_tag-groesse-43","13":"product_tag-groesse-44","14":"product_tag-groesse-45","15":"product_tag-groesse-46","16":"product_tag-marke-freet","17":"product_tag-neu","19":"first","20":"instock","21":"taxable","22":"shipping-taxable","23":"purchasable","24":"product-type-variable"},"_links":{"self":[{"href":"https:\/\/schuhewiebarfuss.at\/shop\/wp-json\/wp\/v2\/product\/845575","targetHints":{"allow":["GET"]}}],"collection":[{"href":"https:\/\/schuhewiebarfuss.at\/shop\/wp-json\/wp\/v2\/product"}],"about":[{"href":"https:\/\/schuhewiebarfuss.at\/shop\/wp-json\/wp\/v2\/types\/product"}],"replies":[{"embeddable":true,"href":"https:\/\/schuhewiebarfuss.at\/shop\/wp-json\/wp\/v2\/comments?post=845575"}],"wp:featuredmedia":[{"embeddable":true,"href":"https:\/\/schuhewiebarfuss.at\/shop\/wp-json\/wp\/v2\/media\/846286"}],"wp:attachment":[{"href":"https:\/\/schuhewiebarfuss.at\/shop\/wp-json\/wp\/v2\/media?parent=845575"}],"wp:term":[{"taxonomy":"product_brand","embeddable":true,"href":"https:\/\/schuhewiebarfuss.at\/shop\/wp-json\/wp\/v2\/product_brand?post=845575"},{"taxonomy":"product_cat","embeddable":true,"href":"https:\/\/schuhewiebarfuss.at\/shop\/wp-json\/wp\/v2\/product_cat?post=845575"},{"taxonomy":"product_tag","embeddable":true,"href":"https:\/\/schuhewiebarfuss.at\/shop\/wp-json\/wp\/v2\/product_tag?post=845575"}],"curies":[{"name":"wp","href":"https:\/\/api.w.org\/{rel}","templated":true}]}}