{"id":836870,"date":"2025-09-18T12:08:22","date_gmt":"2025-09-18T10:08:22","guid":{"rendered":"https:\/\/schuhewiebarfuss.at\/shop\/produkt\/wynona-05\/"},"modified":"2026-03-19T08:11:21","modified_gmt":"2026-03-19T07:11:21","slug":"wynona-05","status":"publish","type":"product","link":"https:\/\/schuhewiebarfuss.at\/shop\/produkt\/wynona-05\/","title":{"rendered":"Wynona 05"},"content":{"rendered":"<p>Die Damenstiefelette Wynona 05 von JOSEF SEIBEL vereint charakterstarkes Design mit traditioneller Handnaht. Gefertigt aus hochwertigem Rindsleder und warm gef\u00fcttert mit Textil, bietet sie optimalen Tragekomfort f\u00fcr kalte Wintertage. Die strapazierf\u00e4hige Gummisohle sorgt f\u00fcr exzellenten Grip und Rutschfestigkeit, ideal f\u00fcr Outdoor-Abenteuer und Freizeitaktivit\u00e4ten. Dank der herausnehmbaren Innensohle kannst du dein eigenes Fu\u00dfbett verwenden. Die Schn\u00fcrung erm\u00f6glicht eine individuelle Passform. Als Teil der Spirit of Nature Kollektion steht dieser Schuh f\u00fcr Slow Fashion und nachhaltige Qualit\u00e4t. Perfekt f\u00fcr Casualmode und alltagstauglich, begleitet er dich stilvoll durch den Winter.<\/p>\n<p>&#8211; Robustes Rindsleder f\u00fcr maximalen Komfort<br \/>\n&#8211; Robuste Gummisohle f\u00fcr sicheren Halt<br \/>\n&#8211; Samtige Velour- oder Glattleder-Oberfl\u00e4che<br \/>\n&#8211; Praktische Schn\u00fcrung f\u00fcr perfekten Sitz<br \/>\n&#8211; H\u00e4lt Feuchtigkeit und N\u00e4sse ab<br \/>\n&#8211; Business Schuhe sind elegante oder auch formellere Schuhe im schlichten oder auch klassischen Design<br \/>\n&#8211; Tolle Modelle die man immer wieder tragen kann, bspw. Leder Sneaker und Halbschuhe<br \/>\n&#8211; In diesem Schuh k\u00f6nnt ihr die Einlegesohle herausnehmen oder einfach nur tauschen<br \/>\n&#8211; \u00dcbergang &#8211; hoch geschnitten f\u00fcr Pf\u00fctzen und leicht gef\u00fcttert<\/p>\n<p>Materialdetails:<\/p>\n<p>Obermaterial: Rindsleder (Velour- oder Glattleder)<br \/>\nInnenfutter: Textil, Warmfutter<br \/>\nSohle: Gummi\/Latex (ohne Sprengung)<br \/>\nInnensohle: Textil, herausnehmbar<br \/>\nAbsatz: Nullabsatz, keine H\u00f6hendifferenz zwischen Ferse und Vorderfu\u00df<br \/>\nVerschluss: Sch\u00fcrsenkel und seitlicher Rei\u00dfverschluss<br \/>\nBesonderheiten: Business, Ganzj\u00e4hrig, \u00dcbergang, Normaler Spann<br \/>\nMaterialhinweis: Wasserabweisend, Nachhaltig<br \/>\nProduktlinie: Spirit of Nature<br \/>\nFertigungsart: Strobel<br \/>\nSchuhspitze: geschlossen<br \/>\nWeite: G<br \/>\nArtikelgewicht: 0,40 kg<br \/>\nHergestellt in Deutschland<\/p>\n<p>Herstellerinformationen:<br \/>\nJosef Seibel Schuhfabrik GmbH<br \/>\nGebr.-Seibel-Str. 5-9<br \/>\nHauenstein, Deutschland, 76846<br \/>\nshop@josef-seibel.de<br \/>\nhttps:\/\/www.josef-seibel.de<br \/>\nHersteller: Josef Seibel<\/p>\n<p>Innensohle &#8211; L\u00e4nge\/Breite (mm):<\/p>\n<p>Gr\u00f6\u00dfe: 36 &#8211; L\u00e4nge: 233 mm &#8211; Breite: 89 mm<br \/>\nGr\u00f6\u00dfe: 37 &#8211; L\u00e4nge: 239 mm &#8211; Breite: 90 mm<br \/>\nGr\u00f6\u00dfe: 38 &#8211; L\u00e4nge: 246 mm &#8211; Breite: 91 mm<br \/>\nGr\u00f6\u00dfe: 39 &#8211; L\u00e4nge: 254 mm &#8211; Breite: 92 mm<br \/>\nGr\u00f6\u00dfe: 40 &#8211; L\u00e4nge: 261 mm &#8211; Breite: 94 mm<br \/>\nGr\u00f6\u00dfe: 41 &#8211; L\u00e4nge: 268 mm &#8211; Breite: 96 mm<br \/>\nGr\u00f6\u00dfe: 42 &#8211; L\u00e4nge: 273 mm &#8211; Breite: 97 mm<\/p>\n<p><b>Audio-Beschreibung<\/b><br \/><audio controls src=\"https:\/\/schuhewiebarfuss.at\/shop\/wp-content\/uploads\/lk\/9746_audio.wav\"><br \/>\n                                            Ihr Browser unterst\u00fctzt diese Audio-Ausgabe leider nicht.<br \/>\n                                            <\/ audio ><\/p>\n","protected":false},"excerpt":{"rendered":"<p>Josef Seibel WYNONA 04 Damen-Stiefelette<\/p>\n<p>Zeitlose Eleganz vereint mit charakterstarkes Designl. Stilvoll durch den Winter<\/p>\n","protected":false},"featured_media":838335,"comment_status":"open","ping_status":"closed","template":"","meta":[],"product_brand":[],"product_cat":[834],"product_tag":[1544,1371,1408,1362,1368,1373,1374,1375,1376,1377,3044,1382],"class_list":{"0":"post-836870","1":"product","2":"type-product","3":"status-publish","4":"has-post-thumbnail","6":"product_cat-winterschuhe-4","7":"product_tag-farbe-braun","8":"product_tag-farbe-grau","9":"product_tag-farbe-schwarz","10":"product_tag-groesse-36","11":"product_tag-groesse-37","12":"product_tag-groesse-38","13":"product_tag-groesse-39","14":"product_tag-groesse-40","15":"product_tag-groesse-41","16":"product_tag-groesse-42","17":"product_tag-marke-josef-seibel","18":"product_tag-neu","20":"first","21":"instock","22":"taxable","23":"shipping-taxable","24":"purchasable","25":"product-type-variable"},"_links":{"self":[{"href":"https:\/\/schuhewiebarfuss.at\/shop\/wp-json\/wp\/v2\/product\/836870","targetHints":{"allow":["GET"]}}],"collection":[{"href":"https:\/\/schuhewiebarfuss.at\/shop\/wp-json\/wp\/v2\/product"}],"about":[{"href":"https:\/\/schuhewiebarfuss.at\/shop\/wp-json\/wp\/v2\/types\/product"}],"replies":[{"embeddable":true,"href":"https:\/\/schuhewiebarfuss.at\/shop\/wp-json\/wp\/v2\/comments?post=836870"}],"wp:featuredmedia":[{"embeddable":true,"href":"https:\/\/schuhewiebarfuss.at\/shop\/wp-json\/wp\/v2\/media\/838335"}],"wp:attachment":[{"href":"https:\/\/schuhewiebarfuss.at\/shop\/wp-json\/wp\/v2\/media?parent=836870"}],"wp:term":[{"taxonomy":"product_brand","embeddable":true,"href":"https:\/\/schuhewiebarfuss.at\/shop\/wp-json\/wp\/v2\/product_brand?post=836870"},{"taxonomy":"product_cat","embeddable":true,"href":"https:\/\/schuhewiebarfuss.at\/shop\/wp-json\/wp\/v2\/product_cat?post=836870"},{"taxonomy":"product_tag","embeddable":true,"href":"https:\/\/schuhewiebarfuss.at\/shop\/wp-json\/wp\/v2\/product_tag?post=836870"}],"curies":[{"name":"wp","href":"https:\/\/api.w.org\/{rel}","templated":true}]}}