{"id":836869,"date":"2025-09-18T11:53:15","date_gmt":"2025-09-18T09:53:15","guid":{"rendered":"https:\/\/schuhewiebarfuss.at\/shop\/produkt\/wynona-04\/"},"modified":"2026-03-01T18:39:45","modified_gmt":"2026-03-01T17:39:45","slug":"wynona-04","status":"publish","type":"product","link":"https:\/\/schuhewiebarfuss.at\/shop\/produkt\/wynona-04\/","title":{"rendered":"Wynona 04"},"content":{"rendered":"<p>Entdecke die zeitlose Eleganz der Damen-Stiefelette Wynona 04 von JOSEF SEIBELl. Diese Damenstiefelette vereint stilvolles Design mit herausragendem Komfort. Gefertigt aus hochwertigem Kalbsleder und mit Leder\/Textil Futter, vereint dieser Schuh traditionelles Handwerk mit modernem Design. Der Rei\u00dfverschluss und Stretcheinsatz erleichtert das An- und Ausziehen. Perfekt f\u00fcr die Freizeit und Casualmode im Herbst, verk\u00f6rpert dieser Schuh den Geist der Slow Fashion.<\/p>\n<p>Diese Barfu\u00dfschuhe bieten ein unvergleichliches Geherlebnis, das dem Barfu\u00dflaufen nahekommt. Die strapazierf\u00e4hige Gummisohle bietet hervorragenden Grip und ist ideal f\u00fcr den Outdoor-Einsatz. Das gro\u00dfz\u00fcgige Volumen im Zehenbereich sorgt f\u00fcr h\u00f6chsten Tragekomfort und Bewegungsfreiheit und erm\u00f6glicht so ein Gehen wie barfu\u00df. <\/p>\n<p>Hergestellt in Deutschland, steht er f\u00fcr Qualit\u00e4t und Langlebigkeit. Erlebe den Spirit of Nature mit jedem Schritt und genie\u00dfe den charakterstarken Stil und Komfort, den nur JOSEF SEIBEL bietet. Erlebe den Unterschied mit jedem Schritt.<\/p>\n<p>&#8211; Weiches Kalbsleder f\u00fcr maximalen Komfort<br \/>\n&#8211; Robuste Gummisohle f\u00fcr sicheren Halt<br \/>\n&#8211; Rei\u00dfverschluss und Stretcheinsatz f\u00fcr einfaches An- und Ausziehen<br \/>\n&#8211; H\u00e4lt Feuchtigkeit und N\u00e4sse ab<br \/>\n&#8211; Business Schuhe sind elegante oder auch formellere Schuhe im schlichten oder auch klassischen Design<br \/>\n&#8211; Tolle Modelle die man immer wieder tragen kann, bspw. Leder Sneaker und Halbschuhe<br \/>\n&#8211; In diesem Schuh k\u00f6nnt ihr die Einlegesohle herausnehmen oder einfach nur tauschen<br \/>\n&#8211; \u00dcbergang &#8211; hoch geschnitten f\u00fcr Pf\u00fctzen oder leicht gef\u00fcttert<\/p>\n<p>Obermaterial: Kalbsleder<br \/>\nInnenfutter: Textilfutter<br \/>\nSohle: Gummi\/Latex (ohne Sprengung)<br \/>\nInnensohle: Leder, herausnehmbar<br \/>\nAbsatz: Nullabsatz, keine H\u00f6hendifferenz zwischen Ferse und Vorderfu\u00df<br \/>\nVerschluss: seitlicher Rei\u00dfverschluss<br \/>\nBesonderheiten: Business, Ganzj\u00e4hrig, \u00dcbergang, Normaler Spann, Stetcheinsatz<br \/>\nMaterialhinweis: Wasserabweisend, Nachhaltig<br \/>\nProduktlinie: Spirit of Nature<br \/>\nFertigungsart: Strobel<br \/>\nSchuhspitze: geschlossen<br \/>\nWeite: G<br \/>\nArtikelgewicht: 0,40 kg<br \/>\nHergestellt in Deutschland<\/p>\n<p>Herstellerinformationen:<br \/>\nJosef Seibel Schuhfabrik GmbH<br \/>\nGebr.-Seibel-Str. 5-9<br \/>\nHauenstein, Deutschland, 76846<br \/>\nshop@josef-seibel.de<br \/>\nhttps:\/\/www.josef-seibel.de<br \/>\nHersteller: Josef Seibel<\/p>\n<p>Innensohle &#8211; L\u00e4nge\/Breite (mm):<\/p>\n<p>Gr\u00f6\u00dfe: 36 &#8211; L\u00e4nge: 233 mm &#8211; Breite: 89 mm<br \/>\nGr\u00f6\u00dfe: 37 &#8211; L\u00e4nge: 239 mm &#8211; Breite: 90 mm<br \/>\nGr\u00f6\u00dfe: 38 &#8211; L\u00e4nge: 246 mm &#8211; Breite: 91 mm<br \/>\nGr\u00f6\u00dfe: 39 &#8211; L\u00e4nge: 254 mm &#8211; Breite: 92 mm<br \/>\nGr\u00f6\u00dfe: 40 &#8211; L\u00e4nge: 261 mm &#8211; Breite: 94 mm<br \/>\nGr\u00f6\u00dfe: 41 &#8211; L\u00e4nge: 268 mm &#8211; Breite: 96 mm<br \/>\nGr\u00f6\u00dfe: 42 &#8211; L\u00e4nge: 273 mm &#8211; Breite: 97 mm<\/p>\n<p><b>Audio-Beschreibung<\/b><br \/><audio controls src=\"https:\/\/schuhewiebarfuss.at\/shop\/wp-content\/uploads\/lk\/9745_audio.wav\"><br \/>\n                                            Ihr Browser unterst\u00fctzt diese Audio-Ausgabe leider nicht.<br \/>\n                                            <\/ audio ><\/p>\n","protected":false},"excerpt":{"rendered":"<p>Josef Seibel WYNONA 04 Damen-Stiefelette<\/p>\n<p>Zeitlose Eleganz vereint mit klassischem Stil.<\/p>\n","protected":false},"featured_media":837708,"comment_status":"open","ping_status":"closed","template":"","meta":[],"product_brand":[],"product_cat":[830],"product_tag":[1479,1544,1570,1362,1368,1373,1374,1375,1376,1377,3044,1382],"class_list":{"0":"post-836869","1":"product","2":"type-product","3":"status-publish","4":"has-post-thumbnail","6":"product_cat-lifestyle-4","7":"product_tag-farbe-blau","8":"product_tag-farbe-braun","9":"product_tag-farbe-gruen","10":"product_tag-groesse-36","11":"product_tag-groesse-37","12":"product_tag-groesse-38","13":"product_tag-groesse-39","14":"product_tag-groesse-40","15":"product_tag-groesse-41","16":"product_tag-groesse-42","17":"product_tag-marke-josef-seibel","18":"product_tag-neu","20":"first","21":"instock","22":"taxable","23":"shipping-taxable","24":"purchasable","25":"product-type-variable"},"_links":{"self":[{"href":"https:\/\/schuhewiebarfuss.at\/shop\/wp-json\/wp\/v2\/product\/836869","targetHints":{"allow":["GET"]}}],"collection":[{"href":"https:\/\/schuhewiebarfuss.at\/shop\/wp-json\/wp\/v2\/product"}],"about":[{"href":"https:\/\/schuhewiebarfuss.at\/shop\/wp-json\/wp\/v2\/types\/product"}],"replies":[{"embeddable":true,"href":"https:\/\/schuhewiebarfuss.at\/shop\/wp-json\/wp\/v2\/comments?post=836869"}],"wp:featuredmedia":[{"embeddable":true,"href":"https:\/\/schuhewiebarfuss.at\/shop\/wp-json\/wp\/v2\/media\/837708"}],"wp:attachment":[{"href":"https:\/\/schuhewiebarfuss.at\/shop\/wp-json\/wp\/v2\/media?parent=836869"}],"wp:term":[{"taxonomy":"product_brand","embeddable":true,"href":"https:\/\/schuhewiebarfuss.at\/shop\/wp-json\/wp\/v2\/product_brand?post=836869"},{"taxonomy":"product_cat","embeddable":true,"href":"https:\/\/schuhewiebarfuss.at\/shop\/wp-json\/wp\/v2\/product_cat?post=836869"},{"taxonomy":"product_tag","embeddable":true,"href":"https:\/\/schuhewiebarfuss.at\/shop\/wp-json\/wp\/v2\/product_tag?post=836869"}],"curies":[{"name":"wp","href":"https:\/\/api.w.org\/{rel}","templated":true}]}}