{"id":836868,"date":"2025-09-18T11:00:00","date_gmt":"2025-09-18T09:00:00","guid":{"rendered":"https:\/\/schuhewiebarfuss.at\/shop\/produkt\/wallace-03\/"},"modified":"2026-03-13T20:46:37","modified_gmt":"2026-03-13T19:46:37","slug":"wallace-03","status":"publish","type":"product","link":"https:\/\/schuhewiebarfuss.at\/shop\/produkt\/wallace-03\/","title":{"rendered":"Wallace 03"},"content":{"rendered":"<p>Entdecke die perfekte Kombination aus Style und Komfort mit dem Wallace 03 von JOSEF SEIBEL und genie\u00dfe jeden Schritt in vollen Z\u00fcgen. Gefertigt aus hochwertigem Rindsleder, vereint der Wallace 03 Langlebigkeit mit einem stilvollen Design. Das Nubukleder verleiht dem Schuh eine edle Optik, die sich perfekt f\u00fcr jeden Anlass eignet. Mit einem warmen Futter ausgestattet, h\u00e4lt der Wallace 03 Deine F\u00fc\u00dfe auch an k\u00e4lteren Tagen angenehm warm. <\/p>\n<p>Die extrem flexible und strapazierf\u00e4hige Gummi-Latexsohle passt sich niocht nur jeder Deiner Bewegungen an, sondern ist auch hitzebest\u00e4ndig und abriebfest und sorgt f\u00fcr maximalen Komfort. Der gro\u00dfz\u00fcgige Zehenbereich bietet viel Volumen und erm\u00f6glicht Deinen F\u00fc\u00dfen die Freiheit, die sie ben\u00f6tigen. So kannst Du Dich den ganzen Tag \u00fcber wohlf\u00fchlen, ohne dass Deine F\u00fc\u00dfe eingeengt werden. Dank der praktischen Schn\u00fcrung und des zus\u00e4tzlichen Rei\u00dfverschlusses kannst Du den Schuh optimal an Deine Fu\u00dfform anpassen. So sitzt er immer perfekt und bietet Dir den Halt, den Du ben\u00f6tigst. <\/p>\n<p>Erlebe mit unserem Wallace 03 ein unvergleichliches Laufgef\u00fchl. Diese Barfu\u00dfschuhe bieten Dir das Gef\u00fchl, als w\u00fcrdest Du barfu\u00df gehen, w\u00e4hrend sie gleichzeitig den Schutz und die Unterst\u00fctzung eines hochwertigen Schuhs bieten.<\/p>\n<p>&#8211; Robustes Rindsleder f\u00fcr maximalen Komfort<br \/>\n&#8211; Robuste Gummisohle f\u00fcr sicheren Halt<br \/>\n&#8211; Samtige Glattleder-Oberfl\u00e4che<br \/>\n&#8211; Praktische Schn\u00fcrung und Rei\u00dfverschluss f\u00fcr perfekten Sitz<br \/>\n&#8211; H\u00e4lt Feuchtigkeit und N\u00e4sse ab<br \/>\n&#8211; Business Schuhe sind elegante oder auch formellere Schuhe im schlichten oder auch klassischen Design<br \/>\n&#8211; Tolle Modelle die man immer wieder tragen kann, bspw. Leder Sneaker und Halbschuhe<br \/>\n&#8211; In diesem Schuh k\u00f6nnt ihr die Einlegesohle herausnehmen oder einfach nur tauschen<br \/>\n&#8211; \u00dcbergang &#8211; hoch geschnitten f\u00fcr Pf\u00fctzen und leicht gef\u00fcttert<\/p>\n<p>Materialdetails:<\/p>\n<p>Obermaterial: Rindsleder<br \/>\nInnenfutter: Textil, Warmfutter<br \/>\nSohle: Gummi\/Latex (ohne Sprengung)<br \/>\nInnensohle: Textil, herausnehmbar<br \/>\nAbsatz: Nullabsatz, keine H\u00f6hendifferenz zwischen Ferse und Vorderfu\u00df<br \/>\nVerschluss: Sch\u00fcrsenkel und seitlicher Rei\u00dfverschluss<br \/>\nBesonderheiten: Business, Ganzj\u00e4hrig, \u00dcbergang, Normaler Spann<br \/>\nMaterialhinweis: Wasserabweisend, Nachhaltig<br \/>\nProduktlinie: Spirit of Nature<br \/>\nFertigungsart: Strobel<br \/>\nSchuhspitze: geschlossen<br \/>\nWeite: G<br \/>\nArtikelgewicht: 0,40 kg<br \/>\nHergestellt in Deutschland<\/p>\n<p>Herstellerinformationen:<br \/>\nJosef Seibel Schuhfabrik GmbH<br \/>\nGebr.-Seibel-Str. 5-9<br \/>\nHauenstein, Deutschland, 76846<br \/>\nshop@josef-seibel.de<br \/>\nhttps:\/\/www.josef-seibel.de<br \/>\nHersteller: Josef Seibel<\/p>\n<p>Innensohle &#8211; L\u00e4nge\/Breite (mm):<\/p>\n<p>Gr\u00f6\u00dfe: 40 &#8211; L\u00e4nge: 258 mm &#8211; Breite: 96 mm<br \/>\nGr\u00f6\u00dfe: 41 &#8211; L\u00e4nge: 264 mm &#8211; Breite: 98 mm<br \/>\nGr\u00f6\u00dfe: 42 &#8211; L\u00e4nge: 272 mm &#8211; Breite: 99 mm<br \/>\nGr\u00f6\u00dfe: 43 &#8211; L\u00e4nge: 280 mm &#8211; Breite: 100 mm<br \/>\nGr\u00f6\u00dfe: 44 &#8211; L\u00e4nge: 287 mm &#8211; Breite: 102 mm<br \/>\nGr\u00f6\u00dfe: 45 &#8211; L\u00e4nge: 294 mm &#8211; Breite: 104 mm<\/p>\n<p><b>Audio-Beschreibung<\/b><br \/><audio controls src=\"https:\/\/schuhewiebarfuss.at\/shop\/wp-content\/uploads\/lk\/9744_audio.wav\"><br \/>\n                                            Ihr Browser unterst\u00fctzt diese Audio-Ausgabe leider nicht.<br \/>\n                                            <\/ audio ><\/p>\n","protected":false},"excerpt":{"rendered":"<p>Josef Seibel WALLCE 03 Herren-Barfu\u00dfschuh<\/p>\n<p>Robust und stilvoll. Komfort und Funktionalit\u00e4t.<\/p>\n","protected":false},"featured_media":837898,"comment_status":"open","ping_status":"closed","template":"","meta":[],"product_brand":[],"product_cat":[840],"product_tag":[1544,1408,1375,1376,1377,1378,1379,1380,3044,1382],"class_list":{"0":"post-836868","1":"product","2":"type-product","3":"status-publish","4":"has-post-thumbnail","6":"product_cat-winterschuhe-3","7":"product_tag-farbe-braun","8":"product_tag-farbe-schwarz","9":"product_tag-groesse-40","10":"product_tag-groesse-41","11":"product_tag-groesse-42","12":"product_tag-groesse-43","13":"product_tag-groesse-44","14":"product_tag-groesse-45","15":"product_tag-marke-josef-seibel","16":"product_tag-neu","18":"first","19":"instock","20":"taxable","21":"shipping-taxable","22":"purchasable","23":"product-type-variable"},"_links":{"self":[{"href":"https:\/\/schuhewiebarfuss.at\/shop\/wp-json\/wp\/v2\/product\/836868","targetHints":{"allow":["GET"]}}],"collection":[{"href":"https:\/\/schuhewiebarfuss.at\/shop\/wp-json\/wp\/v2\/product"}],"about":[{"href":"https:\/\/schuhewiebarfuss.at\/shop\/wp-json\/wp\/v2\/types\/product"}],"replies":[{"embeddable":true,"href":"https:\/\/schuhewiebarfuss.at\/shop\/wp-json\/wp\/v2\/comments?post=836868"}],"wp:featuredmedia":[{"embeddable":true,"href":"https:\/\/schuhewiebarfuss.at\/shop\/wp-json\/wp\/v2\/media\/837898"}],"wp:attachment":[{"href":"https:\/\/schuhewiebarfuss.at\/shop\/wp-json\/wp\/v2\/media?parent=836868"}],"wp:term":[{"taxonomy":"product_brand","embeddable":true,"href":"https:\/\/schuhewiebarfuss.at\/shop\/wp-json\/wp\/v2\/product_brand?post=836868"},{"taxonomy":"product_cat","embeddable":true,"href":"https:\/\/schuhewiebarfuss.at\/shop\/wp-json\/wp\/v2\/product_cat?post=836868"},{"taxonomy":"product_tag","embeddable":true,"href":"https:\/\/schuhewiebarfuss.at\/shop\/wp-json\/wp\/v2\/product_tag?post=836868"}],"curies":[{"name":"wp","href":"https:\/\/api.w.org\/{rel}","templated":true}]}}