{"id":836250,"date":"2025-09-17T17:51:48","date_gmt":"2025-09-17T15:51:48","guid":{"rendered":"https:\/\/schuhewiebarfuss.at\/shop\/produkt\/stitchwalk-f088-51449-blau\/"},"modified":"2026-04-07T22:45:43","modified_gmt":"2026-04-07T20:45:43","slug":"stitchwalk-f088-51449-blau","status":"publish","type":"product","link":"https:\/\/schuhewiebarfuss.at\/shop\/produkt\/stitchwalk-f088-51449-blau\/","title":{"rendered":"Stitch&amp;Walk F088-51449 Blau"},"content":{"rendered":"<p>Diese Barfu\u00df-Sneaker von Stitch &amp; Walk zeichnen sich durch ihr extrem geringes Gewicht und ihre au\u00dfergew\u00f6hnliche Atmungsaktivit\u00e4t aus und sind damit f\u00fcr die w\u00e4rmsten Tage die perfekte Wahl. Das Obermaterial und Innenmaterial aus Textil (Mesh) und TPU, sowie die hereusnehmbare Leder-Einlegesohle sorgt f\u00fcr hervorragenden Tragekomfort und Atmungsaktivit\u00e4t. Die Materialien werden sorgf\u00e4ltig ausgew\u00e4hlt, um am Ende des Herstellungsprozesses ein optimales Zusammenspiel von Komfort, Gesundheit und Klima zu schaffen.<\/p>\n<p>Die flexible Sohle bietet \u00fcberdurchschnittlich viel Zehenfreiheit und hat keine verst\u00e4rkte Ferse und keine Fu\u00dfgew\u00f6lbeformung. Es passt sich der Fu\u00dfform an und bietet maximales Oberfl\u00e4chengef\u00fchl, somit erm\u00f6glicht der Schuh die Einbindung aller Muskeln, Sehnen und Knochen des Fu\u00dfes in den Laufprozess, genau wie beim Barfu\u00dflaufen, und tr\u00e4gt so zur gesunden Entwicklung des Fu\u00dfes bei.<\/p>\n<p>Diese Sneakers sind f\u00fcr normale bis breite F\u00fc\u00dfe und einen normaler bis etwas h\u00f6heren Spann geeignet. Der Schuh ist an der Spitze breiter und an der Ferse schmaler, sodass er gut an f\u00e4cherf\u00f6rmige F\u00fc\u00dfe passt. Auch f\u00fcr dominante Gro\u00dfzehen sind sie geeignet. Leichtgewichtige Schuhe beugen Fu\u00dferm\u00fcdung vor. Die Ferse ist teilweise verst\u00e4rkt.<\/p>\n<p>Der Stitch &amp; Walk F088-51449 ist ideal f\u00fcr alle, die einen sportlichen Stil bevorzugen. Er eignet sich f\u00fcr Sport und Freizeit, sowohl drau\u00dfen als auch drinnen geeignet, und enth\u00e4lt eine praktische Schlaufe zur einfachen Befestigung am Rucksack. Dieser Sport-Sneaker ist auch f\u00fcr Barfu\u00df-Anf\u00e4nger geeignet. <\/p>\n<p>Materialdetails:<\/p>\n<p>Obermaterial: Textil (Mesh) und TPU<br \/>\nInnenfutter: Textil<br \/>\nSohle: Gummi<br \/>\nInnensohle: Leder<br \/>\nAbsatz: Nullabsatz, keine H\u00f6hendifferenz zwischen Ferse und Vorderfu\u00df<br \/>\nVerschluss: Schn\u00fcrsenkel<br \/>\nHergestellt in China<\/p>\n<p>Innensohle &#8211; L\u00e4nge\/Breite (mm):<\/p>\n<p>Gr\u00f6\u00dfe: 38 &#8211; L\u00e4nge: 245 mm &#8211; Breite: 92 mm<br \/>\nGr\u00f6\u00dfe: 39 &#8211; L\u00e4nge: 252 mm &#8211; Breite: 93 mm<br \/>\nGr\u00f6\u00dfe: 40 &#8211; L\u00e4nge: 258 mm &#8211; Breite: 95 mm<br \/>\nGr\u00f6\u00dfe: 41 &#8211; L\u00e4nge: 265 mm &#8211; Breite: 96 mm<br \/>\nGr\u00f6\u00dfe: 42 &#8211; L\u00e4nge: 272 mm &#8211; Breite: 97 mm<br \/>\nGr\u00f6\u00dfe: 43 &#8211; L\u00e4nge: 279 mm &#8211; Breite: 98 mm<br \/>\nGr\u00f6\u00dfe: 44 &#8211; L\u00e4nge: 291 mm &#8211; Breite: 100 mm<br \/>\nGr\u00f6\u00dfe: 45 &#8211; L\u00e4nge: 296 mm &#8211; Breite: 103 mm<\/p>\n<p><b>Audio-Beschreibung<\/b><br \/><audio controls src=\"https:\/\/schuhewiebarfuss.at\/shop\/wp-content\/uploads\/lk\/9736_audio.wav\"><br \/>\n                                            Ihr Browser unterst\u00fctzt diese Audio-Ausgabe leider nicht.<br \/>\n                                            <\/ audio ><\/p>\n","protected":false},"excerpt":{"rendered":"<p>Stitch &amp; Walk F088-51449 Barfu\u00df-Sportsneaker<\/p>\n<p>Bequeme und atmungsaktive Sneaker f\u00fcr Sport und Freizeit. Auch f\u00fcr Barfu\u00df-Anf\u00e4nger geeignet.<\/p>\n","protected":false},"featured_media":836776,"comment_status":"open","ping_status":"closed","template":"","meta":[],"product_brand":[],"product_cat":[853],"product_tag":[1373,1374,1375,1376,1377,1378,1379,1380,3088,1382],"class_list":{"0":"post-836250","1":"product","2":"type-product","3":"status-publish","4":"has-post-thumbnail","6":"product_cat-sport-2","7":"product_tag-groesse-38","8":"product_tag-groesse-39","9":"product_tag-groesse-40","10":"product_tag-groesse-41","11":"product_tag-groesse-42","12":"product_tag-groesse-43","13":"product_tag-groesse-44","14":"product_tag-groesse-45","15":"product_tag-marke-stitch-walk","16":"product_tag-neu","18":"first","19":"instock","20":"taxable","21":"shipping-taxable","22":"purchasable","23":"product-type-variable"},"_links":{"self":[{"href":"https:\/\/schuhewiebarfuss.at\/shop\/wp-json\/wp\/v2\/product\/836250","targetHints":{"allow":["GET"]}}],"collection":[{"href":"https:\/\/schuhewiebarfuss.at\/shop\/wp-json\/wp\/v2\/product"}],"about":[{"href":"https:\/\/schuhewiebarfuss.at\/shop\/wp-json\/wp\/v2\/types\/product"}],"replies":[{"embeddable":true,"href":"https:\/\/schuhewiebarfuss.at\/shop\/wp-json\/wp\/v2\/comments?post=836250"}],"wp:featuredmedia":[{"embeddable":true,"href":"https:\/\/schuhewiebarfuss.at\/shop\/wp-json\/wp\/v2\/media\/836776"}],"wp:attachment":[{"href":"https:\/\/schuhewiebarfuss.at\/shop\/wp-json\/wp\/v2\/media?parent=836250"}],"wp:term":[{"taxonomy":"product_brand","embeddable":true,"href":"https:\/\/schuhewiebarfuss.at\/shop\/wp-json\/wp\/v2\/product_brand?post=836250"},{"taxonomy":"product_cat","embeddable":true,"href":"https:\/\/schuhewiebarfuss.at\/shop\/wp-json\/wp\/v2\/product_cat?post=836250"},{"taxonomy":"product_tag","embeddable":true,"href":"https:\/\/schuhewiebarfuss.at\/shop\/wp-json\/wp\/v2\/product_tag?post=836250"}],"curies":[{"name":"wp","href":"https:\/\/api.w.org\/{rel}","templated":true}]}}