{"id":836189,"date":"2025-09-17T16:26:26","date_gmt":"2025-09-17T14:26:26","guid":{"rendered":"https:\/\/schuhewiebarfuss.at\/shop\/produkt\/stitchwalk-h088-51243\/"},"modified":"2026-04-07T22:37:31","modified_gmt":"2026-04-07T20:37:31","slug":"stitchwalk-h088-51243","status":"publish","type":"product","link":"https:\/\/schuhewiebarfuss.at\/shop\/produkt\/stitchwalk-h088-51243\/","title":{"rendered":"Stitch&amp;Walk H088-51243"},"content":{"rendered":"<p>Die wundersch\u00f6nen Ballerinas von Stitch &amp; Walk sind ger\u00e4umig, bequem und elegant zugleich. Sie eignen sich f\u00fcrs B\u00fcro, zum Kleid oder einfach als Freizeitschuhe. Obermaterial, Innenmaterial sowie die hereusnehmbare Einlegesohle sind aus echtem, hochwertigem Rindsleder gefertigt, das f\u00fcr hervorragenden Tragekomfort und Weichheit sorgt. Die richtige Dicke des erstklassigen Rindsleders wird sorgf\u00e4ltig ausgew\u00e4hlt, um am Ende des Herstellungsprozesses ein optimales Zusammenspiel von Komfort, Gesundheit und Klima zu schaffen. Stitch &amp; Walk legt Wert darauf, dass alle Teile, die mit der Haut in Ber\u00fchrung kommt, ausschlie\u00dflich aus nat\u00fcrlichen Materialien bestehen. <\/p>\n<p>Die flexible Sohle bietet \u00fcberdurchschnittlich viel Zehenfreiheit und hat keine verst\u00e4rkte Ferse und keine Fu\u00dfgew\u00f6lbeformung. Es passt sich der Fu\u00dfform an und bietet maximales Oberfl\u00e4chengef\u00fchl, somit erm\u00f6glicht der Schuh die Einbindung aller Muskeln, Sehnen und Knochen des Fu\u00dfes in den Laufprozess, genau wie beim Barfu\u00dflaufen, und tr\u00e4gt so zur gesunden Entwicklung des Fu\u00dfes bei.<\/p>\n<p>Diese Ballerinas sind f\u00fcr mittelgro\u00dfe bis breite F\u00fc\u00dfe und einen mittleren bis etwas h\u00f6heren Spann geeignet. Der Schuh ist an der Spitze breiter und an der Ferse schmaler, sodass er gut an f\u00e4cherf\u00f6rmige F\u00fc\u00dfe passt. Auch f\u00fcr dominante Gro\u00dfzehen sind sie geeignet.<\/p>\n<p>Materialdetails:<\/p>\n<p>Obermaterial: Rindsleder<br \/>\nInnenfutter: Rindsleder<br \/>\nSohle: Gummi<br \/>\nInnensohle: Leder-Innensohle, hereusnehmbar<br \/>\nAbsatz: Nullabsatz, keine H\u00f6hendifferenz zwischen Ferse und Vorderfu\u00df<br \/>\nVerschluss: kein Verschluss<br \/>\nHergestellt in China<\/p>\n<p>Innensohle &#8211; L\u00e4nge\/Breite (mm):<\/p>\n<p>Gr\u00f6\u00dfe: 37 &#8211; L\u00e4nge: 236 mm &#8211; Breite: 91 mm<br \/>\nGr\u00f6\u00dfe: 38 &#8211; L\u00e4nge: 242 mm &#8211; Breite: 92 mm<br \/>\nGr\u00f6\u00dfe: 39 &#8211; L\u00e4nge: 251 mm &#8211; Breite: 93 mm<br \/>\nGr\u00f6\u00dfe: 40 &#8211; L\u00e4nge: 257 mm &#8211; Breite: 95 mm<br \/>\nGr\u00f6\u00dfe: 41 &#8211; L\u00e4nge: 262 mm &#8211; Breite: 97 mm<br \/>\nGr\u00f6\u00dfe: 42 &#8211; L\u00e4nge: 272 mm &#8211; Breite: 98 mm<\/p>\n<p><b>Audio-Beschreibung<\/b><br \/><audio controls src=\"https:\/\/schuhewiebarfuss.at\/shop\/wp-content\/uploads\/lk\/9732_audio.wav\"><br \/>\n                                            Ihr Browser unterst\u00fctzt diese Audio-Ausgabe leider nicht.<br \/>\n                                            <\/ audio ><\/p>\n","protected":false},"excerpt":{"rendered":"<p>Stitch &amp; Walk H088-51243 Barfu\u00df-Ballerinas<\/p>\n<p>Ger\u00e4umig, bequem und elegant. Stitch &amp; Walk Ballerinas so viellseitig wie der Alltag.<\/p>\n","protected":false},"featured_media":836792,"comment_status":"open","ping_status":"closed","template":"","meta":[],"product_brand":[],"product_cat":[828],"product_tag":[1544,1408,1657,1368,1373,1374,1375,1376,1377,3088,1382],"class_list":{"0":"post-836189","1":"product","2":"type-product","3":"status-publish","4":"has-post-thumbnail","6":"product_cat-ballerinas","7":"product_tag-farbe-braun","8":"product_tag-farbe-schwarz","9":"product_tag-farbe-silber","10":"product_tag-groesse-37","11":"product_tag-groesse-38","12":"product_tag-groesse-39","13":"product_tag-groesse-40","14":"product_tag-groesse-41","15":"product_tag-groesse-42","16":"product_tag-marke-stitch-walk","17":"product_tag-neu","19":"first","20":"instock","21":"taxable","22":"shipping-taxable","23":"purchasable","24":"product-type-variable"},"_links":{"self":[{"href":"https:\/\/schuhewiebarfuss.at\/shop\/wp-json\/wp\/v2\/product\/836189","targetHints":{"allow":["GET"]}}],"collection":[{"href":"https:\/\/schuhewiebarfuss.at\/shop\/wp-json\/wp\/v2\/product"}],"about":[{"href":"https:\/\/schuhewiebarfuss.at\/shop\/wp-json\/wp\/v2\/types\/product"}],"replies":[{"embeddable":true,"href":"https:\/\/schuhewiebarfuss.at\/shop\/wp-json\/wp\/v2\/comments?post=836189"}],"wp:featuredmedia":[{"embeddable":true,"href":"https:\/\/schuhewiebarfuss.at\/shop\/wp-json\/wp\/v2\/media\/836792"}],"wp:attachment":[{"href":"https:\/\/schuhewiebarfuss.at\/shop\/wp-json\/wp\/v2\/media?parent=836189"}],"wp:term":[{"taxonomy":"product_brand","embeddable":true,"href":"https:\/\/schuhewiebarfuss.at\/shop\/wp-json\/wp\/v2\/product_brand?post=836189"},{"taxonomy":"product_cat","embeddable":true,"href":"https:\/\/schuhewiebarfuss.at\/shop\/wp-json\/wp\/v2\/product_cat?post=836189"},{"taxonomy":"product_tag","embeddable":true,"href":"https:\/\/schuhewiebarfuss.at\/shop\/wp-json\/wp\/v2\/product_tag?post=836189"}],"curies":[{"name":"wp","href":"https:\/\/api.w.org\/{rel}","templated":true}]}}