{"id":822515,"date":"2025-08-13T16:00:44","date_gmt":"2025-08-13T14:00:44","guid":{"rendered":"https:\/\/schuhewiebarfuss.at\/shop\/produkt\/multitrack-pro\/"},"modified":"2026-03-01T14:56:16","modified_gmt":"2026-03-01T13:56:16","slug":"multitrack-pro","status":"publish","type":"product","link":"https:\/\/schuhewiebarfuss.at\/shop\/produkt\/multitrack-pro\/","title":{"rendered":"Multitrack Pro"},"content":{"rendered":"<p>Upgrade Your Game mit der MULTRITRACK PRO! Die doppellagige Sohlenkonstruktion mit einer zus\u00e4tzlichen Schicht EVA bietet Dir eine extra Portion D\u00e4mpfung und deutlich mehr Komfort auf langen Distanzen und hartem Untergrund. Die MULTITRACK PRO ist damit die ideale Wahl f\u00fcr regelm\u00e4\u00dfige L\u00e4ufe auf Asphalt und alle, die es gerne etwas komfortabler m\u00f6gen.<\/p>\n<p>Das Obermaterial besteht aus einem speziellen gummierten Textil, welches robust, schmutzabweisend und einfach zu reinigen ist. Das Lycra Textil auf der Innenseite sorgt f\u00fcr den ben\u00f6tigten Komfort und f\u00fchlt sich angenehm weich auf der Haut an.<\/p>\n<p>Die Pro-Series setzt neue Ma\u00dfst\u00e4be in Sachen Handling und Nachhaltigkeit. Die Sohlenplatte und auch alle anderen Bauteile lassen sich einfach austauschen. Mit dem Wechsel der Sohle l\u00e4sst sich die bestehende Sandale schnell deinem Einsatzzweck anpassen. Sollte durch eine \u00dcberbeanspruchung oder altersbedingt ein Bauteil verschlei\u00dfen, k\u00f6nnen Einzelteile nachbestellt und einfach ersetzt werden. Somit ist deine Sandale kosteng\u00fcnstig wieder einsatzbereit.<\/p>\n<p>Der 3-lagige Sohlenaufbau bietet beste Performance und macht die Sohlenplatte \u00e4u\u00dferst flexibel, damit sie sich dem Untergrund und deinem Fu\u00df anschmiegt. Die 6mm Hexa4Grip Light Sohle, gepaart mit der 2mm EVA Mittelsohle, bietet optimalen Komfort auf harten Untergr\u00fcnden. Das 1mm dicke Microfaser Fu\u00dfbett ist rutschhemmend und antibakteriell zugleich.<\/p>\n<p>L\u00e4stiges Riemen einstellen geh\u00f6rt der Vergangenheit an. Mit nur einem Dreh ist die Sandale sicher an deinem Fu\u00df fixiert. Schnell und einfach kann in kleinsten Schritten nachjustiert werden, um den Sitz w\u00e4hrend des Gehens zu optimieren.<\/p>\n<p>Obermaterial: Gummi\/Textil<br \/>\nInnenmaterial: Lycra Textil<br \/>\nSohle: l\u00e4sst sich ausstauschen, auch die Einzelteile daf\u00fcr, gibt es bei AVO zu kaufen<br \/>\nVerschluss: Drehverschluss, sorgt f\u00fcr einen guten Halt. <\/p>\n<p>Da das Schn\u00fcrsystem viel Zug nach hinten aus\u00fcbt, empfehlen wir die Sohlenl\u00e4nge sehr knapp zu w\u00e4hlen, damit Du im Zehenbereich nicht zu viel Platz bekommst &#8211; ca. 5mm zur Fu\u00dfl\u00e4nge sind ideal.<\/p>\n<p>Innensohle &#8211; L\u00e4nge\/Breite (mm):<\/p>\n<p>Gr\u00f6\u00dfe: 36 &#8211; L\u00e4nge: 234 mm &#8211; Breite: 97 mm<br \/>\nGr\u00f6\u00dfe: 37 &#8211; L\u00e4nge: 240 mm &#8211; Breite: 99 mm<br \/>\nGr\u00f6\u00dfe: 38 &#8211; L\u00e4nge: 247 mm &#8211; Breite: 101 mm<br \/>\nGr\u00f6\u00dfe: 39 &#8211; L\u00e4nge: 253 mm &#8211; Breite: 103 mm<br \/>\nGr\u00f6\u00dfe: 40 &#8211; L\u00e4nge: 260 mm &#8211; Breite: 105 mm<br \/>\nGr\u00f6\u00dfe: 41 &#8211; L\u00e4nge: 267 mm &#8211; Breite: 107 mm<br \/>\nGr\u00f6\u00dfe: 42 &#8211; L\u00e4nge: 274 mm &#8211; Breite: 109 mm<br \/>\nGr\u00f6\u00dfe: 43 &#8211; L\u00e4nge: 280 mm &#8211; Breite: 111 mm<br \/>\nGr\u00f6\u00dfe: 44 &#8211; L\u00e4nge: 287 mm &#8211; Breite: 113 mm<br \/>\nGr\u00f6\u00dfe: 45 &#8211; L\u00e4nge: 294 mm &#8211; Breite: 115 mm<br \/>\nGr\u00f6\u00dfe: 46 &#8211; L\u00e4nge: 301 mm &#8211; Breite: 117 mm<br \/>\nGr\u00f6\u00dfe: 47 &#8211; L\u00e4nge: 308 mm &#8211; Breite: 119 mm<\/p>\n<p>Angaben zur Produktsicherheit:<\/p>\n<p>Hersteller:<br \/>\nAVO GmbH<br \/>\nFinkenstra\u00dfe 22<br \/>\n85521 Ottobrunn<br \/>\nDeutschland<br \/>\nservice@avosandals.com<\/p>\n<p><b>Audio-Beschreibung<\/b><br \/><audio controls src=\"https:\/\/schuhewiebarfuss.at\/shop\/wp-content\/uploads\/lk\/9676_audio.wav\"><br \/>\n                                            Ihr Browser unterst\u00fctzt diese Audio-Ausgabe leider nicht.<br \/>\n                                            <\/ audio ><\/p>\n","protected":false},"excerpt":{"rendered":"<p>Avo MULTITRACK PRO<\/p>\n<p>Entdecke die Innovation von AVO &#8211; Sandalen f\u00fcr dein n\u00e4chstes Abenteuer! Die gel\u00e4ndetaugliche Flip-Flops mit Boa-Verschlusssystem.<\/p>\n","protected":false},"featured_media":826240,"comment_status":"open","ping_status":"closed","template":"","meta":[],"product_brand":[],"product_cat":[852],"product_tag":[1362,1368,1373,1374,1375,1376,1377,1378,1379,1380,1381,1449,2469,1382],"class_list":{"0":"post-822515","1":"product","2":"type-product","3":"status-publish","4":"has-post-thumbnail","6":"product_cat-sandalen-3","7":"product_tag-groesse-36","8":"product_tag-groesse-37","9":"product_tag-groesse-38","10":"product_tag-groesse-39","11":"product_tag-groesse-40","12":"product_tag-groesse-41","13":"product_tag-groesse-42","14":"product_tag-groesse-43","15":"product_tag-groesse-44","16":"product_tag-groesse-45","17":"product_tag-groesse-46","18":"product_tag-groesse-47","19":"product_tag-marke-avo","20":"product_tag-neu","22":"first","23":"instock","24":"taxable","25":"shipping-taxable","26":"purchasable","27":"product-type-variable"},"_links":{"self":[{"href":"https:\/\/schuhewiebarfuss.at\/shop\/wp-json\/wp\/v2\/product\/822515","targetHints":{"allow":["GET"]}}],"collection":[{"href":"https:\/\/schuhewiebarfuss.at\/shop\/wp-json\/wp\/v2\/product"}],"about":[{"href":"https:\/\/schuhewiebarfuss.at\/shop\/wp-json\/wp\/v2\/types\/product"}],"replies":[{"embeddable":true,"href":"https:\/\/schuhewiebarfuss.at\/shop\/wp-json\/wp\/v2\/comments?post=822515"}],"wp:featuredmedia":[{"embeddable":true,"href":"https:\/\/schuhewiebarfuss.at\/shop\/wp-json\/wp\/v2\/media\/826240"}],"wp:attachment":[{"href":"https:\/\/schuhewiebarfuss.at\/shop\/wp-json\/wp\/v2\/media?parent=822515"}],"wp:term":[{"taxonomy":"product_brand","embeddable":true,"href":"https:\/\/schuhewiebarfuss.at\/shop\/wp-json\/wp\/v2\/product_brand?post=822515"},{"taxonomy":"product_cat","embeddable":true,"href":"https:\/\/schuhewiebarfuss.at\/shop\/wp-json\/wp\/v2\/product_cat?post=822515"},{"taxonomy":"product_tag","embeddable":true,"href":"https:\/\/schuhewiebarfuss.at\/shop\/wp-json\/wp\/v2\/product_tag?post=822515"}],"curies":[{"name":"wp","href":"https:\/\/api.w.org\/{rel}","templated":true}]}}