{"id":811636,"date":"2025-07-12T17:24:32","date_gmt":"2025-07-12T15:24:32","guid":{"rendered":"https:\/\/schuhewiebarfuss.at\/shop\/produkt\/rotterdam-schwarz\/"},"modified":"2026-03-10T20:46:54","modified_gmt":"2026-03-10T19:46:54","slug":"rotterdam-schwarz","status":"publish","type":"product","link":"https:\/\/schuhewiebarfuss.at\/shop\/produkt\/rotterdam-schwarz\/","title":{"rendered":"Rotterdam Schwarz"},"content":{"rendered":"<p>Benannt nach einer Stadt, die nicht gefallen will \u2013 sondern Haltung zeigt. Rotterdam ist progressiv und urban. Genau wie dieser Sneaker. Der Madoo Rotterdam verzichtet auf Spielereinen \u2013 nicht aus Zufall, sondern aus \u00dcberzeugung. Sein Design spricht f\u00fcr sich: schwarz-wei\u00dfer Kontrast, klare Linien, funktionale Details. Ein Sneaker f\u00fcr Menschen, die bewusst entscheiden \u2013 was sie tragen und wie sie leben. Reduziert im Aufbau, kompromisslos nachhaltig und gemacht f\u00fcr Bewegung mit Leichtigkeit.<\/p>\n<p>Nat\u00fcrlich gesund gehen ohne auf Style zu verzichten &#8211; Dieser Sneaker kombiniert die Vorteile des Barfu\u00dfgehens mit dem Look moderner Sneaker. Sie passen zu deinem Alltag und zu deinem Outfit.<\/p>\n<p>Foot-Shaped &#8211; Breite Zehenbox statt einengender Form \u2013 deine Zehen haben Platz, so wie es die Natur vorgesehen hat.<\/p>\n<p>Zero Drop &#8211; Keine Erh\u00f6hung in der Ferse \u2013 dein K\u00f6rper bleibt im nat\u00fcrlichen Gleichgewicht, das entlastet R\u00fccken und Gelenke.<\/p>\n<p>Atmungsaktiv &#8211; Angenehmes Fu\u00dfklima &#8211; durch den Verzicht auf Klebstoffen bleibt das Textil aus 100% Polyester luftdurchl\u00e4ssig.<\/p>\n<p>Langlebig &#8211; Durch ausgew\u00e4hlte Materialien und ein reparaturfreundliches Design bleiben dir deine Schuhe lange erhalten.<\/p>\n<p>Sohlenbefestigung ohne Klebstoff &#8211; Erm\u00f6glicht komplettes Schuhrecycling. Macht den Schuh weicher und gibt ein besseres Fu\u00dfklima, da die aus 100% Gummi gefertigte Sohle dadurch atmungsakiver ist.<\/p>\n<p>Shoe to shoe recycling &#8211; Die verwendeten Materialien sind jeweils 100% sortenrein \u2013 ideal f\u00fcr echtes Recycling und eine echte Kreislaufwirtschaft.?<\/p>\n<p>Materialdetails:<\/p>\n<p>Obermaterial: 100% Polyester<br \/>\nInnenfutter: 100% Polyester<br \/>\nSohle: 100% Gummi, 5 mm<br \/>\nInnensohle: 50% Cork\/ 50% PU, herausnehmbar<br \/>\nAbsatz: Nullabsatz, keine H\u00f6hendifferenz zwischen Ferse und Vorderfu\u00df<br \/>\nVerschluss: Schn\u00fcrsenkel<br \/>\nBesonderheiten: Atmungsaktiv, 100% Recyclebar, Gemacht zum Reparieren &#8211; Resole-Service bei madoo<br \/>\nMaterialhinweis: Frei von sch\u00e4dlichen Materialien<br \/>\nPassform: normal bis weit, weite Zehenbox<br \/>\nHergestellt in Vorarlberg\/\u00d6sterreich<\/p>\n<p>Der Schuh f\u00e4llt etwas gr\u00f6\u00dfer aus.<\/p>\n<p>Pflegehinweis:<\/p>\n<p>Verschmutzungen lassen sich am besten mit einer weichen Schuhb\u00fcrste und etwas Wasser entfernen. Einfach gr\u00fcndlich abb\u00fcrsten und bei Bedarf mit einem feuchten Tuch nachwischen.<br \/>\nDie Schuhe k\u00f6nnen auch in der Waschmaschine (nicht zu hei\u00df) gewaschen werden. Innensohle vorher rausnehmen!<\/p>\n<p>Innensohle &#8211; L\u00e4nge\/Breite (mm):<\/p>\n<p>Gr\u00f6\u00dfe: 36 &#8211; L\u00e4nge: 235 mm<br \/>\nGr\u00f6\u00dfe: 37 &#8211; L\u00e4nge: 242 mm<br \/>\nGr\u00f6\u00dfe: 38 &#8211; L\u00e4nge: 248 mm<br \/>\nGr\u00f6\u00dfe: 39 &#8211; L\u00e4nge: 255 mm<br \/>\nGr\u00f6\u00dfe: 40 &#8211; L\u00e4nge: 261 mm<br \/>\nGr\u00f6\u00dfe: 41 &#8211; L\u00e4nge: 268 mm<br \/>\nGr\u00f6\u00dfe: 42 &#8211; L\u00e4nge: 274 mm<br \/>\nGr\u00f6\u00dfe: 43 &#8211; L\u00e4nge: 281 mm<br \/>\nGr\u00f6\u00dfe: 44 &#8211; L\u00e4nge: 287 mm<br \/>\nGr\u00f6\u00dfe: 45 &#8211; L\u00e4nge: 294 mm<br \/>\nGr\u00f6\u00dfe: 46 &#8211; L\u00e4nge: 300 mm<\/p>\n<p><b>Audio-Beschreibung<\/b><br \/><audio controls src=\"https:\/\/schuhewiebarfuss.at\/shop\/wp-content\/uploads\/lk\/9673_audio.wav\"><br \/>\n                                            Ihr Browser unterst\u00fctzt diese Audio-Ausgabe leider nicht.<br \/>\n                                            <\/ audio ><\/p>\n","protected":false},"excerpt":{"rendered":"<p>Madoo ROTTERDAM<\/p>\n<p>Klar. Direkt. Unabh\u00e4ngig.<\/p>\n","protected":false},"featured_media":814042,"comment_status":"open","ping_status":"closed","template":"","meta":[],"product_brand":[],"product_cat":[851],"product_tag":[1362,1368,1373,1374,1375,1376,1377,1378,1379,1380,1381,3045,1382],"class_list":{"0":"post-811636","1":"product","2":"type-product","3":"status-publish","4":"has-post-thumbnail","6":"product_cat-lifestyle-3","7":"product_tag-groesse-36","8":"product_tag-groesse-37","9":"product_tag-groesse-38","10":"product_tag-groesse-39","11":"product_tag-groesse-40","12":"product_tag-groesse-41","13":"product_tag-groesse-42","14":"product_tag-groesse-43","15":"product_tag-groesse-44","16":"product_tag-groesse-45","17":"product_tag-groesse-46","18":"product_tag-marke-madoo","19":"product_tag-neu","21":"first","22":"instock","23":"taxable","24":"shipping-taxable","25":"purchasable","26":"product-type-variable"},"_links":{"self":[{"href":"https:\/\/schuhewiebarfuss.at\/shop\/wp-json\/wp\/v2\/product\/811636","targetHints":{"allow":["GET"]}}],"collection":[{"href":"https:\/\/schuhewiebarfuss.at\/shop\/wp-json\/wp\/v2\/product"}],"about":[{"href":"https:\/\/schuhewiebarfuss.at\/shop\/wp-json\/wp\/v2\/types\/product"}],"replies":[{"embeddable":true,"href":"https:\/\/schuhewiebarfuss.at\/shop\/wp-json\/wp\/v2\/comments?post=811636"}],"wp:featuredmedia":[{"embeddable":true,"href":"https:\/\/schuhewiebarfuss.at\/shop\/wp-json\/wp\/v2\/media\/814042"}],"wp:attachment":[{"href":"https:\/\/schuhewiebarfuss.at\/shop\/wp-json\/wp\/v2\/media?parent=811636"}],"wp:term":[{"taxonomy":"product_brand","embeddable":true,"href":"https:\/\/schuhewiebarfuss.at\/shop\/wp-json\/wp\/v2\/product_brand?post=811636"},{"taxonomy":"product_cat","embeddable":true,"href":"https:\/\/schuhewiebarfuss.at\/shop\/wp-json\/wp\/v2\/product_cat?post=811636"},{"taxonomy":"product_tag","embeddable":true,"href":"https:\/\/schuhewiebarfuss.at\/shop\/wp-json\/wp\/v2\/product_tag?post=811636"}],"curies":[{"name":"wp","href":"https:\/\/api.w.org\/{rel}","templated":true}]}}