{"id":808834,"date":"2025-07-08T16:12:27","date_gmt":"2025-07-08T14:12:27","guid":{"rendered":"https:\/\/schuhewiebarfuss.at\/shop\/produkt\/tom-tailor-kinder\/"},"modified":"2026-04-07T22:47:16","modified_gmt":"2026-04-07T20:47:16","slug":"tom-tailor-kinder","status":"publish","type":"product","link":"https:\/\/schuhewiebarfuss.at\/shop\/produkt\/tom-tailor-kinder\/","title":{"rendered":"Tom Tailor Kinder"},"content":{"rendered":"<p>Wundersch\u00f6ner Slipper f\u00fcr den Sommer! Superleichter Sneaker von Tom Tailor!<\/p>\n<p>Dieser Barfu\u00dfschuh von Tom Tailor ist ein tolles Sommerodell f\u00fcr Kinder. Das Obermaterial aus textilem Meshgewebe ist besonders elastisch und f\u00fcgt sich optimal am Fu\u00df an. Zusammen mit dem weichen Textil-Innenfutter erm\u00f6glicht dieser Schuh ein hohes Tragekomfort. Die Lasche an der Ferse und das elastische Gewebe im Bereich des Einstiegs erm\u00f6glicht ein einfaches und schnelles An- und Ausziehen und garantiert gleichzeitig eine optimale Passform. F\u00fcr einen erh\u00f6hten allgemeinen Komfort beim Gehen sorgt die besonders strapazierf\u00e4hig, festgeklebte Innensohle aus Textil. Die Au\u00dfensohle in Wei\u00df besteht aus Gummi, ist standardm\u00e4\u00dfig rutschfest, sorgt f\u00fcr optimalen Halt beim Gehen und ist zus\u00e4tzlich d\u00fcnn gearbeitet um das optimale Barfu\u00dfgef\u00fchl zu erhalten.<\/p>\n<p>Ein Schuh f\u00fcr Kinder zu einem tollen Preis-Leistungs-Verh\u00e4ltnis. Ein echtes Highlight f\u00fcr den Sommer mit einem sportlich, modischem Design das zu allem passt.<\/p>\n<p>Materialdetails:<\/p>\n<p>Obermaterial: Textil<br \/>\nInnenfutter: Textil<br \/>\nSohle: Gummi<br \/>\nInnensohle: Textil, nicht herausnehmbar, festgeklebt<br \/>\nAbsatz: Nullabsatz, keine H\u00f6hendifferenz zwischen Ferse und Vorderfu\u00df<br \/>\nVerschluss: Schlupfschuh<br \/>\nSchuhspitze : Rund<br \/>\nSchuhbreite : Normal<br \/>\nSchafth\u00f6he : Kn\u00f6chelhoch<br \/>\nBesonderheiten: atmungsaktiv<br \/>\nWasserschutz: Nein<br \/>\nEignung: Alltag, Freizeit und Sport<br \/>\nHighlight: Sportlich, Funktional, Schlicht<\/p>\n<p>Innensohle &#8211; L\u00e4nge\/Breite (mm):<\/p>\n<p>Gr\u00f6\u00dfe: 31 &#8211; L\u00e4nge: 193 mm &#8211; Breite: 73 mm<br \/>\nGr\u00f6\u00dfe: 32 &#8211; L\u00e4nge: 200 mm &#8211; Breite: 73 mm<br \/>\nGr\u00f6\u00dfe: 33 &#8211; L\u00e4nge: 207 mm &#8211; Breite: 75 mm<br \/>\nGr\u00f6\u00dfe: 34 &#8211; L\u00e4nge: 213 mm &#8211; Breite: 76 mm<br \/>\nGr\u00f6\u00dfe: 35 &#8211; L\u00e4nge: 220 mm &#8211; Breite: 77 mm<\/p>\n<p><b>Audio-Beschreibung<\/b><br \/><audio controls src=\"https:\/\/schuhewiebarfuss.at\/shop\/wp-content\/uploads\/lk\/9659_audio.wav\"><br \/>\n                                            Ihr Browser unterst\u00fctzt diese Audio-Ausgabe leider nicht.<br \/>\n                                            <\/ audio ><\/p>\n","protected":false},"excerpt":{"rendered":"<p>TOM TAILOR Barfu\u00dfschuh<\/p>\n","protected":false},"featured_media":812498,"comment_status":"open","ping_status":"closed","template":"","meta":[],"product_brand":[],"product_cat":[845],"product_tag":[1479,1371,1570,1400,1401,1402,1403,1404,2950],"class_list":{"0":"post-808834","1":"product","2":"type-product","3":"status-publish","4":"has-post-thumbnail","6":"product_cat-lifestyle-1","7":"product_tag-farbe-blau","8":"product_tag-farbe-grau","9":"product_tag-farbe-gruen","10":"product_tag-groesse-31","11":"product_tag-groesse-32","12":"product_tag-groesse-33","13":"product_tag-groesse-34","14":"product_tag-groesse-35","15":"product_tag-marke-tom-tailor","17":"first","18":"instock","19":"taxable","20":"shipping-taxable","21":"purchasable","22":"product-type-variable"},"_links":{"self":[{"href":"https:\/\/schuhewiebarfuss.at\/shop\/wp-json\/wp\/v2\/product\/808834","targetHints":{"allow":["GET"]}}],"collection":[{"href":"https:\/\/schuhewiebarfuss.at\/shop\/wp-json\/wp\/v2\/product"}],"about":[{"href":"https:\/\/schuhewiebarfuss.at\/shop\/wp-json\/wp\/v2\/types\/product"}],"replies":[{"embeddable":true,"href":"https:\/\/schuhewiebarfuss.at\/shop\/wp-json\/wp\/v2\/comments?post=808834"}],"wp:featuredmedia":[{"embeddable":true,"href":"https:\/\/schuhewiebarfuss.at\/shop\/wp-json\/wp\/v2\/media\/812498"}],"wp:attachment":[{"href":"https:\/\/schuhewiebarfuss.at\/shop\/wp-json\/wp\/v2\/media?parent=808834"}],"wp:term":[{"taxonomy":"product_brand","embeddable":true,"href":"https:\/\/schuhewiebarfuss.at\/shop\/wp-json\/wp\/v2\/product_brand?post=808834"},{"taxonomy":"product_cat","embeddable":true,"href":"https:\/\/schuhewiebarfuss.at\/shop\/wp-json\/wp\/v2\/product_cat?post=808834"},{"taxonomy":"product_tag","embeddable":true,"href":"https:\/\/schuhewiebarfuss.at\/shop\/wp-json\/wp\/v2\/product_tag?post=808834"}],"curies":[{"name":"wp","href":"https:\/\/api.w.org\/{rel}","templated":true}]}}