{"id":803818,"date":"2025-06-27T17:44:38","date_gmt":"2025-06-27T15:44:38","guid":{"rendered":"https:\/\/schuhewiebarfuss.at\/shop\/produkt\/lean\/"},"modified":"2026-04-15T02:03:17","modified_gmt":"2026-04-15T00:03:17","slug":"lean","status":"publish","type":"product","link":"https:\/\/schuhewiebarfuss.at\/shop\/produkt\/lean\/","title":{"rendered":"Lean"},"content":{"rendered":"<p>Die Kinder Schwimmschuhe Lean von Reima ziehst Du an und der Wasserspa\u00df kann losgehen! Ob durch&#8217;s Wasser waten am Fluss oder am See, sch\u00fctzen sie deine F\u00fc\u00dfe auf steinigem und rutschigem Untergrund. Auch beim Stand-Up-Paddling oder Schlauchbootfahren kannst Du die bequemen Wassersportschuhe einfach \u00fcberziehen. <\/p>\n<p>Die praktischen Slip-Ons sind federleicht und die Zehenbox ist konventionell (schmal, nach vorne hin spitz zulaufend) geschnitten. Schnelles An- und Ausziehen ist mit den Anziehschlaufen am hinteren Schaft besonders leicht. Insgesamt bietet das flexible Material und die extra flexible Sohle optimalen Schutz f\u00fcr die F\u00fc\u00dfe beim Schwimmen und Planschen und verhindert zudem Verletzungen durch hei\u00dfen Sand, spitze Steine oder Muscheln.<\/p>\n<p>sind die Schuhe sehr flexibel und gleichzeitig sitzen sie passgenau am Fu\u00df, damit sich Deine F\u00fc\u00dfe auch bei l\u00e4ngerem Tragen wohlf\u00fchlen. Flexibles Material und eine extra flexible Sohle bieten optimalen Schutz f\u00fcr die F\u00fc\u00dfe beim Schwimmen und Planschen. Verhindert zudem Verletzungen durch hei\u00dfen Sand, spitze Steine oder Muscheln.<\/p>\n<p>Die Lean Schwimmschuhe kommen mit einer herausnehmbaren Innensohle, einem vor UVA und UVB Strahlen sch\u00fctzendem Stoff und sind sogar Maschinenwaschbar, mehr Infos dazu findet ihr weiter unten bei unserem Pflegehinweis.<\/p>\n<p>BITTE BEACHTEN: Der Lean ist zwar ein Wasserschuh, aber die Rutschgefahr ist auf nassen, glatten Untergr\u00fcnden (wie Fliesen oder Mamor) trotzdem sehr hoch. Bitte dort besonders vorsichtig laufen (Poolbereich). Genau wie alle anderen Schuhe k\u00f6nnen auch diese Badeschuhe ggf. rutschig auf nassem Untergrund sein, auch bei Verwendung am Pool-Bereich. Wenn der Stoff nass ist oder gedehnt wird, kann die UV-Schutzwirkung nachlassen.<\/p>\n<p>&#8211; Atmungsaktiver und leichter Schuh<br \/>\n&#8211; Auch zum Schwimmen geeignet<br \/>\n&#8211; Herausnehmbare Innensohlen<br \/>\n&#8211; Kein Absatz<br \/>\n&#8211; Flexible Sohle f\u00fcr freie Bewegung<br \/>\n&#8211; Vegan<br \/>\n&#8211; Au\u00dfensohle aus thermoplastischem Gummi f\u00fcr guten Halt<br \/>\n&#8211; Obermaterial aus Stoff<br \/>\n&#8211; Maschinenwaschbar 30 \u00b0C Schonwaschgang<br \/>\n&#8211; Alle Schuhe k\u00f6nnen auf nassen Fliesen rutschig sein, daher nicht f\u00fcr den Gebrauch am Pool geeignet<br \/>\n&#8211; Passform: Wir empfehlen die Badeschuhe f\u00fcr schmalere bis mittelbreite F\u00fc\u00dfe. Der konventionelle Schnitt passt nicht gut f\u00fcr breite F\u00fc\u00dfe.<\/p>\n<p>Materialdetails:<\/p>\n<p>Obermaterial: Textil<br \/>\nInnenfutter: Textil<br \/>\nSohle: Gummi (Synthetik)<br \/>\nInnensohle: recyceltes Material, herausnehmbar<br \/>\nAbsatz: Nullabsatz, keine H\u00f6hendifferenz zwischen Ferse und Vorderfu\u00df<br \/>\nVerschluss: Schlupfschuh<br \/>\nBesonderheiten: Leicht, super flexibel, Pflegeleicht, Maschinenwaschbar, Vegan, Zuglasche an der Ferse<br \/>\nMaterialhinweis: Fluorcarbonfrei, PVC-Frei, Vegan<br \/>\nPassform: Wir empfehlen die Badeschuhe f\u00fcr schmalere bis mittelbreite F\u00fc\u00dfe. Der konventionelle Schnitt passt nicht gut f\u00fcr breite F\u00fc\u00dfe.<\/p>\n<p>Plegehinweis:<\/p>\n<p>Schmutz abb\u00fcrsten\/abwischen und bei Raumtemperatur trocknen. Diese Schuhe k\u00f6nnen im Schonwaschgang (Feinw\u00e4sche) bei 30 \u00b0C gewaschen werden. Einlegesohlen vor dem Waschen entfernen. Nicht bleichen. Nicht b\u00fcgeln. Nicht chemisch reinigen. Nicht im Trockner trocknen.<\/p>\n<p>Innensohle &#8211; L\u00e4nge\/Breite (mm):<\/p>\n<p>Gr\u00f6\u00dfe: 22 &#8211; Fu\u00dfl\u00e4nge: 140 mm &#8211; Zehenbreite: 61 mm &#8211; Fersenbreite: 39 mm<br \/>\nGr\u00f6\u00dfe: 23 &#8211; Fu\u00dfl\u00e4nge: 145 mm &#8211; Zehenbreite: 61 mm &#8211; Fersenbreite: 40 mm<br \/>\nGr\u00f6\u00dfe: 24 &#8211; Fu\u00dfl\u00e4nge: 152 mm &#8211; Zehenbreite: 62 mm &#8211; Fersenbreite: 40 mm<br \/>\nGr\u00f6\u00dfe: 25 &#8211; Fu\u00dfl\u00e4nge: 160 mm &#8211; Zehenbreite: 64 mm &#8211; Fersenbreite: 42 mm<br \/>\nGr\u00f6\u00dfe: 26 &#8211; Fu\u00dfl\u00e4nge: 167 mm &#8211; Zehenbreite: 67 mm &#8211; Fersenbreite: 44 mm<br \/>\nGr\u00f6\u00dfe: 27 &#8211; Fu\u00dfl\u00e4nge: 173 mm &#8211; Zehenbreite: 68 mm &#8211; Fersenbreite: 45 mm<br \/>\nGr\u00f6\u00dfe: 28 &#8211; Fu\u00dfl\u00e4nge: 181 mm &#8211; Zehenbreite: 69 mm &#8211; Fersenbreite: 45 mm<br \/>\nGr\u00f6\u00dfe: 29 &#8211; Fu\u00dfl\u00e4nge: 188 mm &#8211; Zehenbreite: 70 mm &#8211; Fersenbreite: 46 mm<br \/>\nGr\u00f6\u00dfe: 30 &#8211; Fu\u00dfl\u00e4nge: 194 mm &#8211; Zehenbreite: 73 mm &#8211; Fersenbreite: 48 mm<br \/>\nGr\u00f6\u00dfe: 31 &#8211; Fu\u00dfl\u00e4nge: 198 mm &#8211; Zehenbreite: 75 mm &#8211; Fersenbreite: 48 mm<br \/>\nGr\u00f6\u00dfe: 32 &#8211; Fu\u00dfl\u00e4nge: 207 mm &#8211; Zehenbreite: 76 mm &#8211; Fersenbreite: 50 mm<\/p>\n<p><b>Audio-Beschreibung<\/b><br \/><audio controls src=\"https:\/\/schuhewiebarfuss.at\/shop\/wp-content\/uploads\/lk\/9630_audio.wav\"><br \/>\n                                            Ihr Browser unterst\u00fctzt diese Audio-Ausgabe leider nicht.<br \/>\n                                            <\/ audio ><\/p>\n","protected":false},"excerpt":{"rendered":"<p>Reima LEAN Kinder-Badeschuh<\/p>\n<p>Der n\u00e4chste Strandurlaub kann kommen mit diesen veganen und atmungsaktiven Schwimmschuhen von Reima.<\/p>\n","protected":false},"featured_media":818828,"comment_status":"open","ping_status":"closed","template":"","meta":[],"product_brand":[],"product_cat":[841],"product_tag":[1479,1426,1427,2629,1481,1408,1391,1392,1393,1394,1395,1396,1397,1398,1399,1400,1401,3036],"class_list":{"0":"post-803818","1":"product","2":"type-product","3":"status-publish","4":"has-post-thumbnail","6":"product_cat-badeschuhe-4","7":"product_tag-farbe-blau","8":"product_tag-farbe-dunkelblau","9":"product_tag-farbe-gelb","10":"product_tag-farbe-lila","11":"product_tag-farbe-pink","12":"product_tag-farbe-schwarz","13":"product_tag-groesse-22","14":"product_tag-groesse-23","15":"product_tag-groesse-24","16":"product_tag-groesse-25","17":"product_tag-groesse-26","18":"product_tag-groesse-27","19":"product_tag-groesse-28","20":"product_tag-groesse-29","21":"product_tag-groesse-30","22":"product_tag-groesse-31","23":"product_tag-groesse-32","24":"product_tag-marke-reima","26":"first","27":"instock","28":"taxable","29":"shipping-taxable","30":"purchasable","31":"product-type-variable"},"_links":{"self":[{"href":"https:\/\/schuhewiebarfuss.at\/shop\/wp-json\/wp\/v2\/product\/803818","targetHints":{"allow":["GET"]}}],"collection":[{"href":"https:\/\/schuhewiebarfuss.at\/shop\/wp-json\/wp\/v2\/product"}],"about":[{"href":"https:\/\/schuhewiebarfuss.at\/shop\/wp-json\/wp\/v2\/types\/product"}],"replies":[{"embeddable":true,"href":"https:\/\/schuhewiebarfuss.at\/shop\/wp-json\/wp\/v2\/comments?post=803818"}],"wp:featuredmedia":[{"embeddable":true,"href":"https:\/\/schuhewiebarfuss.at\/shop\/wp-json\/wp\/v2\/media\/818828"}],"wp:attachment":[{"href":"https:\/\/schuhewiebarfuss.at\/shop\/wp-json\/wp\/v2\/media?parent=803818"}],"wp:term":[{"taxonomy":"product_brand","embeddable":true,"href":"https:\/\/schuhewiebarfuss.at\/shop\/wp-json\/wp\/v2\/product_brand?post=803818"},{"taxonomy":"product_cat","embeddable":true,"href":"https:\/\/schuhewiebarfuss.at\/shop\/wp-json\/wp\/v2\/product_cat?post=803818"},{"taxonomy":"product_tag","embeddable":true,"href":"https:\/\/schuhewiebarfuss.at\/shop\/wp-json\/wp\/v2\/product_tag?post=803818"}],"curies":[{"name":"wp","href":"https:\/\/api.w.org\/{rel}","templated":true}]}}