{"id":802575,"date":"2025-06-25T17:24:00","date_gmt":"2025-06-25T15:24:00","guid":{"rendered":"https:\/\/schuhewiebarfuss.at\/shop\/produkt\/tepastelu\/"},"modified":"2026-04-07T22:53:13","modified_gmt":"2026-04-07T20:53:13","slug":"tepastelu","status":"publish","type":"product","link":"https:\/\/schuhewiebarfuss.at\/shop\/produkt\/tepastelu\/","title":{"rendered":"Tepastelu"},"content":{"rendered":"<p>Der Reima Tepastelu ist der ideale Begleiter f\u00fcr alle kleinen Entdecker, die die Welt auf ihre ganz eigene Weise erobern wollen! Als Barfu\u00dfschuh f\u00f6rdert der Tepastelu die nat\u00fcrliche Bewegung und Haltung deines Kindes, sodass es jedes Abenteuer mit der Freiheit und Leichtigkeit eines Barfu\u00dfgangs erleben kann \u2013 und das ganz ohne Kompromisse in Sachen Komfort oder Schutz!<\/p>\n<p>Der wasserdichte Barfu\u00df-Sneaker aus Reimatec wurde f\u00fcr abenteuerfreudige Kinder und wechselhaftes Wetter entwickelt. Der Schuh ist sehr leicht und die flache, flexible 4 mm Gummi-Laufsohle l\u00e4sst jedes Laufen und Rennen fast wie ein barf\u00fc\u00dfiges Abenteuer anf\u00fchlen. Durch die flexible Au\u00dfensohle und die gro\u00dfz\u00fcgige Zehenbox haben die F\u00fc\u00dfe ausreichend Platz, um sich ganz nat\u00fcrlich zu bewegen und zu wachsen. Es bietet nicht nur die notwendige Bewegungsfreiheit, sondern auch den n\u00f6tigen Schutz f\u00fcr die F\u00fc\u00dfe deines Kindes bei jedem Schritt.<\/p>\n<p>Die herausnehmbare Einlegesohle mit Happy Fit Aufdruck erm\u00f6glicht es, die Passform regelm\u00e4\u00dfig zu \u00fcberpr\u00fcfen, w\u00e4hrend der elastische Klettverschluss f\u00fcr einfaches An- und Ausziehen sorgen \u2013 ein Plus f\u00fcr die Selbstst\u00e4ndigkeit deines Kindes! Ob Fr\u00fchling, Sommer oder Herbst \u2013 der Tepastelu ist der perfekte Schuh. Erlebe den Unterschied und lass dein Kind mit dem Reima Tepastelu die Welt auf seine ganz besondere Weise entdecken \u2013 bequem, flexibel, nachhaltig und immer bereit f\u00fcr das n\u00e4chste Abenteuer!<\/p>\n<p>&#8211; Leichte Sneaker<br \/>\n&#8211; Herausnehmbare Innensohlen mit Happy Fit Aufdruck helfen dabei, die richtige Gr\u00f6\u00dfe zu finden<br \/>\n&#8211; Breiter Leisten mit extra Platz f\u00fcr die Zehen<br \/>\n&#8211; Kein Absatz<br \/>\n&#8211; Flexible Sohle f\u00fcr freie Bewegung<br \/>\n&#8211; Vegan<br \/>\n&#8211; Klettverschluss f\u00fcr einfache Handhabung<br \/>\n&#8211; Flexible Gummiau\u00dfensohle f\u00fcr optimalen Halt<br \/>\n&#8211; Lycra-Futter f\u00fcr angenehmes Tragegef\u00fchl<br \/>\n&#8211; Obermaterial beschichtet mit einer wasserdichten Membran<br \/>\n&#8211; Wasserdichter Einsatz mit versiegelten N\u00e4hten und Netzfutter<br \/>\n&#8211; Maschinenwaschbar 30 \u00b0C Schonwaschgang<\/p>\n<p>Wasserfeste Membran: Sch\u00fctzt bei wechselndem Wetter. Macht den Schuh widerstandsf\u00e4hig gegen eine begrenzte Menge gelegentlicher Feuchtigkeit wie nasser Boden oder leichter Regen. Wasserdicht ohne PVC.<\/p>\n<p>Materialdetails:<\/p>\n<p>Obermaterial: Synthetik, Textil<br \/>\nInnenfutter: Textil<br \/>\nSohle: Gummi (Synthetik)<br \/>\nInnensohle: recyceltes Material, herausnehmbar<br \/>\nAbsatz: Nullabsatz, keine H\u00f6hendifferenz zwischen Ferse und Vorderfu\u00df<br \/>\nVerschluss: Elastischer Klettverschluss<br \/>\nBesonderheiten: wasserdichtes Membran aus Poyurethan, Leicht, Pflegeleicht<br \/>\nMaterialhinweis: Fluorcarbonfrei, PVC-Frei, Vegan<\/p>\n<p>Plegehinweis:<\/p>\n<p>Schmutz abb\u00fcrsten\/abwischen und bei Raumtemperatur trocknen. Nur Handw\u00e4sche. Nicht waschen. Nicht b\u00fcgeln. Nicht chemisch reinigen. Nicht im Trockner trocknen. Einlegesohlen vor dem Waschen entfernen.<\/p>\n<p>Innensohle &#8211; L\u00e4nge\/Breite (mm):<\/p>\n<p>Gr\u00f6\u00dfe: 22 &#8211; Fu\u00dfl\u00e4nge: 141 mm &#8211; Zehenbreite: 60 mm &#8211; Fersenbreite: 42 mm<br \/>\nGr\u00f6\u00dfe: 23 &#8211; Fu\u00dfl\u00e4nge: 146 mm &#8211; Zehenbreite: 62 mm &#8211; Fersenbreite: 43 mm<br \/>\nGr\u00f6\u00dfe: 24 &#8211; Fu\u00dfl\u00e4nge: 154 mm &#8211; Zehenbreite: 64 mm &#8211; Fersenbreite: 44 mm<br \/>\nGr\u00f6\u00dfe: 25 &#8211; Fu\u00dfl\u00e4nge: 161 mm &#8211; Zehenbreite: 66 mm &#8211; Fersenbreite: 45 mm<br \/>\nGr\u00f6\u00dfe: 26 &#8211; Fu\u00dfl\u00e4nge: 166 mm &#8211; Zehenbreite: 67 mm &#8211; Fersenbreite: 46 mm<br \/>\nGr\u00f6\u00dfe: 27 &#8211; Fu\u00dfl\u00e4nge: 174 mm &#8211; Zehenbreite: 69 mm &#8211; Fersenbreite: 47 mm<\/p>\n<p><b>Audio-Beschreibung<\/b><br \/><audio controls src=\"https:\/\/schuhewiebarfuss.at\/shop\/wp-content\/uploads\/lk\/9632_audio.wav\"><br \/>\n                                            Ihr Browser unterst\u00fctzt diese Audio-Ausgabe leider nicht.<br \/>\n                                            <\/ audio ><\/p>\n","protected":false},"excerpt":{"rendered":"<p>Reima TEPASTELU &#8211; wasserdichter Barfu\u00dfsneaker<\/p>\n<p>Tepastelu ist ein wasserdichter Barfu\u00dfschuh f\u00fcr die nat\u00fcrliche Haltung und Bewegung von Kindern.<\/p>\n","protected":false},"featured_media":812079,"comment_status":"open","ping_status":"closed","template":"","meta":[],"product_brand":[],"product_cat":[842],"product_tag":[2026,1479,1570,1481,1391,1392,1393,1394,1395,1396,3036],"class_list":{"0":"post-802575","1":"product","2":"type-product","3":"status-publish","4":"has-post-thumbnail","6":"product_cat-freizeit","7":"product_tag-farbe-beige","8":"product_tag-farbe-blau","9":"product_tag-farbe-gruen","10":"product_tag-farbe-pink","11":"product_tag-groesse-22","12":"product_tag-groesse-23","13":"product_tag-groesse-24","14":"product_tag-groesse-25","15":"product_tag-groesse-26","16":"product_tag-groesse-27","17":"product_tag-marke-reima","19":"first","20":"instock","21":"taxable","22":"shipping-taxable","23":"purchasable","24":"product-type-variable"},"_links":{"self":[{"href":"https:\/\/schuhewiebarfuss.at\/shop\/wp-json\/wp\/v2\/product\/802575","targetHints":{"allow":["GET"]}}],"collection":[{"href":"https:\/\/schuhewiebarfuss.at\/shop\/wp-json\/wp\/v2\/product"}],"about":[{"href":"https:\/\/schuhewiebarfuss.at\/shop\/wp-json\/wp\/v2\/types\/product"}],"replies":[{"embeddable":true,"href":"https:\/\/schuhewiebarfuss.at\/shop\/wp-json\/wp\/v2\/comments?post=802575"}],"wp:featuredmedia":[{"embeddable":true,"href":"https:\/\/schuhewiebarfuss.at\/shop\/wp-json\/wp\/v2\/media\/812079"}],"wp:attachment":[{"href":"https:\/\/schuhewiebarfuss.at\/shop\/wp-json\/wp\/v2\/media?parent=802575"}],"wp:term":[{"taxonomy":"product_brand","embeddable":true,"href":"https:\/\/schuhewiebarfuss.at\/shop\/wp-json\/wp\/v2\/product_brand?post=802575"},{"taxonomy":"product_cat","embeddable":true,"href":"https:\/\/schuhewiebarfuss.at\/shop\/wp-json\/wp\/v2\/product_cat?post=802575"},{"taxonomy":"product_tag","embeddable":true,"href":"https:\/\/schuhewiebarfuss.at\/shop\/wp-json\/wp\/v2\/product_tag?post=802575"}],"curies":[{"name":"wp","href":"https:\/\/api.w.org\/{rel}","templated":true}]}}