{"id":797712,"date":"2025-06-13T18:18:28","date_gmt":"2025-06-13T16:18:28","guid":{"rendered":"https:\/\/schuhewiebarfuss.at\/shop\/produkt\/monti\/"},"modified":"2026-04-17T19:02:04","modified_gmt":"2026-04-17T17:02:04","slug":"monti","status":"publish","type":"product","link":"https:\/\/schuhewiebarfuss.at\/shop\/produkt\/monti\/","title":{"rendered":"Monti"},"content":{"rendered":"<p>Ein stylisher Sneaker, der zu allem passt \u2013 sowohl was die Kleidung, als auch das Abenteuer betrifft! Dieser Schuh macht alles mit, was der Alltag zu bieten hat: klettern, springen und rennen, bis die F\u00fc\u00dfe m\u00fcde sind. Dass er dabei in seinen Farbvarianten noch super sportlich aussieht, ist Ehrensache!<\/p>\n<p>Der Monti von Lurchi ist ein toller Allrounder und Hingucker in sanften Farben. Sein Obermaterial ist durch das Nappaleder mit synthetischem Funktionstextil und dem zus\u00e4tzlichem synthetischem (Lederimitat) Innenfutter auch bei leichten Regentagen tragbar. Das strapazierf\u00e4hige Material, zusammen mit der herausnehmbaren, synthetischen Einlegesohle, sorgt nicht nur f\u00fcr Tragekomfort, sondern ist auch super flexibel und leicht. Die Au\u00dfensohle aus Gummi mit Profil, so weich und biegsam das man sie knicken, drehen und einrollen kann, ist rutschfest und rundet den Schuh somit perfekt ab.  <\/p>\n<p>Ein zus\u00e4tzliches Highlight in Kontrastfarben bieten die Fersenspitze und das X auf der Seite, die ein optischer Hingucker sind. Zwei praktische Klettriemen erm\u00f6glichen ein kinderleichtes An- und Ausziehen und sorgen f\u00fcr eine individuelle Passform und sicheren Halt.<\/p>\n<p>Hinweis: Wir empfehlen den Schuh regelm\u00e4\u00dfig zu Impr\u00e4gnieren f\u00fcr einen besseren Schutz gegen N\u00e4sse.<\/p>\n<p>Materialdetails:<\/p>\n<p>Obermaterial: Nappaleder und synthetisches Funktionstextil<br \/>\nInnenfutter: Synthetik<br \/>\nSohle: Profilierter Gummi<br \/>\nInnensohle: Synthetik, herausnehmbar<br \/>\nAbsatz: Nullabsatz, keine H\u00f6hendifferenz zwischen Ferse und Vorderfu\u00df<br \/>\nVerschluss: Klettverschluss<br \/>\nBesonderheiten: super leicht, weich, biegsam, leicht wasserabweisend, rutschfest<\/p>\n<p>DESIGN &amp; EXTRAS:<\/p>\n<p>Schuhkappe : Rund<br \/>\nSchuhweite : Weit<br \/>\nAbsatzh\u00f6he in cm : 0<br \/>\nSchafth\u00f6he in cm : Low-Top<\/p>\n<p>Pflegehinweis:<\/p>\n<p>H\u00e4rtere Verkrustungen aus Schmutz und Matsch l\u00e4sst du zun\u00e4chst vollst\u00e4ndig austrocknen. Dann lassen sie sich am besten entfernen. Entfernen kannst du die Verschmutzungen bei<br \/>\n&#8211; Glatt- und Lacklederschuhen mit einem (feuchten) Tuch<br \/>\n&#8211; Wildleder, Nubuk- und Veloursleder mit einer speziellen Schuhb\u00fcrste und bei<br \/>\n&#8211; Stoffschuhen mit einer extra Textilb\u00fcrste.<br \/>\nGummistiefel k\u00f6nnen direkt unter flie\u00dfendem Wasser mithilfe einer B\u00fcrste ges\u00e4ubert werden!<\/p>\n<p>Lederschuhpflege:<\/p>\n<p>Entferne zuvor Staub- und Schmutzreste, indem du mit einer B\u00fcrste oder, bei hartn\u00e4ckigen Verschmutzungen, mit einem leicht feuchten Tuch \u00fcber das Leder gehst. Nehme die Schn\u00fcrsenkel vorher aus dem Schuh heraus. Sollten diese ebenfalls verdreckt sein, kannst du diese in der Waschmaschine waschen. Die Schuhcreme tr\u00e4gst du mit einem trockenen, fusselfreien Baumwolltuch gleichm\u00e4\u00dfig auf den Schuh auf. Trage die Creme nur ganz d\u00fcnn auf, bis die Oberfl\u00e4che vollst\u00e4ndig bedeckt ist. Massiere die Creme leicht in das Leder ein und lasse es anschlie\u00dfend ca. 15 Minuten trocknen. Stelle die Schuhe jedoch nicht ins direkte Sonnenlicht oder in die N\u00e4he einer Heizung, da das Leder sonst austrocknet und Risse bekommt. Wenn die Schuhcreme getrocknet ist, poliere etwas mit einem sauberen Tuch nach, um \u00fcbersch\u00fcssige Creme zu entfernen und den Schuhen einen gewissen Glanz zu verleihen.<\/p>\n<p>Innensohle &#8211; L\u00e4nge\/Breite (mm):<\/p>\n<p>Gr\u00f6\u00dfe: 24 &#8211; L\u00e4nge: 159 mm &#8211; Breite: 61 mm<br \/>\nGr\u00f6\u00dfe: 25 &#8211; L\u00e4nge: 164 mm &#8211; Breite: 63 mm<br \/>\nGr\u00f6\u00dfe: 26 &#8211; L\u00e4nge: 171 mm &#8211; Breite: 65 mm<br \/>\nGr\u00f6\u00dfe: 27 &#8211; L\u00e4nge: 178 mm &#8211; Breite: 67 mm<br \/>\nGr\u00f6\u00dfe: 28 &#8211; L\u00e4nge: 185 mm &#8211; Breite: 68 mm<br \/>\nGr\u00f6\u00dfe: 29 &#8211; L\u00e4nge: 191 mm &#8211; Breite: 70 mm<br \/>\nGr\u00f6\u00dfe: 30 &#8211; L\u00e4nge: 199 mm &#8211; Breite: 72 mm<br \/>\nGr\u00f6\u00dfe: 31 &#8211; L\u00e4nge: 205 mm &#8211; Breite: 74 mm<br \/>\nGr\u00f6\u00dfe: 32 &#8211; L\u00e4nge: 213 mm &#8211; Breite: 75 mm<\/p>\n<p><b>Audio-Beschreibung<\/b><br \/><audio controls src=\"https:\/\/schuhewiebarfuss.at\/shop\/wp-content\/uploads\/lk\/9661_audio.wav\"><br \/>\n                                            Ihr Browser unterst\u00fctzt diese Audio-Ausgabe leider nicht.<br \/>\n                                            <\/ audio ><\/p>\n","protected":false},"excerpt":{"rendered":"<p>Lurchi MONTI Barfu\u00df-sneaker<\/p>\n<p>Diese Schuhe bieten Komfort, Halt und Stil &#8211; perfekt f\u00fcr alle kleinen Entdecker.<\/p>\n","protected":false},"featured_media":816866,"comment_status":"open","ping_status":"closed","template":"","meta":[],"product_brand":[],"product_cat":[845],"product_tag":[1479,1371,1570,1393,1394,1395,1396,1397,1398,1399,1400,1401,2964],"class_list":{"0":"post-797712","1":"product","2":"type-product","3":"status-publish","4":"has-post-thumbnail","6":"product_cat-lifestyle-1","7":"product_tag-farbe-blau","8":"product_tag-farbe-grau","9":"product_tag-farbe-gruen","10":"product_tag-groesse-24","11":"product_tag-groesse-25","12":"product_tag-groesse-26","13":"product_tag-groesse-27","14":"product_tag-groesse-28","15":"product_tag-groesse-29","16":"product_tag-groesse-30","17":"product_tag-groesse-31","18":"product_tag-groesse-32","19":"product_tag-marke-lurchi","21":"first","22":"instock","23":"taxable","24":"shipping-taxable","25":"purchasable","26":"product-type-variable"},"_links":{"self":[{"href":"https:\/\/schuhewiebarfuss.at\/shop\/wp-json\/wp\/v2\/product\/797712","targetHints":{"allow":["GET"]}}],"collection":[{"href":"https:\/\/schuhewiebarfuss.at\/shop\/wp-json\/wp\/v2\/product"}],"about":[{"href":"https:\/\/schuhewiebarfuss.at\/shop\/wp-json\/wp\/v2\/types\/product"}],"replies":[{"embeddable":true,"href":"https:\/\/schuhewiebarfuss.at\/shop\/wp-json\/wp\/v2\/comments?post=797712"}],"wp:featuredmedia":[{"embeddable":true,"href":"https:\/\/schuhewiebarfuss.at\/shop\/wp-json\/wp\/v2\/media\/816866"}],"wp:attachment":[{"href":"https:\/\/schuhewiebarfuss.at\/shop\/wp-json\/wp\/v2\/media?parent=797712"}],"wp:term":[{"taxonomy":"product_brand","embeddable":true,"href":"https:\/\/schuhewiebarfuss.at\/shop\/wp-json\/wp\/v2\/product_brand?post=797712"},{"taxonomy":"product_cat","embeddable":true,"href":"https:\/\/schuhewiebarfuss.at\/shop\/wp-json\/wp\/v2\/product_cat?post=797712"},{"taxonomy":"product_tag","embeddable":true,"href":"https:\/\/schuhewiebarfuss.at\/shop\/wp-json\/wp\/v2\/product_tag?post=797712"}],"curies":[{"name":"wp","href":"https:\/\/api.w.org\/{rel}","templated":true}]}}