{"id":797679,"date":"2025-06-13T17:35:58","date_gmt":"2025-06-13T15:35:58","guid":{"rendered":"https:\/\/schuhewiebarfuss.at\/shop\/produkt\/benny\/"},"modified":"2026-04-17T18:46:51","modified_gmt":"2026-04-17T16:46:51","slug":"benny","status":"publish","type":"product","link":"https:\/\/schuhewiebarfuss.at\/shop\/produkt\/benny\/","title":{"rendered":"Benny"},"content":{"rendered":"<p>Barfu\u00df-Fans aufgepasst! Diese Schuhe sind super leicht, total bequem und erm\u00f6glichen ein nat\u00fcrliches Gehen bei jedem Schritt. Wie barfu\u00df \u2013 nur viel cooler! Und das mit einem Design, das kleine Abenteurer lieben. <\/p>\n<p>Der Benny von Lurchi ist ein toller Allrounder und Hingucker in knalligen Farben. Sein Obermaterial ist durch die engen Strickmaschen aus synthetischem Flyknit und Polyurethan (PU) und dem zus\u00e4tzlichem synthetischen Innenfutter auch bei leichten Regentagen tragbar. Das strapazierf\u00e4hige Material, zusammen mit der herausnehmbaren, synthetischen Einlegesohle, sorgt nicht nur f\u00fcr Tragekomfort, sondern ist auch super flexibel und leicht. Die Au\u00dfensohle aus thermoplastischer Gummi (TPR), so weich und biegsam das man sie knicken, drehen und einrollen kann, ist farblich zu jeder variante angepasst und rundet den Schuh somit perfekt ab. <\/p>\n<p>Zus\u00e4tzliche Highlights in Kontrastfarben bieten die Fersen- und Zungenschlaufe zum leichteren Anziehen und zwei Klettverschl\u00fcsse, die ein optischer Hingucker und funktionalen zugleich sind.<\/p>\n<p>Hinweis: Wir empfehlen den Schuh regelm\u00e4\u00dfig zu Impr\u00e4gnieren f\u00fcr einen besseren Schutz gegen N\u00e4sse.<\/p>\n<p>Materialdetails:<\/p>\n<p>Obermaterial: PU (synthetischem Flyknit und Polyurethan)<br \/>\nInnenfutter: Synthetik<br \/>\nSohle: TPR (thermoplastischer Gummi)<br \/>\nInnensohle: Synthetik, herausnehmbar<br \/>\nAbsatz: Nullabsatz, keine H\u00f6hendifferenz zwischen Ferse und Vorderfu\u00df<br \/>\nVerschluss: Klettverschluss<br \/>\nBesonderheiten: super leicht, weich, biegsam, leicht wasserabweisend<\/p>\n<p>DESIGN &amp; EXTRAS:<\/p>\n<p>Schuhkappe : Rund<br \/>\nSchuhweite : Weit<br \/>\nAbsatzh\u00f6he in cm : 0<br \/>\nSchafth\u00f6he in cm : Low-Top<\/p>\n<p>Pflegehinweis:<\/p>\n<p>H\u00e4rtere Verkrustungen aus Schmutz und Matsch l\u00e4sst du zun\u00e4chst vollst\u00e4ndig austrocknen. Dann lassen sie sich am besten entfernen. Entfernen kannst du die Verschmutzungen bei<br \/>\n&#8211; Glatt- und Lacklederschuhen mit einem (feuchten) Tuch<br \/>\n&#8211; Wildleder, Nubuk- und Veloursleder mit einer speziellen Schuhb\u00fcrste und bei<br \/>\n&#8211; Stoffschuhen mit einer extra Textilb\u00fcrste.<br \/>\nGummistiefel k\u00f6nnen direkt unter flie\u00dfendem Wasser mithilfe einer B\u00fcrste ges\u00e4ubert werden!<\/p>\n<p>Innensohle &#8211; L\u00e4nge\/Breite (mm):<\/p>\n<p>Gr\u00f6\u00dfe: 24 &#8211; L\u00e4nge: 159 mm &#8211; Breite: 61 mm<br \/>\nGr\u00f6\u00dfe: 25 &#8211; L\u00e4nge: 164 mm &#8211; Breite: 63 mm<br \/>\nGr\u00f6\u00dfe: 26 &#8211; L\u00e4nge: 171 mm &#8211; Breite: 65 mm<br \/>\nGr\u00f6\u00dfe: 27 &#8211; L\u00e4nge: 178 mm &#8211; Breite: 67 mm<br \/>\nGr\u00f6\u00dfe: 28 &#8211; L\u00e4nge: 185 mm &#8211; Breite: 68 mm<br \/>\nGr\u00f6\u00dfe: 29 &#8211; L\u00e4nge: 191 mm &#8211; Breite: 70 mm<br \/>\nGr\u00f6\u00dfe: 30 &#8211; L\u00e4nge: 199 mm &#8211; Breite: 72 mm<br \/>\nGr\u00f6\u00dfe: 31 &#8211; L\u00e4nge: 205 mm &#8211; Breite: 74 mm<br \/>\nGr\u00f6\u00dfe: 32 &#8211; L\u00e4nge: 213 mm &#8211; Breite: 75 mm<\/p>\n<p><b>Audio-Beschreibung<\/b><br \/><audio controls src=\"https:\/\/schuhewiebarfuss.at\/shop\/wp-content\/uploads\/lk\/9660_audio.wav\"><br \/>\n                                            Ihr Browser unterst\u00fctzt diese Audio-Ausgabe leider nicht.<br \/>\n                                            <\/ audio ><\/p>\n","protected":false},"excerpt":{"rendered":"<p>Lurchi BENNY Barfu\u00df-Sneaker<\/p>\n<p>Ein Schuh f\u00fcr Spiel und Spa\u00df in sommerlichen Farben.<\/p>\n","protected":false},"featured_media":813961,"comment_status":"open","ping_status":"closed","template":"","meta":[],"product_brand":[],"product_cat":[842],"product_tag":[1479,3015,1570,3150,3149,1481,2308,3026,1413,1393,1394,1395,1396,1397,1398,1399,1400,1401,2964],"class_list":{"0":"post-797679","1":"product","2":"type-product","3":"status-publish","4":"has-post-thumbnail","6":"product_cat-freizeit","7":"product_tag-farbe-blau","8":"product_tag-farbe-blue","9":"product_tag-farbe-gruen","10":"product_tag-farbe-light-blue","11":"product_tag-farbe-lime","12":"product_tag-farbe-pink","13":"product_tag-farbe-rosa","14":"product_tag-farbe-rose","15":"product_tag-farbe-tuerkis","16":"product_tag-groesse-24","17":"product_tag-groesse-25","18":"product_tag-groesse-26","19":"product_tag-groesse-27","20":"product_tag-groesse-28","21":"product_tag-groesse-29","22":"product_tag-groesse-30","23":"product_tag-groesse-31","24":"product_tag-groesse-32","25":"product_tag-marke-lurchi","27":"first","28":"instock","29":"taxable","30":"shipping-taxable","31":"purchasable","32":"product-type-variable"},"_links":{"self":[{"href":"https:\/\/schuhewiebarfuss.at\/shop\/wp-json\/wp\/v2\/product\/797679","targetHints":{"allow":["GET"]}}],"collection":[{"href":"https:\/\/schuhewiebarfuss.at\/shop\/wp-json\/wp\/v2\/product"}],"about":[{"href":"https:\/\/schuhewiebarfuss.at\/shop\/wp-json\/wp\/v2\/types\/product"}],"replies":[{"embeddable":true,"href":"https:\/\/schuhewiebarfuss.at\/shop\/wp-json\/wp\/v2\/comments?post=797679"}],"wp:featuredmedia":[{"embeddable":true,"href":"https:\/\/schuhewiebarfuss.at\/shop\/wp-json\/wp\/v2\/media\/813961"}],"wp:attachment":[{"href":"https:\/\/schuhewiebarfuss.at\/shop\/wp-json\/wp\/v2\/media?parent=797679"}],"wp:term":[{"taxonomy":"product_brand","embeddable":true,"href":"https:\/\/schuhewiebarfuss.at\/shop\/wp-json\/wp\/v2\/product_brand?post=797679"},{"taxonomy":"product_cat","embeddable":true,"href":"https:\/\/schuhewiebarfuss.at\/shop\/wp-json\/wp\/v2\/product_cat?post=797679"},{"taxonomy":"product_tag","embeddable":true,"href":"https:\/\/schuhewiebarfuss.at\/shop\/wp-json\/wp\/v2\/product_tag?post=797679"}],"curies":[{"name":"wp","href":"https:\/\/api.w.org\/{rel}","templated":true}]}}