{"id":793421,"date":"2025-06-04T17:39:09","date_gmt":"2025-06-04T15:39:09","guid":{"rendered":"https:\/\/schuhewiebarfuss.at\/shop\/produkt\/froddo-zeru-spring\/"},"modified":"2026-04-03T19:11:58","modified_gmt":"2026-04-03T17:11:58","slug":"froddo-zeru-spring","status":"publish","type":"product","link":"https:\/\/schuhewiebarfuss.at\/shop\/produkt\/froddo-zeru-spring\/","title":{"rendered":"Froddo Zeru Spring"},"content":{"rendered":"<p>Der Froddo Zeru Spring ist der perfekte Barfu\u00df-Sneaker f\u00fcr den Sommer. Er hat ein Obermaterial aus Leder und eine strapazierf\u00e4hige Laufsohle mit breiter, bequemer Zehenpartie. Die flache, flexible Laufsohle ohne Absatz f\u00f6rdert die motorischen F\u00e4higkeiten des Kindes beim Spielen. Der Froddo Zeru ist ein bequemer Favorit und eignet sich f\u00fcr die gesamte Sommersaison \u2013 sowohl f\u00fcr warme als auch f\u00fcr k\u00fchlere Tage. Der Schuh ist leicht und aus atmungsaktiven Materialien gefertigt.<\/p>\n<p>Ein besonderes Merkmal dieser Schuhe ist die herausnehmbare, antibakterielle Mikrofaser-Einlegesohle. Diese sorgt f\u00fcr ein angenehmes Fu\u00dfklima und verhindert die Bildung von unangenehmen Ger\u00fcchen. Das Lederfutter tr\u00e4gt zus\u00e4tzlich zum Komfort bei und macht die Schuhe besonders angenehm zu tragen. Der doppelte Klettverschluss erm\u00f6glicht ein einfaches An- und Ausziehen und sorgt f\u00fcr einen sicheren Halt.<\/p>\n<p>Ob beim Spielen im Park oder bei einem Ausflug in die Natur \u2013 die Kid&#8217;s Barefoot Zeru Spring sind vielseitig einsetzbar und bieten Deinem Kind den n\u00f6tigen Schutz und Komfort. Die robusten Materialien und die durchdachte Konstruktion machen diese Schuhe zu einem zuverl\u00e4ssigen Begleiter f\u00fcr jede Gelegenheit.<\/p>\n<p>Alle Produktvorteile auf einem Blick:<\/p>\n<p>Extra flexible Sohle f\u00fcr nat\u00fcrliche Bewegungsfreiheit<br \/>\nHerausnehmbare, antibakterielle Mikrofaser-Einlegesohle<br \/>\nBreiter Zehenbereich f\u00fcr optimale Zehenfreiheit<br \/>\nFlache Zero-Drop-Sohle: weich und flexibel<br \/>\nGeringes Gewicht und hoher Tragekomfort<br \/>\nDoppelter Klettverschluss<br \/>\nSehr gute Verarbeitung aus strapazierf\u00e4higen Materialien<\/p>\n<p>Materialdetails:<\/p>\n<p>Obermaterial: Velour- und Nappaleder<br \/>\nInnenfutter: chromfrei gegerbtes Leder<br \/>\nSohle: extra griffiger Thermogummi, rutschfest, verbesserte Flexibilit\u00e4t<br \/>\nInnensohle: herausnehmbare, antibakterielle Einlegesohle aus Mikrofaser<br \/>\nAbsatz: Nullabsatz, keine H\u00f6hendifferenz zwischen Ferse und Vorderfu\u00df<br \/>\nVerschluss: Klettverschluss<br \/>\nBesonderheiten: wasserabweisend, flexible Sohle, ergonomische Zehenbox<br \/>\nMaterialhinweis: Frei von sch\u00e4dlichen Materialien (gepr\u00fcft!), enth\u00e4lt nichttextile Teile tierischen Ursprungs<br \/>\nPassform: Universelle passform &#8211; f\u00fcr alle Fu\u00dfbreiten geeignet<br \/>\nArtikelgewicht: 0,30 kg<br \/>\nHergestellt in Kroatien<\/p>\n<p>Pflegehinweis: Wir empfehlen, die Schuhe vor dem ersten Tragen zu impr\u00e4gnieren und bei Bedarf zu pflegen.<\/p>\n<p>Vor der Reinigung entfernen Sie vorsichtig Schmutz und alte Creme-R\u00fcckst\u00e4nde von Lederschuhen mit einem Schwamm, einer Naturhaarb\u00fcrste oder einem weichen Tuch. Tragen Sie dann eine d\u00fcnne, gleichm\u00e4\u00dfige Schicht Schuhcreme auf und lassen Sie sie trocknen. Sobald die Creme vollst\u00e4ndig getrocknet ist, b\u00fcrsten Sie die Schuhe sanft, um ihren Glanz wiederherzustellen und impr\u00e4gnieren sie die Schuhe f\u00fcr mehr Schutz vor N\u00e4sse.<\/p>\n<p>Reinigen Sie wasserabweisendes Suedeleder regelm\u00e4\u00dfig mit einem trockenen Tuch oder einer B\u00fcrste und tragen Sie gelegentlich ein Impr\u00e4gnierspray auf, um die Weichheit zu erhalten und Risse zu vermeiden.<\/p>\n<p>Innensohle &#8211; L\u00e4nge\/Breite (mm):<\/p>\n<p>Gr\u00f6\u00dfe: 20 &#8211; L\u00e4nge: 126 mm &#8211; Breite: 57 mm<br \/>\nGr\u00f6\u00dfe: 21 &#8211; L\u00e4nge: 132 mm &#8211; Breite: 58 mm<br \/>\nGr\u00f6\u00dfe: 22 &#8211; L\u00e4nge: 139 mm &#8211; Breite: 60 mm<br \/>\nGr\u00f6\u00dfe: 23 &#8211; L\u00e4nge: 146 mm &#8211; Breite: 62 mm<br \/>\nGr\u00f6\u00dfe: 24 &#8211; L\u00e4nge: 154 mm &#8211; Breite: 64 mm<br \/>\nGr\u00f6\u00dfe: 25 &#8211; L\u00e4nge: 162 mm &#8211; Breite: 66 mm<\/p>\n<p><b>Audio-Beschreibung<\/b><br \/><audio controls src=\"https:\/\/schuhewiebarfuss.at\/shop\/wp-content\/uploads\/lk\/9628_audio.wav\"><br \/>\n                                            Ihr Browser unterst\u00fctzt diese Audio-Ausgabe leider nicht.<br \/>\n                                            <\/ audio ><\/p>\n","protected":false},"excerpt":{"rendered":"<p>Froddo ZERU SPRING<\/p>\n<p>Froddo Barfu\u00dfschuh f\u00fcr Kinder \u2013 toller Sneaker f\u00fcr jede Gelegenheit.<\/p>\n","protected":false},"featured_media":813908,"comment_status":"open","ping_status":"closed","template":"","meta":[],"product_brand":[],"product_cat":[845],"product_tag":[1479,1426,1371,1480,1481,2308,1651,1385,1390,1391,1392,1393,1394,2450],"class_list":{"0":"post-793421","1":"product","2":"type-product","3":"status-publish","4":"has-post-thumbnail","6":"product_cat-lifestyle-1","7":"product_tag-farbe-blau","8":"product_tag-farbe-dunkelblau","9":"product_tag-farbe-grau","10":"product_tag-farbe-orange","11":"product_tag-farbe-pink","12":"product_tag-farbe-rosa","13":"product_tag-farbe-weiss","14":"product_tag-groesse-20","15":"product_tag-groesse-21","16":"product_tag-groesse-22","17":"product_tag-groesse-23","18":"product_tag-groesse-24","19":"product_tag-groesse-25","20":"product_tag-marke-froddo-ivancia-d-d","22":"first","23":"instock","24":"taxable","25":"shipping-taxable","26":"purchasable","27":"product-type-variable"},"_links":{"self":[{"href":"https:\/\/schuhewiebarfuss.at\/shop\/wp-json\/wp\/v2\/product\/793421","targetHints":{"allow":["GET"]}}],"collection":[{"href":"https:\/\/schuhewiebarfuss.at\/shop\/wp-json\/wp\/v2\/product"}],"about":[{"href":"https:\/\/schuhewiebarfuss.at\/shop\/wp-json\/wp\/v2\/types\/product"}],"replies":[{"embeddable":true,"href":"https:\/\/schuhewiebarfuss.at\/shop\/wp-json\/wp\/v2\/comments?post=793421"}],"wp:featuredmedia":[{"embeddable":true,"href":"https:\/\/schuhewiebarfuss.at\/shop\/wp-json\/wp\/v2\/media\/813908"}],"wp:attachment":[{"href":"https:\/\/schuhewiebarfuss.at\/shop\/wp-json\/wp\/v2\/media?parent=793421"}],"wp:term":[{"taxonomy":"product_brand","embeddable":true,"href":"https:\/\/schuhewiebarfuss.at\/shop\/wp-json\/wp\/v2\/product_brand?post=793421"},{"taxonomy":"product_cat","embeddable":true,"href":"https:\/\/schuhewiebarfuss.at\/shop\/wp-json\/wp\/v2\/product_cat?post=793421"},{"taxonomy":"product_tag","embeddable":true,"href":"https:\/\/schuhewiebarfuss.at\/shop\/wp-json\/wp\/v2\/product_tag?post=793421"}],"curies":[{"name":"wp","href":"https:\/\/api.w.org\/{rel}","templated":true}]}}