{"id":793342,"date":"2025-06-04T14:24:24","date_gmt":"2025-06-04T12:24:24","guid":{"rendered":"https:\/\/schuhewiebarfuss.at\/shop\/produkt\/wolkenweichstyle\/"},"modified":"2026-03-11T23:11:11","modified_gmt":"2026-03-11T22:11:11","slug":"wolkenweichstyle","status":"publish","type":"product","link":"https:\/\/schuhewiebarfuss.at\/shop\/produkt\/wolkenweichstyle\/","title":{"rendered":"wolkenweichStyle"},"content":{"rendered":"<p>Entdecke die ultimative Freiheit des Barfu\u00dflaufens im Outdoorbereich mit bLifestyles veganen und sportlichen Barfu\u00dfsandale f\u00fcr Erwachsene: Das Modell wolkenweichSTYLE ! Dieser Barfu\u00dfsandale f\u00fcr Erwachsene wurde speziell f\u00fcr Abenteuerliebhaber wie dich entwickelt, die die Natur in ihrer reinsten Form erleben m\u00f6chten. Jeder Schritt wird zu einem befreienden Erlebnis, bei dem du den Boden unter deinen F\u00fc\u00dfen und die Verbindung zur Natur intensiv sp\u00fcren kannst. Die Innensohle aus synthetischer und atmungsaktiver Lederalternative bietet ein unglaublich weiches und angenehmes Tragegef\u00fchl. Du wirst den Unterschied zu Leder kaum merken und dich stattdessen in den Komfort verlieben, den diese umweltfreundliche Option bietet. Mit einem praktischen Klettverschluss bietet sie dir eine perfekte Passform und l\u00e4sst sich super schnell aus- und anziehen. <\/p>\n<p>Flexible Barfu\u00dfsohle: <\/p>\n<p>Sind wir klein, lernen wir barfu\u00df oder in Socken eine nat\u00fcrliche und gesunde Laufweise, die wir leider, im Laufe der Zeit, vor allem durch falsches und einengendes Schuhwerk, wieder verlernen. Das Herzst\u00fcck des Minimalschuhs ist die speziell von bLifestyle entwickelte Barfu\u00dfsohle. Eine Sohle, die deine Fu\u00dfstellung sowie die allgemeine K\u00f6rperhaltung f\u00f6rdert. Durch die lediglich 4mm d\u00fcnne Schuhsohle werden unsere F\u00fc\u00dfe zwar gesch\u00fctzt, bleiben aber dennoch aktiv und wir nehmen so den Untergrund sp\u00fcrbar wahr. Unsere F\u00fc\u00dfe sind uneingeschr\u00e4nkt in Bewegung. Das Laufen in bLifestyles Minimalschuhen st\u00e4rkt deine Fu\u00dfmuskulatur und f\u00f6rdert eine gesunde und nat\u00fcrliche Laufweise. Durch die dauerhafte Muskelbewegung der noch so kleinen Fu\u00dfmuskeln musst du dir noch dazu keine Sorge um kalte F\u00fc\u00dfe machen!<\/p>\n<p>Barfu\u00dfschuhe aus nachhaltigen Materialien: <\/p>\n<p>Nachhaltigkeit ist f\u00fcr bLifestyle kein Marketingtrend. Sie legen gro\u00dfen Wert auf eine \u00f6kologische, faire und nachhaltige Zukunft. Sie wollen nur das Beste f\u00fcr Deine Gesundheit und Deine F\u00fc\u00dfe. Das bedeutet f\u00fcr bLifestyle automatisch, dass sie nur nat\u00fcrliche, nachhaltige und qualitativ hochwertige Materialien f\u00fcr unsere Minimalschuhe einsetzen. Dies f\u00e4ngt bei GOTS zertifizierter Bio-Baumwolle an und endet f\u00fcr sie erst mit dem Einsatz von wasserbasiertem Kleber. bLifestyle verzichtet auf chemische Weiterverarbeitung oder Ausbesserungen, somit ist jeder Barfu\u00dfschuh ein handgefertigtes Unikat, welcher die Handschrift des Mitarbeiters \/ der Mitarbeiterin aus Portugal tr\u00e4gt. Fast alle Materialien haben ihren Ursprung in Europa und sind schadstofffrei und entsprechen extrem hohen Standards. <\/p>\n<p>Materialdetails:<\/p>\n<p>Obermaterial: Microfaser \/ Textil<br \/>\nInnenfutter: Microfaser \/ Textil<br \/>\nSohle: Gummi (100% synth.)<br \/>\nInnensohle: OnSteam (feuchtigkeitsregulierend), nicht herausnehmbar<br \/>\nAbsatz: Nullabsatz, keine H\u00f6hendifferenz zwischen Ferse und Vorderfu\u00df<br \/>\nVerschluss: Klettverschluss (vorne und am Kn\u00f6chel)<br \/>\nBesonderheiten: atmungsaktiv<br \/>\nMaterialhinweis: Frei von sch\u00e4dlichen Materialien (gepr\u00fcft!)<br \/>\nHergestellt in Portugal<\/p>\n<p>Material &amp; Pflegehinweise:<\/p>\n<p>Bioleder kann gewisse Merkmale wie Insektenstiche, Kratzer oder leichte Farbunterschiede aufweisen, welche aber zum einmaligen und nat\u00fcrlichen Charakter geh\u00f6ren. Jeder einzelne Schuh ist ein handgefertigtes Unikat, welcher die Handschrift des\/der Mitarbeiter*in tr\u00e4gt. Socken k\u00f6nnen sich bei starkem Schwitzen verf\u00e4rben. Um eine lange Haltbarkeit unseres Bioleders zu gew\u00e4hrleisten, ist ein guter Schutz vor N\u00e4sse und Feuchtigkeit essentiell.<\/p>\n<p>Bitte wasche deinen Schuh nicht in der Waschmaschine und s\u00e4ubere ihn nur mit einem geeigneten Reinigungsmittel. Wir empfehlen die Innensohle regelm\u00e4\u00dfig zum L\u00fcften aus dem Schuh zu nehmen und Staun\u00e4sse somit zu vermeiden. F\u00fcr optimale Produkteigenschaften sollten unsere Schuhe vor dem Einsatz impr\u00e4gniert werden, dies ist vor allem bei Schuhen mit Textilanteil wichtig.<\/p>\n<p>Produktion handmade &amp; fair in Portugal: <\/p>\n<p>PRODUCED FAIR AND WITH CARE! Deine neuen Lieblingsschuhe werden in einem von bLifestyle vertrauten Familienbetrieb in Portugal handgefertigt. Der Gr\u00fcnder ist seit vielen Jahren in engem Kontakt mit dem Hersteller, sie arbeiten stetig an neuen Produkten und optimieren bLifestyles Modelle miteinander. Durch das aufgebaute Vertrauen und Besuche vor Ort, kann bLifestyle sich sicher sein, dass soziale und \u00f6kologische Standards eingehalten werden. bLifestyles Minimalschuhe werden somit unter fairen Arbeitsbedingungen gefertigt. Sie setzen auf eine langfristige und faire Partnerschaft, dies gilt auch f\u00fcr ihre Lieferanten. Diese sind nicht nur ein wichtiger Teil ihres Unternehmens, sondern werden von bLifestyle als gleichwertiger Partner gesehen, weshalb sie eine respektvolle und ehrliche Zusammenarbeit sch\u00e4tzen.<\/p>\n<p>Innensohle &#8211; L\u00e4nge\/Breite (mm):<\/p>\n<p>Gr\u00f6\u00dfe: 36 &#8211; L\u00e4nge: 241 mm &#8211; Breite: 87 mm<br \/>\nGr\u00f6\u00dfe: 37 &#8211; L\u00e4nge: 247 mm &#8211; Breite: 90 mm<br \/>\nGr\u00f6\u00dfe: 38 &#8211; L\u00e4nge: 254 mm &#8211; Breite: 91 mm<br \/>\nGr\u00f6\u00dfe: 39 &#8211; L\u00e4nge: 260 mm &#8211; Breite: 92 mm<br \/>\nGr\u00f6\u00dfe: 40 &#8211; L\u00e4nge: 267 mm &#8211; Breite: 93 mm<br \/>\nGr\u00f6\u00dfe: 41 &#8211; L\u00e4nge: 274 mm &#8211; Breite: 95 mm<br \/>\nGr\u00f6\u00dfe: 42 &#8211; L\u00e4nge: 280 mm &#8211; Breite: 97 mm<\/p>\n<p>Sicherheitshinweise:<\/p>\n<p>Achte darauf, dass die Schuhe korrekt sitzen, um Rutsch- oder Stolperunf\u00e4lle zu vermeiden. Die Sohle kann auf glatten, nassen oder vereisten Fl\u00e4chen weniger Haftung haben. Diese Schuhe haben eine d\u00fcnnere Sohle f\u00fcr ein nat\u00fcrliches Laufgef\u00fchl. Sei bitte vorsichtig bei unebenem Gel\u00e4nde und scharfen Gegenst\u00e4nden.<\/p>\n<p>Anfangsphase: Barfu\u00dfschuhe ver\u00e4ndern das Laufgef\u00fchl und beanspruchen andere Muskelgruppen. Die Gew\u00f6hnung an Barfu\u00dfschuhe kann mehrere Wochen dauern. Beginne mit kurzen Tragezeiten. Leder oder Naturstoffe sind nicht wasserfest. Kontakt mit anhanhaltender Feuchtigkeit kann das Material besch\u00e4digen.<\/p>\n<p>Nicht f\u00fcr alle Aktivit\u00e4ten geeignet: Je nach Modell k\u00f6nnen diese Barfu\u00dfschuhe f\u00fcr den Alltag, Sport oder Outdoor-Aktivit\u00e4ten geeignet sein. Bitte pr\u00fcfe die Produktbeschreibung.<\/p>\n<p>Pflegehinweise beachten: Um die Lebensdauer zu verl\u00e4ngern, sollten die Schuhe regelm\u00e4\u00dfig gereinigt und getrocknet werden. <\/p>\n<p>Es wird sichergestellt, dass der Schuh keine Verletzungsrisiken birgt durch:<br \/>\nGepr\u00fcfte Sohlenhaftung (Rutschfestigkeit)<br \/>\nRei\u00dffestigkeit und Langlebigkeit der Materialien in der bestimmungsgem\u00e4\u00dfen Verwendung<br \/>\nKeine Schadstoffe in den Materialien<\/p>\n<p>Gefahrenhinweise:<\/p>\n<p>Erstickungs- und Strangulationsgefahr: Halte Schn\u00fcrsenkel und Verschlussstopper (z. B. Kordelz\u00fcge oder Schnellverschl\u00fcsse) von kleinen Kindern fern. Lange Schn\u00fcrsenkel k\u00f6nnen sich um K\u00f6rperteile wickeln und zu Verletzungen oder Strangulation f\u00fchren. Kleinteile wie Verschlussstopper k\u00f6nnen verschluckt werden.<\/p>\n<p><b>Audio-Beschreibung<\/b><br \/><audio controls src=\"https:\/\/schuhewiebarfuss.at\/shop\/wp-content\/uploads\/lk\/9621_audio.wav\"><br \/>\n                                            Ihr Browser unterst\u00fctzt diese Audio-Ausgabe leider nicht.<br \/>\n                                            <\/ audio ><\/p>\n","protected":false},"excerpt":{"rendered":"<p>bLifestyle WOLKENWEICHSTYLE Damen-Sandalen<\/p>\n<p>Erlebe Freiheit beim Laufen mit unserer veganen Outdoor-Sandale &#8211; super bequem, schnell anziehbar &amp; sommerlich leicht.<\/p>\n","protected":false},"featured_media":815067,"comment_status":"open","ping_status":"closed","template":"","meta":[],"product_brand":[],"product_cat":[831],"product_tag":[2026,1570,1481,1408,1362,1368,1373,1374,1375,1376,1377,2447],"class_list":{"0":"post-793342","1":"product","2":"type-product","3":"status-publish","4":"has-post-thumbnail","6":"product_cat-sandalen-1","7":"product_tag-farbe-beige","8":"product_tag-farbe-gruen","9":"product_tag-farbe-pink","10":"product_tag-farbe-schwarz","11":"product_tag-groesse-36","12":"product_tag-groesse-37","13":"product_tag-groesse-38","14":"product_tag-groesse-39","15":"product_tag-groesse-40","16":"product_tag-groesse-41","17":"product_tag-groesse-42","18":"product_tag-marke-blifestyle","20":"first","21":"instock","22":"taxable","23":"shipping-taxable","24":"purchasable","25":"product-type-variable"},"_links":{"self":[{"href":"https:\/\/schuhewiebarfuss.at\/shop\/wp-json\/wp\/v2\/product\/793342","targetHints":{"allow":["GET"]}}],"collection":[{"href":"https:\/\/schuhewiebarfuss.at\/shop\/wp-json\/wp\/v2\/product"}],"about":[{"href":"https:\/\/schuhewiebarfuss.at\/shop\/wp-json\/wp\/v2\/types\/product"}],"replies":[{"embeddable":true,"href":"https:\/\/schuhewiebarfuss.at\/shop\/wp-json\/wp\/v2\/comments?post=793342"}],"wp:featuredmedia":[{"embeddable":true,"href":"https:\/\/schuhewiebarfuss.at\/shop\/wp-json\/wp\/v2\/media\/815067"}],"wp:attachment":[{"href":"https:\/\/schuhewiebarfuss.at\/shop\/wp-json\/wp\/v2\/media?parent=793342"}],"wp:term":[{"taxonomy":"product_brand","embeddable":true,"href":"https:\/\/schuhewiebarfuss.at\/shop\/wp-json\/wp\/v2\/product_brand?post=793342"},{"taxonomy":"product_cat","embeddable":true,"href":"https:\/\/schuhewiebarfuss.at\/shop\/wp-json\/wp\/v2\/product_cat?post=793342"},{"taxonomy":"product_tag","embeddable":true,"href":"https:\/\/schuhewiebarfuss.at\/shop\/wp-json\/wp\/v2\/product_tag?post=793342"}],"curies":[{"name":"wp","href":"https:\/\/api.w.org\/{rel}","templated":true}]}}