{"id":792072,"date":"2025-05-31T15:43:12","date_gmt":"2025-05-31T13:43:12","guid":{"rendered":"https:\/\/schuhewiebarfuss.at\/shop\/produkt\/scio\/"},"modified":"2026-03-10T18:21:17","modified_gmt":"2026-03-10T17:21:17","slug":"scio","status":"publish","type":"product","link":"https:\/\/schuhewiebarfuss.at\/shop\/produkt\/scio\/","title":{"rendered":"Scio"},"content":{"rendered":"<p>Slip in and out! Mit dem Scio direkt loslaufen und das echte Barfu\u00dfgef\u00fchl entdecken. Das strapazierf\u00e4hige, luftige Obermaterial schmiegt sich, dank des verarbeiteten Strechmaterials, optimal an die Fu\u00dfform des Tr\u00e4gers an und sorgt in Kombination mit der flexiblen Sohle f\u00fcr einen angenehmen Tragekomfort. Die typische Noppensohle ist ultra flexibel und gibt durch seine Halbkugeln ein sensorisches und taktiles Feedback ab, das an unsere F\u00fc\u00dfe weitergegeben wird. Dies \u00e4hnelt einer Fu\u00dfreflexzonen-Massage und sorgt f\u00fcr Entspannung und Wohlbefinden.<\/p>\n<p>Mit dem Modell Scio von Leguano machen Sie immer eine gute Figur! Schn\u00f6rkellos kommt der Barfu\u00df-Slipper daher und l\u00e4sst sich dank seines dezenten Looks zu allem kombinieren. Entdecke die Welt von Leguano und sp\u00fcre die postitive Energie des Barfu\u00dflaufens. Der Scio eignet sich besonders bei warmen Temperaturen auf lockere Sommerkleidung und nat\u00fcrlich jederzeit auch indoor.<\/p>\n<p>Das deutsche Unternehmen Leguano steht wie kein anderes f\u00fcr die Philosophie des Barfu\u00dflaufens. Es ist ein Urbed\u00fcrfnis nach Freiheit und Ungezwungenheit, welches durch das nat\u00fcrliche Gehen gestillt werden kann. Es belebt K\u00f6rper und Geist, st\u00e4rkt die Fu\u00dfmuskulatur und beugt Fu\u00df-, Knie-, H\u00fcft, R\u00fccken- sowie Nacken- und Kopfschmerzen vor. Leguano produziert zu 100% in Deutschland und tr\u00e4gt das G\u00fctesiegel &#8222;Made in Germany&#8220;. Durch diese sp\u00fcrbare Qualit\u00e4t hat sich das Unternehmen, seit der Gr\u00fcndung 2009, so rasant weiter entwickelt, dass es mitllerweile \u00fcber 400 Mitarbeiter besch\u00e4ftigt und weltweit vertreten ist. <\/p>\n<p>Materialdetails:<\/p>\n<p>Obermaterial: Textil (96% Polyester\/ 10% Lurex)<br \/>\nInnenfutter: Textil (96% Polyester\/ 10% Lurex)<br \/>\nSohle: 100 % LIFOLIT\u00ae-lg<br \/>\nInnensohle: 51 % Polyamid, 49 % Polyurethan, nicht herausnehmbar<br \/>\nAbsatz: Nullabsatz, keine H\u00f6hendifferenz zwischen Ferse und Vorderfu\u00df<br \/>\nVerschluss: Schlupfschuh<br \/>\nBesonderheiten: Schmale Ferse, super weich, leicht, bequem<br \/>\nMaterialhinweis: Atmungsaktiv, Wasserabweisend<br \/>\nSchuhform: anatomisch geformte Zehenbox, f\u00fcr schmalere F\u00fc\u00dfe, f\u00fcr durchschnittlichen und niedrigeren Spann geeignet, passen auch F\u00fc\u00dfen mit einem schmalen Kn\u00f6chel<br \/>\nHergestellt in Deutschland<br \/>\nArtikelgewicht: 0,60 kg<br \/>\nPassform: Dieses Modell f\u00e4llt kleiner aus! Nehhmen<\/p>\n<p>Hersteller: leguano GmbH, Industriepark Nord 99, DE \u2013 53567 Buchholz, E-Mail: info@leguano.eu<br \/>\nHergestellt in der Bundesrepublik Deutschland<\/p>\n<p>INFORMATION: Die dargestellten Bilder sind ohne Gew\u00e4hr und k\u00f6nnen sich vom Original unterscheiden. (bsp.: die Farben k\u00f6nnen heller oder d\u00fcnkler sein als dargestellt)<\/p>\n<p>Hinweis:<br \/>\nAufgrund der Slipper-Form sollte die Passform hier ausreichend Halt geben, solange der Spann des Fu\u00dfes nicht zu flach ist. Die F\u00fc\u00dfe sollten nicht im Schuh umher rutschen.<br \/>\nDIESES MODELL F\u00c4LLT KLEINER AUS! NEHMEN SIE EINE NUMMER GR\u00d6\u00dfER!<\/p>\n<p>Pflegehinweis:<br \/>\nBei 30 \u00b0C im W\u00e4schenetz waschen (Schonwaschgang). Feinwaschmittel, keinen Weichsp\u00fcler und kein Pulver verwenden. Separat oder mit \u00e4hnlichen Farben waschen. Nicht trocknergeeignet. Staub und Schmutz mit einer weichen Schuhb\u00fcrste oder einem fusselfreien, leicht feuchten Tuch entfernen.<\/p>\n<p>Innensohle &#8211; L\u00e4nge\/Breite (mm):<\/p>\n<p>Gr\u00f6\u00dfe: 36 &#8211; L\u00e4nge: 224 mm &#8211; Breite: 83 mm<br \/>\nGr\u00f6\u00dfe: 37 &#8211; L\u00e4nge: 231 mm &#8211; Breite: 84 mm<br \/>\nGr\u00f6\u00dfe: 38 &#8211; L\u00e4nge: 238 mm &#8211; Breite: 86 mm<br \/>\nGr\u00f6\u00dfe: 39 &#8211; L\u00e4nge: 244 mm &#8211; Breite: 88 mm<br \/>\nGr\u00f6\u00dfe: 40 &#8211; L\u00e4nge: 250 mm &#8211; Breite: 91 mm<br \/>\nGr\u00f6\u00dfe: 41 &#8211; L\u00e4nge: 257 mm &#8211; Breite: 94 mm<br \/>\nGr\u00f6\u00dfe: 42 &#8211; L\u00e4nge: 264 mm &#8211; Breite: 95 mm<br \/>\nGr\u00f6\u00dfe: 43 &#8211; L\u00e4nge: 270 mm &#8211; Breite: 96 mm<br \/>\nGr\u00f6\u00dfe: 44 &#8211; L\u00e4nge: 277 mm &#8211; Breite: 99 mm<br \/>\nGr\u00f6\u00dfe: 45 &#8211; L\u00e4nge: 284 mm &#8211; Breite: 101 mm<br \/>\nGr\u00f6\u00dfe: 46 &#8211; L\u00e4nge: 290 mm &#8211; Breite: 103 mm<br \/>\nGr\u00f6\u00dfe: 47 &#8211; L\u00e4nge: 296 mm &#8211; Breite: 104 mm<\/p>\n<p><b>Audio-Beschreibung<\/b><br \/><audio controls src=\"https:\/\/schuhewiebarfuss.at\/shop\/wp-content\/uploads\/lk\/5241_audio.wav\"><br \/>\n                                            Ihr Browser unterst\u00fctzt diese Audio-Ausgabe leider nicht.<br \/>\n                                            <\/ audio ><\/p>\n","protected":false},"excerpt":{"rendered":"<p>Leguano SCIO<\/p>\n<p>Das wahre GEHf\u00fchl des barfu\u00dflaufens &#8211; der stylischer Slipper f\u00fcr warme Sommertage!<\/p>\n","protected":false},"featured_media":808732,"comment_status":"open","ping_status":"closed","template":"","meta":[],"product_brand":[],"product_cat":[851],"product_tag":[1479,1570,1408,1362,1368,1373,1374,1375,1376,1377,1378,1379,1380,1381,1449,2465],"class_list":{"0":"post-792072","1":"product","2":"type-product","3":"status-publish","4":"has-post-thumbnail","6":"product_cat-lifestyle-3","7":"product_tag-farbe-blau","8":"product_tag-farbe-gruen","9":"product_tag-farbe-schwarz","10":"product_tag-groesse-36","11":"product_tag-groesse-37","12":"product_tag-groesse-38","13":"product_tag-groesse-39","14":"product_tag-groesse-40","15":"product_tag-groesse-41","16":"product_tag-groesse-42","17":"product_tag-groesse-43","18":"product_tag-groesse-44","19":"product_tag-groesse-45","20":"product_tag-groesse-46","21":"product_tag-groesse-47","22":"product_tag-marke-leguano","24":"first","25":"instock","26":"taxable","27":"shipping-taxable","28":"purchasable","29":"product-type-variable"},"_links":{"self":[{"href":"https:\/\/schuhewiebarfuss.at\/shop\/wp-json\/wp\/v2\/product\/792072","targetHints":{"allow":["GET"]}}],"collection":[{"href":"https:\/\/schuhewiebarfuss.at\/shop\/wp-json\/wp\/v2\/product"}],"about":[{"href":"https:\/\/schuhewiebarfuss.at\/shop\/wp-json\/wp\/v2\/types\/product"}],"replies":[{"embeddable":true,"href":"https:\/\/schuhewiebarfuss.at\/shop\/wp-json\/wp\/v2\/comments?post=792072"}],"wp:featuredmedia":[{"embeddable":true,"href":"https:\/\/schuhewiebarfuss.at\/shop\/wp-json\/wp\/v2\/media\/808732"}],"wp:attachment":[{"href":"https:\/\/schuhewiebarfuss.at\/shop\/wp-json\/wp\/v2\/media?parent=792072"}],"wp:term":[{"taxonomy":"product_brand","embeddable":true,"href":"https:\/\/schuhewiebarfuss.at\/shop\/wp-json\/wp\/v2\/product_brand?post=792072"},{"taxonomy":"product_cat","embeddable":true,"href":"https:\/\/schuhewiebarfuss.at\/shop\/wp-json\/wp\/v2\/product_cat?post=792072"},{"taxonomy":"product_tag","embeddable":true,"href":"https:\/\/schuhewiebarfuss.at\/shop\/wp-json\/wp\/v2\/product_tag?post=792072"}],"curies":[{"name":"wp","href":"https:\/\/api.w.org\/{rel}","templated":true}]}}