{"id":789506,"date":"2025-05-27T16:41:52","date_gmt":"2025-05-27T14:41:52","guid":{"rendered":"https:\/\/schuhewiebarfuss.at\/shop\/produkt\/leguanito-scio-blau\/"},"modified":"2026-03-21T17:53:22","modified_gmt":"2026-03-21T16:53:22","slug":"leguanito-scio-blau","status":"publish","type":"product","link":"https:\/\/schuhewiebarfuss.at\/shop\/produkt\/leguanito-scio-blau\/","title":{"rendered":"Leguanito Scio Blau"},"content":{"rendered":"<p>Schnelles An- und Ausziehen kinderleicht gemacht: Dieses Slip-On Modell hat keine Schn\u00fcrung. Die bew\u00e4hrte Form der Schuhe bietet genug Platz f\u00fcr die Zehen, so dass die F\u00fc\u00dfe nicht eingeengt werden und sich gesund entfalten k\u00f6nnen.<\/p>\n<p>Leguanito Scio sind besonders bequem dank dem weichen, fast nahtlosem Polyester und der extra flexiblen, patentierten Leguano-Sohle, die den Fu\u00df sch\u00fctzt, ihn aber in keiner Weise einschr\u00e4nkt. Diese Sportschuhe eignen sich nicht nur f\u00fcr den t\u00e4glichen Gebrauch, sondern auch f\u00fcr allerlei andere Freizeitaktivit\u00e4ten wie: Wandern, Turnen, Springen, Klettern. Selbst wenn es einmal etwas nasser wird, ist der Leguanito Scio der Ideale Begleiter f\u00fcr energiereiche Tage.<\/p>\n<p>Praktisch Entwicklungsf\u00f6rdernd \u2013 leguanito Kinderbarfu\u00dfschuhe sind extrem flexibel, super bequem und ihre Sohle ist \u00e4u\u00dferst strapazierf\u00e4hig.<\/p>\n<p>Ultraflexibel \u2013 Bei der technischen Entwicklung unserer Sohle liegt der Fokus auf den Merkmalen perfekte Struktur, Sensorik und Ergonomie.<\/p>\n<p>Atmungsaktiv \u2013 Atmungsaktive Schuhe lassen Luft durch und leiten Feuchtigkeit ab, was Schwitzen und Geruchsbildung vorbeugt.<\/p>\n<p>Wasserabweisend \u2013 H\u00e4lt Feuchtigkeit und N\u00e4sse ab.<\/p>\n<p>Schmale Ferse \u2013 F\u00fcr F\u00fc\u00dfe mit schmaler Ferse geeignet.<\/p>\n<p>Sportschuhe \u2013 Sportschuhe sind f\u00fcr sportliche Aktivit\u00e4ten geeignet und bieten optimalen Halt und Flexibilit\u00e4t.Sie bestehen oft aus atmungsaktiven Materialien und haben rutschfeste Sohlen.<\/p>\n<p>Materialdetails:<\/p>\n<p>Obermaterial: 100 % Polyester<br \/>\nInnenfutter: 100 % Polyester<br \/>\nSohle: 100 % LIFOLIT\u00ae-lg<br \/>\nInnensohle: 51 % Polyamid, 49 % Polyurethan, nicht herausnehmbar<br \/>\nAbsatz: Nullabsatz, keine H\u00f6hendifferenz zwischen Ferse und Vorderfu\u00df<br \/>\nVerschluss: Schlupfschuh<br \/>\nBesonderheiten: Schmale Ferse, super weich, leicht, bequem<br \/>\nMaterialhinweis: Atmungsaktiv, Wasserabweisend<br \/>\nSchuhform: anatomisch geformte Zehenbox, f\u00fcr schmalere F\u00fc\u00dfe, f\u00fcr durchschnittlichen und niedrigeren Spann geeignet, passen auch F\u00fc\u00dfen mit einem schmalen Kn\u00f6chel<br \/>\nHergestellt in Deutschland<br \/>\nArtikelgewicht: 0,20 kg<\/p>\n<p>Hersteller: leguano GmbH, Industriepark Nord 99, DE \u2013 53567 Buchholz, E-Mail: info@leguano.eu<br \/>\nHergestellt in der Bundesrepublik Deutschland<\/p>\n<p>Hinweis:<br \/>\nAufgrund der Slipper-Form sollte die Passform hier ausreichend Halt geben, solange der Spann des Fu\u00dfes nicht zu flach ist. Die F\u00fc\u00dfe sollten nicht im Schuh umher rutschen.<br \/>\nDIESES MODELL F\u00c4LLT KLEINER AUS! NEHMEN SIE EINE NUMMER GR\u00d6\u00dfER!<\/p>\n<p>Pflegehinweis:<br \/>\nBei 30 \u00b0C im W\u00e4schenetz waschen (Schonwaschgang). Feinwaschmittel, keinen Weichsp\u00fcler und kein Pulver verwenden. Separat oder mit \u00e4hnlichen Farben waschen. Nicht trocknergeeignet. Staub und Schmutz mit einer weichen Schuhb\u00fcrste oder einem fusselfreien, leicht feuchten Tuch entfernen.<\/p>\n<p>Innensohle &#8211; L\u00e4nge\/Breite (mm):<\/p>\n<p>Gr\u00f6\u00dfe: 23 &#8211; L\u00e4nge: 146 mm &#8211; Breite: 64 mm<br \/>\nGr\u00f6\u00dfe: 24 &#8211; L\u00e4nge: 154 mm &#8211; Breite: 66 mm<br \/>\nGr\u00f6\u00dfe: 25 &#8211; L\u00e4nge: 160 mm &#8211; Breite: 68 mm<br \/>\nGr\u00f6\u00dfe: 26 &#8211; L\u00e4nge: 166 mm &#8211; Breite: 69 mm<br \/>\nGr\u00f6\u00dfe: 27 &#8211; L\u00e4nge: 171 mm &#8211; Breite: 70 mm<br \/>\nGr\u00f6\u00dfe: 28 &#8211; L\u00e4nge: 178 mm &#8211; Breite: 71 mm<br \/>\nGr\u00f6\u00dfe: 29 &#8211; L\u00e4nge: 185 mm &#8211; Breite: 73 mm<br \/>\nGr\u00f6\u00dfe: 30 &#8211; L\u00e4nge: 192 mm &#8211; Breite: 75 mm<br \/>\nGr\u00f6\u00dfe: 31 &#8211; L\u00e4nge: 199 mm &#8211; Breite: 77 mm<br \/>\nGr\u00f6\u00dfe: 32 &#8211; L\u00e4nge: 205 mm &#8211; Breite: 79 mm<\/p>\n<p><b>Audio-Beschreibung<\/b><br \/><audio controls src=\"https:\/\/schuhewiebarfuss.at\/shop\/wp-content\/uploads\/lk\/9668_audio.wav\"><br \/>\n                                            Ihr Browser unterst\u00fctzt diese Audio-Ausgabe leider nicht.<br \/>\n                                            <\/ audio ><\/p>\n","protected":false},"excerpt":{"rendered":"<p>Leguano LEGUANITO SCIO<\/p>\n<p>Entdecke den Leguanito Scio \u2013 Qualit\u00e4t, Komfort und modernes Design vereint in einem Schuh. So lassen sich neue Abenteuer bequem erleben!<\/p>\n","protected":false},"featured_media":803783,"comment_status":"open","ping_status":"closed","template":"","meta":[],"product_brand":[],"product_cat":[842],"product_tag":[1392,1393,1394,1395,1396,1397,1398,1399,1400,1401,2465],"class_list":{"0":"post-789506","1":"product","2":"type-product","3":"status-publish","4":"has-post-thumbnail","6":"product_cat-freizeit","7":"product_tag-groesse-23","8":"product_tag-groesse-24","9":"product_tag-groesse-25","10":"product_tag-groesse-26","11":"product_tag-groesse-27","12":"product_tag-groesse-28","13":"product_tag-groesse-29","14":"product_tag-groesse-30","15":"product_tag-groesse-31","16":"product_tag-groesse-32","17":"product_tag-marke-leguano","19":"first","20":"instock","21":"taxable","22":"shipping-taxable","23":"purchasable","24":"product-type-variable"},"_links":{"self":[{"href":"https:\/\/schuhewiebarfuss.at\/shop\/wp-json\/wp\/v2\/product\/789506","targetHints":{"allow":["GET"]}}],"collection":[{"href":"https:\/\/schuhewiebarfuss.at\/shop\/wp-json\/wp\/v2\/product"}],"about":[{"href":"https:\/\/schuhewiebarfuss.at\/shop\/wp-json\/wp\/v2\/types\/product"}],"replies":[{"embeddable":true,"href":"https:\/\/schuhewiebarfuss.at\/shop\/wp-json\/wp\/v2\/comments?post=789506"}],"wp:featuredmedia":[{"embeddable":true,"href":"https:\/\/schuhewiebarfuss.at\/shop\/wp-json\/wp\/v2\/media\/803783"}],"wp:attachment":[{"href":"https:\/\/schuhewiebarfuss.at\/shop\/wp-json\/wp\/v2\/media?parent=789506"}],"wp:term":[{"taxonomy":"product_brand","embeddable":true,"href":"https:\/\/schuhewiebarfuss.at\/shop\/wp-json\/wp\/v2\/product_brand?post=789506"},{"taxonomy":"product_cat","embeddable":true,"href":"https:\/\/schuhewiebarfuss.at\/shop\/wp-json\/wp\/v2\/product_cat?post=789506"},{"taxonomy":"product_tag","embeddable":true,"href":"https:\/\/schuhewiebarfuss.at\/shop\/wp-json\/wp\/v2\/product_tag?post=789506"}],"curies":[{"name":"wp","href":"https:\/\/api.w.org\/{rel}","templated":true}]}}