{"id":788688,"date":"2025-05-26T18:02:53","date_gmt":"2025-05-26T16:02:53","guid":{"rendered":"https:\/\/schuhewiebarfuss.at\/shop\/produkt\/froddo-light\/"},"modified":"2026-04-20T20:51:58","modified_gmt":"2026-04-20T18:51:58","slug":"froddo-light","status":"publish","type":"product","link":"https:\/\/schuhewiebarfuss.at\/shop\/produkt\/froddo-light\/","title":{"rendered":"Froddo Light"},"content":{"rendered":"<p>Diese leichten und flexiblen Turnschuhe bieten Kinderf\u00fc\u00dfe die Freiheit, die sie brauchen! Das dehnbare Obermaterial mit Sockeneinstieg erm\u00f6glicht einfaches An- und Ausziehen. Durch die zus\u00e4tzliche Schn\u00fcrung k\u00f6nnen die Schuhe aber perfekt an die Fu\u00dfform angepasst werden. Die neue Sohle ist sehr flexibel und bietet guten Grip f\u00fcr alle Abenteuer. Das Obermaterial ist wasserabweisend und die Schuhe k\u00f6nnen sogar bei 30 Grad in der Maschine gewaschen werden. <\/p>\n<p>&#8211; Extrem leichte Schuhe, die das barf\u00fc\u00dfige Gehen nachahmen<br \/>\n&#8211; Der breitere Zehenraum (ergonomische Zehenbox) sorgt f\u00fcr Stabilit\u00e4t beim Gehen<br \/>\n&#8211; Null Absatz<br \/>\n&#8211; Herausnehmbare antibakterielle Einlegesohle aus Mikrofaser mit GRS-Zertifizierung<br \/>\n&#8211; Extrem leicht und atmungsaktiv mit Obermaterial und Innenfutter aus PFAS-freiem Material<br \/>\n&#8211; Au\u00dfensohle mit extra Grip<br \/>\n&#8211; Waschbar bis 30\u00b0 (Schonwaschgang)<br \/>\n&#8211; Frei von Chrom VI<br \/>\n&#8211; Nachhaltige Produktion und Produkt<\/p>\n<p>Materialdetails:<\/p>\n<p>Obermaterial: wasserabweisendes Polyamid mit Elasthan<br \/>\nInnenfutter: wasserabweisendes Polyamid mit Elasthan<br \/>\nSohle: Lifolit\u00ae, super flexibel<br \/>\nInnensohle: antibakterielles Mikrofaser, herausnehmbar<br \/>\nAbsatz: Nullabsatz, keine H\u00f6hendifferenz zwischen Ferse und Vorderfu\u00df<br \/>\nVerschluss: Schn\u00fcrsenkel, Schlupfschuh<br \/>\nBesonderheiten: atmungsaktiv, wasserabweisend, vegan<br \/>\nMaterialhinweis: Frei von sch\u00e4dlichen Materialien (gepr\u00fcft!)<br \/>\nBreite des Modells: geeignet f\u00fcr alle Fu\u00dfbreiten<br \/>\nHergestellt in Kroatien<\/p>\n<p>Pflegehinweis:<\/p>\n<p>Light-Schuhe sind bei maximal 30\u00b0C (Schonwaschgang) in der Maschine waschbar. An der Luft trocknen, nicht im Trockner. Das Obermaterial ist wasserabweisend und PFAS-frei. Zur regelm\u00e4\u00dfigen Pflege milde Seifenlauge und eine weiche B\u00fcrste verwenden, aggressive Reinigungsmittel vermeiden. Richtige Pflege sorgt f\u00fcr Langlebigkeit und Funktionalit\u00e4t. <\/p>\n<p>Innensohle &#8211; L\u00e4nge\/Breite (mm):<\/p>\n<p>Gr\u00f6\u00dfe: 25 &#8211; L\u00e4nge: 160 mm &#8211; Breite: 68 mm<br \/>\nGr\u00f6\u00dfe: 26 &#8211; L\u00e4nge: 170 mm &#8211; Breite: 69 mm<br \/>\nGr\u00f6\u00dfe: 27 &#8211; L\u00e4nge: 178 mm &#8211; Breite: 70 mm<br \/>\nGr\u00f6\u00dfe: 28 &#8211; L\u00e4nge: 185 mm &#8211; Breite: 72 mm<br \/>\nGr\u00f6\u00dfe: 29 &#8211; L\u00e4nge: 194 mm &#8211; Breite: 74 mm<br \/>\nGr\u00f6\u00dfe: 30 &#8211; L\u00e4nge: 202 mm &#8211; Breite: 75 mm<br \/>\nGr\u00f6\u00dfe: 31 &#8211; L\u00e4nge: 209 mm &#8211; Breite: 76 mm<br \/>\nGr\u00f6\u00dfe: 32 &#8211; L\u00e4nge: 215 mm &#8211; Breite: 78 mm<\/p>\n<p><b>Audio-Beschreibung<\/b><br \/><audio controls src=\"https:\/\/schuhewiebarfuss.at\/shop\/wp-content\/uploads\/lk\/9626_audio.wav\"><br \/>\n                                            Ihr Browser unterst\u00fctzt diese Audio-Ausgabe leider nicht.<br \/>\n                                            <\/ audio ><\/p>\n","protected":false},"excerpt":{"rendered":"<p>Froddo LIGHT<\/p>\n<p>Der perfekte Begleiter f\u00fcr den Sommer \u2013 egal ob drau\u00dfen, in der Schule oder als Hausschuh.<\/p>\n","protected":false},"featured_media":790146,"comment_status":"open","ping_status":"closed","template":"","meta":[],"product_brand":[],"product_cat":[842],"product_tag":[1479,1426,1427,1371,1481,1408,1394,1395,1396,1397,1398,1399,1400,1401,2450],"class_list":{"0":"post-788688","1":"product","2":"type-product","3":"status-publish","4":"has-post-thumbnail","6":"product_cat-freizeit","7":"product_tag-farbe-blau","8":"product_tag-farbe-dunkelblau","9":"product_tag-farbe-gelb","10":"product_tag-farbe-grau","11":"product_tag-farbe-pink","12":"product_tag-farbe-schwarz","13":"product_tag-groesse-25","14":"product_tag-groesse-26","15":"product_tag-groesse-27","16":"product_tag-groesse-28","17":"product_tag-groesse-29","18":"product_tag-groesse-30","19":"product_tag-groesse-31","20":"product_tag-groesse-32","21":"product_tag-marke-froddo-ivancia-d-d","23":"first","24":"instock","25":"taxable","26":"shipping-taxable","27":"purchasable","28":"product-type-variable"},"_links":{"self":[{"href":"https:\/\/schuhewiebarfuss.at\/shop\/wp-json\/wp\/v2\/product\/788688","targetHints":{"allow":["GET"]}}],"collection":[{"href":"https:\/\/schuhewiebarfuss.at\/shop\/wp-json\/wp\/v2\/product"}],"about":[{"href":"https:\/\/schuhewiebarfuss.at\/shop\/wp-json\/wp\/v2\/types\/product"}],"replies":[{"embeddable":true,"href":"https:\/\/schuhewiebarfuss.at\/shop\/wp-json\/wp\/v2\/comments?post=788688"}],"wp:featuredmedia":[{"embeddable":true,"href":"https:\/\/schuhewiebarfuss.at\/shop\/wp-json\/wp\/v2\/media\/790146"}],"wp:attachment":[{"href":"https:\/\/schuhewiebarfuss.at\/shop\/wp-json\/wp\/v2\/media?parent=788688"}],"wp:term":[{"taxonomy":"product_brand","embeddable":true,"href":"https:\/\/schuhewiebarfuss.at\/shop\/wp-json\/wp\/v2\/product_brand?post=788688"},{"taxonomy":"product_cat","embeddable":true,"href":"https:\/\/schuhewiebarfuss.at\/shop\/wp-json\/wp\/v2\/product_cat?post=788688"},{"taxonomy":"product_tag","embeddable":true,"href":"https:\/\/schuhewiebarfuss.at\/shop\/wp-json\/wp\/v2\/product_tag?post=788688"}],"curies":[{"name":"wp","href":"https:\/\/api.w.org\/{rel}","templated":true}]}}