{"id":783071,"date":"2025-05-13T19:05:15","date_gmt":"2025-05-13T17:05:15","guid":{"rendered":"https:\/\/schuhewiebarfuss.at\/shop\/produkt\/primus-trail-knit-fg-kids\/"},"modified":"2026-04-15T02:03:57","modified_gmt":"2026-04-15T00:03:57","slug":"primus-trail-knit-fg-kids","status":"publish","type":"product","link":"https:\/\/schuhewiebarfuss.at\/shop\/produkt\/primus-trail-knit-fg-kids\/","title":{"rendered":"Primus Trail Knit FG Kids"},"content":{"rendered":"<p>Unser meistverkaufter Outdoor-Trail-Schuh f\u00fcr Erwachsene hat gerade ein Mini-Me-Update in Form des niedrig geschnittenen und vielseitigen Primus Trail Knit FG erhalten. Jetzt k\u00f6nnen also alle jungen Barfu\u00df-Abenteurer dabei sein und sich in die unterschiedlichsten Outdoor-Aktivit\u00e4ten st\u00fcrzen. Ob ihr auf Wanderwegen oder abseits der ausgetretenen Pfade wandert, der Primus Trail Knit FG ist die perfekte vegane Wahl. <\/p>\n<p>Der Primus Trail Knit ist ein echtes Fliegengewicht und vielseitig einsetzbar. Der sportliche Barfu\u00df-Sneaker punktet nicht nur optisch, sondern auch durch einen super Halt am Fu\u00df dank der sockenartigen Konstruktion. Der robuste, eng anliegende Korpus aus hochelastisches Rpet-Garn, Hotmelt-Garn und Elasthan-Strick bietet Schutz, h\u00e4lt Schmutz fern und bleibt trotzdem atmungsaktiv \u2013 egal wie schnell sie sich bewegen. <\/p>\n<p>Das clevere Schnellschn\u00fcrsystem erm\u00f6glicht eine einfache Anpassung und festen halt am Fu\u00df. Die Fersenlaschen erleichtern das Anziehen und k\u00f6nnen verwendet werden, um ein feuchtes Paar an der Luft zu trocknen, ohne dass es sich verformt.<\/p>\n<p>Die Kids Outdoor Adventure Au\u00dfensohle ist f\u00fcr das Spielen im Freien auf jedem Untergrund entwickelt worden. Die Sohle verf\u00fcgt \u00fcber eine 2 mm dicke Basisfl\u00e4che und 2,5 mm lange multidirektionale Stollen. Die robuste, rutschfeste Gummisohle bietet Schutz im Zehenbereich und Halt am Fu\u00dfr\u00fccken, sodass wilde F\u00fc\u00dfe B\u00e4ume erklimmen, \u00fcber Felsen springen und vieles mehr k\u00f6nnen. Es gibt keine herausnehmbare Innensohle, wodurch die kleinen F\u00fc\u00dfe, f\u00fcr das volle Barfu\u00dferlebnis, noch n\u00e4her am Boden sind.<\/p>\n<p>In Aller Freiheit Austoben. Passen, F\u00fchlen, Beugen. F\u00fcr nat\u00fcrliche Stabilit\u00e4t, nat\u00fcrliches sensorisches Feedback und nat\u00fcrliche Kraft. Kinder haben ein angeborenes Verst\u00e4ndnis der Natur. Wir sollten von ihnen lernen. Alles, was wir daf\u00fcr tun m\u00fcssen, ist nach drau\u00dfen zu gehen und unser Leben naturverbunden zu gestalten.<\/p>\n<p>Hinweis: Die wichtigsten Materialien in allen veganen Produkten von Vivobarefoot sind synthetisch und stammen nicht von Tieren. Sie haben (noch) nicht die n\u00f6tige Transparenz bez\u00fcglich der Herstellung all der kleinen Komponenten (wie Kleb- und Farbstoffe), die in diesen Produkten verwendet werden, um sicherzustellen, dass sie veganen Best Practices entsprechen. Vivobarefoot glaubt zwar, dass die Schuhe vegan sind, aber sie k\u00f6nnen das noch nicht garantieren und wollen daher v\u00f6llig transparent sein.<\/p>\n<p>Materialdetails:<\/p>\n<p>Obermaterial: Hochelastisches Rpet-Garn, Hotmelt-Garn, Elasthan-Strick<br \/>\nInnenfutter: Mikrofaser nur f\u00fcr das Fersenfutter<br \/>\nSohle: 2 mm Outdoor Adventure-Au\u00dfensohle, 15% Naturkautschuk, 50% Polymer, 25% Kiesels\u00e4ure, 10% Vulkanisierte Chemikalien<br \/>\nProfiltiefe: 2,5mm<br \/>\nInnensohle: Keine Einlegesohle<br \/>\nAbsatz: Nullabsatz, keine H\u00f6hendifferenz zwischen Ferse und Vorderfu\u00df<br \/>\nVerschluss: Schnellverschluss<br \/>\nBesonderheiten: anschmiegsame elastische Socke, Fersenschlaufe, Vegan<br \/>\nGewicht: Grr\u00f6\u00dfe EU 30 | UK 11,5 | US 12 = 124g<br \/>\nHergestellt in Vietnam<\/p>\n<p>Pflegehinweis:<\/p>\n<p>Schmutz abb\u00fcrsten und mit einem feuchten Tuch reinigen.<br \/>\nBei Raumtemperatur trocknen. Vor direkter Sonneneinstrahlung sch\u00fctzen und nicht auf die Heizung stellen.<\/p>\n<p>Innensohle &#8211; L\u00e4nge\/Breite (mm):<\/p>\n<p>Gr\u00f6\u00dfe: 25 &#8211; Fu\u00dfl\u00e4nge: 160 mm &#8211; Zehenbreite: 65 mm &#8211; Fersenbreite: 44 mm<br \/>\nGr\u00f6\u00dfe: 26 &#8211; Fu\u00dfl\u00e4nge: 167 mm &#8211; Zehenbreite: 67 mm &#8211; Fersenbreite: 45 mm<br \/>\nGr\u00f6\u00dfe: 27 &#8211; Fu\u00dfl\u00e4nge: 174 mm &#8211; Zehenbreite: 68 mm &#8211; Fersenbreite: 45 mm<br \/>\nGr\u00f6\u00dfe: 28 &#8211; Fu\u00dfl\u00e4nge: 179 mm &#8211; Zehenbreite: 70 mm &#8211; Fersenbreite: 46 mm<br \/>\nGr\u00f6\u00dfe: 29 &#8211; Fu\u00dfl\u00e4nge: 185 mm &#8211; Zehenbreite: 72 mm &#8211; Fersenbreite: 48 mm<br \/>\nGr\u00f6\u00dfe: 30 &#8211; Fu\u00dfl\u00e4nge: 191 mm &#8211; Zehenbreite: 74 mm &#8211; Fersenbreite: 48 mm<br \/>\nGr\u00f6\u00dfe: 31 &#8211; Fu\u00dfl\u00e4nge: 199 mm &#8211; Zehenbreite: 76 mm &#8211; Fersenbreite: 49 mm<br \/>\nGr\u00f6\u00dfe: 32 &#8211; Fu\u00dfl\u00e4nge: 206 mm &#8211; Zehenbreite: 78 mm &#8211; Fersenbreite: 50 mm<br \/>\nGr\u00f6\u00dfe: 33 &#8211; Fu\u00dfl\u00e4nge: 213 mm &#8211; Zehenbreite: 80 mm &#8211; Fersenbreite: 51 mm<br \/>\nGr\u00f6\u00dfe: 34 &#8211; Fu\u00dfl\u00e4nge: 219 mm &#8211; Zehenbreite: 82 mm &#8211; Fersenbreite: 53 mm<\/p>\n<p><b>Audio-Beschreibung<\/b><br \/><audio controls src=\"https:\/\/schuhewiebarfuss.at\/shop\/wp-content\/uploads\/lk\/9636_audio.wav\"><br \/>\n                                            Ihr Browser unterst\u00fctzt diese Audio-Ausgabe leider nicht.<br \/>\n                                            <\/ audio ><\/p>\n","protected":false},"excerpt":{"rendered":"<p>Vivobarefoot PRIMUS TRAIL KNIT FG Kids<\/p>\n<p>Strapazierf\u00e4hige Turnschuhe, auch Abseits Der Wege. Robust und flexibel f\u00fcr das Spielen im Freien. Gemacht, um mit deinem jungen Abenteurer raus zu gehen.<\/p>\n","protected":false},"featured_media":786756,"comment_status":"open","ping_status":"closed","template":"","meta":[],"product_brand":[],"product_cat":[842],"product_tag":[1480,1408,1394,1395,1396,1397,1398,1399,1400,1401,1402,1403,2451],"class_list":{"0":"post-783071","1":"product","2":"type-product","3":"status-publish","4":"has-post-thumbnail","6":"product_cat-freizeit","7":"product_tag-farbe-orange","8":"product_tag-farbe-schwarz","9":"product_tag-groesse-25","10":"product_tag-groesse-26","11":"product_tag-groesse-27","12":"product_tag-groesse-28","13":"product_tag-groesse-29","14":"product_tag-groesse-30","15":"product_tag-groesse-31","16":"product_tag-groesse-32","17":"product_tag-groesse-33","18":"product_tag-groesse-34","19":"product_tag-marke-vivobarefoot","21":"first","22":"instock","23":"taxable","24":"shipping-taxable","25":"purchasable","26":"product-type-variable"},"_links":{"self":[{"href":"https:\/\/schuhewiebarfuss.at\/shop\/wp-json\/wp\/v2\/product\/783071","targetHints":{"allow":["GET"]}}],"collection":[{"href":"https:\/\/schuhewiebarfuss.at\/shop\/wp-json\/wp\/v2\/product"}],"about":[{"href":"https:\/\/schuhewiebarfuss.at\/shop\/wp-json\/wp\/v2\/types\/product"}],"replies":[{"embeddable":true,"href":"https:\/\/schuhewiebarfuss.at\/shop\/wp-json\/wp\/v2\/comments?post=783071"}],"wp:featuredmedia":[{"embeddable":true,"href":"https:\/\/schuhewiebarfuss.at\/shop\/wp-json\/wp\/v2\/media\/786756"}],"wp:attachment":[{"href":"https:\/\/schuhewiebarfuss.at\/shop\/wp-json\/wp\/v2\/media?parent=783071"}],"wp:term":[{"taxonomy":"product_brand","embeddable":true,"href":"https:\/\/schuhewiebarfuss.at\/shop\/wp-json\/wp\/v2\/product_brand?post=783071"},{"taxonomy":"product_cat","embeddable":true,"href":"https:\/\/schuhewiebarfuss.at\/shop\/wp-json\/wp\/v2\/product_cat?post=783071"},{"taxonomy":"product_tag","embeddable":true,"href":"https:\/\/schuhewiebarfuss.at\/shop\/wp-json\/wp\/v2\/product_tag?post=783071"}],"curies":[{"name":"wp","href":"https:\/\/api.w.org\/{rel}","templated":true}]}}