{"id":782785,"date":"2025-05-13T17:54:03","date_gmt":"2025-05-13T15:54:03","guid":{"rendered":"https:\/\/schuhewiebarfuss.at\/shop\/produkt\/primus-trail-fg-3-5-damen\/"},"modified":"2026-03-16T19:33:35","modified_gmt":"2026-03-16T18:33:35","slug":"primus-trail-fg-3-5-damen","status":"publish","type":"product","link":"https:\/\/schuhewiebarfuss.at\/shop\/produkt\/primus-trail-fg-3-5-damen\/","title":{"rendered":"Primus Trail FG 3.5 Damen"},"content":{"rendered":"<p>Mach dich auf den Weg, um wieder wild zu werden und dich wieder mit der Natur zu verbinden. Der Primus Trail 3.5 FG ist ein leichter, strapazierf\u00e4higer und flexibler Trailrunning-Schuh, der uns zirkul\u00e4ren Schuhen einen Schritt n\u00e4her bringt. Diese All-Terrain-Trainer sind leicht und flexibel genug, um sich frei zu bewegen, und robust genug, um auf rauem, felsigem Boden zu laufen. Hergestellt aus recycelten, veganen*, leistungsstarken Materialien.<\/p>\n<p>Vivobarefoot ist auf einer Mission, um einen vollst\u00e4ndig zirkul\u00e4ren Schuh zu schaffen \u2013 einen neuen Vivo, der aus einem alten Schuh hergestellt wird, der wiederum zu einem anderen gemacht werden kann. Der Primus 3.5 ist ein gro\u00dfer Schritt vorw\u00e4rts auf diesem Weg. Mit einer bereits mechanisch recycelbaren Laufsohle besteht die Herausforderung darin, ein Obermaterial aus 100 % Polyester herzustellen, das recycelt werden kann. Beim Obermaterial des neuen Primus Trail 3.5 erh\u00f6ht sich der Polyesteranteil von 34 % auf 76 %; 93 % davon sind recycelt. Warum nicht 100 %? Denn einige Teile des Obermaterials brauchen noch zus\u00e4tzliche Haltbarkeit, die Polyester noch nicht bieten kann. Vivobarefoot arbeitet mit ihren Partnern daran, dieses letzte Teil des Puzzles zu l\u00f6sen.<\/p>\n<p>Die Firm Ground Au\u00dfensohle ist aus einer rutschfesten Gummimischung gefertigt und bietet maximale Haftung und Best\u00e4ndigkeit. Diese Sohle verf\u00fcgt \u00fcber eine 3 mm dicke Basisfl\u00e4che und 2,5 mm lange Stollen sowie eine strukturierte W\u00f6lbung f\u00fcr zonenweise Bodenhaftung (ideal f\u00fcr technisch anspruchsvolle Wanderungen). Sie sorgt daf\u00fcr, dass Ihre F\u00fc\u00dfe auf verschiedenen Untergr\u00fcnden \u2013 ob nass oder trocken, betoniert oder felsig \u2013 festen Bodenkontakt haben. F\u00fcr nat\u00fcrliche Stabilit\u00e4t, nat\u00fcrliches sensorisches Feedback und nat\u00fcrliche Kraft.<\/p>\n<p>Die herausnehmbare Active Ortholite Performance Innensohle besteht zu 98 % aus recyceltem PU-Schaum, was dazu beitr\u00e4gt, Abfall und die Verwendung von neuem Kunststoff zu vermindern.<\/p>\n<p>Hei\u00dfen Sie das Wilde willkommen. Sei standhaft auf verschiedenen Untergr\u00fcnden. Sp\u00fcre die Erde. Lauf und streife wild umher. Passen, F\u00fchlen, Beugen. Der Primus Trail 3.5 FG ist f\u00fcr L\u00e4ufer, die f\u00fcr das Ende der Stra\u00dfe leben. <\/p>\n<p>Materialdetails:<\/p>\n<p>Obermaterial: 100 % recyceltes Polyester-Mesh, \u00dcberzug: 95 % recyceltes Polyester \/ 5 % recyceltes Elastan<br \/>\nInnenfutter: 100 % recyceltes Polyester, Mikrofaser: 80 % recyceltes Polyester \/ 20 % Polyurethan<br \/>\nSohle: 3 mm Firm Ground-Au\u00dfensohle, 90 % Synthetikgummi \/ 10 % Naturgummi<br \/>\nProfiltiefe: 2,5 mm<br \/>\nInnensohle: Ortholite Performance-Einlegesohle, herausnehmbar, 98% Recycelter Polyurethanschaum \/ 2% Wasserbasiertes Bindemittel<br \/>\nAbsatz: Nullabsatz, keine H\u00f6hendifferenz zwischen Ferse und Vorderfu\u00df<br \/>\nVerschluss: Schnellverschluss, 100% Recyceltes Polyester<br \/>\nBesonderheiten: Atmungsaktiv, leicht und bequem<br \/>\nGewicht: Damengr\u00f6\u00dfe: EU 38 | UK 5 | US 7,5 = 213g<br \/>\nHergestellt in Vietnam<\/p>\n<p>Pflegehinweis:<\/p>\n<p>Schmutz abb\u00fcrsten und mit einem feuchten Tuch reinigen.<br \/>\nEinlegesohle herausnehmen und bei Raumtemperatur trocknen. Vor direkter Sonneneinstrahlung sch\u00fctzen und nicht auf die Heizung stellen.<\/p>\n<p>Innensohle &#8211; L\u00e4nge\/Breite (mm):<\/p>\n<p>Gr\u00f6\u00dfe: 36 &#8211; L\u00e4nge: 233 mm &#8211; Breite: 89 mm<br \/>\nGr\u00f6\u00dfe: 37 &#8211; L\u00e4nge: 240 mm &#8211; Breite: 91 mm<br \/>\nGr\u00f6\u00dfe: 38 &#8211; L\u00e4nge: 246 mm &#8211; Breite: 93 mm<br \/>\nGr\u00f6\u00dfe: 39 &#8211; L\u00e4nge: 252 mm &#8211; Breite: 96 mm<br \/>\nGr\u00f6\u00dfe: 40 &#8211; L\u00e4nge: 259 mm &#8211; Breite: 97 mm<br \/>\nGr\u00f6\u00dfe: 41 &#8211; L\u00e4nge: 270 mm &#8211; Breite: 98 mm<\/p>\n<p><b>Audio-Beschreibung<\/b><br \/><audio controls src=\"https:\/\/schuhewiebarfuss.at\/shop\/wp-content\/uploads\/lk\/9637_audio.wav\"><br \/>\n                                            Ihr Browser unterst\u00fctzt diese Audio-Ausgabe leider nicht.<br \/>\n                                            <\/ audio ><\/p>\n","protected":false},"excerpt":{"rendered":"<p>Vivobarefoot PRIMUS TRAIL FG 3.5<\/p>\n<p>Robuste, gel\u00e4ndeg\u00e4ngige Trail-Trainer \u2013 ein Schritt n\u00e4her an der Kreislaufwirtschaft. Gemacht f\u00fcr Trailrunning und Abenteuer n\u00e4her an der Natur.<\/p>\n","protected":false},"featured_media":788258,"comment_status":"open","ping_status":"closed","template":"","meta":[],"product_brand":[],"product_cat":[833],"product_tag":[1479,2308,1651,1362,1368,1373,1374,1375,1376,2451],"class_list":{"0":"post-782785","1":"product","2":"type-product","3":"status-publish","4":"has-post-thumbnail","6":"product_cat-wanderschuhe-1","7":"product_tag-farbe-blau","8":"product_tag-farbe-rosa","9":"product_tag-farbe-weiss","10":"product_tag-groesse-36","11":"product_tag-groesse-37","12":"product_tag-groesse-38","13":"product_tag-groesse-39","14":"product_tag-groesse-40","15":"product_tag-groesse-41","16":"product_tag-marke-vivobarefoot","18":"first","19":"instock","20":"taxable","21":"shipping-taxable","22":"purchasable","23":"product-type-variable"},"_links":{"self":[{"href":"https:\/\/schuhewiebarfuss.at\/shop\/wp-json\/wp\/v2\/product\/782785","targetHints":{"allow":["GET"]}}],"collection":[{"href":"https:\/\/schuhewiebarfuss.at\/shop\/wp-json\/wp\/v2\/product"}],"about":[{"href":"https:\/\/schuhewiebarfuss.at\/shop\/wp-json\/wp\/v2\/types\/product"}],"replies":[{"embeddable":true,"href":"https:\/\/schuhewiebarfuss.at\/shop\/wp-json\/wp\/v2\/comments?post=782785"}],"wp:featuredmedia":[{"embeddable":true,"href":"https:\/\/schuhewiebarfuss.at\/shop\/wp-json\/wp\/v2\/media\/788258"}],"wp:attachment":[{"href":"https:\/\/schuhewiebarfuss.at\/shop\/wp-json\/wp\/v2\/media?parent=782785"}],"wp:term":[{"taxonomy":"product_brand","embeddable":true,"href":"https:\/\/schuhewiebarfuss.at\/shop\/wp-json\/wp\/v2\/product_brand?post=782785"},{"taxonomy":"product_cat","embeddable":true,"href":"https:\/\/schuhewiebarfuss.at\/shop\/wp-json\/wp\/v2\/product_cat?post=782785"},{"taxonomy":"product_tag","embeddable":true,"href":"https:\/\/schuhewiebarfuss.at\/shop\/wp-json\/wp\/v2\/product_tag?post=782785"}],"curies":[{"name":"wp","href":"https:\/\/api.w.org\/{rel}","templated":true}]}}