{"id":782757,"date":"2025-05-13T17:06:13","date_gmt":"2025-05-13T15:06:13","guid":{"rendered":"https:\/\/schuhewiebarfuss.at\/shop\/produkt\/0904-gummistiefel-rainboot\/"},"modified":"2026-04-11T17:45:41","modified_gmt":"2026-04-11T15:45:41","slug":"0904-gummistiefel-rainboot","status":"publish","type":"product","link":"https:\/\/schuhewiebarfuss.at\/shop\/produkt\/0904-gummistiefel-rainboot\/","title":{"rendered":"0904! Gummistiefel Rainboot"},"content":{"rendered":"<p>Die neuen Gummistiefel von 0904! aus Naturkautschuk sind super flexibel und leicht. Sie gefallen nicht nur den Pf\u00fctzenspringern selbst, auch die Eltern freuen sich \u00fcber das flexible Naturautschuk-Obermaterial und die ergonomische Form des Gummistiefels. Diese wasserdichten Gummistiefel sind speziell entwickelt, um die F\u00fc\u00dfe in allen Situationen trocken zu halten. Sie bieten Schutz und Komfort, damit man sich auf das Abenteuer konzentieren kann, ohne sich Gedanken \u00fcber nasse F\u00fc\u00dfe machen zu m\u00fcssen. <\/p>\n<p>Die ergonomische Zehenbox bietet den Kinderf\u00fc\u00dfen ausreichend Platz zum Bewegen und die d\u00fcnne und flexible Naturkautschuk-Sohle sorgt f\u00fcr optimales Barfu\u00dfgef\u00fchl. In diesem Schuh k\u00f6nnt ihr die Einlegesohle herausnehmen oder einfach nur tauschen und f\u00fcr extra Sicherheit hat der Barfussschuh auch noch Reflektoren an der Ferse.<\/p>\n<p>So k\u00f6nnen die Kids guten Gewissens Pf\u00fctzenh\u00fcpfen und Matschburgen bauen und sich auf ungem\u00fctliche Regentage oder den Einsatz im Kindergarten feuen. <\/p>\n<p>Hinweis: Gummistiefel geh\u00f6ren in die Kategorie Kompromiss-Schuhe, da eine Anpassung am Spann nicht m\u00f6glich ist. Da die klassischen Gummistiefel reine Schlupfschuhe sind, sollte bei der Anprobe der gute Sitz am Spann \u00fcberpr\u00fcft werden. Sollte zu viel Luft vorhanden sein, kann mit einer entsprechenden Einlage nachgeholfen werden und der Fu\u00df bekommt dadurch einen besseren Halt im Schuh.<\/p>\n<p>Materialdetails:<\/p>\n<p>Obermaterial: Naturkautschuk<br \/>\nInnenfutter: Textil<br \/>\nSohle: Naturkautschuk<br \/>\nInnensohle: herausnehmbare Innensohle<br \/>\nAbsatz: Nullabsatz, keine H\u00f6hendifferenz zwischen Ferse und Vorderfu\u00df<br \/>\nVerschluss: Schulupfschuh, keine Verschluss<br \/>\nBesonderheiten:  reflektierendes Detail an der Ferse, kein Fu\u00dfbett, Wasserdicht, sehr flexibel<br \/>\nHersteller: 0904!<br \/>\nHergestellt in China<br \/>\nVersandgewicht?: \t0,60 kg<br \/>\nArtikelgewicht?: \t0,30 kg<\/p>\n<p>Pflegehinweis:<\/p>\n<p>Klatschnasse Schuhe grunds\u00e4tzlich nicht direkt auf oder vor der Heizung trocknen! Zu hei\u00dfes Trocknen sch\u00e4digt den Schuh: der Oberschuh kann schrumpfen, die Sohle kann sich l\u00f6sen.<br \/>\nNicht in der Waschmaschine waschen.<br \/>\nNicht im Trockner trocknen.<\/p>\n<p>Angaben zum Schaft: <\/p>\n<p>Gr. 23 &#8211; Umfang ca. 230 mm \/ H\u00f6he ca. 145 mm<br \/>\nGr. 29 &#8211; Umfang ca. 270 mm \/ H\u00f6he ca. 205 mm<br \/>\nGr. 35 &#8211; Umfang ca. 310 mm \/ H\u00f6he ca. 230 mm<\/p>\n<p>Innensohle &#8211; L\u00e4nge\/Breite (mm):<\/p>\n<p>Gr\u00f6\u00dfe: 23 &#8211; Fu\u00dfl\u00e4nge: 155 mm &#8211; Zehenbreite: 64 mm &#8211; Fersenbreite: 44 mm<br \/>\nGr\u00f6\u00dfe: 24 &#8211; Fu\u00dfl\u00e4nge: 160 mm &#8211; Zehenbreite: 66 mm &#8211; Fersenbreite: 45 mm<br \/>\nGr\u00f6\u00dfe: 25 &#8211; Fu\u00dfl\u00e4nge: 166 mm &#8211; Zehenbreite: 67 mm &#8211; Fersenbreite: 46 mm<br \/>\nGr\u00f6\u00dfe: 26 &#8211; Fu\u00dfl\u00e4nge: 174 mm &#8211; Zehenbreite: 69 mm &#8211; Fersenbreite: 47 mm<br \/>\nGr\u00f6\u00dfe: 27 &#8211; Fu\u00dfl\u00e4nge: 180 mm &#8211; Zehenbreite: 71 mm &#8211; Fersenbreite: 48 mm<br \/>\nGr\u00f6\u00dfe: 28 &#8211; Fu\u00dfl\u00e4nge: 187 mm &#8211; Zehenbreite: 72 mm &#8211; Fersenbreite: 49 mm<br \/>\nGr\u00f6\u00dfe: 29 &#8211; Fu\u00dfl\u00e4nge: 195 mm &#8211; Zehenbreite: 74 mm &#8211; Fersenbreite: 50 mm<br \/>\nGr\u00f6\u00dfe: 30 &#8211; Fu\u00dfl\u00e4nge: 200 mm &#8211; Zehenbreite: 76 mm &#8211; Fersenbreite: 51 mm<br \/>\nGr\u00f6\u00dfe: 31 &#8211; Fu\u00dfl\u00e4nge: 206 mm &#8211; Zehenbreite: 77 mm &#8211; Fersenbreite: 52 mm<br \/>\nGr\u00f6\u00dfe: 32 &#8211; Fu\u00dfl\u00e4nge: 212 mm &#8211; Zehenbreite: 78 mm &#8211; Fersenbreite: 53 mm<br \/>\nGr\u00f6\u00dfe: 33 &#8211; Fu\u00dfl\u00e4nge: 220 mm &#8211; Zehenbreite: 80 mm &#8211; Fersenbreite: 54 mm<br \/>\nGr\u00f6\u00dfe: 34 &#8211; Fu\u00dfl\u00e4nge: 227 mm &#8211; Zehenbreite: 82 mm &#8211; Fersenbreite: 55 mm<br \/>\nGr\u00f6\u00dfe: 35 &#8211; Fu\u00dfl\u00e4nge: 232 mm &#8211; Zehenbreite: 84 mm &#8211; Fersenbreite: 56 mm<\/p>\n<p><b>Audio-Beschreibung<\/b><br \/><audio controls src=\"https:\/\/schuhewiebarfuss.at\/shop\/wp-content\/uploads\/lk\/9635_audio.wav\"><br \/>\n                                            Ihr Browser unterst\u00fctzt diese Audio-Ausgabe leider nicht.<br \/>\n                                            <\/ audio ><\/p>\n","protected":false},"excerpt":{"rendered":"<p>0904! GUMMISTIEFEL RAINBOOT<\/p>\n<p>Barfu\u00df-Gummistiefel mit Zero Drop, flexibel und leicht. So macht auch regnerisches Wetter Spa\u00df.<\/p>\n","protected":false},"featured_media":795398,"comment_status":"open","ping_status":"closed","template":"","meta":[],"product_brand":[],"product_cat":[856],"product_tag":[1479,1427,1371,1570,1600,1392,1393,1394,1395,1396,1397,1398,1399,1400,1401,1402,1403,1404,3043],"class_list":{"0":"post-782757","1":"product","2":"type-product","3":"status-publish","4":"has-post-thumbnail","6":"product_cat-damen-2","7":"product_tag-farbe-blau","8":"product_tag-farbe-gelb","9":"product_tag-farbe-grau","10":"product_tag-farbe-gruen","11":"product_tag-farbe-rot","12":"product_tag-groesse-23","13":"product_tag-groesse-24","14":"product_tag-groesse-25","15":"product_tag-groesse-26","16":"product_tag-groesse-27","17":"product_tag-groesse-28","18":"product_tag-groesse-29","19":"product_tag-groesse-30","20":"product_tag-groesse-31","21":"product_tag-groesse-32","22":"product_tag-groesse-33","23":"product_tag-groesse-34","24":"product_tag-groesse-35","25":"product_tag-marke-0904","27":"first","28":"instock","29":"taxable","30":"shipping-taxable","31":"purchasable","32":"product-type-variable"},"_links":{"self":[{"href":"https:\/\/schuhewiebarfuss.at\/shop\/wp-json\/wp\/v2\/product\/782757","targetHints":{"allow":["GET"]}}],"collection":[{"href":"https:\/\/schuhewiebarfuss.at\/shop\/wp-json\/wp\/v2\/product"}],"about":[{"href":"https:\/\/schuhewiebarfuss.at\/shop\/wp-json\/wp\/v2\/types\/product"}],"replies":[{"embeddable":true,"href":"https:\/\/schuhewiebarfuss.at\/shop\/wp-json\/wp\/v2\/comments?post=782757"}],"wp:featuredmedia":[{"embeddable":true,"href":"https:\/\/schuhewiebarfuss.at\/shop\/wp-json\/wp\/v2\/media\/795398"}],"wp:attachment":[{"href":"https:\/\/schuhewiebarfuss.at\/shop\/wp-json\/wp\/v2\/media?parent=782757"}],"wp:term":[{"taxonomy":"product_brand","embeddable":true,"href":"https:\/\/schuhewiebarfuss.at\/shop\/wp-json\/wp\/v2\/product_brand?post=782757"},{"taxonomy":"product_cat","embeddable":true,"href":"https:\/\/schuhewiebarfuss.at\/shop\/wp-json\/wp\/v2\/product_cat?post=782757"},{"taxonomy":"product_tag","embeddable":true,"href":"https:\/\/schuhewiebarfuss.at\/shop\/wp-json\/wp\/v2\/product_tag?post=782757"}],"curies":[{"name":"wp","href":"https:\/\/api.w.org\/{rel}","templated":true}]}}