{"id":778214,"date":"2025-05-03T18:05:50","date_gmt":"2025-05-03T16:05:50","guid":{"rendered":"https:\/\/schuhewiebarfuss.at\/shop\/produkt\/kid-free-i\/"},"modified":"2026-04-09T22:11:26","modified_gmt":"2026-04-09T20:11:26","slug":"kid-free-i","status":"publish","type":"product","link":"https:\/\/schuhewiebarfuss.at\/shop\/produkt\/kid-free-i\/","title":{"rendered":"Kid Free I"},"content":{"rendered":"<p>Befreien Sie die F\u00fc\u00dfe Ihres Kindes mit den Barfu\u00dfschuhen Kid Free I und bieten ihnen eine ungehinderte Erfahrung mit einem ger\u00e4umigen, atmungsaktiven und leichten Tragekomfort bei jedem Schritt. Das Knit-Obermaterial bietet sowohl Haltbarkeit als auch Atmungsaktivit\u00e4t und wird durch ein weiches Mesh-Futter erg\u00e4nzt, um ein Gleichgewicht zwischen Komfort und Praktikabilit\u00e4t zu schaffen.<\/p>\n<p>Die 5 mm ultraflexible Gummilaufsohle erm\u00f6glicht ein vollst\u00e4ndiges Gef\u00fchl des Bodens darunter und bietet gleichzeitig eine hervorragende Rutschfestigkeit auf den meisten Oberfl\u00e4chen. Nullabsatz mit Ferse und Zehen in der gleichen Ebene f\u00f6rdert eine korrekte Haltung. Die elastische Schn\u00fcrung mit Schnellverschluss erm\u00f6glicht kinderleichtes Festziehen, aber auch L\u00f6sen und passt sich dem Fu\u00df und seinen Bewegungen stets an. Dank der schnell zu \u00f6ffnenden Schn\u00fcrsenkel k\u00f6nnen die Kinder m\u00fchelos in ihre Schuhe schl\u00fcpfen.<\/p>\n<p>Die herausnehmbare PU-Schaumstoff-Einlegesohle erm\u00f6glicht einen sanften \u00dcbergang f\u00fcr Kinder, die zum ersten Mal Barfu\u00dfschuhe tragen. Bei diesem Modell f\u00e4llt das Gesamtpaket aus Profil, Au\u00dfensohle und Einlegesohle etwas komfortabler aus und eignet sich somit auch f\u00fcr Barfu\u00df-Neulinge perfekt. In Kombination mit dem flexiblen Obermaterial ergibt sich ein unglaublich bequemer Schuh f\u00fcr jede Lage.<\/p>\n<p>Obwohl sie nicht wasserdicht sind, gew\u00e4hrleistet das schnell trocknende Design Komfort bei nassen Bedingungen und eine einfache Pflege. Saguaro engagiert sich tief in Nachhaltigkeit und stellt sicher, dass jeder Ihrer Schritte in der Herstellung im Einklang mit der Natur und Mitgef\u00fchl steht. <\/p>\n<p>Dieses Modell erfreut sich nicht ohne Grund an der Beliebtheit der Kinder. Optisch, aber auch in Sachen Komfort \u00fcberzeugt Saguaro mit seinen Barfu\u00dfschuhen und bietet Kinder- und Erwachsenenf\u00fc\u00dfen eine angemessene Umgebung.<\/p>\n<p>Materialdetails:<\/p>\n<p>Obermaterial: Textil (Knit)<br \/>\nInnenfutter: Textil (Mesh)<br \/>\nSohle: 5 mm Gummisohle, griffig<br \/>\nInnensohle: PU-Schaumstoff, herausnehmbar<br \/>\nAbsatz: Nullabsatz, keine H\u00f6hendifferenz zwischen Ferse und Vorderfu\u00df<br \/>\nVerschluss: Schnellschn\u00fcrsystem<br \/>\nBesonderheiten: &#8222;non-marking&#8220; und hinterl\u00e4sst keine Spuren auf Turnhallenb\u00f6den, Vegan, schnell trocknend<br \/>\nMaterialhinweis: Frei von sch\u00e4dlichen Materialien (gepr\u00fcft!)<br \/>\nHergestellt in China<\/p>\n<p>Nachhaltigkeit:<\/p>\n<p>Der PU-Schaumstoff in den Einlegesohlen ist ein beliebtes und nachhaltiges Material, das keine sch\u00e4dlichen Stoffe enth\u00e4lt. Er erf\u00fcllt die Anforderungen internationaler Umweltorganisationen vollst\u00e4ndig.<br \/>\nEr ist in der Regel recycelbar oder kann etwa f\u00fcnf Jahre lang im Boden vergraben werden, um sich abzubauen. Es kann recycelt und zu recycelter Baumwolle verarbeitet werden.<\/p>\n<p>Pflegehinweise:<\/p>\n<p>Klatschnasse Schuhe grunds\u00e4tzlich nicht direkt auf oder vor der Heizung trocknen! Zu hei\u00dfes Trocknen sch\u00e4digt den Schuh: der Oberschuh kann schrumpfen, die Sohle kann sich l\u00f6sen.<br \/>\nGelegentlich d\u00fcrfen die Schuhe mal bei 30\u00b0 C und niedriger Drehzahl in der Waschmaschine mitfahren. Hierzu empfehlen wir die Nutzung eines W\u00e4schenetzes. <\/p>\n<p>Diese Barfu\u00dfschuhe k\u00f6nnen w\u00e4hrend ihrer Lebensdauer problemlos mehrmals in der Waschmaschine gewaschen werden.<br \/>\nBitte nur kalt und mit niedriger Drehzahl waschen, um die Schuhe nicht zu besch\u00e4digen.<br \/>\nF\u00fcr eine besonders schonende W\u00e4sche empfehlen wir die Verwendung eines W\u00e4schebeutels.<br \/>\nLassen Sie Ihre Schuhe nach dem Waschen an der Luft trocknen, dann sehen sie wieder wie neu aus. <\/p>\n<p>Innensohle &#8211; L\u00e4nge\/Breite (mm):<\/p>\n<p>Gr\u00f6\u00dfe: 24 &#8211; Fu\u00dfl\u00e4nge: 158 mm &#8211; Zehenbreite: 66 mm &#8211; Fersenbreite: 44 mm<br \/>\nGr\u00f6\u00dfe: 25 &#8211; Fu\u00dfl\u00e4nge: 165 mm &#8211; Zehenbreite: 68 mm &#8211; Fersenbreite: 44 mm<br \/>\nGr\u00f6\u00dfe: 26 &#8211; Fu\u00dfl\u00e4nge: 172 mm &#8211; Zehenbreite: 70 mm &#8211; Fersenbreite: 45 mm<br \/>\nGr\u00f6\u00dfe: 27 &#8211; Fu\u00dfl\u00e4nge: 179 mm &#8211; Zehenbreite: 72 mm &#8211; Fersenbreite: 46 mm<br \/>\nGr\u00f6\u00dfe: 28 &#8211; Fu\u00dfl\u00e4nge: 187 mm &#8211; Zehenbreite: 74 mm &#8211; Fersenbreite: 47 mm<br \/>\nGr\u00f6\u00dfe: 29 &#8211; Fu\u00dfl\u00e4nge: 191 mm &#8211; Zehenbreite: 76 mm &#8211; Fersenbreite: 48 mm<br \/>\nGr\u00f6\u00dfe: 30 &#8211; Fu\u00dfl\u00e4nge: 197 mm &#8211; Zehenbreite: 78 mm &#8211; Fersenbreite: 49 mm<br \/>\nGr\u00f6\u00dfe: 31 &#8211; Fu\u00dfl\u00e4nge: 204 mm &#8211; Zehenbreite: 80 mm &#8211; Fersenbreite: 50 mm<br \/>\nGr\u00f6\u00dfe: 32 &#8211; Fu\u00dfl\u00e4nge: 208 mm &#8211; Zehenbreite: 82 mm &#8211; Fersenbreite: 51 mm<\/p>\n<p><b>Audio-Beschreibung<\/b><br \/><audio controls src=\"https:\/\/schuhewiebarfuss.at\/shop\/wp-content\/uploads\/lk\/9648_audio.wav\"><br \/>\n                                            Ihr Browser unterst\u00fctzt diese Audio-Ausgabe leider nicht.<br \/>\n                                            <\/ audio ><\/p>\n","protected":false},"excerpt":{"rendered":"<p>Saguaro KID FREE I<\/p>\n<p>Ergonomisch und luftig pr\u00e4sentiert sich der sportliche Sneaker Free I &#8211; der unglaublich bequeme Schuh f\u00fcr jede Lage.<\/p>\n","protected":false},"featured_media":780448,"comment_status":"open","ping_status":"closed","template":"","meta":[],"product_brand":[],"product_cat":[842],"product_tag":[1479,1570,1393,1394,1395,1396,1397,1398,1399,1400,1401,3011],"class_list":{"0":"post-778214","1":"product","2":"type-product","3":"status-publish","4":"has-post-thumbnail","6":"product_cat-freizeit","7":"product_tag-farbe-blau","8":"product_tag-farbe-gruen","9":"product_tag-groesse-24","10":"product_tag-groesse-25","11":"product_tag-groesse-26","12":"product_tag-groesse-27","13":"product_tag-groesse-28","14":"product_tag-groesse-29","15":"product_tag-groesse-30","16":"product_tag-groesse-31","17":"product_tag-groesse-32","18":"product_tag-marke-saguaro","20":"first","21":"instock","22":"taxable","23":"shipping-taxable","24":"purchasable","25":"product-type-variable"},"_links":{"self":[{"href":"https:\/\/schuhewiebarfuss.at\/shop\/wp-json\/wp\/v2\/product\/778214","targetHints":{"allow":["GET"]}}],"collection":[{"href":"https:\/\/schuhewiebarfuss.at\/shop\/wp-json\/wp\/v2\/product"}],"about":[{"href":"https:\/\/schuhewiebarfuss.at\/shop\/wp-json\/wp\/v2\/types\/product"}],"replies":[{"embeddable":true,"href":"https:\/\/schuhewiebarfuss.at\/shop\/wp-json\/wp\/v2\/comments?post=778214"}],"wp:featuredmedia":[{"embeddable":true,"href":"https:\/\/schuhewiebarfuss.at\/shop\/wp-json\/wp\/v2\/media\/780448"}],"wp:attachment":[{"href":"https:\/\/schuhewiebarfuss.at\/shop\/wp-json\/wp\/v2\/media?parent=778214"}],"wp:term":[{"taxonomy":"product_brand","embeddable":true,"href":"https:\/\/schuhewiebarfuss.at\/shop\/wp-json\/wp\/v2\/product_brand?post=778214"},{"taxonomy":"product_cat","embeddable":true,"href":"https:\/\/schuhewiebarfuss.at\/shop\/wp-json\/wp\/v2\/product_cat?post=778214"},{"taxonomy":"product_tag","embeddable":true,"href":"https:\/\/schuhewiebarfuss.at\/shop\/wp-json\/wp\/v2\/product_tag?post=778214"}],"curies":[{"name":"wp","href":"https:\/\/api.w.org\/{rel}","templated":true}]}}