{"id":778202,"date":"2025-05-03T17:38:10","date_gmt":"2025-05-03T15:38:10","guid":{"rendered":"https:\/\/schuhewiebarfuss.at\/shop\/produkt\/free-i-schwarz\/"},"modified":"2026-03-31T19:38:57","modified_gmt":"2026-03-31T17:38:57","slug":"free-i-schwarz","status":"publish","type":"product","link":"https:\/\/schuhewiebarfuss.at\/shop\/produkt\/free-i-schwarz\/","title":{"rendered":"Free I Schwarz"},"content":{"rendered":"<p>Sag &#8222;hallo&#8220; zu deinem neuen Fitness-Buddy. <\/p>\n<p>Free I verf\u00fcgt \u00fcber ein Knit-Gewebe und Mesh-Futter  f\u00fcr hervorragende Atmungsaktivit\u00e4t und Komfort, was sie ideal f\u00fcr l\u00e4ngeres Tragen und Aktivit\u00e4ten macht. Mit diesem Sportsneaker haben deine F\u00fc\u00dfe dank des weichen Obermaterials artgerechte Bewegungsfreiheit und werden gleichzeitig gut bel\u00fcftet. Die 6 mm dicke Gummisohle bietet ausgezeichnete Traktion und Stabilit\u00e4t und eignet sich ideal f\u00fcr Laufen, Fitness, Wandern, Klettern und verschiedene Indoor-Aktivit\u00e4ten sowie f\u00fcr den t\u00e4glichen Gebrauch. Die Au\u00dfensohle bietet dank des guten Profils ordentlich Grip und l\u00e4sst dich auch im Freien nicht im Stich. <\/p>\n<p>Bei diesem Modell f\u00e4llt das Gesamtpaket aus Profil, Au\u00dfensohle und Einlegesohle etwas komfortabler aus und eignet sich somit auch f\u00fcr Barfu\u00df-Neulinge perfekt. Du kannst den Schuh aber auch mit einer anderen Einlegesohle (nicht im Lieferumfang enthalten) in einen wahren Minimalschuh verwandeln. Der Schnellschn\u00fcrverschluss der Barfu\u00dfschuhe erm\u00f6glicht eine individuelle Passform und Sicherheit, damit du dich w\u00e4hrend des Trainings frei bewegen kannst.<\/p>\n<p>Obwohl sie nicht wasserdicht sind, gew\u00e4hrleistet das schnell trocknende Design Komfort bei nassen Bedingungen und eine einfache Pflege. Saguaro engagiert sich tief in Nachhaltigkeit und stellt sicher, dass jeder Ihrer Schritte in der Herstellung im Einklang mit der Natur und Mitgef\u00fchl steht. <\/p>\n<p>Materialdetails:<\/p>\n<p>Obermaterial: Textil (Knit)<br \/>\nInnenfutter: Textil (Mesh)<br \/>\nSohle: 6 mm Gummisohle, griffig<br \/>\nInnensohle: PU-Schaumstoff, herausnehmbar<br \/>\nAbsatz: Nullabsatz, keine H\u00f6hendifferenz zwischen Ferse und Vorderfu\u00df<br \/>\nVerschluss: Schn\u00fcrsenkel<br \/>\nBesonderheiten: &#8222;non-marking&#8220; und hinterl\u00e4sst keine Spuren auf Turnhallenb\u00f6den, Vegan, schnell trocknend<br \/>\nMaterialhinweis: Frei von sch\u00e4dlichen Materialien (gepr\u00fcft!)<br \/>\nHergestellt in China<\/p>\n<p>Nachhaltigkeit:<\/p>\n<p>Der PU-Schaumstoff in den Einlegesohlen ist ein beliebtes und nachhaltiges Material, das keine sch\u00e4dlichen Stoffe enth\u00e4lt. Er erf\u00fcllt die Anforderungen internationaler Umweltorganisationen vollst\u00e4ndig.<br \/>\nEr ist in der Regel recycelbar oder kann etwa f\u00fcnf Jahre lang im Boden vergraben werden, um sich abzubauen. Es kann recycelt und zu recycelter Baumwolle verarbeitet werden.<\/p>\n<p>Pflegehinweise:<\/p>\n<p>Klatschnasse Schuhe grunds\u00e4tzlich nicht direkt auf oder vor der Heizung trocknen! Zu hei\u00dfes Trocknen sch\u00e4digt den Schuh: der Oberschuh kann schrumpfen, die Sohle kann sich l\u00f6sen.<br \/>\nGelegentlich d\u00fcrfen die Schuhe mal bei 30\u00b0 C und niedriger Drehzahl in der Waschmaschine mitfahren. Hierzu empfehlen wir die Nutzung eines W\u00e4schenetzes. <\/p>\n<p>Diese Barfu\u00dfschuhe k\u00f6nnen w\u00e4hrend ihrer Lebensdauer problemlos mehrmals in der Waschmaschine gewaschen werden.<br \/>\nBitte nur kalt und mit niedriger Drehzahl waschen, um die Schuhe nicht zu besch\u00e4digen.<br \/>\nF\u00fcr eine besonders schonende W\u00e4sche empfehlen wir die Verwendung eines W\u00e4schebeutels.<br \/>\nLassen Sie Ihre Schuhe nach dem Waschen an der Luft trocknen, dann sehen sie wieder wie neu aus.<\/p>\n<p>Innensohle &#8211; L\u00e4nge\/Breite (mm):<\/p>\n<p>Gr\u00f6\u00dfe: 36 &#8211; Fu\u00dfl\u00e4nge: 226 mm &#8211; Zehenbreite: 87 mm &#8211; Fersenbreite: 57 mm<br \/>\nGr\u00f6\u00dfe: 37 &#8211; Fu\u00dfl\u00e4nge: 233 mm &#8211; Zehenbreite: 89 mm &#8211; Fersenbreite: 58 mm<br \/>\nGr\u00f6\u00dfe: 38 &#8211; Fu\u00dfl\u00e4nge: 241 mm &#8211; Zehenbreite: 91 mm &#8211; Fersenbreite: 59 mm<br \/>\nGr\u00f6\u00dfe: 39 &#8211; Fu\u00dfl\u00e4nge: 250 mm &#8211; Zehenbreite: 93 mm &#8211; Fersenbreite: 60 mm<br \/>\nGr\u00f6\u00dfe: 40 &#8211; Fu\u00dfl\u00e4nge: 255 mm &#8211; Zehenbreite: 95 mm &#8211; Fersenbreite: 62 mm<br \/>\nGr\u00f6\u00dfe: 41 &#8211; Fu\u00dfl\u00e4nge: 261 mm &#8211; Zehenbreite: 97 mm &#8211; Fersenbreite: 63 mm<br \/>\nGr\u00f6\u00dfe: 42 &#8211; Fu\u00dfl\u00e4nge: 266 mm &#8211; Zehenbreite: 99 mm &#8211; Fersenbreite: 64 mm<br \/>\nGr\u00f6\u00dfe: 43 &#8211; Fu\u00dfl\u00e4nge: 273 mm &#8211; Zehenbreite: 100 mm &#8211; Fersenbreite: 64 mm<br \/>\nGr\u00f6\u00dfe: 44 &#8211; Fu\u00dfl\u00e4nge: 277 mm &#8211; Zehenbreite: 102 mm &#8211; Fersenbreite: 65 mm<br \/>\nGr\u00f6\u00dfe: 45 &#8211; Fu\u00dfl\u00e4nge: 285 mm &#8211; Zehenbreite: 103 mm &#8211; Fersenbreite: 65 mm<\/p>\n<p><b>Audio-Beschreibung<\/b><br \/><audio controls src=\"https:\/\/schuhewiebarfuss.at\/shop\/wp-content\/uploads\/lk\/9647_audio.wav\"><br \/>\n                                            Ihr Browser unterst\u00fctzt diese Audio-Ausgabe leider nicht.<br \/>\n                                            <\/ audio ><\/p>\n","protected":false},"excerpt":{"rendered":"<p>Saguaro FREE I<\/p>\n<p>Sportsneaker aus Knit-Gewebe f\u00fcr verschiedene Indoor-Aktivit\u00e4ten sowie f\u00fcr den t\u00e4glichen Gebrauch.<\/p>\n","protected":false},"featured_media":781279,"comment_status":"open","ping_status":"closed","template":"","meta":[],"product_brand":[],"product_cat":[853],"product_tag":[1362,1368,1373,1374,1375,1376,1377,1378,1379,1380,3011],"class_list":{"0":"post-778202","1":"product","2":"type-product","3":"status-publish","4":"has-post-thumbnail","6":"product_cat-sport-2","7":"product_tag-groesse-36","8":"product_tag-groesse-37","9":"product_tag-groesse-38","10":"product_tag-groesse-39","11":"product_tag-groesse-40","12":"product_tag-groesse-41","13":"product_tag-groesse-42","14":"product_tag-groesse-43","15":"product_tag-groesse-44","16":"product_tag-groesse-45","17":"product_tag-marke-saguaro","19":"first","20":"instock","21":"taxable","22":"shipping-taxable","23":"purchasable","24":"product-type-variable"},"_links":{"self":[{"href":"https:\/\/schuhewiebarfuss.at\/shop\/wp-json\/wp\/v2\/product\/778202","targetHints":{"allow":["GET"]}}],"collection":[{"href":"https:\/\/schuhewiebarfuss.at\/shop\/wp-json\/wp\/v2\/product"}],"about":[{"href":"https:\/\/schuhewiebarfuss.at\/shop\/wp-json\/wp\/v2\/types\/product"}],"replies":[{"embeddable":true,"href":"https:\/\/schuhewiebarfuss.at\/shop\/wp-json\/wp\/v2\/comments?post=778202"}],"wp:featuredmedia":[{"embeddable":true,"href":"https:\/\/schuhewiebarfuss.at\/shop\/wp-json\/wp\/v2\/media\/781279"}],"wp:attachment":[{"href":"https:\/\/schuhewiebarfuss.at\/shop\/wp-json\/wp\/v2\/media?parent=778202"}],"wp:term":[{"taxonomy":"product_brand","embeddable":true,"href":"https:\/\/schuhewiebarfuss.at\/shop\/wp-json\/wp\/v2\/product_brand?post=778202"},{"taxonomy":"product_cat","embeddable":true,"href":"https:\/\/schuhewiebarfuss.at\/shop\/wp-json\/wp\/v2\/product_cat?post=778202"},{"taxonomy":"product_tag","embeddable":true,"href":"https:\/\/schuhewiebarfuss.at\/shop\/wp-json\/wp\/v2\/product_tag?post=778202"}],"curies":[{"name":"wp","href":"https:\/\/api.w.org\/{rel}","templated":true}]}}