{"id":778100,"date":"2025-05-03T17:07:01","date_gmt":"2025-05-03T15:07:01","guid":{"rendered":"https:\/\/schuhewiebarfuss.at\/shop\/produkt\/wish-ii\/"},"modified":"2026-04-11T17:44:18","modified_gmt":"2026-04-11T15:44:18","slug":"wish-ii-damen","status":"publish","type":"product","link":"https:\/\/schuhewiebarfuss.at\/shop\/produkt\/wish-ii-damen\/","title":{"rendered":"Wish II Damen"},"content":{"rendered":"<p>Sportliche, bequeme und stylische Sneaker von Saguaro!<\/p>\n<p>Mit dem Modell Wish II erleben Sie nachhaltigen Komfort. Das Obermaterial besteht aus super elastischen, atmungsaktiven Mesh + TPU Stretchmaterial und h\u00e4lt Ihre F\u00fc\u00dfe in den hei\u00dfen Sommermonaten somit k\u00fchl und bequem. Die nat\u00fcrliche Form des Schuhs bietet gen\u00fcgend Platz zum Zehenwackeln, w\u00e4hrend die weiche und flexible Gummisohle den vollen Bewegungsspielraum Ihrer F\u00fc\u00dfe erm\u00f6glicht.<\/p>\n<p>Diese Schuhe sind f\u00fcr den t\u00e4glichen Gebrauch konzipiert und lassen sich leicht zusammenfalten und einpacken, wenn Sie unterwegs sind. Mit ihrer bequemen Passform und dem weichen Design k\u00f6nnen Sie sie den ganzen Tag lang tragen, ohne auf Stil oder Komfort verzichten zu m\u00fcssen.<\/p>\n<p>Materialdetails:<\/p>\n<p>Obermaterial: Mesh &amp; TPU, 95% Polyester + 5% Elasthan<br \/>\nInnenfutter: Textil<br \/>\nSohle: 5 mm Gummisohle<br \/>\nInnensohle: PU-Schaumstoff, herausnehmbar<br \/>\nAbsatz: Nullabsatz, keine H\u00f6hendifferenz zwischen Ferse und Vorderfu\u00df<br \/>\nVerschluss: Schn\u00fcrsenkel<br \/>\nBesonderheiten: &#8222;non-marking&#8220; und hinterl\u00e4sst keine Spuren auf Turnhallenb\u00f6den, Vegan<br \/>\nMaterialhinweis: Frei von sch\u00e4dlichen Materialien (gepr\u00fcft!)<br \/>\nHergestellt in China<\/p>\n<p>Nachhaltigkeit:<\/p>\n<p>Der PU-Schaumstoff in den Einlegesohlen ist ein beliebtes und nachhaltiges Material, das keine sch\u00e4dlichen Stoffe enth\u00e4lt. Er erf\u00fcllt die Anforderungen internationaler Umweltorganisationen vollst\u00e4ndig.<br \/>\nEr ist in der Regel recycelbar oder kann etwa f\u00fcnf Jahre lang im Boden vergraben werden, um sich abzubauen. Es kann recycelt und zu recycelter Baumwolle verarbeitet werden.<\/p>\n<p>Pflegehinweise<\/p>\n<p>Klatschnasse Schuhe grunds\u00e4tzlich nicht direkt auf oder vor der Heizung trocknen! Zu hei\u00dfes Trocknen sch\u00e4digt den Schuh: der Oberschuh kann schrumpfen, die Sohle kann sich l\u00f6sen.<br \/>\nGelegentlich d\u00fcrfen die Schuhe mal bei 30\u00b0 C und niedriger Drehzahl in der Waschmaschine mitfahren. Hierzu empfehlen wir die Nutzung eines W\u00e4schenetzes. <\/p>\n<p>Diese Barfu\u00dfschuhe k\u00f6nnen w\u00e4hrend ihrer Lebensdauer problemlos mehrmals in der Waschmaschine gewaschen werden.<br \/>\nBitte nur kalt und mit niedriger Drehzahl waschen, um die Schuhe nicht zu besch\u00e4digen.<br \/>\nF\u00fcr eine besonders schonende W\u00e4sche empfehlen wir die Verwendung eines W\u00e4schebeutels.<br \/>\nLassen Sie Ihre Schuhe nach dem Waschen an der Luft trocknen, dann sehen sie wieder wie neu aus.<\/p>\n<p>Innensohle &#8211; L\u00e4nge\/Breite (mm):<\/p>\n<p>Gr\u00f6\u00dfe: 36 &#8211; Fu\u00dfl\u00e4nge: 230 mm &#8211; Zehenbreite: 85 mm &#8211; Fersenbreite: 54 mm<br \/>\nGr\u00f6\u00dfe: 37 &#8211; Fu\u00dfl\u00e4nge: 235 mm &#8211; Zehenbreite: 88 mm &#8211; Fersenbreite: 54 mm<br \/>\nGr\u00f6\u00dfe: 38 &#8211; Fu\u00dfl\u00e4nge: 245 mm &#8211; Zehenbreite: 89 mm &#8211; Fersenbreite: 55 mm<br \/>\nGr\u00f6\u00dfe: 39 &#8211; Fu\u00dfl\u00e4nge: 252 mm &#8211; Zehenbreite: 92 mm &#8211; Fersenbreite: 57 mm<br \/>\nGr\u00f6\u00dfe: 40 &#8211; Fu\u00dfl\u00e4nge: 259 mm &#8211; Zehenbreite: 94 mm &#8211; Fersenbreite: 59 mm<br \/>\nGr\u00f6\u00dfe: 41 &#8211; Fu\u00dfl\u00e4nge: 267 mm &#8211; Zehenbreite: 96 mm &#8211; Fersenbreite: 61 mm<br \/>\nGr\u00f6\u00dfe: 42 &#8211; Fu\u00dfl\u00e4nge: 274 mm &#8211; Zehenbreite: 97 mm &#8211; Fersenbreite: 63 mm<\/p>\n<p><b>Audio-Beschreibung<\/b><br \/><audio controls src=\"https:\/\/schuhewiebarfuss.at\/shop\/wp-content\/uploads\/lk\/9649_audio.wav\"><br \/>\n                                            Ihr Browser unterst\u00fctzt diese Audio-Ausgabe leider nicht.<br \/>\n                                            <\/ audio ><\/p>\n","protected":false},"excerpt":{"rendered":"<p>Saguaro WISH II<\/p>\n<p>Unerreichte Weichheit, beruhigt Ihre F\u00fc\u00dfe<\/p>\n","protected":false},"featured_media":788176,"comment_status":"open","ping_status":"closed","template":"","meta":[],"product_brand":[],"product_cat":[832],"product_tag":[1479,1570,2308,1408,1362,1368,1373,1374,1375,1376,1377,3011],"class_list":{"0":"post-778100","1":"product","2":"type-product","3":"status-publish","4":"has-post-thumbnail","6":"product_cat-sport-1","7":"product_tag-farbe-blau","8":"product_tag-farbe-gruen","9":"product_tag-farbe-rosa","10":"product_tag-farbe-schwarz","11":"product_tag-groesse-36","12":"product_tag-groesse-37","13":"product_tag-groesse-38","14":"product_tag-groesse-39","15":"product_tag-groesse-40","16":"product_tag-groesse-41","17":"product_tag-groesse-42","18":"product_tag-marke-saguaro","20":"first","21":"instock","22":"taxable","23":"shipping-taxable","24":"purchasable","25":"product-type-variable"},"_links":{"self":[{"href":"https:\/\/schuhewiebarfuss.at\/shop\/wp-json\/wp\/v2\/product\/778100","targetHints":{"allow":["GET"]}}],"collection":[{"href":"https:\/\/schuhewiebarfuss.at\/shop\/wp-json\/wp\/v2\/product"}],"about":[{"href":"https:\/\/schuhewiebarfuss.at\/shop\/wp-json\/wp\/v2\/types\/product"}],"replies":[{"embeddable":true,"href":"https:\/\/schuhewiebarfuss.at\/shop\/wp-json\/wp\/v2\/comments?post=778100"}],"wp:featuredmedia":[{"embeddable":true,"href":"https:\/\/schuhewiebarfuss.at\/shop\/wp-json\/wp\/v2\/media\/788176"}],"wp:attachment":[{"href":"https:\/\/schuhewiebarfuss.at\/shop\/wp-json\/wp\/v2\/media?parent=778100"}],"wp:term":[{"taxonomy":"product_brand","embeddable":true,"href":"https:\/\/schuhewiebarfuss.at\/shop\/wp-json\/wp\/v2\/product_brand?post=778100"},{"taxonomy":"product_cat","embeddable":true,"href":"https:\/\/schuhewiebarfuss.at\/shop\/wp-json\/wp\/v2\/product_cat?post=778100"},{"taxonomy":"product_tag","embeddable":true,"href":"https:\/\/schuhewiebarfuss.at\/shop\/wp-json\/wp\/v2\/product_tag?post=778100"}],"curies":[{"name":"wp","href":"https:\/\/api.w.org\/{rel}","templated":true}]}}