{"id":751384,"date":"2025-03-18T15:56:54","date_gmt":"2025-03-18T14:56:54","guid":{"rendered":"https:\/\/schuhewiebarfuss.at\/shop\/produkt\/steinbockstyle-low-tex\/"},"modified":"2026-04-15T02:05:37","modified_gmt":"2026-04-15T00:05:37","slug":"steinbockstyle-low-tex","status":"publish","type":"product","link":"https:\/\/schuhewiebarfuss.at\/shop\/produkt\/steinbockstyle-low-tex\/","title":{"rendered":"steinbockStyle Low TEX"},"content":{"rendered":"<p>Der Steinbock ist der ideale niedrig geschnittene Schuh f\u00fcr kleine Abenteurer, die bei jedem Wetter drau\u00dfen unterwegs sind. Dank der Kombination aus Bio-Veloursleder, synthetischen Textilien und einer TEX-Membran bleibt der Schuh selbst bei starkem Regen trocken. Eine abriebfeste Schicht sch\u00fctzt zuverl\u00e4ssig vor steinigem Untergrund. Der praktische Schnellverschluss und der verstellbare Klettverschluss sorgen f\u00fcr eine optimale Passform und sicheren Halt. Reflektierende Details erh\u00f6hen die Sichtbarkeit bei D\u00e4mmerung. Mit einer rutschfesten, flexiblen Sohle bietet der Steinbock Komfort, Sicherheit und Stabilit\u00e4t \u2013 f\u00fcr jedes Abenteuer! <\/p>\n<p>Flexible Barfu\u00dfsohle:<\/p>\n<p>Sind wir klein, lernen wir barfu\u00df oder in Socken eine nat\u00fcrliche und gesunde Laufweise, die wir leider, im Laufe der Zeit, vor allem durch falsches und einengendes Schuhwerk, wieder verlernen.<\/p>\n<p>Das Herzst\u00fcck des Minimalschuhs ist die speziell von bLifestyle entwickelte Barfu\u00dfsohle. Eine Sohle, die deine Fu\u00dfstellung sowie die allgemeine K\u00f6rperhaltung f\u00f6rdert. Durch ihre lediglich 4mm d\u00fcnne Schuhsohle werden unsere F\u00fc\u00dfe zwar gesch\u00fctzt, bleiben aber dennoch aktiv und wir nehmen so den Untergrund sp\u00fcrbar wahr. Unsere F\u00fc\u00dfe sind uneingeschr\u00e4nkt in Bewegung. Das Laufen in den Minimalschuhen st\u00e4rkt deine Fu\u00dfmuskulatur und f\u00f6rdert eine gesunde und nat\u00fcrliche Laufweise.<\/p>\n<p>Durch die dauerhafte Muskelbewegung der noch so kleinen Fu\u00dfmuskeln musst du dir noch dazu keine Sorge um kalte F\u00fc\u00dfe machen!<\/p>\n<p>Barfu\u00dfschuhe aus nachhaltigen Materialien:<\/p>\n<p>Nachhaltigkeit ist f\u00fcr bLifestyle kein Marketingtrend. Sie legen gro\u00dfen Wert auf eine \u00f6kologische, faire und nachhaltige Zukunft. bLifestyle will nur das Beste f\u00fcr Deine Gesundheit und Deine F\u00fc\u00dfe. Das bedeutet f\u00fcr bLifestyle automatisch, dass sie nur nat\u00fcrliche, nachhaltige und qualitativ hochwertige Materialien f\u00fcr ihre Minimalschuhe einsetzen. Dies f\u00e4ngt bei GOTS zertifizierter Bio-Baumwolle an und endet f\u00fcr erst mit dem Einsatz von wasserbasiertem Kleber.<\/p>\n<p>bLifestyle verzichtet auf chemische Weiterverarbeitung oder Ausbesserungen, somit ist jeder Barfu\u00dfschuh ein handgefertigtes Unikat, welcher die Handschrift des Mitarbeiters \/ der Mitarbeiterin aus Portugal tr\u00e4gt. Fast alle Materialien haben ihren Ursprung in Europa und sind schadstofffrei und entsprechen extrem hohen Standards. <\/p>\n<p>Materialdetails:<\/p>\n<p>Obermaterial: Leder (Bio\/Velours)<br \/>\nInnenfutter: Synthetikfasern (atmungsaktiv)<br \/>\nKragen: Textil (synthetisch)<br \/>\nSohle: TR<br \/>\nInnensohle: Synthetikfasern (atmungsaktiv)<br \/>\nAbsatz: Nullabsatz, keine H\u00f6hendifferenz zwischen Ferse und Vorderfu\u00df<br \/>\nVerschluss: Klett- und Schnellverschluss<br \/>\nPassform: Mittel<br \/>\nBesonderheiten: atmungsaktiv, pflegeleicht, wasserfest (TEX-Membran)<br \/>\nMaterialhinweis: Frei von sch\u00e4dlichen Materialien (gepr\u00fcft!)<br \/>\nHergestellt in Portugal<\/p>\n<p>Pflegehinweise:<\/p>\n<p>Bioleder kann gewissen Merkmale wie Insektenstiche, Kratzer oder leichte Farbunterschiede aufweisen, welche aber zum einmaligen und nat\u00fcrlichen Charakter geh\u00f6ren. Jeder einzelne Schuh ist ein handgefertigtes Unikat, welcher die Handschrift des\/der Mitarbeiter*in tr\u00e4gt. Socken k\u00f6nnen sich bei starkem Schwitzen verf\u00e4rben. Um eine lange Haltbarkeit unseres Bioleders zu gew\u00e4hrleisten, ist ein guter Schutz vor N\u00e4sse und Feuchtigkeit essentiell.<\/p>\n<p>Bitte wasche deinen Schuh nicht in der Waschmaschine und s\u00e4ubere ihn nur mit einem geeigneten Reinigungsmittel. Wir empfehlen die Innensohle regelm\u00e4\u00dfig zum L\u00fcften aus dem Schuh zu nehmen und Staun\u00e4sse somit zu vermeiden. F\u00fcr optimale Produkteigenschaften sollten die Schuhe vor dem Einsatz impr\u00e4gniert werden, dies ist vor allem bei Schuhen mit Textilanteil wichtig.<\/p>\n<p>Sicherheitshinweise:<\/p>\n<p>    Achte darauf, dass die Schuhe korrekt sitzen, um Rutsch- oder Stolperunf\u00e4lle zu vermeiden. Die Sohle kann auf glatten, nassen oder vereisten Fl\u00e4chen weniger Haftung haben.<br \/>\n    Diese Schuhe haben eine d\u00fcnnere Sohle f\u00fcr ein nat\u00fcrliches Laufgef\u00fchl. Sei bitte vorsichtig bei unebenem Gel\u00e4nde und scharfen Gegenst\u00e4nden.<br \/>\n    Anfangsphase: Barfu\u00dfschuhe ver\u00e4ndern das Laufgef\u00fchl und beanspruchen andere Muskelgruppen. Die Gew\u00f6hnung an Barfu\u00dfschuhe kann mehrere Wochen dauern. Beginne mit kurzen Tragezeiten.<br \/>\n    Leder oder Naturstoffe sind nicht wasserfest. Kontakt mit Feuchtigkeit kann das Material besch\u00e4digen.<br \/>\n    Nicht f\u00fcr alle Aktivit\u00e4ten geeignet: Je nach Modell k\u00f6nnen diese Barfu\u00dfschuhe f\u00fcr den Alltag, Sport oder Outdoor-Aktivit\u00e4ten geeignet sein. Bitte pr\u00fcfe die Produktbeschreibung.<br \/>\n    Pflegehinweise beachten: Um die Lebensdauer zu verl\u00e4ngern, sollten die Schuhe regelm\u00e4\u00dfig gereinigt und getrocknet werden.<\/p>\n<p>    Es wird sichergestellt, dass der Schuh keine Verletzungsrisiken birgt durch:<br \/>\n    &#8211; Gepr\u00fcfte Sohlenhaftung (Rutschfestigkeit)<br \/>\n    &#8211; Rei\u00dffestigkeit und Langlebigkeit der Materialien in der bestimmungsgem\u00e4\u00dfen Verwendung<br \/>\n    &#8211; Keine Schadstoffe in den Materialien<\/p>\n<p>Gefahrenhinweise:<\/p>\n<p>    Erstickungs- und Strangulationsgefahr: Halte Schn\u00fcrsenkel und Verschlussstopper (z. B. Kordelz\u00fcge oder Schnellverschl\u00fcsse) von kleinen Kindern fern.<br \/>\n        Lange Schn\u00fcrsenkel k\u00f6nnen sich um K\u00f6rperteile wickeln und zu Verletzungen oder Strangulation f\u00fchren.<br \/>\n        Kleinteile wie Verschlussstopper k\u00f6nnen verschluckt werden.<\/p>\n<p>Produktion handmade &amp; fair in Portugal<br \/>\nPRODUCED FAIR AND WITH CARE!<\/p>\n<p>Deine neuen Lieblingsschuhe werden in einem vertrauten Familienbetrieb in Portugal handgefertigt. Der Gr\u00fcnder ist seit vielen Jahren in engem Kontakt mit dem Hersteller, sie arbeiten stetig an neuen Produkten und optimieren ihre Modelle miteinander. Durch das aufgebaute Vertrauen und Besuche vor Ort, kan bLifestyle sicher sein, dass soziale und \u00f6kologische Standards eingehalten werden. Die Minimalschuhe werden somit unter fairen Arbeitsbedingungen gefertigt. bLifestyle setzt auf eine langfristige und faire Partnerschaft, dies gilt auch f\u00fcr ihre Lieferanten. Diese sind nicht nur ein wichtiger Teil ihres Unternehmens, sondern werden von ihnen als gleichwertiger Partner gesehen, weshalb sie eine respektvolle und ehrliche Zusammenarbeit sch\u00e4tzen.<\/p>\n<p>Innensohle &#8211; L\u00e4nge\/Breite (mm):<\/p>\n<p>Gr\u00f6\u00dfe: 24 &#8211; L\u00e4nge: 160 mm &#8211; Breite: 66 mm<br \/>\nGr\u00f6\u00dfe: 25 &#8211; L\u00e4nge: 167 mm &#8211; Breite: 67 mm<br \/>\nGr\u00f6\u00dfe: 26 &#8211; L\u00e4nge: 174 mm &#8211; Breite: 69 mm<br \/>\nGr\u00f6\u00dfe: 27 &#8211; L\u00e4nge: 181 mm &#8211; Breite: 71 mm<br \/>\nGr\u00f6\u00dfe: 28 &#8211; L\u00e4nge: 188 mm &#8211; Breite: 71 mm<br \/>\nGr\u00f6\u00dfe: 29 &#8211; L\u00e4nge: 195 mm &#8211; Breite: 73 mm<br \/>\nGr\u00f6\u00dfe: 30 &#8211; L\u00e4nge: 201 mm &#8211; Breite: 75 mm<br \/>\nGr\u00f6\u00dfe: 31 &#8211; L\u00e4nge: 208 mm &#8211; Breite: 77 mm<br \/>\nGr\u00f6\u00dfe: 32 &#8211; L\u00e4nge: 215 mm &#8211; Breite: 79 mm<br \/>\nGr\u00f6\u00dfe: 33 &#8211; L\u00e4nge: 222 mm &#8211; Breite: 81 mm<\/p>\n<p><b>Audio-Beschreibung<\/b><br \/><audio controls src=\"https:\/\/schuhewiebarfuss.at\/shop\/wp-content\/uploads\/lk\/9620_audio.wav\"><br \/>\n                                            Ihr Browser unterst\u00fctzt diese Audio-Ausgabe leider nicht.<br \/>\n                                            <\/ audio ><\/p>\n","protected":false},"excerpt":{"rendered":"<p>bLifestyle STEINBOCKSTYLE LOW TEX<\/p>\n<p>Dein zuverl\u00e4ssiger Begleiter f\u00fcr jedes Abenteuer im Waldkindergarten \u2013 tief geschnitten, robust und bereit, mit dir durch jedes Wetter zu gehen!<\/p>\n","protected":false},"featured_media":751395,"comment_status":"open","ping_status":"closed","template":"","meta":[],"product_brand":[],"product_cat":[847],"product_tag":[1479,1544,1570,1413,1393,1394,1395,1396,1397,1398,1399,1400,1401,1402,2447,1382],"class_list":{"0":"post-751384","1":"product","2":"type-product","3":"status-publish","4":"has-post-thumbnail","6":"product_cat-wanderschuhe-4","7":"product_tag-farbe-blau","8":"product_tag-farbe-braun","9":"product_tag-farbe-gruen","10":"product_tag-farbe-tuerkis","11":"product_tag-groesse-24","12":"product_tag-groesse-25","13":"product_tag-groesse-26","14":"product_tag-groesse-27","15":"product_tag-groesse-28","16":"product_tag-groesse-29","17":"product_tag-groesse-30","18":"product_tag-groesse-31","19":"product_tag-groesse-32","20":"product_tag-groesse-33","21":"product_tag-marke-blifestyle","22":"product_tag-neu","24":"first","25":"instock","26":"taxable","27":"shipping-taxable","28":"purchasable","29":"product-type-variable"},"_links":{"self":[{"href":"https:\/\/schuhewiebarfuss.at\/shop\/wp-json\/wp\/v2\/product\/751384","targetHints":{"allow":["GET"]}}],"collection":[{"href":"https:\/\/schuhewiebarfuss.at\/shop\/wp-json\/wp\/v2\/product"}],"about":[{"href":"https:\/\/schuhewiebarfuss.at\/shop\/wp-json\/wp\/v2\/types\/product"}],"replies":[{"embeddable":true,"href":"https:\/\/schuhewiebarfuss.at\/shop\/wp-json\/wp\/v2\/comments?post=751384"}],"wp:featuredmedia":[{"embeddable":true,"href":"https:\/\/schuhewiebarfuss.at\/shop\/wp-json\/wp\/v2\/media\/751395"}],"wp:attachment":[{"href":"https:\/\/schuhewiebarfuss.at\/shop\/wp-json\/wp\/v2\/media?parent=751384"}],"wp:term":[{"taxonomy":"product_brand","embeddable":true,"href":"https:\/\/schuhewiebarfuss.at\/shop\/wp-json\/wp\/v2\/product_brand?post=751384"},{"taxonomy":"product_cat","embeddable":true,"href":"https:\/\/schuhewiebarfuss.at\/shop\/wp-json\/wp\/v2\/product_cat?post=751384"},{"taxonomy":"product_tag","embeddable":true,"href":"https:\/\/schuhewiebarfuss.at\/shop\/wp-json\/wp\/v2\/product_tag?post=751384"}],"curies":[{"name":"wp","href":"https:\/\/api.w.org\/{rel}","templated":true}]}}