{"id":748634,"date":"2025-03-14T18:49:16","date_gmt":"2025-03-14T17:49:16","guid":{"rendered":"https:\/\/schuhewiebarfuss.at\/shop\/produkt\/astelu\/"},"modified":"2026-04-16T23:41:23","modified_gmt":"2026-04-16T21:41:23","slug":"astelu","status":"publish","type":"product","link":"https:\/\/schuhewiebarfuss.at\/shop\/produkt\/astelu\/","title":{"rendered":"Astelu"},"content":{"rendered":"<p>Der Reima Astelu ist der ideale Begleiter f\u00fcr alle kleinen Entdecker, die die Welt auf ihre ganz eigene Weise erobern wollen! Als Barfu\u00dfschuh f\u00f6rdert der Astelu die nat\u00fcrliche Bewegung und Haltung deines Kindes, sodass es jedes Abenteuer mit der Freiheit und Leichtigkeit eines Barfu\u00dfgangs erleben kann \u2013 und das ganz ohne Kompromisse in Sachen Komfort oder Schutz!<\/p>\n<p>Mit seinem besonders atmungsaktiven Obermaterial sorgt der Astelu f\u00fcr ein optimales Fu\u00dfklima \u2013 ideal f\u00fcr hei\u00dfe Sommertage oder den Fr\u00fchling. Der Schuh ist sehr leicht und die flache, flexible EVA-Laufsohle l\u00e4sst jedes Laufen und Rennen fast wie ein barf\u00fc\u00dfiges Abenteuer anf\u00fchlen. Durch die flexible Au\u00dfensohle und die gro\u00dfz\u00fcgige Zehenbox haben die F\u00fc\u00dfe ausreichend Platz, um sich ganz nat\u00fcrlich zu bewegen und zu wachsen. Es bietet nicht nur die notwendige Bewegungsfreiheit, sondern auch den n\u00f6tigen Schutz f\u00fcr die F\u00fc\u00dfe deines Kindes bei jedem Schritt.<\/p>\n<p>Die herausnehmbare Einlegesohle erm\u00f6glicht es, die Passform regelm\u00e4\u00dfig zu \u00fcberpr\u00fcfen, w\u00e4hrend die elastischen Schn\u00fcrsenkel f\u00fcr einfaches An- und Ausziehen sorgen \u2013 ein Plus f\u00fcr die Selbstst\u00e4ndigkeit deines Kindes! Ob Fr\u00fchling oder Sommer \u2013 der Astelu ist der perfekte Schuh. Es ist zwar nicht wasserabweisend, daf\u00fcr aber schnell tocknend. Erlebe den Unterschied und lass dein Kind mit dem Reima Astelu die Welt auf seine ganz besondere Weise entdecken \u2013 bequem, flexibel, nachhaltig und immer bereit f\u00fcr das n\u00e4chste Abenteuer!<\/p>\n<p>Was den Reima Astelu so besonders macht: Er ist waschbar! Dank dieser tollen Innovation bleibt der Schuh immer frisch und sieht selbst nach vielen Ausfl\u00fcgen noch aus wie neu. Das macht ihn zur perfekten Wahl f\u00fcr Eltern von aktiven Kindern, die viel unterwegs sind und nicht st\u00e4ndig neue Schuhe kaufen wollen. Der Astelu ist pflegeleicht und sorgt daf\u00fcr, dass dein Kind immer in einem sauberen, bequemen Schuh steckt.<\/p>\n<p>&#8211; Leichte Sneaker<br \/>\n&#8211; Herausnehmbare Innensohlen<br \/>\n&#8211; Breiter Leisten mit extra Platz f\u00fcr die Zehen<br \/>\n&#8211; Kein Absatz<br \/>\n&#8211; Flexible Sohle f\u00fcr freie Bewegung<br \/>\n&#8211; Vegan<br \/>\n&#8211; Elastische Schn\u00fcrung f\u00fcr schnelles und einfaches Anziehen<br \/>\n&#8211; Flexible Gummiau\u00dfensohle f\u00fcr optimalen Halt<br \/>\n&#8211; Atmungsaktives, elastisches gestricktes Obermaterial<br \/>\n&#8211; Maschinenwaschbar 30 \u00b0C Schonwaschgang<\/p>\n<p>Materialdetails:<\/p>\n<p>Obermaterial: Textil (80 % recycelter Polyester, 12 % Polyurethan, 6 % Polyester, 2 % Baumwolle)<br \/>\nInnenfutter: Textil (60 % Polyurethan, 30 % Polyester, 10 % Baumwolle)<br \/>\nSohle: 100% Gummi (Synthetik)<br \/>\nInnensohle: recyceltes Material (80 % Polyester, 20 % Elastan), herausnehmbar<br \/>\nAbsatz: Nullabsatz, keine H\u00f6hendifferenz zwischen Ferse und Vorderfu\u00df<br \/>\nVerschluss: Elastische Schn\u00fcrsenkel<br \/>\nBesonderheiten: Atmungsaktiv, Leicht, Pflegeleicht, Waschbar<br \/>\nMaterialhinweis: Fluorcarbonfrei, PFC-\/PFAS-Frei, Vegan<\/p>\n<p>Plegehinweis:<\/p>\n<p>Schmutz mit weicher B\u00fcrste abb\u00fcrsten\/abwischen und bei Raumtemperatur trocknen. Diese Schuhe k\u00f6nnen im Schonwaschgang bei 30 \u00b0C gewaschen werden. Einlegesohlen vor dem Waschen entfernen. Schn\u00fcrsenkel gegebenenfalls vor dem Waschen entfernen.<\/p>\n<p>Feinw\u00e4sche in der Maschine bei 30\u00b0C. Nicht bleichen. Nicht b\u00fcgeln. Nicht chemisch reinigen. Nicht im Trockner trocknen.<\/p>\n<p>Innensohle &#8211; L\u00e4nge\/Breite (mm):<\/p>\n<p>Gr\u00f6\u00dfe: 22 &#8211; Fu\u00dfl\u00e4nge: 139 mm &#8211; Zehenbreite: 59 mm &#8211; Fersenbreite: 46 mm<br \/>\nGr\u00f6\u00dfe: 23 &#8211; Fu\u00dfl\u00e4nge: 146 mm &#8211; Zehenbreite: 61 mm &#8211; Fersenbreite: 47 mm<br \/>\nGr\u00f6\u00dfe: 24 &#8211; Fu\u00dfl\u00e4nge: 152 mm &#8211; Zehenbreite: 63 mm &#8211; Fersenbreite: 48 mm<br \/>\nGr\u00f6\u00dfe: 25 &#8211; Fu\u00dfl\u00e4nge: 160 mm &#8211; Zehenbreite: 64 mm &#8211; Fersenbreite: 49 mm<br \/>\nGr\u00f6\u00dfe: 26 &#8211; Fu\u00dfl\u00e4nge: 166 mm &#8211; Zehenbreite: 66 mm &#8211; Fersenbreite: 50 mm<br \/>\nGr\u00f6\u00dfe: 27 &#8211; Fu\u00dfl\u00e4nge: 171 mm &#8211; Zehenbreite: 68 mm &#8211; Fersenbreite: 51 mm<br \/>\nGr\u00f6\u00dfe: 28 &#8211; Fu\u00dfl\u00e4nge: 177 mm &#8211; Zehenbreite: 69 mm &#8211; Fersenbreite: 52 mm<br \/>\nGr\u00f6\u00dfe: 29 &#8211; Fu\u00dfl\u00e4nge: 183 mm &#8211; Zehenbreite: 70 mm &#8211; Fersenbreite: 53 mm<br \/>\nGr\u00f6\u00dfe: 30 &#8211; Fu\u00dfl\u00e4nge: 191 mm &#8211; Zehenbreite: 72 mm &#8211; Fersenbreite: 54 mm<br \/>\nGr\u00f6\u00dfe: 31 &#8211; Fu\u00dfl\u00e4nge: 197 mm &#8211; Zehenbreite: 74 mm &#8211; Fersenbreite: 54 mm<br \/>\nGr\u00f6\u00dfe: 32 &#8211; Fu\u00dfl\u00e4nge: 202 mm &#8211; Zehenbreite: 75 mm &#8211; Fersenbreite: 55 mm<\/p>\n<p><b>Audio-Beschreibung<\/b><br \/><audio controls src=\"https:\/\/schuhewiebarfuss.at\/shop\/wp-content\/uploads\/lk\/9623_audio.wav\"><br \/>\n                                            Ihr Browser unterst\u00fctzt diese Audio-Ausgabe leider nicht.<br \/>\n                                            <\/ audio ><\/p>\n","protected":false},"excerpt":{"rendered":"<p>Reima ASTELU &#8211; Flexibilit\u00e4t und Komfort f\u00fcr die F\u00fc\u00dfe<\/p>\n<p>Innovativ und praktisch \u2013 besonders f\u00fcr Eltern!<br \/>\nVielseitig und langlebig<\/p>\n","protected":false},"featured_media":757050,"comment_status":"open","ping_status":"closed","template":"","meta":[],"product_brand":[],"product_cat":[842],"product_tag":[1479,1427,1570,1481,1408,3039,1391,1392,1393,1394,1395,1396,1397,1398,1399,1400,1401,3036],"class_list":{"0":"post-748634","1":"product","2":"type-product","3":"status-publish","4":"has-post-thumbnail","6":"product_cat-freizeit","7":"product_tag-farbe-blau","8":"product_tag-farbe-gelb","9":"product_tag-farbe-gruen","10":"product_tag-farbe-pink","11":"product_tag-farbe-schwarz","12":"product_tag-farbe-violet","13":"product_tag-groesse-22","14":"product_tag-groesse-23","15":"product_tag-groesse-24","16":"product_tag-groesse-25","17":"product_tag-groesse-26","18":"product_tag-groesse-27","19":"product_tag-groesse-28","20":"product_tag-groesse-29","21":"product_tag-groesse-30","22":"product_tag-groesse-31","23":"product_tag-groesse-32","24":"product_tag-marke-reima","26":"first","27":"instock","28":"taxable","29":"shipping-taxable","30":"purchasable","31":"product-type-variable"},"_links":{"self":[{"href":"https:\/\/schuhewiebarfuss.at\/shop\/wp-json\/wp\/v2\/product\/748634","targetHints":{"allow":["GET"]}}],"collection":[{"href":"https:\/\/schuhewiebarfuss.at\/shop\/wp-json\/wp\/v2\/product"}],"about":[{"href":"https:\/\/schuhewiebarfuss.at\/shop\/wp-json\/wp\/v2\/types\/product"}],"replies":[{"embeddable":true,"href":"https:\/\/schuhewiebarfuss.at\/shop\/wp-json\/wp\/v2\/comments?post=748634"}],"wp:featuredmedia":[{"embeddable":true,"href":"https:\/\/schuhewiebarfuss.at\/shop\/wp-json\/wp\/v2\/media\/757050"}],"wp:attachment":[{"href":"https:\/\/schuhewiebarfuss.at\/shop\/wp-json\/wp\/v2\/media?parent=748634"}],"wp:term":[{"taxonomy":"product_brand","embeddable":true,"href":"https:\/\/schuhewiebarfuss.at\/shop\/wp-json\/wp\/v2\/product_brand?post=748634"},{"taxonomy":"product_cat","embeddable":true,"href":"https:\/\/schuhewiebarfuss.at\/shop\/wp-json\/wp\/v2\/product_cat?post=748634"},{"taxonomy":"product_tag","embeddable":true,"href":"https:\/\/schuhewiebarfuss.at\/shop\/wp-json\/wp\/v2\/product_tag?post=748634"}],"curies":[{"name":"wp","href":"https:\/\/api.w.org\/{rel}","templated":true}]}}