{"id":748021,"date":"2025-03-14T17:22:23","date_gmt":"2025-03-14T16:22:23","guid":{"rendered":"https:\/\/schuhewiebarfuss.at\/shop\/produkt\/hyppii\/"},"modified":"2026-03-06T19:53:40","modified_gmt":"2026-03-06T18:53:40","slug":"hyppii","status":"publish","type":"product","link":"https:\/\/schuhewiebarfuss.at\/shop\/produkt\/hyppii\/","title":{"rendered":"Hyppii"},"content":{"rendered":"<p>Die wasserdichten Barfu\u00dfschuhe Reima Hyppii sind f\u00fcr aktive Kleinkinder und Kinder konzipiert, die gerne auf Entdeckungstour gehen. Diese kn\u00f6chelhohen Wanderstiefel verf\u00fcgen \u00fcber eine wasserdichte Membran und ein bequemes Futter, um die F\u00fc\u00dfe der Kinder trocken zu halten. Ein Klettverschluss sorgt f\u00fcr eine einfache Handhabung, w\u00e4hrend die Null-Fersensenkung einen nat\u00fcrlichen Stand f\u00f6rdert.<\/p>\n<p>Die flexible Sohle bietet Bewegungsfreiheit und die breite Spitze bietet zus\u00e4tzlichen Platz f\u00fcr die Zehen. Die Schuhe verf\u00fcgen au\u00dferdem \u00fcber eine flexible Gummisohle f\u00fcr idealen Halt, herausnehmbare Einlegesohlen und reflektierende Details f\u00fcr bessere Sichtbarkeit. Dar\u00fcber hinaus sind sie f\u00fcr Veganer geeignet. Lassen Sie Ihre Kleinen mit Hyppii ein Abenteuer bei jedem Wetter genie\u00dfen!<\/p>\n<p>&#8211; Leichte Wanderschuhe<br \/>\n&#8211; Kn\u00f6chelhoch<br \/>\n&#8211; Herausnehmbare Innensohlen<br \/>\n&#8211; Elasthan-Futter f\u00fcr angenehmes Tragegef\u00fchl<br \/>\n&#8211; Breiter Leisten mit extra Platz f\u00fcr die Zehen<br \/>\n&#8211; Kein Absatz<br \/>\n&#8211; Flexible und griffige Sohle f\u00fcr freie Bewegung<br \/>\n&#8211; Vegan<br \/>\n&#8211; Ein Klettverschluss f\u00fcr schnelles und einfaches Anziehen<br \/>\n&#8211; Flexible Gummiau\u00dfensohle f\u00fcr optimalen Halt<br \/>\n&#8211; Synthetik Obermaterial beschichtet mit einer wasserdichten Membran<br \/>\n&#8211; Reflektierende Details<\/p>\n<p>Wasserfeste Membran: Sch\u00fctzt bei wechselndem Wetter. Macht den Schuh widerstandsf\u00e4hig gegen eine begrenzte Menge gelegentlicher Feuchtigkeit wie nasser Boden oder leichter Regen.<\/p>\n<p>Materialdetails:<\/p>\n<p>Obermaterial: Synthetik, Textil<br \/>\nInnenfutter: Elasthan (Textil)<br \/>\nSohle: Gummi<br \/>\nInnensohle: recyceltes Material, herausnehmbar<br \/>\nAbsatz: Nullabsatz, keine H\u00f6hendifferenz zwischen Ferse und Vorderfu\u00df<br \/>\nVerschluss: Klettverschluss<br \/>\nBesonderheiten: wasserdichtes Membran aus Poyurethan, Reflektoren<br \/>\nMaterialhinweis: Fluorcarbonfrei, PFC-\/PFAS-Frei, Vegan<\/p>\n<p>Plegehinweis:<\/p>\n<p>Schmutz abb\u00fcrsten\/abwischen und bei Raumtemperatur trocknen. Nur Handw\u00e4sche. Nicht waschen. Nicht b\u00fcgeln. Nicht chemisch reinigen. Nicht im Trockner trocknen.<\/p>\n<p>Innensohle &#8211; L\u00e4nge\/Breite (mm):<\/p>\n<p>Gr\u00f6\u00dfe: 22 &#8211; Fu\u00dfl\u00e4nge: 143 mm &#8211; Zehenbreite: 60 mm &#8211; Fersenbreite: 42 mm<br \/>\nGr\u00f6\u00dfe: 23 &#8211; Fu\u00dfl\u00e4nge: 149 mm &#8211; Zehenbreite: 61 mm &#8211; Fersenbreite: 43 mm<br \/>\nGr\u00f6\u00dfe: 24 &#8211; Fu\u00dfl\u00e4nge: 157 mm &#8211; Zehenbreite: 63 mm &#8211; Fersenbreite: 44 mm<br \/>\nGr\u00f6\u00dfe: 25 &#8211; Fu\u00dfl\u00e4nge: 162 mm &#8211; Zehenbreite: 65 mm &#8211; Fersenbreite: 45 mm<br \/>\nGr\u00f6\u00dfe: 26 &#8211; Fu\u00dfl\u00e4nge: 169 mm &#8211; Zehenbreite: 67 mm &#8211; Fersenbreite: 46 mm<br \/>\nGr\u00f6\u00dfe: 27 &#8211; Fu\u00dfl\u00e4nge: 176 mm &#8211; Zehenbreite: 69 mm &#8211; Fersenbreite: 47 mm<br \/>\nGr\u00f6\u00dfe: 28 &#8211; Fu\u00dfl\u00e4nge: 181 mm &#8211; Zehenbreite: 70 mm &#8211; Fersenbreite: 48 mm<br \/>\nGr\u00f6\u00dfe: 29 &#8211; Fu\u00dfl\u00e4nge: 189 mm &#8211; Zehenbreite: 72 mm &#8211; Fersenbreite: 50 mm<br \/>\nGr\u00f6\u00dfe: 30 &#8211; Fu\u00dfl\u00e4nge: 196 mm &#8211; Zehenbreite: 73 mm &#8211; Fersenbreite: 51 mm<br \/>\nGr\u00f6\u00dfe: 31 &#8211; Fu\u00dfl\u00e4nge: 202 mm &#8211; Zehenbreite: 74 mm &#8211; Fersenbreite: 52 mm<\/p>\n<p><b>Audio-Beschreibung<\/b><br \/><audio controls src=\"https:\/\/schuhewiebarfuss.at\/shop\/wp-content\/uploads\/lk\/9613_audio.wav\"><br \/>\n                                            Ihr Browser unterst\u00fctzt diese Audio-Ausgabe leider nicht.<br \/>\n                                            <\/ audio ><\/p>\n","protected":false},"excerpt":{"rendered":"<p>Reima HYPPII &#8211; Wasserdichte Barfu\u00dfschuhe f\u00fcr Kinder<\/p>\n<p>Besonders bequeme Allwetterstiefel f\u00fcr Herbst und Fr\u00fchling.<\/p>\n","protected":false},"featured_media":752126,"comment_status":"open","ping_status":"closed","template":"","meta":[],"product_brand":[],"product_cat":[847],"product_tag":[1479,1544,1481,1408,1391,1392,1393,1394,1395,1396,1397,1398,1399,1400,3036],"class_list":{"0":"post-748021","1":"product","2":"type-product","3":"status-publish","4":"has-post-thumbnail","6":"product_cat-wanderschuhe-4","7":"product_tag-farbe-blau","8":"product_tag-farbe-braun","9":"product_tag-farbe-pink","10":"product_tag-farbe-schwarz","11":"product_tag-groesse-22","12":"product_tag-groesse-23","13":"product_tag-groesse-24","14":"product_tag-groesse-25","15":"product_tag-groesse-26","16":"product_tag-groesse-27","17":"product_tag-groesse-28","18":"product_tag-groesse-29","19":"product_tag-groesse-30","20":"product_tag-groesse-31","21":"product_tag-marke-reima","23":"first","24":"instock","25":"taxable","26":"shipping-taxable","27":"purchasable","28":"product-type-variable"},"_links":{"self":[{"href":"https:\/\/schuhewiebarfuss.at\/shop\/wp-json\/wp\/v2\/product\/748021","targetHints":{"allow":["GET"]}}],"collection":[{"href":"https:\/\/schuhewiebarfuss.at\/shop\/wp-json\/wp\/v2\/product"}],"about":[{"href":"https:\/\/schuhewiebarfuss.at\/shop\/wp-json\/wp\/v2\/types\/product"}],"replies":[{"embeddable":true,"href":"https:\/\/schuhewiebarfuss.at\/shop\/wp-json\/wp\/v2\/comments?post=748021"}],"wp:featuredmedia":[{"embeddable":true,"href":"https:\/\/schuhewiebarfuss.at\/shop\/wp-json\/wp\/v2\/media\/752126"}],"wp:attachment":[{"href":"https:\/\/schuhewiebarfuss.at\/shop\/wp-json\/wp\/v2\/media?parent=748021"}],"wp:term":[{"taxonomy":"product_brand","embeddable":true,"href":"https:\/\/schuhewiebarfuss.at\/shop\/wp-json\/wp\/v2\/product_brand?post=748021"},{"taxonomy":"product_cat","embeddable":true,"href":"https:\/\/schuhewiebarfuss.at\/shop\/wp-json\/wp\/v2\/product_cat?post=748021"},{"taxonomy":"product_tag","embeddable":true,"href":"https:\/\/schuhewiebarfuss.at\/shop\/wp-json\/wp\/v2\/product_tag?post=748021"}],"curies":[{"name":"wp","href":"https:\/\/api.w.org\/{rel}","templated":true}]}}