{"id":742923,"date":"2025-03-07T18:20:35","date_gmt":"2025-03-07T17:20:35","guid":{"rendered":"https:\/\/schuhewiebarfuss.at\/shop\/produkt\/loikkii\/"},"modified":"2026-04-10T21:57:28","modified_gmt":"2026-04-10T19:57:28","slug":"loikkii","status":"publish","type":"product","link":"https:\/\/schuhewiebarfuss.at\/shop\/produkt\/loikkii\/","title":{"rendered":"Loikkii"},"content":{"rendered":"<p>Lassen Sie Kinder mit den wasserdichten Junior-Barfu\u00dfschuhen Loikkii von Reima in eine Welt voller Abenteuer eintauchen. Diese hohen Wanderstiefel verf\u00fcgen \u00fcber eine wasserdichte Membran, sodass die F\u00fc\u00dfe trocken bleiben, sowie reflektierende Details f\u00fcr bessere Sichtbarkeit. Die elastische Schn\u00fcrsenkel sorgen f\u00fcr eine individuelle Passform, w\u00e4hrend das Design ohne Sprengung eine nat\u00fcrliche Haltung f\u00f6rdert. Dank einer flexiblen Sohle und weiter Passform bieten die Schuhe viel Platz f\u00fcr kleine Zehen, und die Laufsohle aus Gummi bietet optimalen Halt. Komplett mit herausnehmbaren Einlegesohlen und einem bequemen Futter sind diese veganen Schuhe perfekt f\u00fcr jedes Wetter in der \u00dcbergangszeit.<\/p>\n<p>&#8211; Leichte Wanderschuhe<br \/>\n&#8211; Kn\u00f6chelhoch<br \/>\n&#8211; Herausnehmbare Innensohlen<br \/>\n&#8211; Elasthan-Futter f\u00fcr angenehmes Tragegef\u00fchl<br \/>\n&#8211; Breiter Leisten mit extra Platz f\u00fcr die Zehen<br \/>\n&#8211; Kein Absatz<br \/>\n&#8211; Flexible und griffige Sohle f\u00fcr freie Bewegung<br \/>\n&#8211; Vegan<br \/>\n&#8211; Elastische Schn\u00fcrung mit Anziehschlaufe f\u00fcr schnelles und einfaches Anziehen<br \/>\n&#8211; Flexible Gummiau\u00dfensohle f\u00fcr optimalen Halt<br \/>\n&#8211; Synthetik Obermaterial beschichtet mit einer wasserdichten Membran<br \/>\n&#8211; Reflektierende Details<\/p>\n<p>Wasserfeste Membran: Sch\u00fctzt bei wechselndem Wetter. Macht den Schuh widerstandsf\u00e4hig gegen eine begrenzte Menge gelegentlicher Feuchtigkeit wie nasser Boden oder leichter Regen.<\/p>\n<p>Materialdetails:<\/p>\n<p>Obermaterial: Synthetik, Textil<br \/>\nInnenfutter: Elasthan (Textil)<br \/>\nSohle: Gummi<br \/>\nInnensohle: recyceltes Material, herausnehmbar<br \/>\nAbsatz: Nullabsatz, keine H\u00f6hendifferenz zwischen Ferse und Vorderfu\u00df<br \/>\nVerschluss: Schnellverschluss<br \/>\nBesonderheiten: wasserdichtes Membran aus Poyurethan<br \/>\nMaterialhinweis: Fluorcarbonfrei, PFC-\/PFAS-Frei, Vegan<\/p>\n<p>Plegehinweis:<\/p>\n<p>Schmutz abb\u00fcrsten\/abwischen und bei Raumtemperatur trocknen. Nur Handw\u00e4sche. Nicht waschen. Nicht b\u00fcgeln. Nicht chemisch reinigen. Nicht im Trockner trocknen.<\/p>\n<p>Innensohle &#8211; L\u00e4nge\/Breite (mm):<\/p>\n<p>Gr\u00f6\u00dfe: 32 &#8211; Fu\u00dfl\u00e4nge: 209 mm &#8211; Zehenbreite: 78 mm &#8211; Fersenbreite: 54 mm<br \/>\nGr\u00f6\u00dfe: 33 &#8211; Fu\u00dfl\u00e4nge: 215 mm &#8211; Zehenbreite: 80 mm &#8211; Fersenbreite: 55 mm<br \/>\nGr\u00f6\u00dfe: 34 &#8211; Fu\u00dfl\u00e4nge: 223 mm &#8211; Zehenbreite: 80 mm &#8211; Fersenbreite: 56 mm<br \/>\nGr\u00f6\u00dfe: 35 &#8211; Fu\u00dfl\u00e4nge: 228 mm &#8211; Zehenbreite: 84 mm &#8211; Fersenbreite: 57 mm<br \/>\nGr\u00f6\u00dfe: 36 &#8211; Fu\u00dfl\u00e4nge: 234 mm &#8211; Zehenbreite: 86 mm &#8211; Fersenbreite: 58 mm<br \/>\nGr\u00f6\u00dfe: 37 &#8211; Fu\u00dfl\u00e4nge: 242 mm &#8211; Zehenbreite: 87 mm &#8211; Fersenbreite: 59 mm<br \/>\nGr\u00f6\u00dfe: 38 &#8211; Fu\u00dfl\u00e4nge: 247 mm &#8211; Zehenbreite: 88 mm &#8211; Fersenbreite: 60 mm<br \/>\nGr\u00f6\u00dfe: 39 &#8211; Fu\u00dfl\u00e4nge: 253 mm &#8211; Zehenbreite: 90 mm &#8211; Fersenbreite: 61 mm<br \/>\nGr\u00f6\u00dfe: 40 &#8211; Fu\u00dfl\u00e4nge: 261 mm &#8211; Zehenbreite: 91 mm &#8211; Fersenbreite: 62 mm<\/p>\n<p><b>Audio-Beschreibung<\/b><br \/><audio controls src=\"https:\/\/schuhewiebarfuss.at\/shop\/wp-content\/uploads\/lk\/9612_audio.wav\"><br \/>\n                                            Ihr Browser unterst\u00fctzt diese Audio-Ausgabe leider nicht.<br \/>\n                                            <\/ audio ><\/p>\n","protected":false},"excerpt":{"rendered":"<p>Reima LOIKKII &#8211; Wasserdichte Barfu\u00dfschuhe f\u00fcr Kinder. <\/p>\n<p>Besonders bequeme Allwetterstiefel f\u00fcr Herbst und Fr\u00fchling.<\/p>\n","protected":false},"featured_media":758476,"comment_status":"open","ping_status":"closed","template":"","meta":[],"product_brand":[],"product_cat":[847],"product_tag":[1479,1544,1481,1408,1401,1402,1403,1404,1362,1368,1373,1374,1375,3036],"class_list":{"0":"post-742923","1":"product","2":"type-product","3":"status-publish","4":"has-post-thumbnail","6":"product_cat-wanderschuhe-4","7":"product_tag-farbe-blau","8":"product_tag-farbe-braun","9":"product_tag-farbe-pink","10":"product_tag-farbe-schwarz","11":"product_tag-groesse-32","12":"product_tag-groesse-33","13":"product_tag-groesse-34","14":"product_tag-groesse-35","15":"product_tag-groesse-36","16":"product_tag-groesse-37","17":"product_tag-groesse-38","18":"product_tag-groesse-39","19":"product_tag-groesse-40","20":"product_tag-marke-reima","22":"first","23":"instock","24":"taxable","25":"shipping-taxable","26":"purchasable","27":"product-type-variable"},"_links":{"self":[{"href":"https:\/\/schuhewiebarfuss.at\/shop\/wp-json\/wp\/v2\/product\/742923","targetHints":{"allow":["GET"]}}],"collection":[{"href":"https:\/\/schuhewiebarfuss.at\/shop\/wp-json\/wp\/v2\/product"}],"about":[{"href":"https:\/\/schuhewiebarfuss.at\/shop\/wp-json\/wp\/v2\/types\/product"}],"replies":[{"embeddable":true,"href":"https:\/\/schuhewiebarfuss.at\/shop\/wp-json\/wp\/v2\/comments?post=742923"}],"wp:featuredmedia":[{"embeddable":true,"href":"https:\/\/schuhewiebarfuss.at\/shop\/wp-json\/wp\/v2\/media\/758476"}],"wp:attachment":[{"href":"https:\/\/schuhewiebarfuss.at\/shop\/wp-json\/wp\/v2\/media?parent=742923"}],"wp:term":[{"taxonomy":"product_brand","embeddable":true,"href":"https:\/\/schuhewiebarfuss.at\/shop\/wp-json\/wp\/v2\/product_brand?post=742923"},{"taxonomy":"product_cat","embeddable":true,"href":"https:\/\/schuhewiebarfuss.at\/shop\/wp-json\/wp\/v2\/product_cat?post=742923"},{"taxonomy":"product_tag","embeddable":true,"href":"https:\/\/schuhewiebarfuss.at\/shop\/wp-json\/wp\/v2\/product_tag?post=742923"}],"curies":[{"name":"wp","href":"https:\/\/api.w.org\/{rel}","templated":true}]}}